{"id":3,"date":"2020-01-07T14:18:04","date_gmt":"2020-01-07T12:18:04","guid":{"rendered":"https:\/\/www.hunajahetki.fi\/?page_id=3"},"modified":"2022-09-27T21:26:35","modified_gmt":"2022-09-27T18:26:35","slug":"tietosuojaseloste","status":"publish","type":"page","link":"https:\/\/www.hunajahetki.fi\/de\/datenschutzerklarung\/","title":{"rendered":"Datenschutzerkl\u00e4rung"},"content":{"rendered":"<p>Bei Hunaja Hekte nehmen wir Datenschutzbelange ernst. Wir gehen \u00e4u\u00dferst sorgf\u00e4ltig mit allen Informationen um, die wir von unseren Kunden sammeln oder erhalten. Wir m\u00f6chten es den Kunden auch erm\u00f6glichen, auf ihre eigenen Daten zuzugreifen und vergessen zu werden.<\/p>\r\n\r\n\r\n\r\n<p>Um die Dienste von Hunaja Hetke nutzen zu k\u00f6nnen, muss der Kunde die in dieser Datenschutzerkl\u00e4rung beschriebenen Datenerhebungs- und -verarbeitungsmethoden akzeptieren. Diese Annahme wird im Zusammenhang mit der Bestellung (Vereinbarung), im Zusammenhang mit der Erstellung\/Nutzung eines Kundenkontos (Einwilligung) oder im Zusammenhang mit einer anderen Aktion, die eine vergleichbare Datenerhebung erfordert, in unseren Systemen \u00fcberpr\u00fcft und erfasst.<\/p>\r\n\r\n\r\n\r\n<p>Vereinfacht ausgedr\u00fcckt speichert und speichert Hunaja Hetki drei Arten von Informationen: Informationen, die aus der Nutzung von Online-Diensten beobachtet werden k\u00f6nnen, Informationen, die von den Nutzern selbst bereitgestellt werden, und Informationen, die mithilfe von Analysen abgeleitet werden k\u00f6nnen.<\/p>\r\n\r\n\r\n\r\n<p>Wir verwenden Daten wie folgt:<\/p>\r\n\r\n\r\n\r\n<ul class=\"wp-block-list\">\r\n<li>Um den Erfolg des Kunden sicherzustellen<\/li>\r\n<li>Bereitstellung eines sicheren und benutzerfreundlichen Dienstes<\/li>\r\n<li>F\u00fcr die Entwicklung von Produktempfehlungen und Marketing<\/li>\r\n<li>Um Online-Shopping und Kundenservice zu verbessern<\/li>\r\n<li>Um Kundenretouren zu reduzieren<\/li>\r\n<li>Um ein Kreislaufwirtschaftssystem zu erm\u00f6glichen<\/li>\r\n<\/ul>\r\n\r\n\r\n\r\n<h2 class=\"wp-block-heading\" id=\"rekisterinpitaja\">Registrator<\/h2>\r\n\r\n\r\n\r\n<p>Der Registerf\u00fchrer fungiert als:<\/p>\r\n\r\n\r\n\r\n<p>Hunaja Hetki Oy<br \/>Vallinm\u00e4entie 40<br \/>61640 Ala-Valli<br \/>Sozialversicherungsnummer: 3286177-6<br \/>Bei Bedarf k\u00f6nnen Sie unseren Kundenservice um weitere Informationen zur Datenverarbeitung und zum Datenschutz bitten: info@hunajahetki.fi<\/p>\r\n\r\n\r\n\r\n<h2 class=\"wp-block-heading\" id=\"mita-tietoja-varusteleka-keraa-ja-sailyttaa\">Welche Informationen sammelt und speichert Hunaja Hetki?<\/h2>\r\n\r\n\r\n\r\n<ol class=\"wp-block-list\">\r\n<li>Vom Nutzer selbst bereitgestellte Informationen\r\n<ul>\r\n<li>Identifikationsinformationen wie Name<\/li>\r\n<li>Kontaktinformationen wie Telefonnummer, E-Mail-Adresse und Postanschrift<\/li>\r\n<li>Zahlungsinformationen, wie Rechnungsinformationen und Informationen zur Zahlungsmethode<\/li>\r\n<li>Standortinformationen zur Servicelokalisierung (W\u00e4hrungen, Liefermethoden)<\/li>\r\n<li>Die E-Mail-Adresse und das Zertifikat, die f\u00fcr die Anmeldung bei Google oder Facebook erforderlich sind<\/li>\r\n<li>Produktrezensionen<\/li>\r\n<li>Berechtigungen f\u00fcr Marketingkommunikation<\/li>\r\n<li>Pers\u00f6nliche Daten, die mit gesonderter Zustimmung des Kunden bereitgestellt werden, wie z. B. Antworten auf Kundenumfragen<\/li>\r\n<li>Die Gr\u00f6\u00dfenangaben des Kunden zur Abgabe von Gr\u00f6\u00dfenempfehlungen<\/li>\r\n<li>Produkte auf der Wunschliste<\/li>\r\n<li>Produktspezifische Nachtragsmitteilungsauftr\u00e4ge<\/li>\r\n<\/ul>\r\n<\/li>\r\n<li>Beobachtete Daten \u00fcber die Nutzung der Dienste\r\n<ul>\r\n<li>Lieferinformationen, wie Lieferadresse und ausgew\u00e4hlte Zahlungsmethode<\/li>\r\n<li>Kaufhistorie, z. B. bestellte Produkte, Retouren und Zahlungen<\/li>\r\n<li>Browsing- und Nutzungsdaten des Online-Shops<\/li>\r\n<li>Informationen zur Terminalidentifikation<\/li>\r\n<li>Online-Shopping-Session-Ereignisse, z. B. das Hinzuf\u00fcgen von Warenk\u00f6rben<\/li>\r\n<\/ul>\r\n<\/li>\r\n<li>Aus Analysen abgeleitete Informationen\r\n<ul>\r\n<li>Aus Browsing- und Kaufdaten abgeleitete Produktempfehlungen<\/li>\r\n<li>Aus Kaufdaten abgeleitete Kundengruppen und Interessen<\/li>\r\n<li>Aus Kaufinformationen abgeleitete Gr\u00f6\u00dfeninformationen zur Abgabe von Gr\u00f6\u00dfenempfehlungen<\/li>\r\n<\/ul>\r\n<\/li>\r\n<\/ol>\r\n\r\n\r\n\r\n<p>Quelle der Informationen ist in der Regel der Website-Nutzer\/Kunde selbst. Dar\u00fcber hinaus k\u00f6nnen wir weitere Informationen von unseren Partnern einholen, z.B. von einem Kreditdienstleister f\u00fcr Rechnungsdienstleistungen. \u00dcber das Kundenkonto k\u00f6nnen Sie einsehen, welche Daten Sie besitzen, und auf Wunsch haben Sie die M\u00f6glichkeit, die Sie betreffenden Identifikationsdaten zu l\u00f6schen.<\/p>\r\n\r\n\r\n\r\n<h2 class=\"wp-block-heading\" id=\"kuka-voi-kasitella-tietojani\">Wer kann meine Daten verarbeiten?<\/h2>\r\n\r\n\r\n\r\n<p>Auf die von Hunaja Hetke genutzten Systeme kann nur der Eigent\u00fcmer von Hunaja Hetke zugreifen, der im ordnungsgem\u00e4\u00dfen Umgang mit den Daten geschult ist. Es versteht sich von selbst, dass gute Polen das Vertrauen ihrer Kunden nicht missbrauchen. Die Kundendatenverarbeitung von Hunaja Hetke erfordert eine Passwortauthentifizierung, und in unserem Enterprise-Resource-Planning-System bleibt ein Protokolleintrag von der Datenanzeige und -verarbeitung \u00fcbrig.<\/p>\r\n\r\n\r\n\r\n<p>In einigen F\u00e4llen m\u00fcssen wir Informationen an Dritte weitergeben, z. B. zur Speicherung, Analyse oder Vermarktung. F\u00fcr diese Zwecke nutzen wir ausschlie\u00dflich vertrauensw\u00fcrdige Partner, mit denen wir umfassende Datenschutz- und Datenverarbeitungsvertr\u00e4ge abgeschlossen haben. Die Vereinbarungen ber\u00fccksichtigen die Anforderungen der Gesetzgebung und der EU-Datenschutzgrundverordnung. Die Partner von Hunaja Hetke sind nicht berechtigt, die Informationen f\u00fcr eigene Zwecke zu nutzen oder weiterzugeben.<\/p>\r\n\r\n\r\n\r\n<p>Hunaja Hetki ist f\u00fcr das Datenmanagement verantwortlich<br \/>Vallinm\u00e4entie 40<br \/>61640 Ala-Valli<br \/>Sozialversicherungsnummer: 3286177-6<\/p>\r\n\r\n\r\n\r\n<h2 class=\"wp-block-heading\" id=\"mihin-tietojani-kaytetaan\">Wof\u00fcr werden meine Daten verwendet?<\/h2>\r\n\r\n\r\n\r\n<p>Personenbezogene Daten werden verwendet:<\/p>\r\n\r\n\r\n\r\n<ul class=\"wp-block-list\">\r\n<li>Zur Bestellabwicklung, Lieferung, Archivierung und Buchhaltung<\/li>\r\n<li>F\u00fcr den Kundenservice<\/li>\r\n<li>Honig f\u00fcr die Entwicklung der inneren Funktionen von Hetke<\/li>\r\n<li>F\u00fcr die Entwicklung von Kundenerlebnis und Service<\/li>\r\n<li>F\u00fcr Statistik und Betriebsf\u00fchrung<\/li>\r\n<li>Um Missbrauch zu verhindern<\/li>\r\n<li>Um bessere und personalisiertere Inhalte und Marketing zu produzieren<\/li>\r\n<li>Um die Prozesse des Kreislaufwirtschaftssystems zu erm\u00f6glichen<\/li>\r\n<li>Um Kundenretouren zu erleichtern und zu beschleunigen<\/li>\r\n<li>Zur Erstellung von Gr\u00f6\u00dfenempfehlungen<\/li>\r\n<li>Zur gezielten Ausrichtung auf relevante Inhalte<\/li>\r\n<\/ul>\r\n\r\n\r\n\r\n<h2 class=\"wp-block-heading\" id=\"ovatko-tietoni-turvassa\">Sind meine Daten sicher?<\/h2>\r\n\r\n\r\n\r\n<p>Die Kundeninformationen von Hunaja Hetke befinden sich in einem sicheren Rechenzentrum in verschl\u00fcsselten Datenbanken, deren Zugriff eingeschr\u00e4nkt ist. Die Datensicherheit der Systeme, Rechenzentren und Prozesse von Hunaja Hetke ist auf einem hohen Niveau und vor Datenschutzverletzungen gesch\u00fctzt. Das gr\u00f6\u00dfte Sicherheitsrisiko f\u00fcr Ihre Kundendaten ist das Passwort Ihres Kundenkontos. Geben Sie Ihr Passwort nicht an Au\u00dfenstehende weiter und versuchen Sie, ein m\u00f6glichst sicheres Passwort zu verwenden.<\/p>\r\n\r\n\r\n\r\n<p>Hunaja Hetki befolgt bei der Verarbeitung von Kundendaten gute Datenschutzpraktiken und der Zugriff auf die Daten wird kontrolliert. Bei der Verarbeitung personenbezogener Daten werden die Vorgaben der EU-Datenschutzgrundverordnung beachtet, die ab dem 25. Mai 2018 gelten.<\/p>\r\n\r\n\r\n\r\n<h2 class=\"wp-block-heading\" id=\"kuinka-kauan-tietoja-sailytetaan\">Wie lange werden die Daten aufbewahrt?<\/h2>\r\n\r\n\r\n\r\n<p>Wir bewahren die Daten f\u00fcr den erforderlichen Zeitraum auf, um die in dieser Erkl\u00e4rung genannten Verwendungszwecke umsetzen zu k\u00f6nnen. Wir l\u00f6schen die personenbezogenen Daten eines von uns als inaktiv eingestuften Kundenkontos sp\u00e4testens f\u00fcnf Jahre nach Ende der Aktivit\u00e4t. Einige Informationen k\u00f6nnen l\u00e4nger gespeichert werden, wenn das Gesetz dies vorschreibt.<\/p>\r\n\r\n\r\n\r\n<p>Wenn der Kunde dies w\u00fcnscht, k\u00f6nnen seine Daten anonymisiert werden. In diesem Fall werden alle personenbezogenen Daten durch Pseudonymisierung aus dem Konto und der Kaufhistorie entfernt. \u00dcber ein auf diese Weise anonymisiertes Konto kann der Kunde nicht identifiziert werden und das betreffende Konto kann nicht als solches wiederhergestellt werden.<\/p>\r\n\r\n\r\n\r\n<p>Der Kunde kann diese Anonymisierung \u00fcber seine eigene Kundenkontoseite umsetzen. Hanaja Hetki, aufgrund der Sicherung der Datenbanken erfordert die vollst\u00e4ndige Entfernung personenbezogener Daten einen vollst\u00e4ndigen Zyklus des Sicherungszyklus.<\/p>\r\n\r\n\r\n\r\n<p>Gesetze oder unbezahlte Schulden k\u00f6nnen Hunaja Hetki in manchen F\u00e4llen dazu verpflichten, einen Teil der Kundendaten trotz des Wunsches nach Anonymisierung aufzubewahren.<\/p>\r\n\r\n\r\n\r\n<h2 class=\"wp-block-heading\" id=\"onko-minulla-oikeuksia\">Habe ich Rechte?<\/h2>\r\n\r\n\r\n\r\n<p>Nat\u00fcrlich! Die Verantwortung von Hanaja Hetke besteht darin, sicherzustellen, dass Sie:<\/p>\r\n\r\n\r\n\r\n<ul class=\"wp-block-list\">\r\n<li>Zugriff auf die pers\u00f6nlichen Daten \u00fcber Sie, die Hunaja Hetke besitzt. Auf Wunsch erhalten Sie auch hiervon eine Kopie.<\/li>\r\n<li>Sie k\u00f6nnen uns bitten, Informationen \u00fcber Sie zu korrigieren<\/li>\r\n<li>Unter bestimmten Voraussetzungen k\u00f6nnen Sie eine Einschr\u00e4nkung der Verarbeitung Ihrer Daten verlangen<\/li>\r\n<\/ul>\r\n\r\n\r\n\r\n<p>Die Datenspeicherung und -verarbeitung erfolgt auf Grundlage Ihrer Einwilligung und Sie haben selbstverst\u00e4ndlich das Recht, Ihre Einwilligung zu widerrufen. Dies kann durch die Anonymisierung Ihres Kontos erfolgen: Mit der L\u00f6schung Ihres Kontos widerrufen Sie auch die Einwilligung zur Datenverarbeitung, die Sie Hunaja Hetke erteilt haben. Sie k\u00f6nnen dies selbst \u00fcber Ihre eigene Kundenkontoseite tun.<\/p>\r\n\r\n\r\n\r\n<p>Sie k\u00f6nnen Korrekturw\u00fcnsche oder andere W\u00fcnsche oder Fragen im Zusammenhang mit Ihren Kundendaten an unseren Kundenservice senden. Wenn Sie M\u00e4ngel bei unserer Verarbeitung oder unserem Betrieb feststellen, haben Sie das Recht, eine Beschwerde bei der Datenschutzbeh\u00f6rde einzureichen. Bitte teilen Sie uns dies auch mit, damit wir unseren Fehler korrigieren k\u00f6nnen.<\/p>\r\n\r\n\r\n\r\n<h2 class=\"wp-block-heading\" id=\"mista-naen-mita-tietoa-olen-itsestani-antanut\">Wie kann ich sehen, welche Angaben ich zu meiner Person gemacht habe?<\/h2>\r\n\r\n\r\n\r\n<p>Auf der Kundenseite finden Sie die M\u00f6glichkeit, einen pers\u00f6nlichen Eintrag herunterzuladen, in dem die von Ihnen gemachten Angaben zu Ihrer Person aufgef\u00fchrt sind. Damit wir Sie in diesen Belangen noch besser betreuen k\u00f6nnen, entwickeln wir die Leistungen der Kundenkontoseite st\u00e4ndig weiter.<\/p>\r\n\r\n\r\n\r\n<h2 class=\"wp-block-heading\" id=\"miten-voin-vaikuttaa-tietoihini-tai-tulla-unohdetuksi\">Wie kann ich meine Daten beeinflussen oder in Vergessenheit geraten?<\/h2>\r\n\r\n\r\n\r\n<p>Auf Ihrer Kundenseite k\u00f6nnen Sie die von Ihnen gemachten Angaben zu Ihrer Person definieren, korrigieren oder l\u00f6schen. Sie k\u00f6nnen auch entscheiden, ob Sie verschiedene Marketingnachrichten erhalten m\u00f6chten. Wir versuchen, weitere \u00e4hnliche Funktionen im Kundenkonto zu entwickeln, damit unsere Kunden m\u00f6glichst einfach Einfluss auf ihre eigenen Informationen nehmen k\u00f6nnen. Sie k\u00f6nnen das Konto auch l\u00f6schen, indem Sie es anonymisieren. In diesem Fall werden Ihre personenbezogenen Daten aus unseren Datenbanken gel\u00f6scht.<\/p>\r\n\r\n\r\n\r\n<h2 class=\"wp-block-heading\" id=\"paatyyko-tietojani-kolmansille-osapuolille\">Gelangen meine Daten an Dritte?<\/h2>\r\n\r\n\r\n\r\n<p>Einige notwendige Informationen werden an Dritte \u00fcbermittelt, um die Zahlungsabwicklung, den Versand oder Marketingmitteilungen zu erm\u00f6glichen. Um beispielsweise Lieferungen zu erm\u00f6glichen, werden Ihre Adress- und Kontaktdaten an die f\u00fcr die Logistik verantwortlichen Stellen weitergegeben. Online-Shopping-Transaktionen werden an das von uns verwendete Content- und Marketing-Targeting-System \u00fcbermittelt, auf das nur wir Zugriff haben. Im Zusammenhang mit der Zahlungstransaktion laufen Ihre Zahlungsinformationen \u00fcber einen vertrauensw\u00fcrdigen Zahlungsvermittler.<\/p>\r\n\r\n\r\n\r\n<p>An jede Partei werden nur die f\u00fcr die Durchf\u00fchrung des Dienstes notwendigsten Informationen \u00fcbermittelt, und diese Dienstleister haben nicht das Recht, Ihre Daten f\u00fcr andere Zwecke als die Durchf\u00fchrung des Dienstes zu verwenden. S\u00e4mtliche Daten\u00fcbertragungen erfolgen \u00fcber verschl\u00fcsselte Verbindungen.<\/p>\r\n\r\n\r\n\r\n<h2 class=\"wp-block-heading\" id=\"evasteet-ja-muu-seuranta-varustelekan-sivuilla\">Cookies und anderes Tracking auf der Website von Hunaja Hetke<\/h2>\r\n\r\n\r\n\r\n<p>Die Website von Hunaja Hetke verwendet Cookies und \u00e4hnliche browsertechnische Funktionen, wie z. B. den Browserspeicher. Hierbei handelt es sich um kleine Dateien, die von der Website von Hunaja Hetke erstellt werden und es uns erm\u00f6glichen, Analysen von Online-Shop-Benutzern zu sammeln und einen besser funktionierenden Online-Shop anzubieten. Cookies werden z.B. verwendet. Zur Warenkorbfunktionalit\u00e4t, Benutzeridentifikation und Anmeldung als registrierter Kunde. Standardm\u00e4\u00dfig werden die Cookies Ihres Browsers f\u00fcr einen Monat gespeichert, sofern Sie diese nicht separat l\u00f6schen. Sie k\u00f6nnen Cookies in Ihren Browsereinstellungen l\u00f6schen. Bedenken Sie jedoch, dass bei einem erneuten Besuch unserer Website neue Cookies in Ihren Browser geladen werden. Das Akzeptieren von Cookies und deren Verwendung ist zwingend erforderlich. <a href=\"https:\/\/www.varusteleka.fi\/fi\/page\/ohjeet-ja-ehdot\/21978#evasteet\" target=\"_blank\" rel=\"noopener\">Mehr \u00fcber Cookies k\u00f6nnen Sie hier lesen<\/a>.<\/p>\r\n\r\n\r\n\r\n<p>Cookies werden auch verwendet, um die Personalisierung von Online-Eink\u00e4ufen und -Marketing zu erm\u00f6glichen. Unsere Website verf\u00fcgt auch \u00fcber andere Tracking-Technologien, wie zum Beispiel Pixel-Tags. Beim Durchsuchen unserer Seiten werden z.B. folgende Informationen angezeigt: Custobar (das von uns verwendete finnische Content- und Marketing-Targeting-System), Google und Facebook. Dadurch k\u00f6nnen wir z.B. um den Betrieb unseres Online-Shops zu analysieren und weiterzuentwickeln, Website-Inhalte auszurichten und Werbeinhalte auszurichten. Die Anzahl der Anzeigen in z.B. Ihrer Facebook-Ansicht ist konstant, d.h. Sie m\u00fcssen dank uns nicht mehr Anzeigen als normal abdecken, Sie sehen lediglich etwas bessere (=unsere) Anzeigen.<\/p>\r\n\r\n\r\n\r\n<h2 class=\"wp-block-heading\" id=\"vallinmaen-tilan-oikeus-muuttaa-tata-tietosuojaselostetta\">Hunaja Hetke hat das Recht, diese Datenschutzerkl\u00e4rung zu \u00e4ndern<\/h2>\r\n\r\n\r\n\r\n<p>Wir sind bestrebt, unsere Dienstleistungen st\u00e4ndig weiterzuentwickeln und unseren Nutzern ein besseres Kundenerlebnis zu bieten. Dadurch k\u00f6nnen einige Dienste und Funktionalit\u00e4ten hinzugef\u00fcgt oder ge\u00e4ndert werden. In diesem Fall werden wir diese Erkl\u00e4rung bei Bedarf aktualisieren. \u00c4nderungen in der Gesetzgebung k\u00f6nnen auch dazu f\u00fchren, dass Teile dieser Erkl\u00e4rung ge\u00e4ndert oder klargestellt werden m\u00fcssen.<\/p>\r\n\r\n\r\n\r\n<p>\u00dcber wesentliche \u00c4nderungen werden wir unsere Kunden gesondert informieren.<\/p>\r\n\r\n\r\n\r\n<h2 class=\"wp-block-heading\" id=\"jaiko-jokin-askarruttamaan\">Haben Sie etwas verpasst?<\/h2>\r\n\r\n\r\n\r\n<p>Sie k\u00f6nnen unseren Kundenservice kontaktieren: info@hunajahetki.fi<\/p>","protected":false},"excerpt":{"rendered":"<p>Hunaja Hetkell\u00e4 otamme tietosuoja-asiat vakavasti. Pid\u00e4mme \u00e4\u00e4rimm\u00e4isen hyv\u00e4\u00e4 huolta kaikesta tiedosta, mit\u00e4 asiakkaistamme ker\u00e4\u00e4mme tai saamme. Haluamme my\u00f6s mahdollistaa asiakkaille p\u00e4\u00e4syn omiin tietoihinsa sek\u00e4 tulla unohdetuksi. K\u00e4ytt\u00e4\u00e4kseen Hunaja Hetken palveluita asiakkaan on hyv\u00e4ksytt\u00e4v\u00e4 t\u00e4ss\u00e4 tietosuojaselosteessa kuvatut tiedonkeruun sek\u00e4 -k\u00e4sittelyn keinot. T\u00e4m\u00e4 hyv\u00e4ksyminen varmistetaan ja kirjataan j\u00e4rjestelmiimme yl\u00f6s tilauksen yhteydess\u00e4 (sopimus), asiakastilin luonnin\/k\u00e4yt\u00f6n yhteydess\u00e4 (suostumus) tai [&hellip;]<\/p>\n","protected":false},"author":1,"featured_media":0,"parent":0,"menu_order":0,"comment_status":"closed","ping_status":"open","template":"","meta":{"_acf_changed":false,"footnotes":""},"class_list":["post-3","page","type-page","status-publish","hentry"],"acf":[],"_links":{"self":[{"href":"https:\/\/www.hunajahetki.fi\/de\/wp-json\/wp\/v2\/pages\/3","targetHints":{"allow":["GET"]}}],"collection":[{"href":"https:\/\/www.hunajahetki.fi\/de\/wp-json\/wp\/v2\/pages"}],"about":[{"href":"https:\/\/www.hunajahetki.fi\/de\/wp-json\/wp\/v2\/types\/page"}],"author":[{"embeddable":true,"href":"https:\/\/www.hunajahetki.fi\/de\/wp-json\/wp\/v2\/users\/1"}],"replies":[{"embeddable":true,"href":"https:\/\/www.hunajahetki.fi\/de\/wp-json\/wp\/v2\/comments?post=3"}],"version-history":[{"count":5,"href":"https:\/\/www.hunajahetki.fi\/de\/wp-json\/wp\/v2\/pages\/3\/revisions"}],"predecessor-version":[{"id":703,"href":"https:\/\/www.hunajahetki.fi\/de\/wp-json\/wp\/v2\/pages\/3\/revisions\/703"}],"wp:attachment":[{"href":"https:\/\/www.hunajahetki.fi\/de\/wp-json\/wp\/v2\/media?parent=3"}],"curies":[{"name":"wp","href":"https:\/\/api.w.org\/{rel}","templated":true}]}}