{"id":1061,"date":"2022-11-11T20:19:26","date_gmt":"2022-11-11T18:19:26","guid":{"rendered":"https:\/\/www.hunajahetki.fi\/?post_type=product&#038;p=1061"},"modified":"2025-10-13T10:27:03","modified_gmt":"2025-10-13T07:27:03","slug":"monikukka-hunaja-vapaasti-kiteytynyt-vallinmaen-tila","status":"publish","type":"product","link":"https:\/\/www.hunajahetki.fi\/de\/produkt\/mehrblutenhonig-frei-kristallisierter-vallinmaen-zustand\/","title":{"rendered":"Monikukka hunaja - Hunaja Hetken kotitarhalta Vallinm\u00e4en Tila"},"content":{"rendered":"<p>Das B\u00fcro von Hunaja Hetken, Vallinm\u00e4ki Farm, ist Jeminas Farm in Jalasj\u00e4rvi, wo ein Teil des Honigs aus Jalasj\u00e4rvi im Glas der Vallinm\u00e4ki Farm abgef\u00fcllt wird und die Kunden somit lokalen Honig in ihrem eigenen Glas erhalten.<\/p>\n<p>Der Mehrbl\u00fctenhonig der Farm Vallinm\u00e4ki ist frei kristallisierter Honig. Der Honig ist fl\u00fcssig und kann mit der Zeit frei kristallisieren. Frei kristallisierter Honig ist sogenannter altmodischer Honig, da er in keiner Weise verarbeitet wurde. An der Oberfl\u00e4che kann man alten Honig vom Raureif unterscheiden. H\u00e4rm\u00e4 ist ein helles Muster auf der Oberfl\u00e4che des Honigs und zeigt an, dass der Honig von hoher Qualit\u00e4t ist.<\/p>\n<p>Nur f\u00fcr Kinder ab 1 Jahr.<\/p>\n<p>Ainesosat: Hunaja<\/p>\n<p>Menge: 300 g<\/p>\n<p>Hersteller:<\/p>\n<p><strong> Vallinm\u00e4ki-Bauernhof<\/strong><br \/>\nJemina Valli<br \/>\nVallinm\u00e4entie 40 61640 Ala-Valli<br \/>\n+358504007510<\/p>\n<p>Herkunftsland: <strong>Finnland<\/strong><\/p>\n<p>Bei Raumtemperatur lagern. Langzeitlagerung an einem k\u00fchlen und trockenen Ort. Honig kann auch eingefroren werden.<\/p>\n<p class=\"cvGsUA direction-ltr align-end para-style-body\"><strong><span class=\"a_GcMg font-feature-liga-off font-feature-clig-off font-feature-calt-off text-decoration-none text-strikethrough-none\">Ravintoarvot\/N\u00e4rdingsv\u00e4rden:<\/span><\/strong><\/p>\n<p class=\"cvGsUA direction-ltr align-end para-style-body\"><span class=\"a_GcMg font-feature-liga-off font-feature-clig-off font-feature-calt-off text-decoration-none text-strikethrough-none\">Energia\/ Energi: 1 382 kJ (330 kcal) \/100g<\/span><\/p>\n<p class=\"cvGsUA direction-ltr align-end para-style-body\"><span class=\"a_GcMg font-feature-liga-off font-feature-clig-off font-feature-calt-off text-decoration-none text-strikethrough-none\">Rasva\/Fett: 0 g<\/span><\/p>\n<p class=\"cvGsUA direction-ltr align-end para-style-body\"><span class=\"a_GcMg font-feature-liga-off font-feature-clig-off font-feature-calt-off text-decoration-none text-strikethrough-none\">josta tyydyttynytt\u00e4\/ varav m\u00e4tat fett: 0g<\/span><\/p>\n<p class=\"cvGsUA direction-ltr align-end para-style-body\"><span class=\"a_GcMg font-feature-liga-off font-feature-clig-off font-feature-calt-off text-decoration-none text-strikethrough-none\">Hiilihydraatti\/Kolhydrat: 82g<\/span><\/p>\n<p class=\"cvGsUA direction-ltr align-end para-style-body\"><span class=\"a_GcMg font-feature-liga-off font-feature-clig-off font-feature-calt-off text-decoration-none text-strikethrough-none\">josta sokereita \/ varav sockerarter 82 g<\/span><\/p>\n<p class=\"cvGsUA direction-ltr align-end para-style-body\"><span class=\"a_GcMg font-feature-liga-off font-feature-clig-off font-feature-calt-off text-decoration-none text-strikethrough-none\">Proteiini\/Protein: 0 g<\/span><\/p>\n<p class=\"cvGsUA direction-ltr align-end para-style-body\"><span class=\"a_GcMg font-feature-liga-off font-feature-clig-off font-feature-calt-off text-decoration-none text-strikethrough-none\">Suola\/Salt: 0 g<\/span><\/p>","protected":false},"excerpt":{"rendered":"<h2>Honigqualit\u00e4t<\/h2>\n<p>Qualit\u00e4t wird bei allen Honigen der Vallinm\u00e4ki-Farm gro\u00dfgeschrieben und der Honig wird von den Bienenst\u00f6cken bis zu den Gl\u00e4sern von Hand verarbeitet. Der Honig wird in lebensmittelzugelassenen Betrieben verarbeitet, sodass wir sicherstellen k\u00f6nnen, dass der Honig sauber und von hoher Qualit\u00e4t ist. Der Honig wird in fl\u00fcssiger Form abgef\u00fcllt und im Glas zu Kristallen kristallisieren gelassen. Der Honig wird niemals erhitzt oder verarbeitet, damit alle guten Inhaltsstoffe des Honigs erhalten bleiben und die Vitamine und Spurenelemente im Honig nicht verloren gehen.<\/p>","protected":false},"featured_media":1808,"template":"","meta":{"_acf_changed":false},"product_brand":[],"product_cat":[152,139],"product_tag":[119,118,25,114,249,254],"class_list":{"0":"post-1061","1":"product","2":"type-product","3":"status-publish","4":"has-post-thumbnail","6":"product_cat-hunaja","7":"product_cat-hunaja-hetki","8":"product_tag-ala-valli","9":"product_tag-alavalli","10":"product_tag-hunaja","11":"product_tag-jalasjarvi","12":"product_tag-kiteytynyt","13":"product_tag-kotimainen-hunaja","15":"first","16":"instock","17":"taxable","18":"shipping-taxable","19":"purchasable","20":"product-type-simple"},"acf":[],"_links":{"self":[{"href":"https:\/\/www.hunajahetki.fi\/de\/wp-json\/wp\/v2\/product\/1061","targetHints":{"allow":["GET"]}}],"collection":[{"href":"https:\/\/www.hunajahetki.fi\/de\/wp-json\/wp\/v2\/product"}],"about":[{"href":"https:\/\/www.hunajahetki.fi\/de\/wp-json\/wp\/v2\/types\/product"}],"wp:featuredmedia":[{"embeddable":true,"href":"https:\/\/www.hunajahetki.fi\/de\/wp-json\/wp\/v2\/media\/1808"}],"wp:attachment":[{"href":"https:\/\/www.hunajahetki.fi\/de\/wp-json\/wp\/v2\/media?parent=1061"}],"wp:term":[{"taxonomy":"product_brand","embeddable":true,"href":"https:\/\/www.hunajahetki.fi\/de\/wp-json\/wp\/v2\/product_brand?post=1061"},{"taxonomy":"product_cat","embeddable":true,"href":"https:\/\/www.hunajahetki.fi\/de\/wp-json\/wp\/v2\/product_cat?post=1061"},{"taxonomy":"product_tag","embeddable":true,"href":"https:\/\/www.hunajahetki.fi\/de\/wp-json\/wp\/v2\/product_tag?post=1061"}],"curies":[{"name":"wp","href":"https:\/\/api.w.org\/{rel}","templated":true}]}}