{"id":1243,"date":"2023-09-05T14:18:33","date_gmt":"2023-09-05T11:18:33","guid":{"rendered":"https:\/\/www.hunajahetki.fi\/?post_type=product&#038;p=1243"},"modified":"2025-06-19T10:33:06","modified_gmt":"2025-06-19T07:33:06","slug":"huulivoide-mehilaishuulivoide","status":"publish","type":"product","link":"https:\/\/www.hunajahetki.fi\/de\/produkt\/lippenbalsam-mit-menthol\/","title":{"rendered":"Lippenbalsam"},"content":{"rendered":"<h1>Tarhaajas Lippencreme<\/h1>\n<p>Die Lippencreme von Tarhaaja eignet sich zur t\u00e4glichen Hautpflege f\u00fcr Menschen jeden Alters. Die Lippencreme enth\u00e4lt gute \u00d6le, Bienenwachs und Vitamin E. Das Produkt wurde speziell f\u00fcr empfindliche finnische Haut entwickelt, die durch den Wechsel der Jahreszeiten empfindlich reagiert.<\/p>\n<p>Calendula\u00f6l pflegt, regeneriert und beruhigt gereizte und rissige Haut. Ausgezeichnetes \u00d6l f\u00fcr empfindliche Haut.<br \/>\nHanf\u00f6l ist ein heimisches \u00d6l, das empfindliche Haut n\u00e4hrt und pflegt. Das \u00d6l beruhigt, st\u00e4rkt und befeuchtet die Haut und verhindert das Verdunsten von Feuchtigkeit aus der Haut.<br \/>\nDie feuchtigkeitsspendenden, sch\u00fctzenden und pflegenden Eigenschaften von Jojoba\u00f6l sind f\u00fcr alle Hauttypen geeignet.<br \/>\nBienenwachs ist antibakteriell. Es bindet Feuchtigkeit, sch\u00fctzt die Haut vor K\u00e4lte und Wind und beruhigt gereizte Haut.<br \/>\nVitamin E verbessert die N\u00e4hrstoff- und Sauerstoffversorgung der Hautzellen. Perfekt f\u00fcr trockene und rissige Haut.<\/p>\n<p>Generell gilt: Die Lippencreme von Tarhaaja sch\u00fctzt und befeuchtet die zarte Haut der Lippen. Die Lippencreme enth\u00e4lt hochwertige \u00d6le, Bienenwachs und Vitamin E. Eine ausgezeichnete Creme f\u00fcr trockene und rissige Lippen bei Winterfr\u00f6sten. Geeignet f\u00fcr alle Altersgruppen f\u00fcr den t\u00e4glichen Gebrauch.<\/p>\n<p>&nbsp;<\/p>\n<p>INCI: Calendula Alendula Officinalis-Extrakt, Simmondsia Chinensis-Samen\u00f6l,<\/p>\n<p>Cannabis-Sativa-Samen\u00f6l, Cera Alba, Tocopherol<\/p>\n<p>&nbsp;<\/p>\n<p>Hersteller: <strong>Hunaja Hetki Oy<\/strong><\/p>\n<p>Vallinm\u00e4entie 40, 61640 Ala-Valli<\/p>\n<p>Herkunftsland: <strong>Finnland<\/strong><\/p>\n<p>+358 4424 75773<\/p>\n<p>&nbsp;<\/p>\n<h1><span style=\"font-weight: 400;\">Naturkosmetik: Warum ist sie eine bessere Alternative zur herk\u00f6mmlichen Kosmetik?<\/span><\/h1>\n<p><span style=\"font-weight: 400;\">Die Kosmetikbranche ist in den letzten Jahren enorm gewachsen und gleichzeitig ist auch das Interesse an Naturkosmetik gestiegen.<\/span><\/p>\n<p><span style=\"font-weight: 400;\"><a href=\"https:\/\/www.hunajahetki.fi\/de\/tuote-osasto\/mehilaiskosmetiikka\/\">Mit Naturkosmetik<\/a> bezieht sich auf Kosmetikprodukte, die nat\u00fcrliche Inhaltsstoffe enthalten und ohne synthetische Chemikalien oder sch\u00e4dliche Zusatzstoffe hergestellt werden. Dadurch sind sie sowohl f\u00fcr Mensch als auch f\u00fcr die Umwelt sicherer in der Anwendung.<\/span><\/p>\n<p><span style=\"font-weight: 400;\">Einer der wichtigsten Gr\u00fcnde, sich f\u00fcr Naturkosmetik zu entscheiden, sind ihre Inhaltsstoffe. In traditioneller Kosmetik werden h\u00e4ufig synthetische Stoffe wie Parabene, Phthalate und Natriumlaurylsulfat verwendet. Diese Chemikalien k\u00f6nnen Hautreizungen und sogar allergische Reaktionen hervorrufen. Die Inhaltsstoffe von Naturkosmetik hingegen stammen aus der Natur, etwa Pflanzen und Mineralien. Sie enthalten keine sch\u00e4dlichen Chemikalien, was sie sicherer f\u00fcr Mensch und Umwelt macht.<\/span><\/p>\n<p><span style=\"font-weight: 400;\">Ein weiterer wesentlicher Vorteil ist die Ethik. Viele Naturkosmetikmarken verpflichten sich zu nachhaltiger Entwicklung und verantwortungsvoller Produktion. Sie nutzen beispielsweise \u00f6kologische Anbaumethoden und verzichten auf Tierversuche.<\/span><\/p>\n<p><span style=\"font-weight: 400;\">Der dritte Grund ist seine Wirksamkeit. Auch wenn manche denken, dass Naturkosmetik nicht so wirksam sein kann wie herk\u00f6mmliche Kosmetik, stimmt das nicht. Nat\u00fcrliche Inhaltsstoffe k\u00f6nnen bei der Hautpflege \u00e4hnliche oder sogar bessere Ergebnisse erzielen als synthetische. Beispielsweise sind nat\u00fcrliche \u00d6le wie Argan\u00f6l und Jojoba\u00f6l sehr pflegend und feuchtigkeitsspendend f\u00fcr die Haut.<\/span><\/p>\n<p><span style=\"font-weight: 400;\">Dar\u00fcber hinaus investieren Hersteller von Naturkosmetik h\u00e4ufig in die Forschung und Entwicklung ihrer Produkte. Sie sind bestrebt, neue innovative Wege zur Verwendung von Pflanzen und anderen nat\u00fcrlichen Inhaltsstoffen in der Hautpflege zu finden. Dadurch kommen immer wieder neue Naturkosmetikprodukte auf den Markt, die noch bessere Ergebnisse liefern.<\/span><\/p>\n<p><span style=\"font-weight: 400;\">Obwohl Naturkosmetik immer beliebter wird, ist es wichtig, bei der Auswahl der Produkte vorsichtig zu sein. Alle als Naturkosmetik beworbenen Produkte entsprechen nicht unbedingt den strengen Standards der Naturkosmetik. Es empfiehlt sich, die Zutatenliste des Produkts zu \u00fcberpr\u00fcfen und sicherzustellen, dass es nur nat\u00fcrliche Inhaltsstoffe enth\u00e4lt.<\/span><\/p>\n<p><span style=\"font-weight: 400;\">Allerdings ist zu beachten, dass es sich bei dem Begriff \u201eNaturkosmetik\u201c nicht um einen gesch\u00fctzten oder einheitlichen Begriff handelt. Daher sollte der Verbraucher vorsichtig sein und sich vor dem Kauf mit der Zutatenliste des Produkts und m\u00f6glichen Zertifikaten vertraut machen. Das bekannteste der Zertifikate ist <\/span><a href=\"https:\/\/www.ecocert.com\/en\/home\" target=\"_blank\" rel=\"noopener\"><span style=\"font-weight: 400;\">\u00d6kozertifikat<\/span><\/a><span style=\"font-weight: 400;\">, es gibt aber auch andere zuverl\u00e4ssige Zertifizierungssysteme.<\/span><\/p>\n<p>&nbsp;<\/p>\n<h2><span style=\"font-weight: 400;\">\u00d6kologische Entscheidung: Wie wirkt sich Naturkosmetik auf die Umwelt aus?<\/span><\/h2>\n<p><span style=\"font-weight: 400;\">Immer mehr Menschen achten darauf, was sie auf ihre Haut und Haare auftragen. Dadurch hat die Beliebtheit von Naturkosmetik in den letzten Jahren deutlich zugenommen. Obwohl die Verwendung von Naturkosmetik gut f\u00fcr die eigene Gesundheit sein kann, ist es auch wichtig, \u00fcber die Auswirkungen auf die Umwelt nachzudenken<\/span><\/p>\n<p><span style=\"font-weight: 400;\">Viele Naturkosmetikmarken engagieren sich f\u00fcr nachhaltige Entwicklung und verantwortungsvolles Handeln. Sie streben danach, ethisch produzierte Rohstoffe zu verwenden und ihre Produkte auf umweltfreundliche Weise herzustellen. Beispielsweise k\u00f6nnen Verpackungsmaterialien f\u00fcr Naturkosmetikprodukte recycelbar oder biologisch abbaubar sein.<\/span><\/p>\n<p><span style=\"font-weight: 400;\">Verbraucher sollten dar\u00fcber nachdenken, ihr Konsumverhalten ganzheitlich in eine nachhaltigere Richtung zu \u00e4ndern. Neben der Verwendung von Naturkosmetik k\u00f6nnen Sie beispielsweise den Einsatz von Plastik reduzieren, Verpackungsmaterialien recyceln und Produkte aus der N\u00e4he bevorzugen.<\/span><\/p>\n<p>&nbsp;<\/p>\n<h2><span style=\"font-weight: 400;\">Vorteile von Naturkosmetik f\u00fcr Haut und Haar<\/span><\/h2>\n<p><span style=\"font-weight: 400;\">Gerade bei der Haut- und Haarpflege bietet Naturkosmetik viele Vorteile gegen\u00fcber herk\u00f6mmlichen Kosmetikprodukten.<\/span><\/p>\n<p><span style=\"font-weight: 400;\">Naturkosmetikprodukte bestehen \u00fcberwiegend aus pflanzlichen und mineralischen Inhaltsstoffen, die nicht mit chemischen Stoffen oder synthetischen Zusatzstoffen behandelt wurden. Dies macht ihre Anwendung sicherer und verringert das Risiko allergischer Reaktionen.<\/span><\/p>\n<p><span style=\"font-weight: 400;\">Pflanzliche \u00d6le, Extrakte und Butter stecken voller Vitamine, Antioxidantien und anderen N\u00e4hrstoffen, die Haut und Haar gut tun. Argan\u00f6l ist beispielsweise ein ausgezeichneter Feuchtigkeitsspender und pflegt trockene Haut und Haare wirksam. Aloe Vera Gel beruhigt gereizte Haut und hilft, den Hautzustand zu verbessern. Naturkosmetikprodukte enthalten h\u00e4ufig auch nat\u00fcrliche \u00e4therische \u00d6le, die beispielsweise therapeutische Wirkungen bei Stress oder Schlaflosigkeit haben k\u00f6nnen.<\/span><\/p>\n<p><span style=\"font-weight: 400;\">Vor allem langfristig sind die Vorteile von Naturkosmetik sichtbar. Die regelm\u00e4\u00dfige Anwendung von Naturkosmetik kann den Hautzustand verbessern, Hautirritationen und Entz\u00fcndungen reduzieren und das Haar st\u00e4rken. Da Naturkosmetikprodukte keine synthetischen Stoffe enthalten, verursachen sie auch keine Abh\u00e4ngigkeit oder sch\u00e4dlichen Nebenwirkungen.<\/span><\/p>\n<p><span style=\"font-weight: 400;\">Es ist jedoch wichtig zu bedenken, dass die Haut und das Haar eines jeden Menschen einzigartig sind und dass das, was f\u00fcr den einen funktioniert, bei einem anderen m\u00f6glicherweise nicht funktioniert. Naturkosmetik kann eine gute Option f\u00fcr alle sein, die auf Chemikalien verzichten und in nat\u00fcrliche Sch\u00f6nheitspflege investieren m\u00f6chten. Es wird jedoch immer empfohlen, vor der Verwendung eines neuen Produkts die Zutatenliste auf der Produktverpackung sorgf\u00e4ltig zu lesen und gegebenenfalls einen Allergietest durchzuf\u00fchren.<\/span><\/p>\n<p>&nbsp;<\/p>\n<h2><span style=\"font-weight: 400;\">Bienenkosmetik \u2013 Verwendung von Bienenwachs in der Kosmetik<\/span><\/h2>\n<p><a href=\"https:\/\/www.hunajahetki.fi\/de\/tuote-osasto\/mehilaisvahat\/\"><span style=\"font-weight: 400;\">Bienenwachs<\/span><\/a><span style=\"font-weight: 400;\"> ist ein nat\u00fcrlicher Inhaltsstoff, der aufgrund seiner vielseitigen Eigenschaften h\u00e4ufig in Kosmetika verwendet wird. Es wird aus den Wachsdr\u00fcsen von Bienen gewonnen und in verschiedenen Hautpflegeprodukten wie Cremes, <\/span><a href=\"https:\/\/www.hunajahetki.fi\/de\/tuote\/menthol-huulivoide\/\"><span style=\"font-weight: 400;\">in Lippenbalsam<\/span><\/a><span style=\"font-weight: 400;\"> und Make-up.\u00a0<\/span><\/p>\n<p><span style=\"font-weight: 400;\">Die Vorteile von Bienenwachs f\u00fcr die Haut sind vielf\u00e4ltig und die Verwendung in Kosmetika hat in den letzten Jahren immer h\u00e4ufiger zugenommen.<\/span><\/p>\n<p><span style=\"font-weight: 400;\">Ein wesentlicher Vorteil der Bienenkosmetik sind ihre feuchtigkeitsspendenden Eigenschaften. Es bildet eine Schutzschicht auf der Haut, die das Verdunsten von Feuchtigkeit verhindert und so dazu beitr\u00e4gt, die Haut mit Feuchtigkeit zu versorgen. Dies macht es zu einem hervorragenden Inhaltsstoff in Produkten f\u00fcr trockene oder empfindliche Haut.<\/span><\/p>\n<p><span style=\"font-weight: 400;\">Dar\u00fcber hinaus wirkt Bienenkosmetik als nat\u00fcrlicher Weichmacher und verleiht den Produkten eine angenehme Textur. Es tr\u00e4gt au\u00dferdem dazu bei, die Form des Produkts beizubehalten und verhindert, dass es bei h\u00f6heren Temperaturen schmilzt. Dadurch kann Bienenwachs beispielsweise bei der Herstellung von Lippenbalsamen verwendet werden, da es diesen eine feste Struktur verleiht.<\/span><\/p>\n<p><span style=\"font-weight: 400;\">Bienenwachs enth\u00e4lt au\u00dferdem Antioxidantien, die dazu beitragen, die Haut vor freien Radikalen zu sch\u00fctzen und die Zeichen der Hautalterung zu verlangsamen. Es kann auch gereizte Haut beruhigen und Entz\u00fcndungen reduzieren, was es zu einem n\u00fctzlichen Inhaltsstoff beispielsweise in After-Shave-Cremes oder Produkten f\u00fcr zu Akne neigende Haut macht.<\/span><\/p>\n<p><span style=\"font-weight: 400;\">Bienenwachs kann auch in der Haarpflege eingesetzt werden. Es hilft, das Haar mit Feuchtigkeit zu versorgen und verleiht ihm einen nat\u00fcrlichen Glanz. Bienenwachs eignet sich auch als nat\u00fcrliches Stylingprodukt, da es die Frisur ohne sch\u00e4dliche Chemikalien an Ort und Stelle h\u00e4lt.<\/span><\/p>\n<p><span style=\"font-weight: 400;\">Es ist jedoch zu beachten, dass Bienenwachs bei manchen Menschen allergische Reaktionen hervorrufen kann. Deshalb ist es wichtig, vor der Einf\u00fchrung eines neuen Kosmetikprodukts einen Allergietest durchzuf\u00fchren. Dar\u00fcber hinaus ist es wichtig, darauf zu achten, dass das Bienenwachs ethisch einwandfrei hergestellt wird und aus verantwortungsvoll bewirtschafteten Bienenst\u00f6cken stammt.<\/span><\/p>\n<p>&nbsp;<\/p>\n<h3><span style=\"font-weight: 400;\">Finnische Bienenkosmetik aus dem Hunaja Hetki Online-Shop<\/span><\/h3>\n<p><a href=\"https:\/\/www.hunajahetki.fi\/de\/\"><span style=\"font-weight: 400;\">Schatz, gleich<\/span><\/a><span style=\"font-weight: 400;\"> Wir m\u00f6chten unseren Kunden hochwertige Bienenkosmetik direkt aus unserem Online-Shop anbieten. Die von uns verkaufte und hergestellte Bienenkosmetik ist ein finnisches Naturkosmetikprodukt.<\/span><\/p>\n<p><span style=\"font-weight: 400;\">In unserem Hunaja Hetki Online-Shop finden Sie eine gro\u00dfe Auswahl an Bienenkosmetikprodukten, die f\u00fcr jeden Hauttyp geeignet sind. Unsere Produkte werden in Finnland im eigenen Haus hergestellt <\/span><a href=\"https:\/\/www.hunajahetki.fi\/de\/brandi\/\"><span style=\"font-weight: 400;\">in unserer Imkerei<\/span><\/a><span style=\"font-weight: 400;\"> Sie bestehen aus hochwertigen Rohstoffen und enthalten keine k\u00fcnstlichen Zusatz- oder Konservierungsstoffe.<\/span><\/p>\n<p><span style=\"font-weight: 400;\">Die Verwendung von Bienenkosmetik ist nicht nur ein Trend, sondern auch eine \u00f6kologische Entscheidung. Nat\u00fcrliche Inhaltsstoffe belasten unsere Umwelt nicht in der gleichen Weise wie synthetische Chemikalien. Dar\u00fcber hinaus unterst\u00fctzen Sie durch den Kauf von Hunaja Hetke-Produkten in unserem \u00f6rtlichen Kleinunternehmen die finnische Imkereikultur.<\/span><\/p>\n<p><span style=\"font-weight: 400;\">Hunaja Hetki m\u00f6chte seinen Kunden die M\u00f6glichkeit bieten, sich mit nat\u00fcrlichen und wirksamen Bienenkosmetikprodukten zu verw\u00f6hnen. In unserem Online-Shop k\u00f6nnen Sie ganz einfach unser Sortiment erkunden und Ihre Lieblingsprodukte direkt nach Hause bestellen. Wir bieten au\u00dferdem eine schnelle Lieferung, sodass Sie die Produkte von Hunaja Hetke im Handumdrehen genie\u00dfen k\u00f6nnen.<\/span><\/p>\n<p><span style=\"font-weight: 400;\">Willkommen im Online-Shop von Hunaja Hetke und finden Sie ein neues Lieblings-Bienenkosmetikprodukt f\u00fcr Ihre Hautpflege!<\/span><\/p>","protected":false},"excerpt":{"rendered":"<p>Tarhaajan huulivoiteen rauhoittava keh\u00e4kukka\u00f6ljy ja suojaava mehil\u00e4isvaha tekev\u00e4t t\u00e4st\u00e4 t\u00e4ydellisen huulivoiteen herkille ja kuiville huulille.<\/p>\n<p>Keh\u00e4kukka\u00f6ljyn ihoa uudistavat, hoitavat ja rauhoittavat ominaisuudet auttavat vaurioituneiden ja \u00e4rtyneiden huulien hoidossa.\u00a0 Mehil\u00e4isvaha suojaa huulia s\u00e4\u00e4n l\u00e4mp\u00f6tilan vaihteluiden aiheuttamaa kuivuutta vatsaan. Tarhaajan huulivoiteessa on k\u00e4ytetty lis\u00e4ksi hamppu\u00f6ljy\u00e4, jojoba\u00f6ljy\u00e4 ja E-vitamiinia. Kosteuttava, rauhoittava ja suojaava Tarhaajan huulivoide sopii p\u00e4ivitt\u00e4iseen k\u00e4ytt\u00f6\u00f6n.<\/p>\n<p>&nbsp;<\/p>","protected":false},"featured_media":1816,"template":"","meta":{"_acf_changed":false},"product_brand":[],"product_cat":[139,21],"product_tag":[120,127,298,302,41,304,303],"class_list":{"0":"post-1243","1":"product","2":"type-product","3":"status-publish","4":"has-post-thumbnail","6":"product_cat-hunaja-hetki","7":"product_cat-mehilaiskosmetiikka","8":"product_tag-huulivoide","9":"product_tag-kosmetiikka","10":"product_tag-kotimainen-kosmetiikka","11":"product_tag-luonnontuote","12":"product_tag-mehilaisvaha","13":"product_tag-mentholinmakuinen","14":"product_tag-vaniljanmakuinen","16":"first","17":"instock","18":"taxable","19":"shipping-taxable","20":"purchasable","21":"product-type-variable"},"acf":[],"_links":{"self":[{"href":"https:\/\/www.hunajahetki.fi\/de\/wp-json\/wp\/v2\/product\/1243","targetHints":{"allow":["GET"]}}],"collection":[{"href":"https:\/\/www.hunajahetki.fi\/de\/wp-json\/wp\/v2\/product"}],"about":[{"href":"https:\/\/www.hunajahetki.fi\/de\/wp-json\/wp\/v2\/types\/product"}],"wp:featuredmedia":[{"embeddable":true,"href":"https:\/\/www.hunajahetki.fi\/de\/wp-json\/wp\/v2\/media\/1816"}],"wp:attachment":[{"href":"https:\/\/www.hunajahetki.fi\/de\/wp-json\/wp\/v2\/media?parent=1243"}],"wp:term":[{"taxonomy":"product_brand","embeddable":true,"href":"https:\/\/www.hunajahetki.fi\/de\/wp-json\/wp\/v2\/product_brand?post=1243"},{"taxonomy":"product_cat","embeddable":true,"href":"https:\/\/www.hunajahetki.fi\/de\/wp-json\/wp\/v2\/product_cat?post=1243"},{"taxonomy":"product_tag","embeddable":true,"href":"https:\/\/www.hunajahetki.fi\/de\/wp-json\/wp\/v2\/product_tag?post=1243"}],"curies":[{"name":"wp","href":"https:\/\/api.w.org\/{rel}","templated":true}]}}