{"id":2118,"date":"2025-01-29T10:57:48","date_gmt":"2025-01-29T08:57:48","guid":{"rendered":"https:\/\/www.hunajahetki.fi\/?post_type=product&#038;p=2118"},"modified":"2025-10-13T10:31:17","modified_gmt":"2025-10-13T07:31:17","slug":"juhlahunaja","status":"publish","type":"product","link":"https:\/\/www.hunajahetki.fi\/de\/produkt\/party-schatz\/","title":{"rendered":"Party-Schatz"},"content":{"rendered":"<h1>Party-Schatz<\/h1>\n<p>Hersteller: <strong>Hunaja Hetki Oy<\/strong><\/p>\n<p>Vallinm\u00e4entie 40, 61640 Ala-Valli<\/p>\n<p>+358442475773<\/p>\n<p>Herkunftsland: <strong>Finnland<\/strong><\/p>\n<p>Bei Raumtemperatur lagern. Langzeitlagerung an einem k\u00fchlen und trockenen Ort.<\/p>\n<p>Ainesosat: Hunaja<\/p>\n<p>Menge: 300 g<\/p>\n<p>Nicht f\u00fcr Kinder unter einem Jahr.<\/p>\n<p class=\"cvGsUA direction-ltr align-end para-style-body\"><strong><span class=\"a_GcMg font-feature-liga-off font-feature-clig-off font-feature-calt-off text-decoration-none text-strikethrough-none\">Ravintoarvot\/N\u00e4rdingsv\u00e4rden:<\/span><\/strong><\/p>\n<p class=\"cvGsUA direction-ltr align-end para-style-body\"><span class=\"a_GcMg font-feature-liga-off font-feature-clig-off font-feature-calt-off text-decoration-none text-strikethrough-none\">Energia\/ Energi: 1 382 kJ (330 kcal) \/100g<\/span><\/p>\n<p class=\"cvGsUA direction-ltr align-end para-style-body\"><span class=\"a_GcMg font-feature-liga-off font-feature-clig-off font-feature-calt-off text-decoration-none text-strikethrough-none\">Rasva\/Fett: 0 g<\/span><\/p>\n<p class=\"cvGsUA direction-ltr align-end para-style-body\"><span class=\"a_GcMg font-feature-liga-off font-feature-clig-off font-feature-calt-off text-decoration-none text-strikethrough-none\">josta tyydyttynytt\u00e4\/ varav m\u00e4tat fett: 0g<\/span><\/p>\n<p class=\"cvGsUA direction-ltr align-end para-style-body\"><span class=\"a_GcMg font-feature-liga-off font-feature-clig-off font-feature-calt-off text-decoration-none text-strikethrough-none\">Hiilihydraatti\/Kolhydrat: 82g<\/span><\/p>\n<p class=\"cvGsUA direction-ltr align-end para-style-body\"><span class=\"a_GcMg font-feature-liga-off font-feature-clig-off font-feature-calt-off text-decoration-none text-strikethrough-none\">josta sokereita \/ varav sockerarter 82 g<\/span><\/p>\n<p class=\"cvGsUA direction-ltr align-end para-style-body\"><span class=\"a_GcMg font-feature-liga-off font-feature-clig-off font-feature-calt-off text-decoration-none text-strikethrough-none\">Proteiini\/Protein: 0 g<\/span><\/p>\n<p class=\"cvGsUA direction-ltr align-end para-style-body\"><span class=\"a_GcMg font-feature-liga-off font-feature-clig-off font-feature-calt-off text-decoration-none text-strikethrough-none\">Suola\/Salt: 0 g<\/span><\/p>","protected":false},"excerpt":{"rendered":"<p><span id=\"span-25-699\" class=\"ct-span\">Honig Bei allen Honigen von Hetke wird auf Qualit\u00e4t Wert gelegt und der Honig wird von den Bienenst\u00f6cken bis zu den Gl\u00e4sern von Hand verarbeitet. Der Honig wird in lebensmittelzugelassenen Betrieben verarbeitet, sodass wir garantieren k\u00f6nnen, dass der Honig von Hunaja Hetke rein und von hoher Qualit\u00e4t ist. Der Honig wird in fl\u00fcssiger Form abgef\u00fcllt und im Glas zu Kristallen kristallisieren gelassen. Der Honig wird niemals erhitzt oder verarbeitet, damit alle guten Inhaltsstoffe des Honigs erhalten bleiben und die Vitamine und Spurenelemente im Honig nicht verloren gehen.<\/span><\/p>","protected":false},"featured_media":2123,"template":"","meta":{"_acf_changed":false},"product_brand":[],"product_cat":[152,139,149,62],"product_tag":[405,40,168,401],"class_list":{"0":"post-2118","1":"product","2":"type-product","3":"status-publish","4":"has-post-thumbnail","6":"product_cat-hunaja","7":"product_cat-hunaja-hetki","8":"product_cat-lahjapakkaukset","9":"product_cat-liikelahja","10":"product_tag-juhlahunaja","11":"product_tag-lahja","12":"product_tag-luksus","13":"product_tag-lahihunaja","15":"first","16":"instock","17":"taxable","18":"shipping-taxable","19":"purchasable","20":"product-type-variable"},"acf":[],"_links":{"self":[{"href":"https:\/\/www.hunajahetki.fi\/de\/wp-json\/wp\/v2\/product\/2118","targetHints":{"allow":["GET"]}}],"collection":[{"href":"https:\/\/www.hunajahetki.fi\/de\/wp-json\/wp\/v2\/product"}],"about":[{"href":"https:\/\/www.hunajahetki.fi\/de\/wp-json\/wp\/v2\/types\/product"}],"wp:featuredmedia":[{"embeddable":true,"href":"https:\/\/www.hunajahetki.fi\/de\/wp-json\/wp\/v2\/media\/2123"}],"wp:attachment":[{"href":"https:\/\/www.hunajahetki.fi\/de\/wp-json\/wp\/v2\/media?parent=2118"}],"wp:term":[{"taxonomy":"product_brand","embeddable":true,"href":"https:\/\/www.hunajahetki.fi\/de\/wp-json\/wp\/v2\/product_brand?post=2118"},{"taxonomy":"product_cat","embeddable":true,"href":"https:\/\/www.hunajahetki.fi\/de\/wp-json\/wp\/v2\/product_cat?post=2118"},{"taxonomy":"product_tag","embeddable":true,"href":"https:\/\/www.hunajahetki.fi\/de\/wp-json\/wp\/v2\/product_tag?post=2118"}],"curies":[{"name":"wp","href":"https:\/\/api.w.org\/{rel}","templated":true}]}}