{"id":40,"date":"2022-03-07T10:59:42","date_gmt":"2022-03-07T08:59:42","guid":{"rendered":"https:\/\/www.hunajahetki.fi\/?post_type=product&#038;p=40"},"modified":"2025-06-19T10:43:56","modified_gmt":"2025-06-19T07:43:56","slug":"kolmen-kennon-korvis","status":"publish","type":"product","link":"https:\/\/www.hunajahetki.fi\/de\/produkt\/dreizelliges-ohr\/","title":{"rendered":"Zellohr - drei Zellen"},"content":{"rendered":"","protected":false},"excerpt":{"rendered":"<h1>Zellaustausch:<\/h1>\n<p>Hunaja Hetken suunnitelema kolmen kennon korvis kuvaa mehil\u00e4iskennon muotoa. Kaunis roikkuva korvis on kevyt ja miellytt\u00e4v\u00e4 pit\u00e4\u00e4. Korviksen metalliosa on kirurginter\u00e4ksest\u00e4 ja puuosa Suomalaista koivuvaneria.\u00a0 Kennomuoto on ajaton ja sopii siten kaikille k\u00e4ytett\u00e4v\u00e4ksi.<\/p>\n<p>Voit my\u00f6s tutustua meid\u00e4n kuuden kennon korviksiin <a href=\"https:\/\/www.hunajahetki.fi\/de\/produkt\/funfzelliges-ohr\/\">https:\/\/www.hunajahetki.fi\/tuote\/viiden-kennon-korvis\/<\/a><\/p>","protected":false},"featured_media":784,"template":"","meta":{"_acf_changed":false},"product_brand":[],"product_cat":[139],"product_tag":[],"class_list":{"0":"post-40","1":"product","2":"type-product","3":"status-publish","4":"has-post-thumbnail","6":"product_cat-hunaja-hetki","8":"first","9":"instock","10":"taxable","11":"shipping-taxable","12":"purchasable","13":"product-type-variable"},"acf":[],"_links":{"self":[{"href":"https:\/\/www.hunajahetki.fi\/de\/wp-json\/wp\/v2\/product\/40","targetHints":{"allow":["GET"]}}],"collection":[{"href":"https:\/\/www.hunajahetki.fi\/de\/wp-json\/wp\/v2\/product"}],"about":[{"href":"https:\/\/www.hunajahetki.fi\/de\/wp-json\/wp\/v2\/types\/product"}],"wp:featuredmedia":[{"embeddable":true,"href":"https:\/\/www.hunajahetki.fi\/de\/wp-json\/wp\/v2\/media\/784"}],"wp:attachment":[{"href":"https:\/\/www.hunajahetki.fi\/de\/wp-json\/wp\/v2\/media?parent=40"}],"wp:term":[{"taxonomy":"product_brand","embeddable":true,"href":"https:\/\/www.hunajahetki.fi\/de\/wp-json\/wp\/v2\/product_brand?post=40"},{"taxonomy":"product_cat","embeddable":true,"href":"https:\/\/www.hunajahetki.fi\/de\/wp-json\/wp\/v2\/product_cat?post=40"},{"taxonomy":"product_tag","embeddable":true,"href":"https:\/\/www.hunajahetki.fi\/de\/wp-json\/wp\/v2\/product_tag?post=40"}],"curies":[{"name":"wp","href":"https:\/\/api.w.org\/{rel}","templated":true}]}}