{"id":1061,"date":"2022-11-11T20:19:26","date_gmt":"2022-11-11T18:19:26","guid":{"rendered":"https:\/\/www.hunajahetki.fi\/?post_type=product&#038;p=1061"},"modified":"2025-10-13T10:27:03","modified_gmt":"2025-10-13T07:27:03","slug":"monikukka-hunaja-vapaasti-kiteytynyt-vallinmaen-tila","status":"publish","type":"product","link":"https:\/\/www.hunajahetki.fi\/en\/product\/multi-flower-honey-freely-crystallized-vallinmaen-state\/","title":{"rendered":"Monikukka hunaja - Hunaja Hetken kotitarhalta Vallinm\u00e4en Tila"},"content":{"rendered":"<p>Hunaja Hetken, Vallinm\u00e4ki farm&#039;s office is Jemina&#039;s farm in Jalasj\u00e4rvi, where part of the honey from Jalasj\u00e4rvi is canned in Vallinm\u00e4ki farm&#039;s jar, and thus customers get local honey in their own jar.<\/p>\n<p>Vallinm\u00e4ki farm&#039;s multi-flower honey is freely crystallized honey. The honey is packed liquid and the honey is allowed to crystallize freely with time. Freely crystallized honey is so-called old-fashioned honey, because it has not been processed in any way. You can distinguish old-time honey from the hoar frost on the surface. H\u00e4rm\u00e4 is a light pattern on the surface of the honey and indicates that the honey is of high quality.<\/p>\n<p>Only for over 1 year olds.<\/p>\n<p>Ainesosat: Hunaja<\/p>\n<p>Amount: 300 g<\/p>\n<p>Manufacturer:<\/p>\n<p><strong> Vallinm\u00e4ki farm<\/strong><br \/>\nJemina Valli<br \/>\nVallinm\u00e4entie 40 61640 Ala-Valli<br \/>\n+358504007510<\/p>\n<p>Country of origin: <strong>Finland<\/strong><\/p>\n<p>Store at room temperature. Long-term storage in a cool and dry place. Honey can also be frozen.<\/p>\n<p class=\"cvGsUA direction-ltr align-end para-style-body\"><strong><span class=\"a_GcMg font-feature-liga-off font-feature-clig-off font-feature-calt-off text-decoration-none text-strikethrough-none\">Ravintoarvot\/N\u00e4rdingsv\u00e4rden:<\/span><\/strong><\/p>\n<p class=\"cvGsUA direction-ltr align-end para-style-body\"><span class=\"a_GcMg font-feature-liga-off font-feature-clig-off font-feature-calt-off text-decoration-none text-strikethrough-none\">Energia\/ Energi: 1 382 kJ (330 kcal) \/100g<\/span><\/p>\n<p class=\"cvGsUA direction-ltr align-end para-style-body\"><span class=\"a_GcMg font-feature-liga-off font-feature-clig-off font-feature-calt-off text-decoration-none text-strikethrough-none\">Rasva\/Fett: 0 g<\/span><\/p>\n<p class=\"cvGsUA direction-ltr align-end para-style-body\"><span class=\"a_GcMg font-feature-liga-off font-feature-clig-off font-feature-calt-off text-decoration-none text-strikethrough-none\">josta tyydyttynytt\u00e4\/ varav m\u00e4tat fett: 0g<\/span><\/p>\n<p class=\"cvGsUA direction-ltr align-end para-style-body\"><span class=\"a_GcMg font-feature-liga-off font-feature-clig-off font-feature-calt-off text-decoration-none text-strikethrough-none\">Hiilihydraatti\/Kolhydrat: 82g<\/span><\/p>\n<p class=\"cvGsUA direction-ltr align-end para-style-body\"><span class=\"a_GcMg font-feature-liga-off font-feature-clig-off font-feature-calt-off text-decoration-none text-strikethrough-none\">josta sokereita \/ varav sockerarter 82 g<\/span><\/p>\n<p class=\"cvGsUA direction-ltr align-end para-style-body\"><span class=\"a_GcMg font-feature-liga-off font-feature-clig-off font-feature-calt-off text-decoration-none text-strikethrough-none\">Proteiini\/Protein: 0 g<\/span><\/p>\n<p class=\"cvGsUA direction-ltr align-end para-style-body\"><span class=\"a_GcMg font-feature-liga-off font-feature-clig-off font-feature-calt-off text-decoration-none text-strikethrough-none\">Suola\/Salt: 0 g<\/span><\/p>","protected":false},"excerpt":{"rendered":"<h2>Honey quality<\/h2>\n<p>Quality is cherished in all the honeys of the Vallinm\u00e4ki farm, and the honey is processed by hand from the beehives to the jars. The honey is processed in food-approved facilities so that we can ensure that the honey is clean and of high quality. The honey is canned in liquid form and allowed to crystallize into hinocrystal in the jar. The honey is never heated or processed, so that all the good ingredients of the honey are preserved and the vitamins and trace elements in the honey are not lost.<\/p>","protected":false},"featured_media":1808,"template":"","meta":{"_acf_changed":false},"product_brand":[],"product_cat":[152,139],"product_tag":[119,118,25,114,249,254],"class_list":{"0":"post-1061","1":"product","2":"type-product","3":"status-publish","4":"has-post-thumbnail","6":"product_cat-hunaja","7":"product_cat-hunaja-hetki","8":"product_tag-ala-valli","9":"product_tag-alavalli","10":"product_tag-hunaja","11":"product_tag-jalasjarvi","12":"product_tag-kiteytynyt","13":"product_tag-kotimainen-hunaja","15":"first","16":"instock","17":"taxable","18":"shipping-taxable","19":"purchasable","20":"product-type-simple"},"acf":[],"_links":{"self":[{"href":"https:\/\/www.hunajahetki.fi\/en\/wp-json\/wp\/v2\/product\/1061","targetHints":{"allow":["GET"]}}],"collection":[{"href":"https:\/\/www.hunajahetki.fi\/en\/wp-json\/wp\/v2\/product"}],"about":[{"href":"https:\/\/www.hunajahetki.fi\/en\/wp-json\/wp\/v2\/types\/product"}],"wp:featuredmedia":[{"embeddable":true,"href":"https:\/\/www.hunajahetki.fi\/en\/wp-json\/wp\/v2\/media\/1808"}],"wp:attachment":[{"href":"https:\/\/www.hunajahetki.fi\/en\/wp-json\/wp\/v2\/media?parent=1061"}],"wp:term":[{"taxonomy":"product_brand","embeddable":true,"href":"https:\/\/www.hunajahetki.fi\/en\/wp-json\/wp\/v2\/product_brand?post=1061"},{"taxonomy":"product_cat","embeddable":true,"href":"https:\/\/www.hunajahetki.fi\/en\/wp-json\/wp\/v2\/product_cat?post=1061"},{"taxonomy":"product_tag","embeddable":true,"href":"https:\/\/www.hunajahetki.fi\/en\/wp-json\/wp\/v2\/product_tag?post=1061"}],"curies":[{"name":"wp","href":"https:\/\/api.w.org\/{rel}","templated":true}]}}