{"id":1784,"date":"2024-02-28T07:28:13","date_gmt":"2024-02-28T05:28:13","guid":{"rendered":"https:\/\/www.hunajahetki.fi\/?post_type=product&#038;p=1784"},"modified":"2025-06-19T10:29:58","modified_gmt":"2025-06-19T07:29:58","slug":"kummipesa-mehilaispesa","status":"publish","type":"product","link":"https:\/\/www.hunajahetki.fi\/en\/product\/godmother-beehive\/","title":{"rendered":"God&#039;s nest - beehive"},"content":{"rendered":"<h1>Why buy a godmother?<\/h1>\n<p>We at Hunaja Hetke want to give you the opportunity to support natural pollination and ecology by buying yourself a god nest. Kummip\u00e4sa is a beehive that the customer can rent for 1-5 years at a time for himself or as a gift. Ownership and management of the nest remains with Hunaja Hetke. The buyer of Kummip\u00e4s\u00e4 receives a product package and information about bees. With the proceeds from god nests, we increase the number of nests and pollination in several areas around Finland.<\/p>\n<h2>The benefits of pollination<\/h2>\n<p>So what is the benefit of pollination? As a good example, everyone has surely seen a blighted and slightly deformed strawberry. It tells you that strawberry has not been pollinated. Berries, fruit trees, broad beans, canola and many other crop plants need pollination, and when well pollinated, the yield can increase by several tens of percent, depending on the plant. Good pollination means that we get more crops from a smaller area. Natural berries also need pollination.<\/p>\n<p>Honey At the moment, the welfare of the bees is the most important criterion. When our bees are well, they pollinate and produce honey. At Hunaja Hetke, we take care of the bees ourselves from start to finish. We are professional gardeners and beekeeping is our main job. Thanks to our main job, we are able to take care of the bees at the best time, despite the weather changes, and monitor the well-being of the bees in time. The summer in Finland is very fast and the conditions change quickly, so it is very important to be able to visit the nurseries in time.<\/p>\n<p>Our motto is when the bees are well, so are we humans.<\/p>\n<p>&nbsp;<\/p>\n<p>&nbsp;<\/p>\n<p>&nbsp;<\/p>\n<p>&nbsp;<\/p>","protected":false},"excerpt":{"rendered":"<h1>Do you want to buy yourself or a friend a beehive?<\/h1>\n<p>Kummip\u00e4sa is a beehive that you can buy for yourself or a friend from one year to five years at a time. Ownership and management of the nest remains with Hunaja Hetke.<\/p>\n<p>&nbsp;<\/p>\n<h1>What does godmother mean?<\/h1>\n<p>Ostamalla kummipes\u00e4n tuet luonnon p\u00f6lytyst\u00e4.<\/p>\n<p>Kummipes\u00e4n omistajille j\u00e4rjestet\u00e4\u00e4n webinaari, miss\u00e4 kerrotaan mehil\u00e4isist\u00e4, p\u00f6lytyksest\u00e4 ja mehil\u00e4isten hy\u00f6dyist\u00e4.<\/p>\n<p>Kes\u00e4ll\u00e4 on mahdollisuus osallistua 1-2 pes\u00e4k\u00e4ynnille lis\u00e4maksua vastaan.<\/p>\n<p>&nbsp;<\/p>\n<h2>What a foster home buyer gets:<\/h2>\n<p>Kummipes\u00e4n omistajalle l\u00e4hetet\u00e4\u00e4n purkki alkukes\u00e4n hunajaa ja purkki loppukes\u00e4n hunajaa, kennohunajapala ja yksi extra hunaja lis\u00e4ksi. Lis\u00e4ksi omistaja saa 30 g pussin siitep\u00f6ly\u00e4 ja hunajaisen huulivoiteen.<\/p>\n<p>Tilauksen j\u00e4lkeen asiakas saa videoesityksen mehil\u00e4ispesist\u00e4, kes\u00e4n aikana asiakkaalle l\u00e4hetet\u00e4\u00e4n v\u00e4hint\u00e4\u00e4n 4 video materiaalia ja blogipostauksia mehil\u00e4istarhauksesta.<\/p>\n<p>Her\u00e4sik\u00f6 lis\u00e4kysymyksi\u00e4 kummipes\u00e4st\u00e4? Ole meihin yhteydess\u00e4 info@hunajahetki.fi \/ 0442475773<\/p>","protected":false},"featured_media":1799,"template":"","meta":{"_acf_changed":false},"product_brand":[],"product_cat":[62,139,149],"product_tag":[369,126,366,88,199,367,368],"class_list":{"0":"post-1784","1":"product","2":"type-product","3":"status-publish","4":"has-post-thumbnail","6":"product_cat-liikelahja","7":"product_cat-hunaja-hetki","8":"product_cat-lahjapakkaukset","9":"product_tag-ekologisuus","10":"product_tag-hunaja-hetki","11":"product_tag-kummipesa","12":"product_tag-luonto","13":"product_tag-mehilainen","14":"product_tag-mehilaispesa","15":"product_tag-polytys","17":"first","18":"instock","19":"taxable","20":"shipping-taxable","21":"purchasable","22":"product-type-variable"},"acf":[],"_links":{"self":[{"href":"https:\/\/www.hunajahetki.fi\/en\/wp-json\/wp\/v2\/product\/1784","targetHints":{"allow":["GET"]}}],"collection":[{"href":"https:\/\/www.hunajahetki.fi\/en\/wp-json\/wp\/v2\/product"}],"about":[{"href":"https:\/\/www.hunajahetki.fi\/en\/wp-json\/wp\/v2\/types\/product"}],"wp:featuredmedia":[{"embeddable":true,"href":"https:\/\/www.hunajahetki.fi\/en\/wp-json\/wp\/v2\/media\/1799"}],"wp:attachment":[{"href":"https:\/\/www.hunajahetki.fi\/en\/wp-json\/wp\/v2\/media?parent=1784"}],"wp:term":[{"taxonomy":"product_brand","embeddable":true,"href":"https:\/\/www.hunajahetki.fi\/en\/wp-json\/wp\/v2\/product_brand?post=1784"},{"taxonomy":"product_cat","embeddable":true,"href":"https:\/\/www.hunajahetki.fi\/en\/wp-json\/wp\/v2\/product_cat?post=1784"},{"taxonomy":"product_tag","embeddable":true,"href":"https:\/\/www.hunajahetki.fi\/en\/wp-json\/wp\/v2\/product_tag?post=1784"}],"curies":[{"name":"wp","href":"https:\/\/api.w.org\/{rel}","templated":true}]}}