{"id":2133,"date":"2025-02-03T10:41:55","date_gmt":"2025-02-03T08:41:55","guid":{"rendered":"https:\/\/www.hunajahetki.fi\/?post_type=product&#038;p=2133"},"modified":"2025-06-19T10:28:56","modified_gmt":"2025-06-19T07:28:56","slug":"hunajahyrra","status":"publish","type":"product","link":"https:\/\/www.hunajahetki.fi\/en\/product\/honey-locust\/","title":{"rendered":"Honeycomb"},"content":{"rendered":"","protected":false},"excerpt":{"rendered":"<h1>Honey spinner \u2013 A handy tool for dispensing honey<\/h1>\n<p>Hunajahyrr\u00e4 on perinteinen ja k\u00e4yt\u00e4nn\u00f6llinen v\u00e4line hunajan annosteluun. Sen uritettu muoto auttaa nostamaan hunajaa siististi purkista ja valuttamaan sen hallitusti teekuppiin, jogurtin p\u00e4\u00e4lle tai leiv\u00e4n p\u00e4\u00e4lle ilman sotkua.<\/p>\n<p>Kest\u00e4v\u00e4 ja kauniisti muotoiltu hunajahyrr\u00e4 sopii niin arkeen kuin juhlaan, ja se tekee hunajan k\u00e4ytt\u00f6hetkest\u00e4 entist\u00e4kin nautinnollisemman!<\/p>","protected":false},"featured_media":2134,"template":"","meta":{"_acf_changed":false},"product_brand":[],"product_cat":[152,139],"product_tag":[413,25,412],"class_list":{"0":"post-2133","1":"product","2":"type-product","3":"status-publish","4":"has-post-thumbnail","6":"product_cat-hunaja","7":"product_cat-hunaja-hetki","8":"product_tag-annostele","9":"product_tag-hunaja","10":"product_tag-hunajahyrra","12":"first","13":"instock","14":"taxable","15":"shipping-taxable","16":"purchasable","17":"product-type-simple"},"acf":[],"_links":{"self":[{"href":"https:\/\/www.hunajahetki.fi\/en\/wp-json\/wp\/v2\/product\/2133","targetHints":{"allow":["GET"]}}],"collection":[{"href":"https:\/\/www.hunajahetki.fi\/en\/wp-json\/wp\/v2\/product"}],"about":[{"href":"https:\/\/www.hunajahetki.fi\/en\/wp-json\/wp\/v2\/types\/product"}],"wp:featuredmedia":[{"embeddable":true,"href":"https:\/\/www.hunajahetki.fi\/en\/wp-json\/wp\/v2\/media\/2134"}],"wp:attachment":[{"href":"https:\/\/www.hunajahetki.fi\/en\/wp-json\/wp\/v2\/media?parent=2133"}],"wp:term":[{"taxonomy":"product_brand","embeddable":true,"href":"https:\/\/www.hunajahetki.fi\/en\/wp-json\/wp\/v2\/product_brand?post=2133"},{"taxonomy":"product_cat","embeddable":true,"href":"https:\/\/www.hunajahetki.fi\/en\/wp-json\/wp\/v2\/product_cat?post=2133"},{"taxonomy":"product_tag","embeddable":true,"href":"https:\/\/www.hunajahetki.fi\/en\/wp-json\/wp\/v2\/product_tag?post=2133"}],"curies":[{"name":"wp","href":"https:\/\/api.w.org\/{rel}","templated":true}]}}