{"id":837,"date":"2022-10-21T09:31:57","date_gmt":"2022-10-21T06:31:57","guid":{"rendered":"https:\/\/www.hunajahetki.fi\/?post_type=product&#038;p=837"},"modified":"2026-01-19T18:33:42","modified_gmt":"2026-01-19T16:33:42","slug":"kuningatar-hunaja-hunaja-hetki","status":"publish","type":"product","link":"https:\/\/www.hunajahetki.fi\/en\/product\/queen-honey\/","title":{"rendered":"Honey Moment - Queen honey"},"content":{"rendered":"<h1>Queen Honey - Honey Moment<\/h1>\n<p>Manufacturer: <strong>Hunaja Hetki Oy<\/strong><\/p>\n<p>Vallinm\u00e4entie 40, 61640 Ala-Valli<\/p>\n<p>+358442475773<\/p>\n<p>Country of origin: <strong>Finland<\/strong><\/p>\n<p>Store at room temperature. Long-term storage in a cool and dry place.<\/p>\n<p>Ainesosat: Hunaja<\/p>\n<p>Amount: 450 g<\/p>\n<p>Not for children under one year old.<\/p>\n<p class=\"cvGsUA direction-ltr align-end para-style-body\"><strong><span class=\"a_GcMg font-feature-liga-off font-feature-clig-off font-feature-calt-off text-decoration-none text-strikethrough-none\">Ravintoarvot\/N\u00e4rdingsv\u00e4rden:<\/span><\/strong><\/p>\n<p class=\"cvGsUA direction-ltr align-end para-style-body\"><span class=\"a_GcMg font-feature-liga-off font-feature-clig-off font-feature-calt-off text-decoration-none text-strikethrough-none\">Energia\/ Energi: 1 382 kJ (330 kcal) \/100g<\/span><\/p>\n<p class=\"cvGsUA direction-ltr align-end para-style-body\"><span class=\"a_GcMg font-feature-liga-off font-feature-clig-off font-feature-calt-off text-decoration-none text-strikethrough-none\">Rasva\/Fett: 0 g<\/span><\/p>\n<p class=\"cvGsUA direction-ltr align-end para-style-body\"><span class=\"a_GcMg font-feature-liga-off font-feature-clig-off font-feature-calt-off text-decoration-none text-strikethrough-none\">josta tyydyttynytt\u00e4\/ varav m\u00e4tat fett: 0g<\/span><\/p>\n<p class=\"cvGsUA direction-ltr align-end para-style-body\"><span class=\"a_GcMg font-feature-liga-off font-feature-clig-off font-feature-calt-off text-decoration-none text-strikethrough-none\">Hiilihydraatti\/Kolhydrat: 82g<\/span><\/p>\n<p class=\"cvGsUA direction-ltr align-end para-style-body\"><span class=\"a_GcMg font-feature-liga-off font-feature-clig-off font-feature-calt-off text-decoration-none text-strikethrough-none\">josta sokereita \/ varav sockerarter 82 g<\/span><\/p>\n<p class=\"cvGsUA direction-ltr align-end para-style-body\"><span class=\"a_GcMg font-feature-liga-off font-feature-clig-off font-feature-calt-off text-decoration-none text-strikethrough-none\">Proteiini\/Protein: 0 g<\/span><\/p>\n<p class=\"cvGsUA direction-ltr align-end para-style-body\"><span class=\"a_GcMg font-feature-liga-off font-feature-clig-off font-feature-calt-off text-decoration-none text-strikethrough-none\">Suola\/Salt: 0 g<\/span><\/p>\n<h1><span style=\"font-weight: 400;\">Honey - a natural sweetener<\/span><\/h1>\n<p><span style=\"font-weight: 400;\">Hunaja on luonnollinen makeuttaja, jota on k\u00e4ytetty ruoanlaitossa. Sen makea maku tekee siit\u00e4 eritt\u00e4in suositun aineen niin keitti\u00f6ss\u00e4 kuin terveyden vaalimisessakin. Hunajaa voidaan k\u00e4ytt\u00e4\u00e4 monella eri tavalla, esimerkiksi leivonnassa, teen makeuttamisessa tai sellaisenaan nautittuna. Tutustu herkullisiin hunaja-resepteihimme <\/span><a href=\"https:\/\/www.hunajahetki.fi\/en\/recipes\/\"><span style=\"font-weight: 400;\">from here<\/span><\/a><span style=\"font-weight: 400;\">.<\/span><\/p>\n<p>&nbsp;<\/p>\n<h2><span style=\"font-weight: 400;\">The world of flavored honeys - discover the different types of honey and their flavor profiles<\/span><\/h2>\n<p><span style=\"font-weight: 400;\">Honey is a natural sweetener widely used in cooking and baking. It not only offers sweetness, but also a versatile world of flavors through different types of honey. Flavored honeys have gained popularity in recent years, as consumers have become interested in different types of honey and their unique flavor profiles.<\/span><\/p>\n<p><span style=\"font-weight: 400;\">The world of flavored honeys is wide and diverse. The taste of honey mainly depends on its origin, i.e. on which flowers the bees collect nectar from. Different plants have their own distinctive aromas and flavors, which are transferred to honey.<\/span><\/p>\n<p><span style=\"font-weight: 400;\">One popular flavored honey is <\/span><a href=\"https:\/\/www.hunajahetki.fi\/en\/tuote\/eucalyptus-hunajavalmiste-250-g\/\"><span style=\"font-weight: 400;\">eucalyptus honey<\/span><\/a><span style=\"font-weight: 400;\">. Eukalyptuspuut kasvavat etenkin Australiassa, jossa niiden kukissa on voimakas mentholin tuoksu ja maku. Eukalyptushunajan raikas maku tekee siit\u00e4 t\u00e4ydellisen ainesosan esimerkiksi leivonnassa tai marinadeissa.<\/span><\/p>\n<p><span style=\"font-weight: 400;\">We also have it <\/span><a href=\"https:\/\/www.hunajahetki.fi\/en\/tuote\/kahvi-hunajavalmiste-250-g\/\"><span style=\"font-weight: 400;\">coffee-<\/span><\/a><span style=\"font-weight: 400;\">, <\/span><a href=\"https:\/\/www.hunajahetki.fi\/en\/tuote\/glogi-hunajavalmiste-250-g\/\"><span style=\"font-weight: 400;\">mulled wine-<\/span><\/a><span style=\"font-weight: 400;\">, <\/span><a href=\"https:\/\/www.hunajahetki.fi\/en\/tuote\/chili-hunajavalmiste-250-g\/\"><span style=\"font-weight: 400;\">chili honey preparations<\/span><\/a><span style=\"font-weight: 400;\"> etc. from which you can choose according to your own favorite tastes.<\/span><\/p>\n<p><a href=\"https:\/\/www.hunajahetki.fi\/en\/product\/multi-flower-honey-freely-crystallized-vallinmaen-state\/\"><span style=\"font-weight: 400;\">Flower honeys<\/span><\/a><span style=\"font-weight: 400;\"> are also popular flavored honeys. These honeys are usually made from the flowers of a specific plant, such as clover, violets or roses. The taste of flower honey varies depending on the type of flower and can be, for example, sweet, fruity or slightly tart. Flower honey is very suitable for flavoring various foods and sweetening baked goods.<\/span><\/p>\n<p><span style=\"font-weight: 400;\">The world of flavored honeys is not limited to plants only. For example, honeysuckle honey gets its flavor profile from honeysuckle flowers, which give the honey a strong and slightly bitter taste. This honey is especially suitable for eating with cheeses.<\/span><\/p>\n<p><span style=\"font-weight: 400;\">It should also be noted that the taste of honey can vary from year to year depending on, among other things, the weather conditions and the quality of the honey collected by the bees. That&#039;s why you can find the same kind of honey in different years slightly different.<\/span><\/p>\n<p><span style=\"font-weight: 400;\">Getting to know flavored honeys offers consumers new experiences in cooking and preparing delicacies. Various flavors can be used to create versatile and interesting food and drink combinations. The world of flavored honeys is open to everyone who wants to get to know the diversity of honey and find new ways to enjoy this natural sweetener.<\/span><\/p>\n<p>&nbsp;<\/p>\n<h3><span style=\"font-weight: 400;\">Collecting honey and the daily life of a beekeeper - a peek into the world of bees and the honey production process<\/span><\/h3>\n<p><span style=\"font-weight: 400;\">Bees are small but extremely important insects. Not only do they flutter around us from flower to flower, but they also produce delicious honey for us. Honey is a natural product that is made using nectar and pollen collected by bees.<\/span><\/p>\n<p><span style=\"font-weight: 400;\">A beekeeper is a person who is responsible for the care of beehives and the production of honey. His job includes taking care of the condition of the hives and the feeding and health of the bees. Bees need a lot of care and attention to be well.<\/span><\/p>\n<p><span style=\"font-weight: 400;\">Collecting honey starts in the spring, when the first flowers begin to bloom. Swarms of bees set off in search of food, i.e. nectar and pollen grains. Nectar is a sweet liquid secreted by the honeycomb in the flower. Swarms of bees fly from flower to flower to collect as much nectar as possible.<\/span><\/p>\n<p><span style=\"font-weight: 400;\">When the bee swarm has found a suitable tasty place, it starts the honey production process. Bees suck up the nectar with their tongues and carry it to the hive. In the hive, the bees chew the nectar and mix their own enzymes with it. After that, they spread the mixture into the cells, where it starts to ripen.<\/span><\/p>\n<p><span style=\"font-weight: 400;\">When the honey has matured enough, the beekeeper can start collecting. He goes to the hives to check the ripeness of the honey and picks up the fully finished honeycomb cups. The honeycombs are cut open and the honey is squeezed out or separated from the honeycombs by spinning. The honey is filtered to ensure its purity and shelf life.<\/span><\/p>\n<p><span style=\"font-weight: 400;\">Collecting honey is only one part of a beekeeper&#039;s everyday life. He also takes care of the health and feeding of the bee swarms, especially during the winter when flowers are not available in nature. Swarms of bees also need space to reproduce, so the beekeeper builds new nests for the swarms.<\/span><\/p>\n<p><span style=\"font-weight: 400;\">The world of bees is a diverse and interesting place. Not only do they provide us with delicious honey, but their activity is also important for biodiversity. Bees pollinate plants, which promotes their reproduction and harvest.<\/span><\/p>\n<p><span style=\"font-weight: 400;\">Collecting honey and the daily life of a beekeeper require a lot of work and commitment. The beekeeper is responsible for the welfare of the bee colonies and the quality of the honey. Their work enables us to enjoy delicious honey and helps to maintain the balance of nature.<\/span><\/p>\n<p><span style=\"font-weight: 400;\">So the next time you taste a spoonful of honey, remember to thank the bees and their hard work! Learn more about our company <\/span><a href=\"https:\/\/www.hunajahetki.fi\/en\/brandi\/\"><span style=\"font-weight: 400;\">from here<\/span><\/a><span style=\"font-weight: 400;\">.<\/span><\/p>","protected":false},"excerpt":{"rendered":"<h1>Queen honey - 100% domestic honey - Honey Moment<\/h1>\n<p>Kuningatar hunaja on osoitus suomalaisen hunajan laadusta ja moni tunnistaakin kuningatar hunaja merkin. Kuningatar purkkia saavat k\u00e4ytt\u00e4\u00e4 vain Suomen Mehil\u00e4ishoitajain Liiton j\u00e4senet, jotka ovat l\u00e4hett\u00e4neet hunajan\u00e4ytteen tutkittavaksi ja saaneet siten oikeuden k\u00e4ytt\u00e4\u00e4 Hyv\u00e4\u00e4 Suomesta -merkki\u00e4.<\/p>\n<p>Hunaja Hetken Kuningatar hunaja on laadukas kiteytynyt, kuumentamaton hunaja. Sopii mm. juomien ja j\u00e4lkiruokien makeuttamiseen, leivontaan sek\u00e4 ruuanvalmistukseen.<\/p>\n<h2>Honey quality<\/h2>\n<p>Honey In all of Hetke&#039;s honey, quality is cherished and the honey is processed by hand, from the beehives to the jars. The honey is processed in food-approved facilities, so that we can guarantee that Hunaja Hetke&#039;s honey is pure and of high quality. The honey is canned in liquid form and allowed to crystallize into hinocrystal in the jar. The honey is never heated or processed, so that all the good ingredients of the honey are preserved and the vitamins and trace elements in the honey are not lost.<\/p>","protected":false},"featured_media":1817,"template":"","meta":{"_acf_changed":false},"product_brand":[],"product_cat":[152,139],"product_tag":[253,25,126,254,404,268,399,401],"class_list":{"0":"post-837","1":"product","2":"type-product","3":"status-publish","4":"has-post-thumbnail","6":"product_cat-hunaja","7":"product_cat-hunaja-hetki","8":"product_tag-honung","9":"product_tag-hunaja","10":"product_tag-hunaja-hetki","11":"product_tag-kotimainen-hunaja","12":"product_tag-kuningatar","13":"product_tag-kuningatarhunaja","14":"product_tag-leivonta","15":"product_tag-lahihunaja","17":"first","18":"instock","19":"taxable","20":"shipping-taxable","21":"purchasable","22":"product-type-variable"},"acf":[],"_links":{"self":[{"href":"https:\/\/www.hunajahetki.fi\/en\/wp-json\/wp\/v2\/product\/837","targetHints":{"allow":["GET"]}}],"collection":[{"href":"https:\/\/www.hunajahetki.fi\/en\/wp-json\/wp\/v2\/product"}],"about":[{"href":"https:\/\/www.hunajahetki.fi\/en\/wp-json\/wp\/v2\/types\/product"}],"wp:featuredmedia":[{"embeddable":true,"href":"https:\/\/www.hunajahetki.fi\/en\/wp-json\/wp\/v2\/media\/1817"}],"wp:attachment":[{"href":"https:\/\/www.hunajahetki.fi\/en\/wp-json\/wp\/v2\/media?parent=837"}],"wp:term":[{"taxonomy":"product_brand","embeddable":true,"href":"https:\/\/www.hunajahetki.fi\/en\/wp-json\/wp\/v2\/product_brand?post=837"},{"taxonomy":"product_cat","embeddable":true,"href":"https:\/\/www.hunajahetki.fi\/en\/wp-json\/wp\/v2\/product_cat?post=837"},{"taxonomy":"product_tag","embeddable":true,"href":"https:\/\/www.hunajahetki.fi\/en\/wp-json\/wp\/v2\/product_tag?post=837"}],"curies":[{"name":"wp","href":"https:\/\/api.w.org\/{rel}","templated":true}]}}