{"id":878,"date":"2022-10-31T13:21:28","date_gmt":"2022-10-31T11:21:28","guid":{"rendered":"https:\/\/www.hunajahetki.fi\/?post_type=product&#038;p=878"},"modified":"2025-10-13T10:27:53","modified_gmt":"2025-10-13T07:27:53","slug":"kennohunaja-vallinmaen-tila","status":"publish","type":"product","link":"https:\/\/www.hunajahetki.fi\/en\/product\/comb-honey-vallinmae-farm\/","title":{"rendered":"Honeycomb Honey - Honey Moment"},"content":{"rendered":"<h1>Honeycomb honey<\/h1>\n<p>Only for over 1 year olds.<\/p>\n<p>Manufacturer:<\/p>\n<p><strong>Moment of Honey<\/strong><br \/>\nVallinm\u00e4entie 40 61640<br \/>\n+358442475773<\/p>\n<p>Country of origin: <strong>Finland<\/strong><\/p>\n<p>Quantity: approx. 300 g<\/p>\n<p>Store at room temperature. Long-term storage in a cool and dry place. Honey can also be frozen.<\/p>\n<p class=\"cvGsUA direction-ltr align-end para-style-body\"><strong><span class=\"a_GcMg font-feature-liga-off font-feature-clig-off font-feature-calt-off text-decoration-none text-strikethrough-none\">Ravintoarvot\/N\u00e4rdingsv\u00e4rden:<\/span><\/strong><\/p>\n<p class=\"cvGsUA direction-ltr align-end para-style-body\"><span class=\"a_GcMg font-feature-liga-off font-feature-clig-off font-feature-calt-off text-decoration-none text-strikethrough-none\">Energia\/ Energi: 1 382 kJ (330 kcal) \/100g<\/span><\/p>\n<p class=\"cvGsUA direction-ltr align-end para-style-body\"><span class=\"a_GcMg font-feature-liga-off font-feature-clig-off font-feature-calt-off text-decoration-none text-strikethrough-none\">Rasva\/Fett: 0 g<\/span><\/p>\n<p class=\"cvGsUA direction-ltr align-end para-style-body\"><span class=\"a_GcMg font-feature-liga-off font-feature-clig-off font-feature-calt-off text-decoration-none text-strikethrough-none\">josta tyydyttynytt\u00e4\/ varav m\u00e4tat fett: 0g<\/span><\/p>\n<p class=\"cvGsUA direction-ltr align-end para-style-body\"><span class=\"a_GcMg font-feature-liga-off font-feature-clig-off font-feature-calt-off text-decoration-none text-strikethrough-none\">Hiilihydraatti\/Kolhydrat: 82g<\/span><\/p>\n<p class=\"cvGsUA direction-ltr align-end para-style-body\"><span class=\"a_GcMg font-feature-liga-off font-feature-clig-off font-feature-calt-off text-decoration-none text-strikethrough-none\">josta sokereita \/ varav sockerarter 82 g<\/span><\/p>\n<p class=\"cvGsUA direction-ltr align-end para-style-body\"><span class=\"a_GcMg font-feature-liga-off font-feature-clig-off font-feature-calt-off text-decoration-none text-strikethrough-none\">Proteiini\/Protein: 0 g<\/span><\/p>\n<p class=\"cvGsUA direction-ltr align-end para-style-body\"><span class=\"a_GcMg font-feature-liga-off font-feature-clig-off font-feature-calt-off text-decoration-none text-strikethrough-none\">Suola\/Salt: 0 g<\/span><\/p>","protected":false},"excerpt":{"rendered":"<h1>Honey A moment&#039;s honeycomb honey<\/h1>\n<p>Kennohunaja on hunaja mik\u00e4 on mehil\u00e4isvahakennon sis\u00e4ll\u00e4. Hunaja on suojassa mehil\u00e4isvahan sis\u00e4ll\u00e4 ja on sy\u00f6t\u00e4v\u00e4n\u00e4 sellaisenaan. Vaha on hieman purkkamainen koostumukseltaan. Sopii erinomaisesti juustojen kanssa tarjoiltavaksi tai sellaisenaan. Kennoa on helppo leikata veitsell\u00e4 siivuiksi.<\/p>\n<p>Takaamme, ett\u00e4 meid\u00e4n kennohunaja on t\u00e4ysin mehil\u00e4isten rakentama eik\u00e4 siin\u00e4 ole k\u00e4tetty vahalevy\u00e4 apuna vaan mehil\u00e4iset ovat rakentaneet koko kennoston itse.<\/p>\n<p>Kennohunaja on hunajaa parhaimmillaan, sill\u00e4 hunaja on valmistettu kennon sis\u00e4\u00e4n ja peitetty vahakannella, eli se ei ole ollut ilman kanssa kosketuksissa ja on t\u00e4ysin koskematon.<\/p>","protected":false},"featured_media":945,"template":"","meta":{"_acf_changed":false},"product_brand":[],"product_cat":[152,139],"product_tag":[25,126,290,289,254],"class_list":{"0":"post-878","1":"product","2":"type-product","3":"status-publish","4":"has-post-thumbnail","6":"product_cat-hunaja","7":"product_cat-hunaja-hetki","8":"product_tag-hunaja","9":"product_tag-hunaja-hetki","10":"product_tag-hunajahetki","11":"product_tag-kennohunaja","12":"product_tag-kotimainen-hunaja","14":"first","15":"outofstock","16":"taxable","17":"shipping-taxable","18":"purchasable","19":"product-type-variable"},"acf":[],"_links":{"self":[{"href":"https:\/\/www.hunajahetki.fi\/en\/wp-json\/wp\/v2\/product\/878","targetHints":{"allow":["GET"]}}],"collection":[{"href":"https:\/\/www.hunajahetki.fi\/en\/wp-json\/wp\/v2\/product"}],"about":[{"href":"https:\/\/www.hunajahetki.fi\/en\/wp-json\/wp\/v2\/types\/product"}],"wp:featuredmedia":[{"embeddable":true,"href":"https:\/\/www.hunajahetki.fi\/en\/wp-json\/wp\/v2\/media\/945"}],"wp:attachment":[{"href":"https:\/\/www.hunajahetki.fi\/en\/wp-json\/wp\/v2\/media?parent=878"}],"wp:term":[{"taxonomy":"product_brand","embeddable":true,"href":"https:\/\/www.hunajahetki.fi\/en\/wp-json\/wp\/v2\/product_brand?post=878"},{"taxonomy":"product_cat","embeddable":true,"href":"https:\/\/www.hunajahetki.fi\/en\/wp-json\/wp\/v2\/product_cat?post=878"},{"taxonomy":"product_tag","embeddable":true,"href":"https:\/\/www.hunajahetki.fi\/en\/wp-json\/wp\/v2\/product_tag?post=878"}],"curies":[{"name":"wp","href":"https:\/\/api.w.org\/{rel}","templated":true}]}}