{"id":1218,"date":"2023-08-28T10:37:19","date_gmt":"2023-08-28T07:37:19","guid":{"rendered":"https:\/\/www.hunajahetki.fi\/?post_type=product&#038;p=1218"},"modified":"2025-10-13T10:11:12","modified_gmt":"2025-10-13T07:11:12","slug":"hunaja-eucalyptusvalmiste-hunaja-hetki","status":"publish","type":"product","link":"https:\/\/www.hunajahetki.fi\/es\/producto\/miel-de-eucalipto-miel-de-preparacion\/","title":{"rendered":"Hunaja eukalyptusvalmiste - Hunaja Hetki"},"content":{"rendered":"<p>Fabricante:<strong> Hunaja Hetki Oy<\/strong><\/p>\n<p>Vallinm\u00e4entie 40, 61640 Ala-Valli<\/p>\n<p>+358442475773<\/p>\n<p>Pa\u00eds de origen: <strong>Finlandia<\/strong><\/p>\n<p>Almacenar a temperatura ambiente. Almacenamiento prolongado en un lugar fresco y seco.<\/p>\n<p>Ainesosat: Hunaja, eucalyptus<\/p>\n<p>Cantidad: 270 gramos<\/p>\n<p>No apto para ni\u00f1os menores de un a\u00f1o.<\/p>\n<p class=\"cvGsUA direction-ltr align-end para-style-body\"><strong><span class=\"a_GcMg font-feature-liga-off font-feature-clig-off font-feature-calt-off text-decoration-none text-strikethrough-none\">Ravintoarvot\/N\u00e4rdingsv\u00e4rden:<\/span><\/strong><\/p>\n<p class=\"cvGsUA direction-ltr align-end para-style-body\"><span class=\"a_GcMg font-feature-liga-off font-feature-clig-off font-feature-calt-off text-decoration-none text-strikethrough-none\">Energia\/ Energi: 1 382 kJ (330 kcal) \/100g<\/span><\/p>\n<p class=\"cvGsUA direction-ltr align-end para-style-body\"><span class=\"a_GcMg font-feature-liga-off font-feature-clig-off font-feature-calt-off text-decoration-none text-strikethrough-none\">Rasva\/Fett: 0 g<\/span><\/p>\n<p class=\"cvGsUA direction-ltr align-end para-style-body\"><span class=\"a_GcMg font-feature-liga-off font-feature-clig-off font-feature-calt-off text-decoration-none text-strikethrough-none\">josta tyydyttynytt\u00e4\/ varav m\u00e4tat fett: 0g<\/span><\/p>\n<p class=\"cvGsUA direction-ltr align-end para-style-body\"><span class=\"a_GcMg font-feature-liga-off font-feature-clig-off font-feature-calt-off text-decoration-none text-strikethrough-none\">Hiilihydraatti\/Kolhydrat: 82g<\/span><\/p>\n<p class=\"cvGsUA direction-ltr align-end para-style-body\"><span class=\"a_GcMg font-feature-liga-off font-feature-clig-off font-feature-calt-off text-decoration-none text-strikethrough-none\">josta sokereita \/ varav sockerarter 82 g<\/span><\/p>\n<p class=\"cvGsUA direction-ltr align-end para-style-body\"><span class=\"a_GcMg font-feature-liga-off font-feature-clig-off font-feature-calt-off text-decoration-none text-strikethrough-none\">Proteiini\/Protein: 0 g<\/span><\/p>\n<p class=\"cvGsUA direction-ltr align-end para-style-body\"><span class=\"a_GcMg font-feature-liga-off font-feature-clig-off font-feature-calt-off text-decoration-none text-strikethrough-none\">Suola\/Salt: 0 g<\/span><\/p>","protected":false},"excerpt":{"rendered":"<p>La preparaci\u00f3n de miel con sabor a eucalipto es un estimulante refrescante para las noches oscuras. Adecuado para usar tal cual, en t\u00e9 o a\u00f1adido a la comida.<\/p>\n<h2>Calidad de la miel<\/h2>\n<p>Honey Hetken valora la calidad en toda su miel y productos de miel, y la miel se procesa a mano, desde las colmenas hasta los frascos. La miel se procesa en instalaciones aprobadas para alimentos para que podamos garantizar que la miel de Hunaja Hetken sea pura y de alta calidad. En nuestras mieles saborizadas, utilizamos miel suave que se derrite en la boca, donde el sabor de la miel y el sabor del Eucalipto juntos hacen del producto de miel una combinaci\u00f3n perfecta. La miel no se calienta en ning\u00fan momento, sino que se remueve antes de enlatarla. Esto emparejar\u00e1 la estructura cristalina de la miel y la har\u00e1 f\u00e1cil de comer con cuchara y muy suave. De esta manera garantizamos que se conserven todas las buenas materias primas de la miel y no se pierdan las vitaminas y oligoelementos de la miel.<\/p>","protected":false},"featured_media":2074,"template":"","meta":{"_acf_changed":false},"product_brand":[],"product_cat":[139,152],"product_tag":[256,255,257,25,126,169,167,402],"class_list":{"0":"post-1218","1":"product","2":"type-product","3":"status-publish","4":"has-post-thumbnail","6":"product_cat-hunaja-hetki","7":"product_cat-hunaja","8":"product_tag-eucalyptuksen-makuinen","9":"product_tag-eucalyptus","10":"product_tag-eucalyptus-hunaja","11":"product_tag-hunaja","12":"product_tag-hunaja-hetki","13":"product_tag-hunajavalmiste","14":"product_tag-makuhunaja","15":"product_tag-tee","17":"first","18":"instock","19":"taxable","20":"shipping-taxable","21":"purchasable","22":"product-type-variable"},"acf":[],"_links":{"self":[{"href":"https:\/\/www.hunajahetki.fi\/es\/wp-json\/wp\/v2\/product\/1218","targetHints":{"allow":["GET"]}}],"collection":[{"href":"https:\/\/www.hunajahetki.fi\/es\/wp-json\/wp\/v2\/product"}],"about":[{"href":"https:\/\/www.hunajahetki.fi\/es\/wp-json\/wp\/v2\/types\/product"}],"wp:featuredmedia":[{"embeddable":true,"href":"https:\/\/www.hunajahetki.fi\/es\/wp-json\/wp\/v2\/media\/2074"}],"wp:attachment":[{"href":"https:\/\/www.hunajahetki.fi\/es\/wp-json\/wp\/v2\/media?parent=1218"}],"wp:term":[{"taxonomy":"product_brand","embeddable":true,"href":"https:\/\/www.hunajahetki.fi\/es\/wp-json\/wp\/v2\/product_brand?post=1218"},{"taxonomy":"product_cat","embeddable":true,"href":"https:\/\/www.hunajahetki.fi\/es\/wp-json\/wp\/v2\/product_cat?post=1218"},{"taxonomy":"product_tag","embeddable":true,"href":"https:\/\/www.hunajahetki.fi\/es\/wp-json\/wp\/v2\/product_tag?post=1218"}],"curies":[{"name":"wp","href":"https:\/\/api.w.org\/{rel}","templated":true}]}}