{"id":1243,"date":"2023-09-05T14:18:33","date_gmt":"2023-09-05T11:18:33","guid":{"rendered":"https:\/\/www.hunajahetki.fi\/?post_type=product&#038;p=1243"},"modified":"2025-06-19T10:33:06","modified_gmt":"2025-06-19T07:33:06","slug":"huulivoide-mehilaishuulivoide","status":"publish","type":"product","link":"https:\/\/www.hunajahetki.fi\/es\/producto\/balsamo-labial-balsamo-labial-de-abeja\/","title":{"rendered":"B\u00e1lsamo labial"},"content":{"rendered":"<h1>Crema de labios de Tarhaaja<\/h1>\n<p>La crema de labios de Tarhaaja es adecuada para el cuidado diario de la piel de personas de todas las edades. La crema de labios contiene buenos aceites, cera de abejas y vitamina E. El producto est\u00e1 especialmente dise\u00f1ado para pieles finlandesas sensibles sensibilizadas por el cambio de estaciones.<\/p>\n<p>El aceite de cal\u00e9ndula trata, regenera y calma la piel irritada y agrietada. Excelente aceite para pieles sensibles.<br \/>\nEl aceite de c\u00e1\u00f1amo es un aceite dom\u00e9stico que nutre y cuida las pieles sensibles. El aceite calma, fortalece e hidrata la piel y previene la evaporaci\u00f3n de la humedad de la piel.<br \/>\nLas propiedades hidratantes, protectoras y nutritivas del aceite de jojoba son adecuadas para todo tipo de piel.<br \/>\nLa cera de abejas es antibacteriana. Retiene la humedad, protege la piel del fr\u00edo y el viento y calma la piel irritada.<br \/>\nLa vitamina E mejora el suministro de nutrientes y ox\u00edgeno a las c\u00e9lulas de la piel. Perfecto para pieles secas y agrietadas.<\/p>\n<p>En general: la crema de labios de Tarhaaja protege e hidrata la delicada piel de los labios. La crema de labios contiene aceites de alta calidad, cera de abejas y vitamina E. Una excelente crema para labios secos y agrietados durante las heladas invernales. Apto para todas las edades para uso diario.<\/p>\n<p>&nbsp;<\/p>\n<p>INCI: Extracto de Cal\u00e9ndula Alendula Officinalis, Aceite de semilla de Simmondsia Chinensis,<\/p>\n<p>Aceite de semilla de cannabis sativa, cera alba, tocoferol<\/p>\n<p>&nbsp;<\/p>\n<p>Fabricante: <strong>Hunaja Hetki Oy<\/strong><\/p>\n<p>Vallinm\u00e4entie 40, 61640 Ala-Valli<\/p>\n<p>Pa\u00eds de origen: <strong>Finlandia<\/strong><\/p>\n<p>+358 4424 75773<\/p>\n<p>&nbsp;<\/p>\n<h1><span style=\"font-weight: 400;\">Cosm\u00e9tica natural: \u00bfPor qu\u00e9 es una mejor alternativa a la cosm\u00e9tica tradicional?<\/span><\/h1>\n<p><span style=\"font-weight: 400;\">La industria cosm\u00e9tica ha crecido enormemente en los \u00faltimos a\u00f1os y, al mismo tiempo, tambi\u00e9n ha aumentado el inter\u00e9s por la cosm\u00e9tica natural.<\/span><\/p>\n<p><span style=\"font-weight: 400;\"><a href=\"https:\/\/www.hunajahetki.fi\/es\/tuote-osasto\/mehilaiskosmetiikka\/\">Con cosm\u00e9tica natural<\/a> se refiere a productos cosm\u00e9ticos que contienen ingredientes naturales y est\u00e1n elaborados sin productos qu\u00edmicos sint\u00e9ticos ni aditivos nocivos. Esto los hace m\u00e1s seguros de usar tanto para las personas como para el medio ambiente.<\/span><\/p>\n<p><span style=\"font-weight: 400;\">Una de las principales razones para elegir la Cosm\u00e9tica Natural son sus ingredientes. En la cosm\u00e9tica tradicional se utilizan a menudo sustancias sint\u00e9ticas como parabenos, ftalatos y laurilsulfato de sodio. Estos qu\u00edmicos pueden causar irritaci\u00f3n de la piel e incluso reacciones al\u00e9rgicas. Los ingredientes de la cosm\u00e9tica natural, en cambio, proceden de la naturaleza, como las plantas y los minerales. No contienen productos qu\u00edmicos nocivos, lo que los hace m\u00e1s seguros para las personas y el medio ambiente.<\/span><\/p>\n<p><span style=\"font-weight: 400;\">Otra ventaja importante es la \u00e9tica. Muchas marcas de cosm\u00e9tica natural apuestan por el desarrollo sostenible y la producci\u00f3n responsable. Por ejemplo, utilizan m\u00e9todos de agricultura ecol\u00f3gica y evitan la experimentaci\u00f3n con animales.<\/span><\/p>\n<p><span style=\"font-weight: 400;\">La tercera raz\u00f3n es su eficacia. Aunque algunos puedan pensar que la Cosm\u00e9tica Natural no puede ser tan efectiva como la cosm\u00e9tica convencional, esto no es cierto. Los ingredientes naturales pueden proporcionar resultados similares o incluso mejores en el cuidado de la piel que los sint\u00e9ticos. Por ejemplo, los aceites naturales como el aceite de arg\u00e1n y el aceite de jojoba son muy nutritivos e hidratantes para la piel.<\/span><\/p>\n<p><span style=\"font-weight: 400;\">Adem\u00e1s, los fabricantes de cosm\u00e9tica natural suelen invertir en investigaci\u00f3n y desarrollo de sus productos. Se esfuerzan por encontrar nuevas formas innovadoras de utilizar plantas y otros ingredientes naturales en el cuidado de la piel. Gracias a ello, constantemente salen al mercado nuevos productos de cosm\u00e9tica natural que ofrecen resultados a\u00fan mejores.<\/span><\/p>\n<p><span style=\"font-weight: 400;\">Aunque la popularidad de la cosm\u00e9tica natural va en aumento, es importante tener cuidado a la hora de elegir los productos. Todos los productos anunciados como cosm\u00e9tica natural no necesariamente cumplen con los estrictos est\u00e1ndares de la cosm\u00e9tica natural. Es una buena idea consultar la lista de ingredientes del producto y asegurarse de que solo contenga ingredientes naturales.<\/span><\/p>\n<p><span style=\"font-weight: 400;\">Sin embargo, es importante se\u00f1alar que el t\u00e9rmino &quot;cosm\u00e9tica natural&quot; no es un concepto protegido ni uniforme. Por tanto, el consumidor debe tener cuidado y familiarizarse con la lista de ingredientes del producto y sus posibles certificados antes de comprarlo. El m\u00e1s famoso de los certificados es <\/span><a href=\"https:\/\/www.ecocert.com\/en\/home\" target=\"_blank\" rel=\"noopener\"><span style=\"font-weight: 400;\">ecocert<\/span><\/a><span style=\"font-weight: 400;\">, pero tambi\u00e9n existen otros sistemas de certificaci\u00f3n fiables.<\/span><\/p>\n<p>&nbsp;<\/p>\n<h2><span style=\"font-weight: 400;\">Elecci\u00f3n ecol\u00f3gica: \u00bfC\u00f3mo afecta la Cosm\u00e9tica Natural al medio ambiente?<\/span><\/h2>\n<p><span style=\"font-weight: 400;\">Cada vez m\u00e1s personas empiezan a prestar atenci\u00f3n a lo que se ponen en la piel y el cabello. Como resultado, la popularidad de la cosm\u00e9tica natural ha aumentado significativamente en los \u00faltimos a\u00f1os. Aunque utilizar cosm\u00e9tica natural puede ser bueno para la propia salud, tambi\u00e9n es importante pensar en su impacto en el medio ambiente.<\/span><\/p>\n<p><span style=\"font-weight: 400;\">Muchas marcas de cosm\u00e9tica natural tienen un compromiso con el desarrollo sostenible y las operaciones responsables. Se esfuerzan por utilizar materias primas producidas de forma \u00e9tica y fabricar sus productos de forma respetuosa con el medio ambiente. Por ejemplo, los materiales de embalaje de productos cosm\u00e9ticos naturales pueden ser reciclables o biodegradables.<\/span><\/p>\n<p><span style=\"font-weight: 400;\">Los consumidores deber\u00edan considerar cambiar su comportamiento de consumo en una direcci\u00f3n m\u00e1s sostenible de manera integral. Adem\u00e1s de utilizar cosm\u00e9ticos naturales, por ejemplo, puedes reducir el uso de pl\u00e1stico, reciclar materiales de embalaje y preferir productos producidos cerca.<\/span><\/p>\n<p>&nbsp;<\/p>\n<h2><span style=\"font-weight: 400;\">Beneficios de la cosm\u00e9tica natural para la piel y el cabello<\/span><\/h2>\n<p><span style=\"font-weight: 400;\">La cosm\u00e9tica natural ofrece muchas ventajas respecto a los productos cosm\u00e9ticos tradicionales, especialmente en lo que respecta al cuidado de la piel y del cabello.<\/span><\/p>\n<p><span style=\"font-weight: 400;\">Los productos de cosm\u00e9tica natural se elaboran principalmente a partir de ingredientes de origen vegetal y mineral que no han sido tratados con sustancias qu\u00edmicas ni aditivos sint\u00e9ticos. Esto los hace m\u00e1s seguros de usar y reduce el riesgo de reacciones al\u00e9rgicas.<\/span><\/p>\n<p><span style=\"font-weight: 400;\">Los aceites, extractos y mantecas de origen vegetal est\u00e1n llenos de vitaminas, antioxidantes y otros nutrientes que benefician la piel y el cabello. Por ejemplo, el aceite de arg\u00e1n es un excelente humectante y trata eficazmente la piel y el cabello secos. El gel de aloe vera calma la piel irritada y ayuda a mejorar el estado de la piel. Los productos cosm\u00e9ticos naturales suelen contener tambi\u00e9n aceites esenciales naturales, que pueden tener efectos terap\u00e9uticos, por ejemplo, sobre el estr\u00e9s o el insomnio.<\/span><\/p>\n<p><span style=\"font-weight: 400;\">Los beneficios de la cosm\u00e9tica natural son especialmente visibles a largo plazo. El uso regular de cosm\u00e9ticos naturales puede mejorar la condici\u00f3n de la piel, reducir la irritaci\u00f3n e inflamaci\u00f3n de la piel y fortalecer el cabello. Dado que los productos cosm\u00e9ticos naturales no contienen sustancias sint\u00e9ticas, tampoco provocan adicci\u00f3n ni efectos secundarios nocivos.<\/span><\/p>\n<p><span style=\"font-weight: 400;\">Sin embargo, es importante recordar que la piel y el cabello de cada persona son \u00fanicos y lo que funciona para una persona puede no funcionar para otra. La cosm\u00e9tica natural puede ser una buena opci\u00f3n para quienes quieren evitar los productos qu\u00edmicos e invertir en cuidados de belleza naturales. Sin embargo, siempre se recomienda leer atentamente la lista de ingredientes en el envase del producto y, si es necesario, realizar una prueba de alergia antes de utilizar un producto nuevo.<\/span><\/p>\n<p>&nbsp;<\/p>\n<h2><span style=\"font-weight: 400;\">Cosm\u00e9ticos de abejas: uso de cera de abejas en cosm\u00e9tica.<\/span><\/h2>\n<p><a href=\"https:\/\/www.hunajahetki.fi\/es\/tuote-osasto\/mehilaisvahat\/\"><span style=\"font-weight: 400;\">Cera de abejas<\/span><\/a><span style=\"font-weight: 400;\"> Es un ingrediente natural muy utilizado en cosm\u00e9tica debido a sus propiedades vers\u00e1tiles. Se obtiene de las gl\u00e1ndulas de cera de las abejas y se utiliza en diversos productos para el cuidado de la piel, como cremas, <\/span><a href=\"https:\/\/www.hunajahetki.fi\/es\/tuote\/menthol-huulivoide\/\"><span style=\"font-weight: 400;\">en b\u00e1lsamos labiales<\/span><\/a><span style=\"font-weight: 400;\"> y maquillaje.\u00a0<\/span><\/p>\n<p><span style=\"font-weight: 400;\">Los beneficios de la cera de abejas para la piel son m\u00faltiples y su uso en cosm\u00e9tica se ha vuelto m\u00e1s com\u00fan en los \u00faltimos a\u00f1os.<\/span><\/p>\n<p><span style=\"font-weight: 400;\">Una ventaja importante de los cosm\u00e9ticos ap\u00edcolas son sus propiedades hidratantes. Crea una capa protectora sobre la piel, evitando que la humedad se evapore, ayudando as\u00ed a mantener la piel hidratada. Esto lo convierte en un excelente ingrediente en productos para pieles secas o sensibles.<\/span><\/p>\n<p><span style=\"font-weight: 400;\">Adem\u00e1s, los cosm\u00e9ticos ap\u00edcolas act\u00faan como suavizantes naturales y aportan a los productos una textura agradable. Tambi\u00e9n ayuda a mantener la forma del producto y evita que se derrita a temperaturas m\u00e1s altas. Gracias a esto, la cera de abejas se puede utilizar, por ejemplo, en la producci\u00f3n de b\u00e1lsamos labiales, ya que les confiere una estructura s\u00f3lida.<\/span><\/p>\n<p><span style=\"font-weight: 400;\">La cera de abejas tambi\u00e9n contiene antioxidantes que ayudan a proteger la piel de los radicales libres y ralentizar los signos del envejecimiento. Tambi\u00e9n puede calmar la piel irritada y reducir la inflamaci\u00f3n, lo que lo convierte en un ingrediente \u00fatil, por ejemplo, en cremas para despu\u00e9s del afeitado o productos destinados a pieles propensas al acn\u00e9.<\/span><\/p>\n<p><span style=\"font-weight: 400;\">La cera de abejas tambi\u00e9n se puede utilizar en el cuidado del cabello. Ayuda a mantener el cabello hidratado y le da un brillo natural. La cera de abejas tambi\u00e9n funciona como producto de peinado natural, ya que mantiene el peinado en su lugar sin productos qu\u00edmicos nocivos.<\/span><\/p>\n<p><span style=\"font-weight: 400;\">Sin embargo, cabe se\u00f1alar que la cera de abejas puede provocar reacciones al\u00e9rgicas en algunas personas. Por eso es importante realizar una prueba de alergia antes de introducir un nuevo producto cosm\u00e9tico. Tambi\u00e9n es bueno asegurarse de que la cera de abejas se produzca de forma \u00e9tica y provenga de colmenas gestionadas de forma responsable.<\/span><\/p>\n<p>&nbsp;<\/p>\n<h3><span style=\"font-weight: 400;\">Cosm\u00e9ticos finlandeses para abejas de la tienda online de Hunaja Hetki<\/span><\/h3>\n<p><a href=\"https:\/\/www.hunajahetki.fi\/es\/\"><span style=\"font-weight: 400;\">Miel en un momento<\/span><\/a><span style=\"font-weight: 400;\"> Queremos ofrecer a nuestros clientes cosm\u00e9ticos ap\u00edcolas de alta calidad directamente desde nuestra tienda online. Los cosm\u00e9ticos ap\u00edcolas que vendemos y fabricamos son productos de cosm\u00e9tica natural finlandesa.<\/span><\/p>\n<p><span style=\"font-weight: 400;\">En nuestra tienda online de Hunaja Hetki podr\u00e1 encontrar una amplia selecci\u00f3n de productos de cosm\u00e9tica ap\u00edcola adecuados para todo tipo de piel. Nuestros productos se fabrican internamente en Finlandia. <\/span><a href=\"https:\/\/www.hunajahetki.fi\/es\/brandi\/\"><span style=\"font-weight: 400;\">en nuestro apiario<\/span><\/a><span style=\"font-weight: 400;\"> procedentes de materias primas de alta calidad y no contienen aditivos ni conservantes artificiales.<\/span><\/p>\n<p><span style=\"font-weight: 400;\">Utilizar cosm\u00e9ticos ap\u00edcolas no es s\u00f3lo una tendencia sino tambi\u00e9n una elecci\u00f3n ecol\u00f3gica. Los ingredientes naturales no da\u00f1an nuestro medio ambiente de la misma manera que los productos qu\u00edmicos sint\u00e9ticos. Adem\u00e1s, al comprar productos Hunaja Hetke en nuestra peque\u00f1a empresa local, apoyas la cultura ap\u00edcola finlandesa.<\/span><\/p>\n<p><span style=\"font-weight: 400;\">Hunaja Hetki quiere ofrecer a sus clientes la posibilidad de mimarse con productos cosm\u00e9ticos ap\u00edcolas naturales y eficaces. Con nuestra tienda en l\u00ednea, puede explorar f\u00e1cilmente nuestra selecci\u00f3n y pedir sus productos favoritos hasta la puerta de su casa. Tambi\u00e9n contamos con entrega r\u00e1pida, para que puedas disfrutar de los productos Hunaja Hetke en poco tiempo.<\/span><\/p>\n<p><span style=\"font-weight: 400;\">\u00a1Bienvenido a la tienda online de Hunaja Hetke y encuentre un nuevo producto cosm\u00e9tico de abejas favorito para su rutina de cuidado de la piel!<\/span><\/p>","protected":false},"excerpt":{"rendered":"<p>Tarhaajan huulivoiteen rauhoittava keh\u00e4kukka\u00f6ljy ja suojaava mehil\u00e4isvaha tekev\u00e4t t\u00e4st\u00e4 t\u00e4ydellisen huulivoiteen herkille ja kuiville huulille.<\/p>\n<p>Keh\u00e4kukka\u00f6ljyn ihoa uudistavat, hoitavat ja rauhoittavat ominaisuudet auttavat vaurioituneiden ja \u00e4rtyneiden huulien hoidossa.\u00a0 Mehil\u00e4isvaha suojaa huulia s\u00e4\u00e4n l\u00e4mp\u00f6tilan vaihteluiden aiheuttamaa kuivuutta vatsaan. Tarhaajan huulivoiteessa on k\u00e4ytetty lis\u00e4ksi hamppu\u00f6ljy\u00e4, jojoba\u00f6ljy\u00e4 ja E-vitamiinia. Kosteuttava, rauhoittava ja suojaava Tarhaajan huulivoide sopii p\u00e4ivitt\u00e4iseen k\u00e4ytt\u00f6\u00f6n.<\/p>\n<p>&nbsp;<\/p>","protected":false},"featured_media":1816,"template":"","meta":{"_acf_changed":false},"product_brand":[],"product_cat":[139,21],"product_tag":[120,127,298,302,41,304,303],"class_list":{"0":"post-1243","1":"product","2":"type-product","3":"status-publish","4":"has-post-thumbnail","6":"product_cat-hunaja-hetki","7":"product_cat-mehilaiskosmetiikka","8":"product_tag-huulivoide","9":"product_tag-kosmetiikka","10":"product_tag-kotimainen-kosmetiikka","11":"product_tag-luonnontuote","12":"product_tag-mehilaisvaha","13":"product_tag-mentholinmakuinen","14":"product_tag-vaniljanmakuinen","16":"first","17":"instock","18":"taxable","19":"shipping-taxable","20":"purchasable","21":"product-type-variable"},"acf":[],"_links":{"self":[{"href":"https:\/\/www.hunajahetki.fi\/es\/wp-json\/wp\/v2\/product\/1243","targetHints":{"allow":["GET"]}}],"collection":[{"href":"https:\/\/www.hunajahetki.fi\/es\/wp-json\/wp\/v2\/product"}],"about":[{"href":"https:\/\/www.hunajahetki.fi\/es\/wp-json\/wp\/v2\/types\/product"}],"wp:featuredmedia":[{"embeddable":true,"href":"https:\/\/www.hunajahetki.fi\/es\/wp-json\/wp\/v2\/media\/1816"}],"wp:attachment":[{"href":"https:\/\/www.hunajahetki.fi\/es\/wp-json\/wp\/v2\/media?parent=1243"}],"wp:term":[{"taxonomy":"product_brand","embeddable":true,"href":"https:\/\/www.hunajahetki.fi\/es\/wp-json\/wp\/v2\/product_brand?post=1243"},{"taxonomy":"product_cat","embeddable":true,"href":"https:\/\/www.hunajahetki.fi\/es\/wp-json\/wp\/v2\/product_cat?post=1243"},{"taxonomy":"product_tag","embeddable":true,"href":"https:\/\/www.hunajahetki.fi\/es\/wp-json\/wp\/v2\/product_tag?post=1243"}],"curies":[{"name":"wp","href":"https:\/\/api.w.org\/{rel}","templated":true}]}}