{"id":1369,"date":"2023-11-05T08:01:13","date_gmt":"2023-11-05T06:01:13","guid":{"rendered":"https:\/\/www.hunajahetki.fi\/?post_type=product&#038;p=1369"},"modified":"2025-10-13T10:02:21","modified_gmt":"2025-10-13T07:02:21","slug":"kahvimakuinen-hunajavalmiste-hunaja-hetki-makuhunaja","status":"publish","type":"product","link":"https:\/\/www.hunajahetki.fi\/es\/producto\/producto-de-miel-con-sabor-a-cafe-momento-de-miel-miel-con-sabor\/","title":{"rendered":"Preparaci\u00f3n de miel con sabor a caf\u00e9 - Hunaja Hetki"},"content":{"rendered":"<div id=\"_tab_content-37-699\" class=\"oxy-tab-content tabs-contents-9240-tab\">\n<div id=\"text_block-39-699\" class=\"ct-text-block c-text-dark c-text-m\">\n<p>Fabricante: <strong>Hunaja Hetki Oy<\/strong><\/p>\n<p>Vallinm\u00e4entie 40, 61640 Ala-Valli<\/p>\n<p>+358 4424 75773<\/p>\n<p>Pa\u00eds de origen: <strong>Finlandia<\/strong><\/p>\n<p>Almacenar a temperatura ambiente. Almacenamiento prolongado en un lugar fresco y seco.<\/p>\n<p>Ainesosat: Hunaja, kahviaromi<\/p>\n<p>Cantidad: 270 gramos<\/p>\n<p>No apto para ni\u00f1os menores de un a\u00f1o.<\/p>\n<p class=\"cvGsUA direction-ltr align-end para-style-body\"><strong><span class=\"a_GcMg font-feature-liga-off font-feature-clig-off font-feature-calt-off text-decoration-none text-strikethrough-none\">Ravintoarvot\/N\u00e4rdingsv\u00e4rden:<\/span><\/strong><\/p>\n<p class=\"cvGsUA direction-ltr align-end para-style-body\"><span class=\"a_GcMg font-feature-liga-off font-feature-clig-off font-feature-calt-off text-decoration-none text-strikethrough-none\">Energia\/ Energi: 1 382 kJ (330 kcal) \/100g<\/span><\/p>\n<p class=\"cvGsUA direction-ltr align-end para-style-body\"><span class=\"a_GcMg font-feature-liga-off font-feature-clig-off font-feature-calt-off text-decoration-none text-strikethrough-none\">Rasva\/Fett: 0 g<\/span><\/p>\n<p class=\"cvGsUA direction-ltr align-end para-style-body\"><span class=\"a_GcMg font-feature-liga-off font-feature-clig-off font-feature-calt-off text-decoration-none text-strikethrough-none\">josta tyydyttynytt\u00e4\/ varav m\u00e4tat fett: 0g<\/span><\/p>\n<p class=\"cvGsUA direction-ltr align-end para-style-body\"><span class=\"a_GcMg font-feature-liga-off font-feature-clig-off font-feature-calt-off text-decoration-none text-strikethrough-none\">Hiilihydraatti\/Kolhydrat: 82g<\/span><\/p>\n<p class=\"cvGsUA direction-ltr align-end para-style-body\"><span class=\"a_GcMg font-feature-liga-off font-feature-clig-off font-feature-calt-off text-decoration-none text-strikethrough-none\">josta sokereita \/ varav sockerarter 82 g<\/span><\/p>\n<p class=\"cvGsUA direction-ltr align-end para-style-body\"><span class=\"a_GcMg font-feature-liga-off font-feature-clig-off font-feature-calt-off text-decoration-none text-strikethrough-none\">Proteiini\/Protein: 0 g<\/span><\/p>\n<p class=\"cvGsUA direction-ltr align-end para-style-body\"><span class=\"a_GcMg font-feature-liga-off font-feature-clig-off font-feature-calt-off text-decoration-none text-strikethrough-none\">Suola\/Salt: 0 g<\/span><\/p>\n<\/div>\n<\/div>","protected":false},"excerpt":{"rendered":"<p>La preparaci\u00f3n de caf\u00e9 con miel es ideal para consumir tal cual, en bebidas calientes y postres.<\/p>\n<h2>Calidad de la miel<\/h2>\n<p><span id=\"span-25-699\" class=\"ct-span\">Honey Hetken valora la calidad en toda su miel y productos de miel, y la miel se procesa a mano, desde las colmenas hasta los frascos. La miel se procesa en instalaciones aprobadas para alimentos para que podamos garantizar que la miel de Hunaja Hetken sea pura y de alta calidad. En nuestras mieles saborizadas, utilizamos miel suave que se derrite en la boca, donde el sabor de la miel y el sabor del caf\u00e9 juntos hacen del producto de miel una combinaci\u00f3n perfecta. La miel no se calienta en ning\u00fan momento, sino que se remueve antes de envasarla. Esto nivela la estructura cristalina de la miel y la hace muy blanda y f\u00e1cil de comer con cuchara. De esta manera garantizamos que se conserven todas las buenas materias primas de la miel y no se pierdan las vitaminas y oligoelementos de la miel.<\/span><\/p>\n<p>Consejo: \u00bfSab\u00edas que al preparar caf\u00e9, debes intentar agregar una peque\u00f1a cucharada de miel a los granos de caf\u00e9 para darle sabor? Los aromas de miel eliminan el amargor del caf\u00e9 y consigues el momento de caf\u00e9 perfecto.<\/p>","protected":false},"featured_media":2059,"template":"","meta":{"_acf_changed":false},"product_brand":[],"product_cat":[152,139],"product_tag":[25,126,169,183,184,254,168,167],"class_list":{"0":"post-1369","1":"product","2":"type-product","3":"status-publish","4":"has-post-thumbnail","6":"product_cat-hunaja","7":"product_cat-hunaja-hetki","8":"product_tag-hunaja","9":"product_tag-hunaja-hetki","10":"product_tag-hunajavalmiste","11":"product_tag-kahvi","12":"product_tag-kahvihunajavalmiste","13":"product_tag-kotimainen-hunaja","14":"product_tag-luksus","15":"product_tag-makuhunaja","17":"first","18":"instock","19":"taxable","20":"shipping-taxable","21":"purchasable","22":"product-type-variable"},"acf":[],"_links":{"self":[{"href":"https:\/\/www.hunajahetki.fi\/es\/wp-json\/wp\/v2\/product\/1369","targetHints":{"allow":["GET"]}}],"collection":[{"href":"https:\/\/www.hunajahetki.fi\/es\/wp-json\/wp\/v2\/product"}],"about":[{"href":"https:\/\/www.hunajahetki.fi\/es\/wp-json\/wp\/v2\/types\/product"}],"wp:featuredmedia":[{"embeddable":true,"href":"https:\/\/www.hunajahetki.fi\/es\/wp-json\/wp\/v2\/media\/2059"}],"wp:attachment":[{"href":"https:\/\/www.hunajahetki.fi\/es\/wp-json\/wp\/v2\/media?parent=1369"}],"wp:term":[{"taxonomy":"product_brand","embeddable":true,"href":"https:\/\/www.hunajahetki.fi\/es\/wp-json\/wp\/v2\/product_brand?post=1369"},{"taxonomy":"product_cat","embeddable":true,"href":"https:\/\/www.hunajahetki.fi\/es\/wp-json\/wp\/v2\/product_cat?post=1369"},{"taxonomy":"product_tag","embeddable":true,"href":"https:\/\/www.hunajahetki.fi\/es\/wp-json\/wp\/v2\/product_tag?post=1369"}],"curies":[{"name":"wp","href":"https:\/\/api.w.org\/{rel}","templated":true}]}}