{"id":1503,"date":"2023-12-11T07:56:18","date_gmt":"2023-12-11T05:56:18","guid":{"rendered":"https:\/\/www.hunajahetki.fi\/?post_type=product&#038;p=1503"},"modified":"2025-06-19T10:30:49","modified_gmt":"2025-06-19T07:30:49","slug":"tyrnisaippua-90g","status":"publish","type":"product","link":"https:\/\/www.hunajahetki.fi\/es\/producto\/jabon-de-espino-amarillo-90g\/","title":{"rendered":"Jab\u00f3n en barra de espino amarillo - Hanaja Hetki"},"content":{"rendered":"<p>Fabricante: <strong>Hunaja Hetki Oy<\/strong><\/p>\n<p>Vallinm\u00e4entie 40, 61640 Ala-Valli<\/p>\n<p>+358 4424 75773<\/p>\n<p>Pa\u00eds de fabricaci\u00f3n: <strong>Finlandia<\/strong><\/p>\n<p><span class=\"OYPEnA text-decoration-none text-strikethrough-none\">Inci: cocoato de sodio, semilla de colza de sodio, semilla de girasol de sodio, agua, glicerina, semilla de avena de sodio, extracto de Hippophae Rhamnoides, aceite de semilla de Hippophae Rhamnoides<\/span><\/p>\n<p>Cantidad: ~90 gramos<\/p>","protected":false},"excerpt":{"rendered":"<h1>Jab\u00f3n de espino amarillo<\/h1>\n<p><span class=\"OYPEnA text-decoration-none text-strikethrough-none\">Jab\u00f3n de espino amarillo exfoliante, hidratante y calmante para el lavado del rostro y de todo el cuerpo. Almacenar en un lugar seco. Si le entra jab\u00f3n en los ojos, enju\u00e1guelos con abundante agua. El jab\u00f3n de espino amarillo es conocido por hidratar la piel y sus beneficios en el cuidado de la piel. Ayuda a hidratar el grande y reduce la sequedad. El jab\u00f3n de espino amarillo contiene antioxidantes, como la vitamina C y la vitamina E, que ayudan a proteger la piel de los radicales libres y previenen los signos del envejecimiento. El jab\u00f3n es un limpiador natural y ayuda a eliminar la suciedad, la grasa y otras impurezas de la piel.<br \/>\n<\/span><\/p>\n<p>El jab\u00f3n de espino amarillo Honey Moment contiene aceite de espino amarillo y s\u00e9mola de bayas de espino amarillo.<\/p>\n<p>&nbsp;<\/p>","protected":false},"featured_media":1844,"template":"","meta":{"_acf_changed":false},"product_brand":[],"product_cat":[139,21],"product_tag":[116,130,129,181,221],"class_list":{"0":"post-1503","1":"product","2":"type-product","3":"status-publish","4":"has-post-thumbnail","6":"product_cat-hunaja-hetki","7":"product_cat-mehilaiskosmetiikka","8":"product_tag-kotimainen","9":"product_tag-palasaippua","10":"product_tag-saippua","11":"product_tag-tyrni","12":"product_tag-tyrnisaippua","14":"first","15":"instock","16":"taxable","17":"shipping-taxable","18":"purchasable","19":"product-type-variable"},"acf":[],"_links":{"self":[{"href":"https:\/\/www.hunajahetki.fi\/es\/wp-json\/wp\/v2\/product\/1503","targetHints":{"allow":["GET"]}}],"collection":[{"href":"https:\/\/www.hunajahetki.fi\/es\/wp-json\/wp\/v2\/product"}],"about":[{"href":"https:\/\/www.hunajahetki.fi\/es\/wp-json\/wp\/v2\/types\/product"}],"wp:featuredmedia":[{"embeddable":true,"href":"https:\/\/www.hunajahetki.fi\/es\/wp-json\/wp\/v2\/media\/1844"}],"wp:attachment":[{"href":"https:\/\/www.hunajahetki.fi\/es\/wp-json\/wp\/v2\/media?parent=1503"}],"wp:term":[{"taxonomy":"product_brand","embeddable":true,"href":"https:\/\/www.hunajahetki.fi\/es\/wp-json\/wp\/v2\/product_brand?post=1503"},{"taxonomy":"product_cat","embeddable":true,"href":"https:\/\/www.hunajahetki.fi\/es\/wp-json\/wp\/v2\/product_cat?post=1503"},{"taxonomy":"product_tag","embeddable":true,"href":"https:\/\/www.hunajahetki.fi\/es\/wp-json\/wp\/v2\/product_tag?post=1503"}],"curies":[{"name":"wp","href":"https:\/\/api.w.org\/{rel}","templated":true}]}}