{"id":1505,"date":"2023-12-11T07:58:40","date_gmt":"2023-12-11T05:58:40","guid":{"rendered":"https:\/\/www.hunajahetki.fi\/?post_type=product&#038;p=1505"},"modified":"2025-06-19T10:30:20","modified_gmt":"2025-06-19T07:30:20","slug":"kaurasaippua-saippua-palasaippua","status":"publish","type":"product","link":"https:\/\/www.hunajahetki.fi\/es\/producto\/jabon-de-avena-90g\/","title":{"rendered":"Jab\u00f3n de avena - para lavar todo el cuerpo"},"content":{"rendered":"<h1>jab\u00f3n de avena<\/h1>\n<p>Hunaja Hetki utiliza \u00fanicamente materias primas de alta calidad en sus jabones y cada lote se prueba para garantizar la calidad.<\/p>\n<p>Fabricante: <strong>Hunaja Hetki Oy<\/strong><\/p>\n<p>Vallinm\u00e4entie 40, 61640 Ala-Valli<\/p>\n<p>+358 4424 75773<\/p>\n<p>Pa\u00eds de fabricaci\u00f3n: <strong>Finlandia<\/strong><\/p>\n<p>El jab\u00f3n de avena contiene:<\/p>\n<p><span class=\"OYPEnA text-decoration-none text-strikethrough-none\">Inci: cocoato de sodio, semilla de colza de sodio, semilla de girasol de sodio, harina de semilla de avena sativa, aguamarina, glicerina, semilla de avena de sodio<\/span><\/p>\n<p>Cantidad: ~90g<\/p>","protected":false},"excerpt":{"rendered":"<h2>Jab\u00f3n de avena calmante y limpiador<\/h2>\n<p><span class=\"OYPEnA text-decoration-none text-strikethrough-none\">El jab\u00f3n de avena calmante y limpiador es una alternativa natural al cuidado de la piel para el lavado del rostro y de todo el cuerpo. Almacene en un lugar seco. Si le entra jab\u00f3n en los ojos, enju\u00e1guelos con abundante agua. El jab\u00f3n de avena es apto para todo tipo de pieles, independientemente de la edad. Excelente para pieles sensibles y secas. El jab\u00f3n de avena es suave y tambi\u00e9n adecuado para tratar la piel da\u00f1ada. El jab\u00f3n de avena limpia la piel de forma eficaz, sin eliminar demasiados aceites naturales, lo que ayuda a mantener el equilibrio de humedad de la piel. La avena es conocida por su efecto calmante. El jab\u00f3n de avena puede ayudar a aliviar la irritaci\u00f3n y la inflamaci\u00f3n de la piel, lo que lo convierte en una buena opci\u00f3n para quienes padecen, por ejemplo, eczema u otros problemas de la piel. La avena tiene propiedades humectantes naturales que ayudan a mantener la piel hidratada y suave. El jab\u00f3n de avena Hanaja Hetken contiene avena en polvo finamente dividida, que proporciona un ligero efecto exfoliante, ayudando a eliminar las c\u00e9lulas muertas y suavizando la piel.<\/span><\/p>\n<p>&nbsp;<\/p>\n<p>Hunaja Hetken palasaippua valmistetaan itse k\u00e4sity\u00f6n\u00e4 tehtyn\u00e4. Jokainen saippua on yksil\u00f6llinen ja kauran eri omanaisuudet kaura \u00f6ljyn\u00e4 ja jauheena tekee palasaippuasta t\u00e4ydellisen. Kaurajauho tekee saippuasta hieman kuorivan ja kaura\u00f6ljy sopii Suomalaiseen vaihtelevaan s\u00e4\u00e4olosuihteisiin ja ehk\u00e4iseen ihon kuivumista eri vuodenaikoina.<\/p>\n<p>Kaurasaippua sopii yleens\u00e4 monille ihotyypeille, mutta kuten muidenkin tuotteiden kanssa, on hyv\u00e4 tehd\u00e4 allergiatesti etuk\u00e4teen mik\u00e4li ep\u00e4ilee tuotteet sopimattomuutta.<\/p>\n<p>&nbsp;<\/p>","protected":false},"featured_media":1843,"template":"","meta":{"_acf_changed":false},"product_brand":[],"product_cat":[139,21],"product_tag":[292,126,225,224,298,291,130,129],"class_list":{"0":"post-1505","1":"product","2":"type-product","3":"status-publish","4":"has-post-thumbnail","6":"product_cat-hunaja-hetki","7":"product_cat-mehilaiskosmetiikka","8":"product_tag-atooppinen-iho","9":"product_tag-hunaja-hetki","10":"product_tag-kaura","11":"product_tag-kaurasaippua","12":"product_tag-kotimainen-kosmetiikka","13":"product_tag-kuiva-iho","14":"product_tag-palasaippua","15":"product_tag-saippua","17":"first","18":"instock","19":"taxable","20":"shipping-taxable","21":"purchasable","22":"product-type-variable"},"acf":[],"_links":{"self":[{"href":"https:\/\/www.hunajahetki.fi\/es\/wp-json\/wp\/v2\/product\/1505","targetHints":{"allow":["GET"]}}],"collection":[{"href":"https:\/\/www.hunajahetki.fi\/es\/wp-json\/wp\/v2\/product"}],"about":[{"href":"https:\/\/www.hunajahetki.fi\/es\/wp-json\/wp\/v2\/types\/product"}],"wp:featuredmedia":[{"embeddable":true,"href":"https:\/\/www.hunajahetki.fi\/es\/wp-json\/wp\/v2\/media\/1843"}],"wp:attachment":[{"href":"https:\/\/www.hunajahetki.fi\/es\/wp-json\/wp\/v2\/media?parent=1505"}],"wp:term":[{"taxonomy":"product_brand","embeddable":true,"href":"https:\/\/www.hunajahetki.fi\/es\/wp-json\/wp\/v2\/product_brand?post=1505"},{"taxonomy":"product_cat","embeddable":true,"href":"https:\/\/www.hunajahetki.fi\/es\/wp-json\/wp\/v2\/product_cat?post=1505"},{"taxonomy":"product_tag","embeddable":true,"href":"https:\/\/www.hunajahetki.fi\/es\/wp-json\/wp\/v2\/product_tag?post=1505"}],"curies":[{"name":"wp","href":"https:\/\/api.w.org\/{rel}","templated":true}]}}