{"id":1784,"date":"2024-02-28T07:28:13","date_gmt":"2024-02-28T05:28:13","guid":{"rendered":"https:\/\/www.hunajahetki.fi\/?post_type=product&#038;p=1784"},"modified":"2025-06-19T10:29:58","modified_gmt":"2025-06-19T07:29:58","slug":"kummipesa-mehilaispesa","status":"publish","type":"product","link":"https:\/\/www.hunajahetki.fi\/es\/producto\/colmena-madrina\/","title":{"rendered":"El nido de Dios - colmena"},"content":{"rendered":"<h1>\u00bfPor qu\u00e9 comprar una madrina?<\/h1>\n<p>En Hunaja Hetke queremos brindarle la oportunidad de apoyar la polinizaci\u00f3n natural y la ecolog\u00eda compr\u00e1ndose un nido de dioses. Kummip\u00e4sa es una colmena que el cliente puede alquilar durante 1 a 5 a\u00f1os seguidos para s\u00ed mismo o como regalo. La propiedad y la gesti\u00f3n del nido pertenecen a Hunaja Hetke. El comprador de Kummip\u00e4s\u00e4 recibe un paquete de producto e informaci\u00f3n sobre las abejas. Con los ingresos de los nidos de dioses, aumentamos el n\u00famero de nidos y la polinizaci\u00f3n en varias zonas de Finlandia.<\/p>\n<h2>Los beneficios de la polinizaci\u00f3n<\/h2>\n<p>Entonces, \u00bfcu\u00e1l es el beneficio de la polinizaci\u00f3n? Como buen ejemplo, seguro que todo el mundo ha visto alguna fresa marchita y ligeramente deformada. Te dice que la fresa no ha sido polinizada. Las bayas, los \u00e1rboles frutales, las habas, la canola y muchas otras plantas de cultivo necesitan polinizaci\u00f3n y, cuando se polinizan bien, el rendimiento puede aumentar en varias decenas de por ciento, dependiendo de la planta. Una buena polinizaci\u00f3n significa que obtenemos m\u00e1s cultivos en un \u00e1rea m\u00e1s peque\u00f1a. Las bayas naturales tambi\u00e9n necesitan polinizaci\u00f3n.<\/p>\n<p>Miel Actualmente, el bienestar de las abejas es el criterio m\u00e1s importante. Cuando nuestras abejas est\u00e1n bien, polinizan y producen miel. En Hunaja Hetke nos ocupamos nosotros mismos de las abejas de principio a fin. Somos jardineros profesionales y la apicultura es nuestro trabajo principal. Gracias a nuestro trabajo principal, podemos cuidar de las abejas en el mejor momento, a pesar de los cambios clim\u00e1ticos, y monitorear el bienestar de las abejas a tiempo. El verano en Finlandia es muy r\u00e1pido y las condiciones cambian r\u00e1pidamente, por eso es muy importante poder visitar las guarder\u00edas a tiempo.<\/p>\n<p>Nuestro lema es cuando las abejas est\u00e1n bien, nosotros los humanos tambi\u00e9n.<\/p>\n<p>&nbsp;<\/p>\n<p>&nbsp;<\/p>\n<p>&nbsp;<\/p>\n<p>&nbsp;<\/p>","protected":false},"excerpt":{"rendered":"<h1>\u00bfQuieres comprarte una colmena para ti o para un amigo?<\/h1>\n<p>Kummip\u00e4sa es una colmena que puedes comprar para ti o para un amigo desde un a\u00f1o hasta cinco a\u00f1os seguidos. La propiedad y la gesti\u00f3n del nido pertenecen a Hunaja Hetke.<\/p>\n<p>&nbsp;<\/p>\n<h1>\u00bfQu\u00e9 significa madrina?<\/h1>\n<p>Ostamalla kummipes\u00e4n tuet luonnon p\u00f6lytyst\u00e4.<\/p>\n<p>Kummipes\u00e4n omistajille j\u00e4rjestet\u00e4\u00e4n webinaari, miss\u00e4 kerrotaan mehil\u00e4isist\u00e4, p\u00f6lytyksest\u00e4 ja mehil\u00e4isten hy\u00f6dyist\u00e4.<\/p>\n<p>Kes\u00e4ll\u00e4 on mahdollisuus osallistua 1-2 pes\u00e4k\u00e4ynnille lis\u00e4maksua vastaan.<\/p>\n<p>&nbsp;<\/p>\n<h2>Lo que obtiene un comprador de una casa de acogida:<\/h2>\n<p>Kummipes\u00e4n omistajalle l\u00e4hetet\u00e4\u00e4n purkki alkukes\u00e4n hunajaa ja purkki loppukes\u00e4n hunajaa, kennohunajapala ja yksi extra hunaja lis\u00e4ksi. Lis\u00e4ksi omistaja saa 30 g pussin siitep\u00f6ly\u00e4 ja hunajaisen huulivoiteen.<\/p>\n<p>Tilauksen j\u00e4lkeen asiakas saa videoesityksen mehil\u00e4ispesist\u00e4, kes\u00e4n aikana asiakkaalle l\u00e4hetet\u00e4\u00e4n v\u00e4hint\u00e4\u00e4n 4 video materiaalia ja blogipostauksia mehil\u00e4istarhauksesta.<\/p>\n<p>Her\u00e4sik\u00f6 lis\u00e4kysymyksi\u00e4 kummipes\u00e4st\u00e4? Ole meihin yhteydess\u00e4 info@hunajahetki.fi \/ 0442475773<\/p>","protected":false},"featured_media":1799,"template":"","meta":{"_acf_changed":false},"product_brand":[],"product_cat":[62,139,149],"product_tag":[369,126,366,88,199,367,368],"class_list":{"0":"post-1784","1":"product","2":"type-product","3":"status-publish","4":"has-post-thumbnail","6":"product_cat-liikelahja","7":"product_cat-hunaja-hetki","8":"product_cat-lahjapakkaukset","9":"product_tag-ekologisuus","10":"product_tag-hunaja-hetki","11":"product_tag-kummipesa","12":"product_tag-luonto","13":"product_tag-mehilainen","14":"product_tag-mehilaispesa","15":"product_tag-polytys","17":"first","18":"instock","19":"taxable","20":"shipping-taxable","21":"purchasable","22":"product-type-variable"},"acf":[],"_links":{"self":[{"href":"https:\/\/www.hunajahetki.fi\/es\/wp-json\/wp\/v2\/product\/1784","targetHints":{"allow":["GET"]}}],"collection":[{"href":"https:\/\/www.hunajahetki.fi\/es\/wp-json\/wp\/v2\/product"}],"about":[{"href":"https:\/\/www.hunajahetki.fi\/es\/wp-json\/wp\/v2\/types\/product"}],"wp:featuredmedia":[{"embeddable":true,"href":"https:\/\/www.hunajahetki.fi\/es\/wp-json\/wp\/v2\/media\/1799"}],"wp:attachment":[{"href":"https:\/\/www.hunajahetki.fi\/es\/wp-json\/wp\/v2\/media?parent=1784"}],"wp:term":[{"taxonomy":"product_brand","embeddable":true,"href":"https:\/\/www.hunajahetki.fi\/es\/wp-json\/wp\/v2\/product_brand?post=1784"},{"taxonomy":"product_cat","embeddable":true,"href":"https:\/\/www.hunajahetki.fi\/es\/wp-json\/wp\/v2\/product_cat?post=1784"},{"taxonomy":"product_tag","embeddable":true,"href":"https:\/\/www.hunajahetki.fi\/es\/wp-json\/wp\/v2\/product_tag?post=1784"}],"curies":[{"name":"wp","href":"https:\/\/api.w.org\/{rel}","templated":true}]}}