{"id":2129,"date":"2025-02-03T10:24:14","date_gmt":"2025-02-03T08:24:14","guid":{"rendered":"https:\/\/www.hunajahetki.fi\/?post_type=product&#038;p=2129"},"modified":"2025-10-13T10:31:56","modified_gmt":"2025-10-13T07:31:56","slug":"kuusenkerkkasuola","status":"publish","type":"product","link":"https:\/\/www.hunajahetki.fi\/es\/producto\/sal-de-corteza-de-abeto\/","title":{"rendered":"Sal de abeto"},"content":{"rendered":"<p>Fabricante: <strong>Hunaja Hetki Oy<\/strong><\/p>\n<p>Vallinm\u00e4entie 40, 61640 Ala-Valli<\/p>\n<p>+358 4424 75773<\/p>\n<p>Pa\u00eds de origen: <strong>Finlandia<\/strong><\/p>\n<p>Almacenar a temperatura ambiente. Almacenamiento prolongado en un lugar fresco y seco.<\/p>\n<p>Ainesosat: Merisuola, kotimainen kuusenkerkk\u00e4<\/p>\n<p>Cantidad: 50 g<\/p>","protected":false},"excerpt":{"rendered":"<h1>Picea Picea Salt \u2013 El sabor del bosque del norte para tu comida<\/h1>\n<p>Kuusenkerkk\u00e4suola on ainutlaatuinen yhdistelm\u00e4 kotimaista kuusenkerkk\u00e4\u00e4 ja laadukasta merisuolaa. Sen mets\u00e4inen, hennon sitruksinen aromi tuo ruokaan vivahteikkuutta ja syvyytt\u00e4. Sopii erinomaisesti kala- ja riistaruokiin, paahdetuille juureksille, marinadeihin sek\u00e4 leiv\u00e4n p\u00e4\u00e4lle ripoteltavaksi.<\/p>\n<p>Anna pohjoisen luonnon maun rikastaa keitti\u00f6si \u2013 kuusenkerkk\u00e4suola on luonnollinen tapa viimeistell\u00e4 annokset herkullisella mets\u00e4isell\u00e4 s\u00e4vyll\u00e4.<\/p>","protected":false},"featured_media":2130,"template":"","meta":{"_acf_changed":false},"product_brand":[],"product_cat":[139,414],"product_tag":[406,407,409,408],"class_list":{"0":"post-2129","1":"product","2":"type-product","3":"status-publish","4":"has-post-thumbnail","6":"product_cat-hunaja-hetki","7":"product_cat-muut-elintarvikkeet","8":"product_tag-kuusenkerkka","9":"product_tag-kuusenkerkkasuola","10":"product_tag-liha","11":"product_tag-suola","13":"first","14":"instock","15":"taxable","16":"shipping-taxable","17":"purchasable","18":"product-type-simple"},"acf":[],"_links":{"self":[{"href":"https:\/\/www.hunajahetki.fi\/es\/wp-json\/wp\/v2\/product\/2129","targetHints":{"allow":["GET"]}}],"collection":[{"href":"https:\/\/www.hunajahetki.fi\/es\/wp-json\/wp\/v2\/product"}],"about":[{"href":"https:\/\/www.hunajahetki.fi\/es\/wp-json\/wp\/v2\/types\/product"}],"wp:featuredmedia":[{"embeddable":true,"href":"https:\/\/www.hunajahetki.fi\/es\/wp-json\/wp\/v2\/media\/2130"}],"wp:attachment":[{"href":"https:\/\/www.hunajahetki.fi\/es\/wp-json\/wp\/v2\/media?parent=2129"}],"wp:term":[{"taxonomy":"product_brand","embeddable":true,"href":"https:\/\/www.hunajahetki.fi\/es\/wp-json\/wp\/v2\/product_brand?post=2129"},{"taxonomy":"product_cat","embeddable":true,"href":"https:\/\/www.hunajahetki.fi\/es\/wp-json\/wp\/v2\/product_cat?post=2129"},{"taxonomy":"product_tag","embeddable":true,"href":"https:\/\/www.hunajahetki.fi\/es\/wp-json\/wp\/v2\/product_tag?post=2129"}],"curies":[{"name":"wp","href":"https:\/\/api.w.org\/{rel}","templated":true}]}}