{"id":1061,"date":"2022-11-11T20:19:26","date_gmt":"2022-11-11T18:19:26","guid":{"rendered":"https:\/\/www.hunajahetki.fi\/?post_type=product&#038;p=1061"},"modified":"2025-10-13T10:27:03","modified_gmt":"2025-10-13T07:27:03","slug":"monikukka-hunaja-vapaasti-kiteytynyt-vallinmaen-tila","status":"publish","type":"product","link":"https:\/\/www.hunajahetki.fi\/et\/toode\/mitmeoieline-mesi-vabalt-kristalliseerunud-vallinmae-olek\/","title":{"rendered":"Monikukka hunaja - Hunaja Hetken kotitarhalta Vallinm\u00e4en Tila"},"content":{"rendered":"<p>Honey Moment, Vallinm\u00e4ki talu esindus on Jalasj\u00e4rvel asuv Jemina talu, kus osa Jalasj\u00e4rvelt p\u00e4rit mett villitakse Vallinm\u00e4ki talu purkidesse, andes klientidele kohalikku mett nende enda purkidesse.<\/p>\n<p>Vallinm\u00e4ki talu mitmelillemesi on vabalt kristalliseerunud mesi. Mesi pakendatakse vedelikuna ja lastakse aja jooksul vabalt kristalliseeruda. Vabalt kristalliseerunud mesi on nn vanaaegne mesi, kuna seda pole kuidagi t\u00f6\u00f6deldud. Vanaaegset mett saab eristada pinnale tekkinud hallitusest. Mesikaste on hele muster mee pinnal ja n\u00e4itab, et mesi on kvaliteetne.<\/p>\n<p>Ainult \u00fcle 1-aastastele.<\/p>\n<p>Ainesosat: Hunaja<\/p>\n<p>Kogus: 300 g<\/p>\n<p>Tootja:<\/p>\n<p><strong> Vallinm\u00e4ki talu<\/strong><br \/>\nJemina Valli<br \/>\nVallinm\u00e4entie 40 61640 Ala-Valli<br \/>\n+358504007510<\/p>\n<p>P\u00e4ritoluriik: <strong>Soome<\/strong><\/p>\n<p>Hoida toatemperatuuril. Pikaajaline ladustamine jahedas ja kuivas kohas. Mett v\u00f5ib ka k\u00fclmutada.<\/p>\n<p class=\"cvGsUA direction-ltr align-end para-style-body\"><strong><span class=\"a_GcMg font-feature-liga-off font-feature-clig-off font-feature-calt-off text-decoration-none text-strikethrough-none\">Ravintoarvot\/N\u00e4rdingsv\u00e4rden:<\/span><\/strong><\/p>\n<p class=\"cvGsUA direction-ltr align-end para-style-body\"><span class=\"a_GcMg font-feature-liga-off font-feature-clig-off font-feature-calt-off text-decoration-none text-strikethrough-none\">Energia\/ Energi: 1 382 kJ (330 kcal) \/100g<\/span><\/p>\n<p class=\"cvGsUA direction-ltr align-end para-style-body\"><span class=\"a_GcMg font-feature-liga-off font-feature-clig-off font-feature-calt-off text-decoration-none text-strikethrough-none\">Rasva\/Fett: 0 g<\/span><\/p>\n<p class=\"cvGsUA direction-ltr align-end para-style-body\"><span class=\"a_GcMg font-feature-liga-off font-feature-clig-off font-feature-calt-off text-decoration-none text-strikethrough-none\">josta tyydyttynytt\u00e4\/ varav m\u00e4tat fett: 0g<\/span><\/p>\n<p class=\"cvGsUA direction-ltr align-end para-style-body\"><span class=\"a_GcMg font-feature-liga-off font-feature-clig-off font-feature-calt-off text-decoration-none text-strikethrough-none\">Hiilihydraatti\/Kolhydrat: 82g<\/span><\/p>\n<p class=\"cvGsUA direction-ltr align-end para-style-body\"><span class=\"a_GcMg font-feature-liga-off font-feature-clig-off font-feature-calt-off text-decoration-none text-strikethrough-none\">josta sokereita \/ varav sockerarter 82 g<\/span><\/p>\n<p class=\"cvGsUA direction-ltr align-end para-style-body\"><span class=\"a_GcMg font-feature-liga-off font-feature-clig-off font-feature-calt-off text-decoration-none text-strikethrough-none\">Proteiini\/Protein: 0 g<\/span><\/p>\n<p class=\"cvGsUA direction-ltr align-end para-style-body\"><span class=\"a_GcMg font-feature-liga-off font-feature-clig-off font-feature-calt-off text-decoration-none text-strikethrough-none\">Suola\/Salt: 0 g<\/span><\/p>","protected":false},"excerpt":{"rendered":"<h2>Mee kvaliteet<\/h2>\n<p>Kogu Vallinm\u00e4ki talus toodetud mesi on k\u00f5rgeima kvaliteediga ja seda t\u00f6\u00f6deldakse k\u00e4sitsi mesitarudest kuni purkideni. Mett t\u00f6\u00f6deldakse toiduainete jaoks heakskiidetud rajatistes, et tagada mesi puhas ja kvaliteetne. Mesi konserveeritakse vedelikuna ja lastakse purgis rahulikult hinokristallideks kristalliseeruda. Mett ei kuumutata ega t\u00f6\u00f6delda kunagi, tagades, et k\u00f5ik mee head koostisosad s\u00e4ilivad ning mee vitamiinid ja mikroelemendid ei l\u00e4he kaduma.<\/p>","protected":false},"featured_media":1808,"template":"","meta":{"_acf_changed":false},"product_brand":[],"product_cat":[152,139],"product_tag":[119,118,25,114,249,254],"class_list":{"0":"post-1061","1":"product","2":"type-product","3":"status-publish","4":"has-post-thumbnail","6":"product_cat-hunaja","7":"product_cat-hunaja-hetki","8":"product_tag-ala-valli","9":"product_tag-alavalli","10":"product_tag-hunaja","11":"product_tag-jalasjarvi","12":"product_tag-kiteytynyt","13":"product_tag-kotimainen-hunaja","15":"first","16":"instock","17":"taxable","18":"shipping-taxable","19":"purchasable","20":"product-type-simple"},"acf":[],"_links":{"self":[{"href":"https:\/\/www.hunajahetki.fi\/et\/wp-json\/wp\/v2\/product\/1061","targetHints":{"allow":["GET"]}}],"collection":[{"href":"https:\/\/www.hunajahetki.fi\/et\/wp-json\/wp\/v2\/product"}],"about":[{"href":"https:\/\/www.hunajahetki.fi\/et\/wp-json\/wp\/v2\/types\/product"}],"wp:featuredmedia":[{"embeddable":true,"href":"https:\/\/www.hunajahetki.fi\/et\/wp-json\/wp\/v2\/media\/1808"}],"wp:attachment":[{"href":"https:\/\/www.hunajahetki.fi\/et\/wp-json\/wp\/v2\/media?parent=1061"}],"wp:term":[{"taxonomy":"product_brand","embeddable":true,"href":"https:\/\/www.hunajahetki.fi\/et\/wp-json\/wp\/v2\/product_brand?post=1061"},{"taxonomy":"product_cat","embeddable":true,"href":"https:\/\/www.hunajahetki.fi\/et\/wp-json\/wp\/v2\/product_cat?post=1061"},{"taxonomy":"product_tag","embeddable":true,"href":"https:\/\/www.hunajahetki.fi\/et\/wp-json\/wp\/v2\/product_tag?post=1061"}],"curies":[{"name":"wp","href":"https:\/\/api.w.org\/{rel}","templated":true}]}}