{"id":1214,"date":"2023-08-28T10:26:15","date_gmt":"2023-08-28T07:26:15","guid":{"rendered":"https:\/\/www.hunajahetki.fi\/?post_type=product&#038;p=1214"},"modified":"2025-10-13T10:21:14","modified_gmt":"2025-10-13T07:21:14","slug":"suklaanmakuinen-hunajavalmiste-hunaja-hetki-makuhunaja","status":"publish","type":"product","link":"https:\/\/www.hunajahetki.fi\/et\/toode\/sokolaadimaitseline-mee-valmistamine-mee-hetkemaitseline-mesi\/","title":{"rendered":"Suklaanmakuinen hunajavalmiste - Hunaja Hetki"},"content":{"rendered":"<p>Tootja: <strong>Hunaja Hetki Oy<\/strong><\/p>\n<p>Vallinm\u00e4entie 40, 61640 Ala-Valli<\/p>\n<p>+358 4424 75773<\/p>\n<p>P\u00e4ritoluriik: <strong>Soome<\/strong><\/p>\n<p>Hoida toatemperatuuril. Pikaajaline ladustamine jahedas ja kuivas kohas.<\/p>\n<p>Ainesosat: Hunaja, Suklaa-aromi<\/p>\n<p>Kogus: 270 g<\/p>\n<p>Mitte alla \u00fcheaastastele lastele.<\/p>\n<p class=\"cvGsUA direction-ltr align-end para-style-body\"><strong><span class=\"a_GcMg font-feature-liga-off font-feature-clig-off font-feature-calt-off text-decoration-none text-strikethrough-none\">Ravintoarvot\/N\u00e4rdingsv\u00e4rden:<\/span><\/strong><\/p>\n<p class=\"cvGsUA direction-ltr align-end para-style-body\"><span class=\"a_GcMg font-feature-liga-off font-feature-clig-off font-feature-calt-off text-decoration-none text-strikethrough-none\">Energia\/ Energi: 1 382 kJ (330 kcal) \/100g<\/span><\/p>\n<p class=\"cvGsUA direction-ltr align-end para-style-body\"><span class=\"a_GcMg font-feature-liga-off font-feature-clig-off font-feature-calt-off text-decoration-none text-strikethrough-none\">Rasva\/Fett: 0 g<\/span><\/p>\n<p class=\"cvGsUA direction-ltr align-end para-style-body\"><span class=\"a_GcMg font-feature-liga-off font-feature-clig-off font-feature-calt-off text-decoration-none text-strikethrough-none\">josta tyydyttynytt\u00e4\/ varav m\u00e4tat fett: 0g<\/span><\/p>\n<p class=\"cvGsUA direction-ltr align-end para-style-body\"><span class=\"a_GcMg font-feature-liga-off font-feature-clig-off font-feature-calt-off text-decoration-none text-strikethrough-none\">Hiilihydraatti\/Kolhydrat: 82g<\/span><\/p>\n<p class=\"cvGsUA direction-ltr align-end para-style-body\"><span class=\"a_GcMg font-feature-liga-off font-feature-clig-off font-feature-calt-off text-decoration-none text-strikethrough-none\">josta sokereita \/ varav sockerarter 82 g<\/span><\/p>\n<p class=\"cvGsUA direction-ltr align-end para-style-body\"><span class=\"a_GcMg font-feature-liga-off font-feature-clig-off font-feature-calt-off text-decoration-none text-strikethrough-none\">Proteiini\/Protein: 0 g<\/span><\/p>\n<p class=\"cvGsUA direction-ltr align-end para-style-body\"><span class=\"a_GcMg font-feature-liga-off font-feature-clig-off font-feature-calt-off text-decoration-none text-strikethrough-none\">Suola\/Salt: 0 g<\/span><\/p>","protected":false},"excerpt":{"rendered":"<p>\u0160okolaadi-meetoode on rikkalik ja sobib suurep\u00e4raselt magustoitudele, leivale ja soojadele jookidele v\u00f5i niisama nautimiseks.<\/p>\n<h2>Mee kvaliteet<\/h2>\n<p><span id=\"span-25-699\" class=\"ct-span\">Mesi K\u00f5igi Hetke mee ja meetoodete puhul hinnatakse kvaliteeti ja mesi t\u00f6\u00f6deldakse k\u00e4sitsi, alates mesitarust kuni purkideni. Mett t\u00f6\u00f6deldakse toiduk\u00f5lblikes ruumides, et saaksime tagada Hunaja Hetke mesi puhta ja kvaliteetse. Maitsemeedes kasutame suus sulavat pehmet s\u00f5tkutud mett, kus mee maitse ja \u0161okolaadi maitse koos moodustavad meevalmistist t\u00e4iusliku koosluse. Mett ei kuumutata kunagi, vaid segatakse enne konserveerimist. Nii \u00fchtlustub mee kristallstruktuur ning mesi muutub lusikaga h\u00e4sti pehmeks. Nii garanteerime, et k\u00f5ik mee head koostisained s\u00e4ilivad ning mee vitamiinid ja mikroelemendid ei l\u00e4he kaduma.<\/span><\/p>","protected":false},"featured_media":2077,"template":"","meta":{"_acf_changed":false},"product_brand":[],"product_cat":[139,152],"product_tag":[126,169,116,399,167,279,281,280,282],"class_list":{"0":"post-1214","1":"product","2":"type-product","3":"status-publish","4":"has-post-thumbnail","6":"product_cat-hunaja-hetki","7":"product_cat-hunaja","8":"product_tag-hunaja-hetki","9":"product_tag-hunajavalmiste","10":"product_tag-kotimainen","11":"product_tag-leivonta","12":"product_tag-makuhunaja","13":"product_tag-suklaa","14":"product_tag-suklaahunaja","15":"product_tag-suklaanmakuinen","16":"product_tag-suklaanmakuinen-hunajavalmiste","18":"first","19":"instock","20":"taxable","21":"shipping-taxable","22":"purchasable","23":"product-type-variable"},"acf":[],"_links":{"self":[{"href":"https:\/\/www.hunajahetki.fi\/et\/wp-json\/wp\/v2\/product\/1214","targetHints":{"allow":["GET"]}}],"collection":[{"href":"https:\/\/www.hunajahetki.fi\/et\/wp-json\/wp\/v2\/product"}],"about":[{"href":"https:\/\/www.hunajahetki.fi\/et\/wp-json\/wp\/v2\/types\/product"}],"wp:featuredmedia":[{"embeddable":true,"href":"https:\/\/www.hunajahetki.fi\/et\/wp-json\/wp\/v2\/media\/2077"}],"wp:attachment":[{"href":"https:\/\/www.hunajahetki.fi\/et\/wp-json\/wp\/v2\/media?parent=1214"}],"wp:term":[{"taxonomy":"product_brand","embeddable":true,"href":"https:\/\/www.hunajahetki.fi\/et\/wp-json\/wp\/v2\/product_brand?post=1214"},{"taxonomy":"product_cat","embeddable":true,"href":"https:\/\/www.hunajahetki.fi\/et\/wp-json\/wp\/v2\/product_cat?post=1214"},{"taxonomy":"product_tag","embeddable":true,"href":"https:\/\/www.hunajahetki.fi\/et\/wp-json\/wp\/v2\/product_tag?post=1214"}],"curies":[{"name":"wp","href":"https:\/\/api.w.org\/{rel}","templated":true}]}}