{"id":1218,"date":"2023-08-28T10:37:19","date_gmt":"2023-08-28T07:37:19","guid":{"rendered":"https:\/\/www.hunajahetki.fi\/?post_type=product&#038;p=1218"},"modified":"2025-10-13T10:11:12","modified_gmt":"2025-10-13T07:11:12","slug":"hunaja-eucalyptusvalmiste-hunaja-hetki","status":"publish","type":"product","link":"https:\/\/www.hunajahetki.fi\/et\/toode\/eukalupti-mee-valmistamine-mesi\/","title":{"rendered":"Hunaja eukalyptusvalmiste - Hunaja Hetki"},"content":{"rendered":"<p>Tootja:<strong> Hunaja Hetki Oy<\/strong><\/p>\n<p>Vallinm\u00e4entie 40, 61640 Ala-Valli<\/p>\n<p>+358442475773<\/p>\n<p>P\u00e4ritoluriik: <strong>Soome<\/strong><\/p>\n<p>Hoida toatemperatuuril. Pikaajaline ladustamine jahedas ja kuivas kohas.<\/p>\n<p>Ainesosat: Hunaja, eucalyptus<\/p>\n<p>Kogus: 270 g<\/p>\n<p>Mitte alla \u00fcheaastastele lastele.<\/p>\n<p class=\"cvGsUA direction-ltr align-end para-style-body\"><strong><span class=\"a_GcMg font-feature-liga-off font-feature-clig-off font-feature-calt-off text-decoration-none text-strikethrough-none\">Ravintoarvot\/N\u00e4rdingsv\u00e4rden:<\/span><\/strong><\/p>\n<p class=\"cvGsUA direction-ltr align-end para-style-body\"><span class=\"a_GcMg font-feature-liga-off font-feature-clig-off font-feature-calt-off text-decoration-none text-strikethrough-none\">Energia\/ Energi: 1 382 kJ (330 kcal) \/100g<\/span><\/p>\n<p class=\"cvGsUA direction-ltr align-end para-style-body\"><span class=\"a_GcMg font-feature-liga-off font-feature-clig-off font-feature-calt-off text-decoration-none text-strikethrough-none\">Rasva\/Fett: 0 g<\/span><\/p>\n<p class=\"cvGsUA direction-ltr align-end para-style-body\"><span class=\"a_GcMg font-feature-liga-off font-feature-clig-off font-feature-calt-off text-decoration-none text-strikethrough-none\">josta tyydyttynytt\u00e4\/ varav m\u00e4tat fett: 0g<\/span><\/p>\n<p class=\"cvGsUA direction-ltr align-end para-style-body\"><span class=\"a_GcMg font-feature-liga-off font-feature-clig-off font-feature-calt-off text-decoration-none text-strikethrough-none\">Hiilihydraatti\/Kolhydrat: 82g<\/span><\/p>\n<p class=\"cvGsUA direction-ltr align-end para-style-body\"><span class=\"a_GcMg font-feature-liga-off font-feature-clig-off font-feature-calt-off text-decoration-none text-strikethrough-none\">josta sokereita \/ varav sockerarter 82 g<\/span><\/p>\n<p class=\"cvGsUA direction-ltr align-end para-style-body\"><span class=\"a_GcMg font-feature-liga-off font-feature-clig-off font-feature-calt-off text-decoration-none text-strikethrough-none\">Proteiini\/Protein: 0 g<\/span><\/p>\n<p class=\"cvGsUA direction-ltr align-end para-style-body\"><span class=\"a_GcMg font-feature-liga-off font-feature-clig-off font-feature-calt-off text-decoration-none text-strikethrough-none\">Suola\/Salt: 0 g<\/span><\/p>","protected":false},"excerpt":{"rendered":"<p>Eukal\u00fcptimaitseline meepreparaat on v\u00e4rskendav valik pimedateks \u00f5htuteks. Sobib kasutamiseks niisama, teele v\u00f5i toidule lisamiseks.<\/p>\n<h2>Mee kvaliteet<\/h2>\n<p>Mesi K\u00f5igi Hetke mee ja meetoodete puhul hinnatakse kvaliteeti ja mesi t\u00f6\u00f6deldakse k\u00e4sitsi, alates mesitarust kuni purkideni. Mesi t\u00f6\u00f6deldakse toiduvalmistamiseks sobivates ruumides, et saaksime garanteerida, et Hunaja Hetke mesi on puhas ja kvaliteetne. Maitsemeedes kasutame suus sulavat pehmet s\u00f5tkutud mett, kus mee maitse ja eukal\u00fcpti maitse koos moodustavad meetootest t\u00e4iusliku koosluse. Mett ei kuumutata kunagi, vaid segatakse enne konserveerimist. Nii \u00fchtlustub mee kristallstruktuur ning mesi muutub lusikaga h\u00e4sti pehmeks. Nii garanteerime, et mee k\u00f5ik head koostisained s\u00e4ilivad ning mee vitamiinid ja mikroelemendid ei l\u00e4he kaduma.<\/p>","protected":false},"featured_media":2074,"template":"","meta":{"_acf_changed":false},"product_brand":[],"product_cat":[139,152],"product_tag":[256,255,257,25,126,169,167,402],"class_list":{"0":"post-1218","1":"product","2":"type-product","3":"status-publish","4":"has-post-thumbnail","6":"product_cat-hunaja-hetki","7":"product_cat-hunaja","8":"product_tag-eucalyptuksen-makuinen","9":"product_tag-eucalyptus","10":"product_tag-eucalyptus-hunaja","11":"product_tag-hunaja","12":"product_tag-hunaja-hetki","13":"product_tag-hunajavalmiste","14":"product_tag-makuhunaja","15":"product_tag-tee","17":"first","18":"instock","19":"taxable","20":"shipping-taxable","21":"purchasable","22":"product-type-variable"},"acf":[],"_links":{"self":[{"href":"https:\/\/www.hunajahetki.fi\/et\/wp-json\/wp\/v2\/product\/1218","targetHints":{"allow":["GET"]}}],"collection":[{"href":"https:\/\/www.hunajahetki.fi\/et\/wp-json\/wp\/v2\/product"}],"about":[{"href":"https:\/\/www.hunajahetki.fi\/et\/wp-json\/wp\/v2\/types\/product"}],"wp:featuredmedia":[{"embeddable":true,"href":"https:\/\/www.hunajahetki.fi\/et\/wp-json\/wp\/v2\/media\/2074"}],"wp:attachment":[{"href":"https:\/\/www.hunajahetki.fi\/et\/wp-json\/wp\/v2\/media?parent=1218"}],"wp:term":[{"taxonomy":"product_brand","embeddable":true,"href":"https:\/\/www.hunajahetki.fi\/et\/wp-json\/wp\/v2\/product_brand?post=1218"},{"taxonomy":"product_cat","embeddable":true,"href":"https:\/\/www.hunajahetki.fi\/et\/wp-json\/wp\/v2\/product_cat?post=1218"},{"taxonomy":"product_tag","embeddable":true,"href":"https:\/\/www.hunajahetki.fi\/et\/wp-json\/wp\/v2\/product_tag?post=1218"}],"curies":[{"name":"wp","href":"https:\/\/api.w.org\/{rel}","templated":true}]}}