{"id":1232,"date":"2023-09-05T14:04:35","date_gmt":"2023-09-05T11:04:35","guid":{"rendered":"https:\/\/www.hunajahetki.fi\/?post_type=product&#038;p=1232"},"modified":"2025-10-13T10:08:17","modified_gmt":"2025-10-13T07:08:17","slug":"lakritsi-hunajavalmiste-hunaja-hetki-makuhunaja","status":"publish","type":"product","link":"https:\/\/www.hunajahetki.fi\/et\/toode\/lagritsa-mee-valmistamine-mee-hetke-maitse-mesi\/","title":{"rendered":"Lakritsinmakuinen hunajavalmiste -Hunaja Hetki"},"content":{"rendered":"<p>Tootja: <strong>Hunaja Hetki Oy<\/strong><\/p>\n<p>Vallinm\u00e4entie 40, 61640 Ala-Valli<\/p>\n<p>+358 4424 75773<\/p>\n<p>P\u00e4ritoluriik: <strong>Soome<\/strong><\/p>\n<p>Hoida toatemperatuuril. Pikaajaline ladustamine jahedas ja kuivas kohas.<\/p>\n<p>Ainesosat: Hunaja, lakritsiaromi<\/p>\n<p>Kogus: 270 g<\/p>\n<p>Mitte alla \u00fcheaastastele lastele.<\/p>\n<p class=\"cvGsUA direction-ltr align-end para-style-body\"><strong><span class=\"a_GcMg font-feature-liga-off font-feature-clig-off font-feature-calt-off text-decoration-none text-strikethrough-none\">Ravintoarvot\/N\u00e4rdingsv\u00e4rden:<\/span><\/strong><\/p>\n<p class=\"cvGsUA direction-ltr align-end para-style-body\"><span class=\"a_GcMg font-feature-liga-off font-feature-clig-off font-feature-calt-off text-decoration-none text-strikethrough-none\">Energia\/ Energi: 1 382 kJ (330 kcal) \/100g<\/span><\/p>\n<p class=\"cvGsUA direction-ltr align-end para-style-body\"><span class=\"a_GcMg font-feature-liga-off font-feature-clig-off font-feature-calt-off text-decoration-none text-strikethrough-none\">Rasva\/Fett: 0 g<\/span><\/p>\n<p class=\"cvGsUA direction-ltr align-end para-style-body\"><span class=\"a_GcMg font-feature-liga-off font-feature-clig-off font-feature-calt-off text-decoration-none text-strikethrough-none\">josta tyydyttynytt\u00e4\/ varav m\u00e4tat fett: 0g<\/span><\/p>\n<p class=\"cvGsUA direction-ltr align-end para-style-body\"><span class=\"a_GcMg font-feature-liga-off font-feature-clig-off font-feature-calt-off text-decoration-none text-strikethrough-none\">Hiilihydraatti\/Kolhydrat: 82g<\/span><\/p>\n<p class=\"cvGsUA direction-ltr align-end para-style-body\"><span class=\"a_GcMg font-feature-liga-off font-feature-clig-off font-feature-calt-off text-decoration-none text-strikethrough-none\">josta sokereita \/ varav sockerarter 82 g<\/span><\/p>\n<p class=\"cvGsUA direction-ltr align-end para-style-body\"><span class=\"a_GcMg font-feature-liga-off font-feature-clig-off font-feature-calt-off text-decoration-none text-strikethrough-none\">Proteiini\/Protein: 0 g<\/span><\/p>\n<p class=\"cvGsUA direction-ltr align-end para-style-body\"><span class=\"a_GcMg font-feature-liga-off font-feature-clig-off font-feature-calt-off text-decoration-none text-strikethrough-none\">Suola\/Salt: 0 g<\/span><\/p>","protected":false},"excerpt":{"rendered":"<p>Traditsiooniline. Maitsev ja pehme. Maiustuste ja j\u00e4\u00e4tise jaoks s\u00f5braks. Liha marineerimiseks ja maitsestamiseks.<\/p>\n<h2>Mee kvaliteet<\/h2>\n<p><span id=\"span-25-699\" class=\"ct-span\">Mesi K\u00f5igi Hetke mee ja meetoodete puhul hinnatakse kvaliteeti ja mesi t\u00f6\u00f6deldakse k\u00e4sitsi, alates mesitarust kuni purkideni. Mesi t\u00f6\u00f6deldakse toiduvalmistamiseks sobivates ruumides, et saaksime garanteerida, et Hunaja Hetke mesi on puhas ja kvaliteetne. Maitsemeedes kasutame pehmeks s\u00f5tkutud, suussulavat mett, kus mee maitse ja lagritsa maitse koos teevad meetootest t\u00e4iusliku koosluse. Mett ei kuumutata kunagi, vaid segatakse enne konserveerimist. Nii \u00fchtlustub mee kristallstruktuur ning mesi muutub lusikaga h\u00e4sti pehmeks. Nii garanteerime, et mee k\u00f5ik head koostisained s\u00e4ilivad ning mee vitamiinid ja mikroelemendid ei l\u00e4he kaduma.<\/span><\/p>","protected":false},"featured_media":2062,"template":"","meta":{"_acf_changed":false},"product_brand":[],"product_cat":[152,139],"product_tag":[25,126,193,169,188,254,192,194,399,167],"class_list":{"0":"post-1232","1":"product","2":"type-product","3":"status-publish","4":"has-post-thumbnail","6":"product_cat-hunaja","7":"product_cat-hunaja-hetki","8":"product_tag-hunaja","9":"product_tag-hunaja-hetki","10":"product_tag-hunajalakritsi","11":"product_tag-hunajavalmiste","12":"product_tag-jalkiruoka","13":"product_tag-kotimainen-hunaja","14":"product_tag-lakritsi","15":"product_tag-lakritsihunajavalmiste","16":"product_tag-leivonta","17":"product_tag-makuhunaja","19":"first","20":"instock","21":"taxable","22":"shipping-taxable","23":"purchasable","24":"product-type-variable"},"acf":[],"_links":{"self":[{"href":"https:\/\/www.hunajahetki.fi\/et\/wp-json\/wp\/v2\/product\/1232","targetHints":{"allow":["GET"]}}],"collection":[{"href":"https:\/\/www.hunajahetki.fi\/et\/wp-json\/wp\/v2\/product"}],"about":[{"href":"https:\/\/www.hunajahetki.fi\/et\/wp-json\/wp\/v2\/types\/product"}],"wp:featuredmedia":[{"embeddable":true,"href":"https:\/\/www.hunajahetki.fi\/et\/wp-json\/wp\/v2\/media\/2062"}],"wp:attachment":[{"href":"https:\/\/www.hunajahetki.fi\/et\/wp-json\/wp\/v2\/media?parent=1232"}],"wp:term":[{"taxonomy":"product_brand","embeddable":true,"href":"https:\/\/www.hunajahetki.fi\/et\/wp-json\/wp\/v2\/product_brand?post=1232"},{"taxonomy":"product_cat","embeddable":true,"href":"https:\/\/www.hunajahetki.fi\/et\/wp-json\/wp\/v2\/product_cat?post=1232"},{"taxonomy":"product_tag","embeddable":true,"href":"https:\/\/www.hunajahetki.fi\/et\/wp-json\/wp\/v2\/product_tag?post=1232"}],"curies":[{"name":"wp","href":"https:\/\/api.w.org\/{rel}","templated":true}]}}