{"id":1300,"date":"2023-09-19T14:49:30","date_gmt":"2023-09-19T11:49:30","guid":{"rendered":"https:\/\/www.hunajahetki.fi\/?post_type=product&#038;p=1300"},"modified":"2025-06-19T10:32:43","modified_gmt":"2025-06-19T07:32:43","slug":"juhlakapy-mehilaisvahakynttila-kynttila","status":"publish","type":"product","link":"https:\/\/www.hunajahetki.fi\/et\/toode\/julkakapy-mesilasvahast-kuunal-kuunal\/","title":{"rendered":"Peokoonus - mesilasvahast k\u00fc\u00fcnal"},"content":{"rendered":"<h1 data-color=\"&quot;cmyk(0,0,0,100)&quot;\" data-size=\"{&quot;value&quot;:8}\"><span data-color=\"&quot;cmyk(0,0,0,100)&quot;\" data-size=\"{&quot;value&quot;:8}\">K\u00fc\u00fcnla kasutusjuhised:<\/span><\/h1>\n<p data-color=\"&quot;cmyk(0,0,0,100)&quot;\" data-size=\"{&quot;value&quot;:8}\"><span data-color=\"&quot;cmyk(0,0,0,100)&quot;\" data-size=\"{&quot;value&quot;:8}\">-p\u00f5levaid k\u00fc\u00fcnlaid ei tohi j\u00e4tta j\u00e4relevalveta <\/span><\/p>\n<p data-color=\"&quot;cmyk(0,0,0,100)&quot;\" data-size=\"{&quot;value&quot;:8}\"><span data-color=\"&quot;cmyk(0,0,0,100)&quot;\" data-size=\"{&quot;value&quot;:8}\">-p\u00f5levad k\u00fc\u00fcnlad tuleb hoida lastele ja lemmikloomadele k\u00e4ttesaamatus kohas<\/span><\/p>\n<p data-color=\"&quot;cmyk(0,0,0,100)&quot;\" data-size=\"{&quot;value&quot;:8}\"><span data-color=\"&quot;cmyk(0,0,0,100)&quot;\" data-size=\"{&quot;value&quot;:8}\">-k\u00fc\u00fcnalde vahe peab alati olema v\u00e4hemalt 30 cm.<\/span><\/p>\n<p data-color=\"&quot;cmyk(0,0,0,100)&quot;\" data-size=\"{&quot;value&quot;:8}\"><span data-color=\"&quot;cmyk(0,0,0,100)&quot;\" data-size=\"{&quot;value&quot;:8}\">-p\u00f5lev k\u00fc\u00fcnal tuleb asetada mittes\u00fcttivale pinnale ja piisavalt kaugele s\u00fcttivatest materjalidest.<\/span><\/p>\n<p data-color=\"&quot;cmyk(0,0,0,100)&quot;\" data-size=\"{&quot;value&quot;:8}\">Tootja: <strong>Hunaja Hetki Oy<\/strong><\/p>\n<p data-color=\"&quot;cmyk(0,0,0,100)&quot;\" data-size=\"{&quot;value&quot;:8}\">Vallinm\u00e4entie 40, 61640 Ala-Valli +358 4424 75773<\/p>\n<p data-color=\"&quot;cmyk(0,0,0,100)&quot;\" data-size=\"{&quot;value&quot;:8}\">P\u00e4ritoluriik: <strong>Soome<\/strong><\/p>\n<p data-color=\"&quot;cmyk(0,0,0,100)&quot;\" data-size=\"{&quot;value&quot;:8}\">","protected":false},"excerpt":{"rendered":"<h1>Peokoonus<\/h1>\n<p>Juhlak\u00e4py on kaunis koristekynttil\u00e4, joka sopii niin lahjaksi kuin sisustukseen. Mehil\u00e4isvahan luonnollinen tuoksu, kaunis ulkoasu tuovat tunnelmaa jokaiseen kotiin. Mehil\u00e4isvaha tuoksuu miedosti ja on luonnollinen aito tuoksu. Mehil\u00e4isvahakynttil\u00e4 palaa hitaasti ja kauniisti isolla liekill\u00e4 pitk\u00e4n aikaa. 100 prosenttinen mehil\u00e4isvahakynttil\u00e4 ei sis\u00e4ll\u00e4 mit\u00e4\u00e4n ylim\u00e4\u00e4r\u00e4ist\u00e4 ja on n\u00e4in ollen erinomainen kynttil\u00e4 sis\u00e4ll\u00e4 poltettavaksi.<\/p>\n<p>Voit my\u00f6s tutustua piemep\u00e4\u00e4n k\u00e4pykynttil\u00e4\u00e4mme <a href=\"http:\/\/pieni k\u00e4py\">https:\/\/www.hunajahetki.fi\/tuote\/kapy\/<\/a><\/p>","protected":false},"featured_media":1308,"template":"","meta":{"_acf_changed":false},"product_brand":[],"product_cat":[139,18],"product_tag":[],"class_list":{"0":"post-1300","1":"product","2":"type-product","3":"status-publish","4":"has-post-thumbnail","6":"product_cat-hunaja-hetki","7":"product_cat-mehilaisvahakynttilat","9":"first","10":"instock","11":"taxable","12":"shipping-taxable","13":"purchasable","14":"product-type-variable"},"acf":[],"_links":{"self":[{"href":"https:\/\/www.hunajahetki.fi\/et\/wp-json\/wp\/v2\/product\/1300","targetHints":{"allow":["GET"]}}],"collection":[{"href":"https:\/\/www.hunajahetki.fi\/et\/wp-json\/wp\/v2\/product"}],"about":[{"href":"https:\/\/www.hunajahetki.fi\/et\/wp-json\/wp\/v2\/types\/product"}],"wp:featuredmedia":[{"embeddable":true,"href":"https:\/\/www.hunajahetki.fi\/et\/wp-json\/wp\/v2\/media\/1308"}],"wp:attachment":[{"href":"https:\/\/www.hunajahetki.fi\/et\/wp-json\/wp\/v2\/media?parent=1300"}],"wp:term":[{"taxonomy":"product_brand","embeddable":true,"href":"https:\/\/www.hunajahetki.fi\/et\/wp-json\/wp\/v2\/product_brand?post=1300"},{"taxonomy":"product_cat","embeddable":true,"href":"https:\/\/www.hunajahetki.fi\/et\/wp-json\/wp\/v2\/product_cat?post=1300"},{"taxonomy":"product_tag","embeddable":true,"href":"https:\/\/www.hunajahetki.fi\/et\/wp-json\/wp\/v2\/product_tag?post=1300"}],"curies":[{"name":"wp","href":"https:\/\/api.w.org\/{rel}","templated":true}]}}