{"id":1371,"date":"2023-11-05T08:03:34","date_gmt":"2023-11-05T06:03:34","guid":{"rendered":"https:\/\/www.hunajahetki.fi\/?post_type=product&#038;p=1371"},"modified":"2025-10-13T10:00:25","modified_gmt":"2025-10-13T07:00:25","slug":"chili-hunajavalmiste-hunaja-hetki","status":"publish","type":"product","link":"https:\/\/www.hunajahetki.fi\/et\/toode\/tsilli-mee-valmistamine-mee-hetk\/","title":{"rendered":"T\u0161illimaitseline \u2013 Mee valmistamine"},"content":{"rendered":"<div id=\"_tab_content-37-699\" class=\"oxy-tab-content tabs-contents-9240-tab\">\n<div id=\"text_block-39-699\" class=\"ct-text-block c-text-dark c-text-m\">\n<p>Tootja: <strong>Hunaja Hetki Oy<\/strong><\/p>\n<p>Vallinm\u00e4entie 40, 61640 Ala-Valli<\/p>\n<p>+358 4424 75773<\/p>\n<p>P\u00e4ritoluriik: <strong>Soome<\/strong><\/p>\n<p>Hoida toatemperatuuril. Pikaajaline ladustamine jahedas ja kuivas kohas.<\/p>\n<p>Ainesosat: Hunaja, <strong>t\u0161illi maitse<\/strong><\/p>\n<p>Kogus: 270 g<\/p>\n<p>Mitte alla \u00fcheaastastele lastele.<\/p>\n<p class=\"cvGsUA direction-ltr align-end para-style-body\"><strong><span class=\"a_GcMg font-feature-liga-off font-feature-clig-off font-feature-calt-off text-decoration-none text-strikethrough-none\">Ravintoarvot\/N\u00e4rdingsv\u00e4rden:<\/span><\/strong><\/p>\n<p class=\"cvGsUA direction-ltr align-end para-style-body\"><span class=\"a_GcMg font-feature-liga-off font-feature-clig-off font-feature-calt-off text-decoration-none text-strikethrough-none\">Energia\/ Energi: 1 382 kJ (330 kcal) \/100g<\/span><\/p>\n<p class=\"cvGsUA direction-ltr align-end para-style-body\"><span class=\"a_GcMg font-feature-liga-off font-feature-clig-off font-feature-calt-off text-decoration-none text-strikethrough-none\">Rasva\/Fett: 0 g<\/span><\/p>\n<p class=\"cvGsUA direction-ltr align-end para-style-body\"><span class=\"a_GcMg font-feature-liga-off font-feature-clig-off font-feature-calt-off text-decoration-none text-strikethrough-none\">josta tyydyttynytt\u00e4\/ varav m\u00e4tat fett: 0g<\/span><\/p>\n<p class=\"cvGsUA direction-ltr align-end para-style-body\"><span class=\"a_GcMg font-feature-liga-off font-feature-clig-off font-feature-calt-off text-decoration-none text-strikethrough-none\">Hiilihydraatti\/Kolhydrat: 82g<\/span><\/p>\n<p class=\"cvGsUA direction-ltr align-end para-style-body\"><span class=\"a_GcMg font-feature-liga-off font-feature-clig-off font-feature-calt-off text-decoration-none text-strikethrough-none\">josta sokereita \/ varav sockerarter 82 g<\/span><\/p>\n<p class=\"cvGsUA direction-ltr align-end para-style-body\"><span class=\"a_GcMg font-feature-liga-off font-feature-clig-off font-feature-calt-off text-decoration-none text-strikethrough-none\">Proteiini\/Protein: 0 g<\/span><\/p>\n<p class=\"cvGsUA direction-ltr align-end para-style-body\"><span class=\"a_GcMg font-feature-liga-off font-feature-clig-off font-feature-calt-off text-decoration-none text-strikethrough-none\">Suola\/Salt: 0 g<\/span><\/p>\n<\/div>\n<\/div>","protected":false},"excerpt":{"rendered":"<h1>L\u00f5uaga maitsestatud mee valmistamine<\/h1>\n<p>T\u0161illi meepreparaat sobib suurep\u00e4raselt niisama s\u00f6\u00f6miseks, kuumade jookide, toiduvalmistamise ja magustoitude valmistamiseks.<\/p>\n<h2>Mee kvaliteet<\/h2>\n<p><span id=\"span-25-699\" class=\"ct-span\">Mesi K\u00f5igi Hetke mee ja meetoodete puhul hinnatakse kvaliteeti ja mesi t\u00f6\u00f6deldakse k\u00e4sitsi, alates mesitarust kuni purkideni. Mesi t\u00f6\u00f6deldakse toiduvalmistamiseks sobivates ruumides, et saaksime garanteerida, et Hunaja Hetke mesi on puhas ja kvaliteetne. Maitsemeedes kasutame suus sulavat pehmet s\u00f5tkutud mett, kus mee maitse ja t\u0161illi maitse koos moodustavad meetootest t\u00e4iusliku koosluse. Mett ei kuumutata kunagi, vaid segatakse enne konserveerimist. Nii \u00fchtlustub mee kristallstruktuur ning mesi muutub lusikaga h\u00e4sti pehmeks. Nii garanteerime, et k\u00f5ik mee head koostisained s\u00e4ilivad ning mee vitamiinid ja mikroelemendid ei l\u00e4he kaduma.<\/span><\/p>","protected":false},"featured_media":2078,"template":"","meta":{"_acf_changed":false},"product_brand":[],"product_cat":[152,139],"product_tag":[179,180,25,169,167,136],"class_list":{"0":"post-1371","1":"product","2":"type-product","3":"status-publish","4":"has-post-thumbnail","6":"product_cat-hunaja","7":"product_cat-hunaja-hetki","8":"product_tag-chili","9":"product_tag-cilihunajavalmiste","10":"product_tag-hunaja","11":"product_tag-hunajavalmiste","12":"product_tag-makuhunaja","13":"product_tag-ruoanlaitto","15":"first","16":"instock","17":"taxable","18":"shipping-taxable","19":"purchasable","20":"product-type-variable"},"acf":[],"_links":{"self":[{"href":"https:\/\/www.hunajahetki.fi\/et\/wp-json\/wp\/v2\/product\/1371","targetHints":{"allow":["GET"]}}],"collection":[{"href":"https:\/\/www.hunajahetki.fi\/et\/wp-json\/wp\/v2\/product"}],"about":[{"href":"https:\/\/www.hunajahetki.fi\/et\/wp-json\/wp\/v2\/types\/product"}],"wp:featuredmedia":[{"embeddable":true,"href":"https:\/\/www.hunajahetki.fi\/et\/wp-json\/wp\/v2\/media\/2078"}],"wp:attachment":[{"href":"https:\/\/www.hunajahetki.fi\/et\/wp-json\/wp\/v2\/media?parent=1371"}],"wp:term":[{"taxonomy":"product_brand","embeddable":true,"href":"https:\/\/www.hunajahetki.fi\/et\/wp-json\/wp\/v2\/product_brand?post=1371"},{"taxonomy":"product_cat","embeddable":true,"href":"https:\/\/www.hunajahetki.fi\/et\/wp-json\/wp\/v2\/product_cat?post=1371"},{"taxonomy":"product_tag","embeddable":true,"href":"https:\/\/www.hunajahetki.fi\/et\/wp-json\/wp\/v2\/product_tag?post=1371"}],"curies":[{"name":"wp","href":"https:\/\/api.w.org\/{rel}","templated":true}]}}