{"id":1479,"date":"2023-11-26T07:56:45","date_gmt":"2023-11-26T05:56:45","guid":{"rendered":"https:\/\/www.hunajahetki.fi\/?post_type=product&#038;p=1479"},"modified":"2025-10-13T09:54:11","modified_gmt":"2025-10-13T06:54:11","slug":"konjakki-hunajavalmiste-makuhunaja","status":"publish","type":"product","link":"https:\/\/www.hunajahetki.fi\/et\/toode\/konjaki-mee-valmistamine-maitsemesi\/","title":{"rendered":"Konjakimaitseline - Mee toode"},"content":{"rendered":"<div id=\"_tab_content-37-699\" class=\"oxy-tab-content tabs-contents-9240-tab\">\n<div id=\"text_block-39-699\" class=\"ct-text-block c-text-dark c-text-m\">\n<p>Tootja: <strong>Hunaja Hetki Oy<\/strong><\/p>\n<p>Vallinm\u00e4entie 40, 61640 Ala-Valli<\/p>\n<p>+358442475773<\/p>\n<p>P\u00e4ritoluriik:<strong> Soome<\/strong><\/p>\n<p>Hoida toatemperatuuril. Pikaajaline ladustamine jahedas ja kuivas kohas.<\/p>\n<p>Sisaldab: mesi, konjaki aroom<\/p>\n<p>Kogus: 270 g<\/p>\n<p>Mitte alla \u00fcheaastastele lastele.<\/p>\n<\/div>\n<\/div>","protected":false},"excerpt":{"rendered":"<p>Konjakist meetoode sobib suurep\u00e4raselt omaette, juustuvaagnaga nautimiseks, jookide ja magustoitude k\u00f5rvale.<\/p>\n<h2>Mee kvaliteet<\/h2>\n<p><span id=\"span-25-699\" class=\"ct-span\">Mesi K\u00f5igi Hetke mee ja meetoodete puhul hinnatakse kvaliteeti ja mesi t\u00f6\u00f6deldakse k\u00e4sitsi, alates mesitarust kuni purkideni. Mesi t\u00f6\u00f6deldakse toiduvalmistamiseks sobivates ruumides, et saaksime garanteerida, et Hunaja Hetke mesi on puhas ja kvaliteetne. Maitsemeedes kasutame suus sulavat pehmet s\u00f5tkutud mett, kus mee maitse ja Konjaci maitse koos moodustavad meetootest t\u00e4iusliku koosluse. Mett ei kuumutata kunagi, vaid segatakse enne konserveerimist nii \u00fchtlustab mee kristallstruktuur ning mesi muutub lusikaga h\u00e4sti pehmeks. Nii garanteerime, et k\u00f5ik mee head koostisained s\u00e4ilivad ning mee vitamiinid ja mikroelemendid ei l\u00e4he kaduma.<\/span><\/p>","protected":false},"featured_media":1481,"template":"","meta":{"_acf_changed":false},"product_brand":[],"product_cat":[152,139],"product_tag":[25,126,169,188,210,211,254,167],"class_list":{"0":"post-1479","1":"product","2":"type-product","3":"status-publish","4":"has-post-thumbnail","6":"product_cat-hunaja","7":"product_cat-hunaja-hetki","8":"product_tag-hunaja","9":"product_tag-hunaja-hetki","10":"product_tag-hunajavalmiste","11":"product_tag-jalkiruoka","12":"product_tag-konjakki","13":"product_tag-konjakkihunajavalmiste","14":"product_tag-kotimainen-hunaja","15":"product_tag-makuhunaja","17":"first","18":"instock","19":"taxable","20":"shipping-taxable","21":"purchasable","22":"product-type-variable"},"acf":[],"_links":{"self":[{"href":"https:\/\/www.hunajahetki.fi\/et\/wp-json\/wp\/v2\/product\/1479","targetHints":{"allow":["GET"]}}],"collection":[{"href":"https:\/\/www.hunajahetki.fi\/et\/wp-json\/wp\/v2\/product"}],"about":[{"href":"https:\/\/www.hunajahetki.fi\/et\/wp-json\/wp\/v2\/types\/product"}],"wp:featuredmedia":[{"embeddable":true,"href":"https:\/\/www.hunajahetki.fi\/et\/wp-json\/wp\/v2\/media\/1481"}],"wp:attachment":[{"href":"https:\/\/www.hunajahetki.fi\/et\/wp-json\/wp\/v2\/media?parent=1479"}],"wp:term":[{"taxonomy":"product_brand","embeddable":true,"href":"https:\/\/www.hunajahetki.fi\/et\/wp-json\/wp\/v2\/product_brand?post=1479"},{"taxonomy":"product_cat","embeddable":true,"href":"https:\/\/www.hunajahetki.fi\/et\/wp-json\/wp\/v2\/product_cat?post=1479"},{"taxonomy":"product_tag","embeddable":true,"href":"https:\/\/www.hunajahetki.fi\/et\/wp-json\/wp\/v2\/product_tag?post=1479"}],"curies":[{"name":"wp","href":"https:\/\/api.w.org\/{rel}","templated":true}]}}