{"id":1492,"date":"2023-11-27T21:56:35","date_gmt":"2023-11-27T19:56:35","guid":{"rendered":"https:\/\/www.hunajahetki.fi\/?post_type=product&#038;p=1492"},"modified":"2025-10-13T10:35:58","modified_gmt":"2025-10-13T07:35:58","slug":"propolisuute","status":"publish","type":"product","link":"https:\/\/www.hunajahetki.fi\/et\/toode\/taruvaigu-ekstrakt\/","title":{"rendered":"Taruvaigu ekstrakt \u2013 Honey Moment"},"content":{"rendered":"<div id=\"_tab_content-37-699\" class=\"oxy-tab-content tabs-contents-9240-tab\">\n<div id=\"text_block-39-699\" class=\"ct-text-block c-text-dark c-text-m\">\n<p>Tootja: <strong>Hunaja Hetki Oy<\/strong><\/p>\n<p>Vallinm\u00e4entie 40, 61640 Ala-Valli<\/p>\n<p>+358442475773<\/p>\n<p>P\u00e4ritoluriik:<strong> Soome<\/strong><\/p>\n<p>Hoida toatemperatuuril. Pikaajaline ladustamine jahedas ja kuivas kohas.<\/p>\n<p><strong>Koostis:<\/strong> etanool (70p-%), vesi, taruvaik 8%<\/p>\n<p><strong>Annustamine:<\/strong> 5-15 tilka p\u00e4evas koos veega.<\/p>\n<p>Mitte lastele k\u00e4ttesaamatus kohas. <strong>Ei soovitata inimestele, kes on allergilised looduslike vaikude suhtes<\/strong>.<\/p>\n<p>&nbsp;<\/p>\n<\/div>\n<\/div>","protected":false},"excerpt":{"rendered":"<h1>Taruvaik, mesitarude aare<\/h1>\n<p>Propolisuute eli toiselta nimelt\u00e4 mehil\u00e4isten ker\u00e4\u00e4m\u00e4 kittivaha. Mehil\u00e4iset ker\u00e4\u00e4v\u00e4t pihkamaista ainetta lehti- ja havupuiden silmuista ja valmistavat siit\u00e4 propolista. Mehil\u00e4iset k\u00e4ytt\u00e4v\u00e4t propolista puhdistuaineena ja puhdistavat sill\u00e4 mehil\u00e4ispes\u00e4\u00e4.<\/p>\n<p>Miten ihmiset voi k\u00e4ytt\u00e4\u00e4 propolista? Ulkomaalaista artikkeleista l\u00f6ytyy enemm\u00e4n propoliksen k\u00e4ytt\u00f6ohjeita. Voi kuitenkin nauttia propolista ohjeen mukaan ja ulkoisesti esimerkiksi hyttysenpistohin voi leivitt\u00e4\u00e4 propolista, jolloin kutina lievenee. Propolista voi laittaa suoraan kurkkuun, ottaa hunajan kanssa tai esimerkiksi teen kanssa. Mik\u00e4li propolis vaikuttaa liian voimakkaalta voi siihen lis\u00e4t\u00e4 vett\u00e4 joukkoon.<\/p>\n<p>Propoliksen lis\u00e4ksi mehil\u00e4ispes\u00e4n tuotteita voi nauttia siitep\u00f6ly\u00e4. Hunaja Hetken siitep\u00f6lyyn voit tutustua <a href=\"https:\/\/www.hunajahetki.fi\/et\/tuote\/siitepoly-30-g\/\">https:\/\/www.hunajahetki.fi\/tuote\/siitepoly-30-g\/<\/a><\/p>\n<p>&nbsp;<\/p>\n<p>&nbsp;<\/p>","protected":false},"featured_media":1493,"template":"","meta":{"_acf_changed":false},"product_brand":[],"product_cat":[139],"product_tag":[220,25,218,219,41,216,217],"class_list":{"0":"post-1492","1":"product","2":"type-product","3":"status-publish","4":"has-post-thumbnail","6":"product_cat-hunaja-hetki","7":"product_tag-antibiootti","8":"product_tag-hunaja","9":"product_tag-kittivaha","10":"product_tag-mehilaistenantibiootti","11":"product_tag-mehilaisvaha","12":"product_tag-propolis","13":"product_tag-propolisuute","15":"first","16":"instock","17":"taxable","18":"shipping-taxable","19":"purchasable","20":"product-type-simple"},"acf":[],"_links":{"self":[{"href":"https:\/\/www.hunajahetki.fi\/et\/wp-json\/wp\/v2\/product\/1492","targetHints":{"allow":["GET"]}}],"collection":[{"href":"https:\/\/www.hunajahetki.fi\/et\/wp-json\/wp\/v2\/product"}],"about":[{"href":"https:\/\/www.hunajahetki.fi\/et\/wp-json\/wp\/v2\/types\/product"}],"wp:featuredmedia":[{"embeddable":true,"href":"https:\/\/www.hunajahetki.fi\/et\/wp-json\/wp\/v2\/media\/1493"}],"wp:attachment":[{"href":"https:\/\/www.hunajahetki.fi\/et\/wp-json\/wp\/v2\/media?parent=1492"}],"wp:term":[{"taxonomy":"product_brand","embeddable":true,"href":"https:\/\/www.hunajahetki.fi\/et\/wp-json\/wp\/v2\/product_brand?post=1492"},{"taxonomy":"product_cat","embeddable":true,"href":"https:\/\/www.hunajahetki.fi\/et\/wp-json\/wp\/v2\/product_cat?post=1492"},{"taxonomy":"product_tag","embeddable":true,"href":"https:\/\/www.hunajahetki.fi\/et\/wp-json\/wp\/v2\/product_tag?post=1492"}],"curies":[{"name":"wp","href":"https:\/\/api.w.org\/{rel}","templated":true}]}}