{"id":1504,"date":"2023-12-11T07:56:38","date_gmt":"2023-12-11T05:56:38","guid":{"rendered":"https:\/\/www.hunajahetki.fi\/?post_type=product&#038;p=1504"},"modified":"2025-06-19T10:30:30","modified_gmt":"2025-06-19T07:30:30","slug":"himalajan-suolasaippua-90g","status":"publish","type":"product","link":"https:\/\/www.hunajahetki.fi\/et\/toode\/himaalaja-soolaseep-90g\/","title":{"rendered":"Himaalaja soolaseep \u2013 n\u00e4o ja kogu keha pesemiseks"},"content":{"rendered":"<h1>Himaalaja soolaseep<\/h1>\n<p>Tootja: <strong>Hunaja Hetki Oy<\/strong><\/p>\n<p>Vallinm\u00e4entie 40, 61640 Ala-Valli<\/p>\n<p>+358 4424 75773<\/p>\n<p>Tootja riik: <strong>Soome<\/strong><\/p>\n<p>Himaalaja soolaseep sisaldab:<\/p>\n<p><span class=\"OYPEnA text-decoration-none text-strikethrough-none\">Inci: naatriumkokoaat, naatriumrapsiseemned, naatrium-p\u00e4evalilleseemned, naatriumkloriid, vesi, gl\u00fctseriin, naatriumkaeraseemned<\/span><\/p>\n<p>Kogus: ~90g<\/p>","protected":false},"excerpt":{"rendered":"<h1>Himaalaja soolaseep<\/h1>\n<p><span class=\"OYPEnA text-decoration-none text-strikethrough-none\">Hooldav ja kooriv Himaalaja soolaseep n\u00e4o ja kogu keha pesemiseks. Hoida kuivas kohas. Kui seep satub silma, loputage rohke veega. Himaalaja soolaseep on valmistatud Himaalaja m\u00e4gede soolast. Himaalaja soolal on loomulik kooriv omadus, mis aitab eemaldada surnud naharakud, muutes iso pehmeks ja siledaks. Sool toimib loodusliku puhastusvahendina, mis aitab eemaldada naha pinnalt liigset rasu, mustust ja lisandeid. Himaalaja sool on looduslikult rikas mineraalide, nagu magneesium, kaalium ja raud, poolest, mis v\u00f5ivad edendada naha tervist ja tasakaalu.Himaalaja soolaseep leevendab naha\u00e4rritust ja p\u00f5letikku, mist\u00f5ttu on see hea v\u00f5imalus naha\u00e4rrituse v\u00f5i p\u00f5letikulise naha raviks. <\/span><\/p>\n<p>&nbsp;<\/p>","protected":false},"featured_media":1841,"template":"","meta":{"_acf_changed":false},"product_brand":[],"product_cat":[139,21],"product_tag":[223,126,116,130,129,222],"class_list":{"0":"post-1504","1":"product","2":"type-product","3":"status-publish","4":"has-post-thumbnail","6":"product_cat-hunaja-hetki","7":"product_cat-mehilaiskosmetiikka","8":"product_tag-himalajansuolasaippua","9":"product_tag-hunaja-hetki","10":"product_tag-kotimainen","11":"product_tag-palasaippua","12":"product_tag-saippua","13":"product_tag-suolasaippua","15":"first","16":"instock","17":"taxable","18":"shipping-taxable","19":"purchasable","20":"product-type-variable"},"acf":[],"_links":{"self":[{"href":"https:\/\/www.hunajahetki.fi\/et\/wp-json\/wp\/v2\/product\/1504","targetHints":{"allow":["GET"]}}],"collection":[{"href":"https:\/\/www.hunajahetki.fi\/et\/wp-json\/wp\/v2\/product"}],"about":[{"href":"https:\/\/www.hunajahetki.fi\/et\/wp-json\/wp\/v2\/types\/product"}],"wp:featuredmedia":[{"embeddable":true,"href":"https:\/\/www.hunajahetki.fi\/et\/wp-json\/wp\/v2\/media\/1841"}],"wp:attachment":[{"href":"https:\/\/www.hunajahetki.fi\/et\/wp-json\/wp\/v2\/media?parent=1504"}],"wp:term":[{"taxonomy":"product_brand","embeddable":true,"href":"https:\/\/www.hunajahetki.fi\/et\/wp-json\/wp\/v2\/product_brand?post=1504"},{"taxonomy":"product_cat","embeddable":true,"href":"https:\/\/www.hunajahetki.fi\/et\/wp-json\/wp\/v2\/product_cat?post=1504"},{"taxonomy":"product_tag","embeddable":true,"href":"https:\/\/www.hunajahetki.fi\/et\/wp-json\/wp\/v2\/product_tag?post=1504"}],"curies":[{"name":"wp","href":"https:\/\/api.w.org\/{rel}","templated":true}]}}