{"id":1505,"date":"2023-12-11T07:58:40","date_gmt":"2023-12-11T05:58:40","guid":{"rendered":"https:\/\/www.hunajahetki.fi\/?post_type=product&#038;p=1505"},"modified":"2025-06-19T10:30:20","modified_gmt":"2025-06-19T07:30:20","slug":"kaurasaippua-saippua-palasaippua","status":"publish","type":"product","link":"https:\/\/www.hunajahetki.fi\/et\/toode\/kaera-seep-90g\/","title":{"rendered":"Kaeraseep \u2013 kogu keha pesemiseks"},"content":{"rendered":"<h1>Kaerahelbe seep<\/h1>\n<p>Hunaja Hetki kasutab seepides ainult kvaliteetset toorainet ning iga partii on kvaliteedi tagamiseks testitud.<\/p>\n<p>Tootja: <strong>Hunaja Hetki Oy<\/strong><\/p>\n<p>Vallinm\u00e4entie 40, 61640 Ala-Valli<\/p>\n<p>+358 4424 75773<\/p>\n<p>Tootja riik: <strong>Soome<\/strong><\/p>\n<p>Kaera seep sisaldab:<\/p>\n<p><span class=\"OYPEnA text-decoration-none text-strikethrough-none\">Inci: naatriumkokoaat, naatriumrapsiseemned, naatrium-p\u00e4evalilleseemned, Avena Sativa tuumajahu, vesi, gl\u00fctseriin, naatriumkaeraseemned<\/span><\/p>\n<p>Kogus: ~90g<\/p>","protected":false},"excerpt":{"rendered":"<h2>Rahustav ja puhastav kaerahelbeseep<\/h2>\n<p><span class=\"OYPEnA text-decoration-none text-strikethrough-none\">Rahustav ja puhastav kaeraseep on loomulik alternatiiv nahahooldusele n\u00e4o ja kogu keha pesemiseks. Hoida kuivas kohas. Kui seep satub silma, loputage rohke veega. Kaerahelbeseep sobib k\u00f5ikidele nahat\u00fc\u00fcpidele, olenemata vanusest. Suurep\u00e4rane tundlikule ja kuivale nahale. Kaeraseep on \u00f5rn, sobib ka kahjustatud naha raviks. Kaeraseep puhastab nahka t\u00f5husalt, eemaldamata liigselt looduslikke \u00f5lisid, mis aitab s\u00e4ilitada naha niiskustasakaalu. Kaer on tuntud oma rahustava toime poolest. Kaeraseep v\u00f5ib aidata leevendada naha\u00e4rritust ja p\u00f5letikku, mist\u00f5ttu on see hea valik neile, kellel on n\u00e4iteks ekseem v\u00f5i muud nahaprobleemid. Kaeral on looduslikud niisutavad omadused, mis aitavad hoida nahka niisutatuna ja pehmena. Hanaja Hetken kaeraseep sisaldab peeneks jaotatud kaerapulbrit, mis annab kerge kooriva efekti, aidates eemaldada surnud naharakke ja muuta naha pehmemaks.<\/span><\/p>\n<p>&nbsp;<\/p>\n<p>Hunaja Hetken palasaippua valmistetaan itse k\u00e4sity\u00f6n\u00e4 tehtyn\u00e4. Jokainen saippua on yksil\u00f6llinen ja kauran eri omanaisuudet kaura \u00f6ljyn\u00e4 ja jauheena tekee palasaippuasta t\u00e4ydellisen. Kaurajauho tekee saippuasta hieman kuorivan ja kaura\u00f6ljy sopii Suomalaiseen vaihtelevaan s\u00e4\u00e4olosuihteisiin ja ehk\u00e4iseen ihon kuivumista eri vuodenaikoina.<\/p>\n<p>Kaurasaippua sopii yleens\u00e4 monille ihotyypeille, mutta kuten muidenkin tuotteiden kanssa, on hyv\u00e4 tehd\u00e4 allergiatesti etuk\u00e4teen mik\u00e4li ep\u00e4ilee tuotteet sopimattomuutta.<\/p>\n<p>&nbsp;<\/p>","protected":false},"featured_media":1843,"template":"","meta":{"_acf_changed":false},"product_brand":[],"product_cat":[139,21],"product_tag":[292,126,225,224,298,291,130,129],"class_list":{"0":"post-1505","1":"product","2":"type-product","3":"status-publish","4":"has-post-thumbnail","6":"product_cat-hunaja-hetki","7":"product_cat-mehilaiskosmetiikka","8":"product_tag-atooppinen-iho","9":"product_tag-hunaja-hetki","10":"product_tag-kaura","11":"product_tag-kaurasaippua","12":"product_tag-kotimainen-kosmetiikka","13":"product_tag-kuiva-iho","14":"product_tag-palasaippua","15":"product_tag-saippua","17":"first","18":"instock","19":"taxable","20":"shipping-taxable","21":"purchasable","22":"product-type-variable"},"acf":[],"_links":{"self":[{"href":"https:\/\/www.hunajahetki.fi\/et\/wp-json\/wp\/v2\/product\/1505","targetHints":{"allow":["GET"]}}],"collection":[{"href":"https:\/\/www.hunajahetki.fi\/et\/wp-json\/wp\/v2\/product"}],"about":[{"href":"https:\/\/www.hunajahetki.fi\/et\/wp-json\/wp\/v2\/types\/product"}],"wp:featuredmedia":[{"embeddable":true,"href":"https:\/\/www.hunajahetki.fi\/et\/wp-json\/wp\/v2\/media\/1843"}],"wp:attachment":[{"href":"https:\/\/www.hunajahetki.fi\/et\/wp-json\/wp\/v2\/media?parent=1505"}],"wp:term":[{"taxonomy":"product_brand","embeddable":true,"href":"https:\/\/www.hunajahetki.fi\/et\/wp-json\/wp\/v2\/product_brand?post=1505"},{"taxonomy":"product_cat","embeddable":true,"href":"https:\/\/www.hunajahetki.fi\/et\/wp-json\/wp\/v2\/product_cat?post=1505"},{"taxonomy":"product_tag","embeddable":true,"href":"https:\/\/www.hunajahetki.fi\/et\/wp-json\/wp\/v2\/product_tag?post=1505"}],"curies":[{"name":"wp","href":"https:\/\/api.w.org\/{rel}","templated":true}]}}