{"id":239,"date":"2022-03-09T21:20:58","date_gmt":"2022-03-09T19:20:58","guid":{"rendered":"https:\/\/www.hunajahetki.fi\/?post_type=product&#038;p=239"},"modified":"2025-06-19T10:42:56","modified_gmt":"2025-06-19T07:42:56","slug":"pannurasva","status":"publish","type":"product","link":"https:\/\/www.hunajahetki.fi\/et\/toode\/pannirasv\/","title":{"rendered":"Pannim\u00e4\u00e4re"},"content":{"rendered":"<p>25 ml<\/p>","protected":false},"excerpt":{"rendered":"<p>Pannim\u00e4\u00e4re sobib grillide puhastamiseks, malmpannide ja pottide hooldamiseks.<\/p>\n<h2>Kasutusjuhend:<\/h2>\n<p>Puhastage malmpann h\u00e4sti ja kuivatage. Soojendage malmpann veidi ja m\u00e4\u00e4rige nt paberr\u00e4tikutega pannim\u00e4\u00e4re. P\u00e4rast seda kuumuta malmpanni, kuni pannilt t\u00f5useb suitsu. Vajadusel lisa veel rasva. Rasvap\u00f5letus on l\u00f5ppenud, kui panni p\u00f5hi hakkab tumenema, \u00fcleliigse rasva saab \u00e4ra p\u00fchkida. Enne kasutamist loputage sooja veega.<\/p>","protected":false},"featured_media":1378,"template":"","meta":{"_acf_changed":false},"product_brand":[],"product_cat":[139],"product_tag":[50,46,47,51,48,49,26],"class_list":{"0":"post-239","1":"product","2":"type-product","3":"status-publish","4":"has-post-thumbnail","6":"product_cat-hunaja-hetki","7":"product_tag-grilli","8":"product_tag-pannu","9":"product_tag-pata","10":"product_tag-puhdistus","11":"product_tag-rasva","12":"product_tag-valurauta","13":"product_tag-zero-waste","15":"first","16":"instock","17":"taxable","18":"shipping-taxable","19":"purchasable","20":"product-type-simple"},"acf":[],"_links":{"self":[{"href":"https:\/\/www.hunajahetki.fi\/et\/wp-json\/wp\/v2\/product\/239","targetHints":{"allow":["GET"]}}],"collection":[{"href":"https:\/\/www.hunajahetki.fi\/et\/wp-json\/wp\/v2\/product"}],"about":[{"href":"https:\/\/www.hunajahetki.fi\/et\/wp-json\/wp\/v2\/types\/product"}],"wp:featuredmedia":[{"embeddable":true,"href":"https:\/\/www.hunajahetki.fi\/et\/wp-json\/wp\/v2\/media\/1378"}],"wp:attachment":[{"href":"https:\/\/www.hunajahetki.fi\/et\/wp-json\/wp\/v2\/media?parent=239"}],"wp:term":[{"taxonomy":"product_brand","embeddable":true,"href":"https:\/\/www.hunajahetki.fi\/et\/wp-json\/wp\/v2\/product_brand?post=239"},{"taxonomy":"product_cat","embeddable":true,"href":"https:\/\/www.hunajahetki.fi\/et\/wp-json\/wp\/v2\/product_cat?post=239"},{"taxonomy":"product_tag","embeddable":true,"href":"https:\/\/www.hunajahetki.fi\/et\/wp-json\/wp\/v2\/product_tag?post=239"}],"curies":[{"name":"wp","href":"https:\/\/api.w.org\/{rel}","templated":true}]}}