{"id":849,"date":"2022-10-21T10:43:52","date_gmt":"2022-10-21T07:43:52","guid":{"rendered":"https:\/\/www.hunajahetki.fi\/?post_type=product&#038;p=849"},"modified":"2025-10-13T10:28:12","modified_gmt":"2025-10-13T07:28:12","slug":"nallehunaja-hunaja-hetki","status":"publish","type":"product","link":"https:\/\/www.hunajahetki.fi\/et\/toode\/kaisukaru-mee-hetk\/","title":{"rendered":"Honey m\u00f5neks ajaks - Kaisukaru mesi"},"content":{"rendered":"<p>Tootja: <strong>Hunaja Hetki Oy<\/strong><\/p>\n<p>Vallinm\u00e4entie 40, 61640 Ala-Valli<\/p>\n<p>+358442475773<\/p>\n<p>P\u00e4ritoluriik: <strong>Soome<\/strong><\/p>\n<p>Hoida toatemperatuuril. Pikaajaline ladustamine jahedas ja kuivas kohas.<\/p>\n<p>Ainesosat: Hunaja<\/p>\n<p>Kogus: 400 g<\/p>\n<p>Mitte alla \u00fcheaastastele lastele.<\/p>\n<p class=\"cvGsUA direction-ltr align-end para-style-body\"><strong><span class=\"a_GcMg font-feature-liga-off font-feature-clig-off font-feature-calt-off text-decoration-none text-strikethrough-none\">Ravintoarvot\/N\u00e4rdingsv\u00e4rden:<\/span><\/strong><\/p>\n<p class=\"cvGsUA direction-ltr align-end para-style-body\"><span class=\"a_GcMg font-feature-liga-off font-feature-clig-off font-feature-calt-off text-decoration-none text-strikethrough-none\">Energia\/ Energi: 1 382 kJ (330 kcal) \/100g<\/span><\/p>\n<p class=\"cvGsUA direction-ltr align-end para-style-body\"><span class=\"a_GcMg font-feature-liga-off font-feature-clig-off font-feature-calt-off text-decoration-none text-strikethrough-none\">Rasva\/Fett: 0 g<\/span><\/p>\n<p class=\"cvGsUA direction-ltr align-end para-style-body\"><span class=\"a_GcMg font-feature-liga-off font-feature-clig-off font-feature-calt-off text-decoration-none text-strikethrough-none\">josta tyydyttynytt\u00e4\/ varav m\u00e4tat fett: 0g<\/span><\/p>\n<p class=\"cvGsUA direction-ltr align-end para-style-body\"><span class=\"a_GcMg font-feature-liga-off font-feature-clig-off font-feature-calt-off text-decoration-none text-strikethrough-none\">Hiilihydraatti\/Kolhydrat: 82g<\/span><\/p>\n<p class=\"cvGsUA direction-ltr align-end para-style-body\"><span class=\"a_GcMg font-feature-liga-off font-feature-clig-off font-feature-calt-off text-decoration-none text-strikethrough-none\">josta sokereita \/ varav sockerarter 82 g<\/span><\/p>\n<p class=\"cvGsUA direction-ltr align-end para-style-body\"><span class=\"a_GcMg font-feature-liga-off font-feature-clig-off font-feature-calt-off text-decoration-none text-strikethrough-none\">Proteiini\/Protein: 0 g<\/span><\/p>\n<p class=\"cvGsUA direction-ltr align-end para-style-body\"><span class=\"a_GcMg font-feature-liga-off font-feature-clig-off font-feature-calt-off text-decoration-none text-strikethrough-none\">Suola\/Salt: 0 g<\/span><\/p>","protected":false},"excerpt":{"rendered":"<h1>Kaisukaru mesi - 100 % kodumaine kohalik mesi<\/h1>\n<p>Kaisukarumesi on klaaspurgis pehmeks s\u00f5tkutud ja suussulav mesi. Saak on kogutud Hunaja Hetke enda mesilatest H\u00e4mes, Pirkanmaal ja Pohjanmaal. Kaisukarupurgil on plastikm\u00fctsi all keeratav metallist keeratav kaas.<\/p>\n<h2>Mee kvaliteet<\/h2>\n<p><span id=\"span-25-699\" class=\"ct-span\">Honey Hetken v\u00e4\u00e4rtustab k\u00f5igi oma mee ja meetoodete kvaliteeti ning mesi t\u00f6\u00f6deldakse k\u00e4sitsi, alates mesitarust kuni purkideni. Mett t\u00f6\u00f6deldakse toiduainete jaoks heakskiidetud rajatistes, et saaksime garanteerida, et Hunaja Hetkeni mesi on puhas ja kvaliteetne. Mett ei kuumutata \u00fchelgi hetkel, vaid segatakse enne konserveerimist See \u00fchtlustab mee kristallstruktuuri ja muudab selle lusikaga h\u00e4sti pehmeks. Nii garanteerime, et k\u00f5ik head toorained mees s\u00e4ilivad ning mee vitamiinid ja mikroelemendid ei l\u00e4he kaduma.<\/span><\/p>","protected":false},"featured_media":1810,"template":"","meta":{"_acf_changed":false},"product_brand":[],"product_cat":[152,139],"product_tag":[25,126,254,403,267,401,265,266],"class_list":{"0":"post-849","1":"product","2":"type-product","3":"status-publish","4":"has-post-thumbnail","6":"product_cat-hunaja","7":"product_cat-hunaja-hetki","8":"product_tag-hunaja","9":"product_tag-hunaja-hetki","10":"product_tag-kotimainen-hunaja","11":"product_tag-kukkaishunaja","12":"product_tag-laadukas-hunaja","13":"product_tag-lahihunaja","14":"product_tag-nallehunaja","15":"product_tag-pehmea-hunaja","17":"first","18":"instock","19":"taxable","20":"shipping-taxable","21":"purchasable","22":"product-type-variable"},"acf":[],"_links":{"self":[{"href":"https:\/\/www.hunajahetki.fi\/et\/wp-json\/wp\/v2\/product\/849","targetHints":{"allow":["GET"]}}],"collection":[{"href":"https:\/\/www.hunajahetki.fi\/et\/wp-json\/wp\/v2\/product"}],"about":[{"href":"https:\/\/www.hunajahetki.fi\/et\/wp-json\/wp\/v2\/types\/product"}],"wp:featuredmedia":[{"embeddable":true,"href":"https:\/\/www.hunajahetki.fi\/et\/wp-json\/wp\/v2\/media\/1810"}],"wp:attachment":[{"href":"https:\/\/www.hunajahetki.fi\/et\/wp-json\/wp\/v2\/media?parent=849"}],"wp:term":[{"taxonomy":"product_brand","embeddable":true,"href":"https:\/\/www.hunajahetki.fi\/et\/wp-json\/wp\/v2\/product_brand?post=849"},{"taxonomy":"product_cat","embeddable":true,"href":"https:\/\/www.hunajahetki.fi\/et\/wp-json\/wp\/v2\/product_cat?post=849"},{"taxonomy":"product_tag","embeddable":true,"href":"https:\/\/www.hunajahetki.fi\/et\/wp-json\/wp\/v2\/product_tag?post=849"}],"curies":[{"name":"wp","href":"https:\/\/api.w.org\/{rel}","templated":true}]}}