{"id":874,"date":"2022-10-31T13:16:59","date_gmt":"2022-10-31T11:16:59","guid":{"rendered":"https:\/\/www.hunajahetki.fi\/?post_type=product&#038;p=874"},"modified":"2025-06-19T10:38:03","modified_gmt":"2025-06-19T07:38:03","slug":"mehilais-pinnipari","status":"publish","type":"product","link":"https:\/\/www.hunajahetki.fi\/et\/toode\/mesitaru-paar-tihvti\/","title":{"rendered":"Mesilaste taru"},"content":{"rendered":"<p>Ihastuttava yksityiskohtainen mehil\u00e4ispinnipari on kaunis hiuskoriste niin lapsille kuin aikuisillekkin. Mehil\u00e4inen on eripuolilla pinneiss\u00e4, joten pinnit saa kauniisti koristamaan molemmin puolin kampausta.<\/p>","protected":false},"excerpt":{"rendered":"<p>Ei alle kolmevuotiaille.<\/p>","protected":false},"featured_media":1820,"template":"","meta":{"_acf_changed":false},"product_brand":[],"product_cat":[139],"product_tag":[336,199,334,335,337],"class_list":{"0":"post-874","1":"product","2":"type-product","3":"status-publish","4":"has-post-thumbnail","6":"product_cat-hunaja-hetki","7":"product_tag-hiukset","8":"product_tag-mehilainen","9":"product_tag-mehilaispinni","10":"product_tag-pinni","11":"product_tag-tytolle","13":"first","14":"instock","15":"taxable","16":"shipping-taxable","17":"purchasable","18":"product-type-simple"},"acf":[],"_links":{"self":[{"href":"https:\/\/www.hunajahetki.fi\/et\/wp-json\/wp\/v2\/product\/874","targetHints":{"allow":["GET"]}}],"collection":[{"href":"https:\/\/www.hunajahetki.fi\/et\/wp-json\/wp\/v2\/product"}],"about":[{"href":"https:\/\/www.hunajahetki.fi\/et\/wp-json\/wp\/v2\/types\/product"}],"wp:featuredmedia":[{"embeddable":true,"href":"https:\/\/www.hunajahetki.fi\/et\/wp-json\/wp\/v2\/media\/1820"}],"wp:attachment":[{"href":"https:\/\/www.hunajahetki.fi\/et\/wp-json\/wp\/v2\/media?parent=874"}],"wp:term":[{"taxonomy":"product_brand","embeddable":true,"href":"https:\/\/www.hunajahetki.fi\/et\/wp-json\/wp\/v2\/product_brand?post=874"},{"taxonomy":"product_cat","embeddable":true,"href":"https:\/\/www.hunajahetki.fi\/et\/wp-json\/wp\/v2\/product_cat?post=874"},{"taxonomy":"product_tag","embeddable":true,"href":"https:\/\/www.hunajahetki.fi\/et\/wp-json\/wp\/v2\/product_tag?post=874"}],"curies":[{"name":"wp","href":"https:\/\/api.w.org\/{rel}","templated":true}]}}