{"id":968,"date":"2022-11-09T21:41:26","date_gmt":"2022-11-09T19:41:26","guid":{"rendered":"https:\/\/www.hunajahetki.fi\/?post_type=product&#038;p=968"},"modified":"2025-06-19T10:36:17","modified_gmt":"2025-06-19T07:36:17","slug":"lahjakortit-lahjakortti-hunaja-hetki","status":"publish","type":"product","link":"https:\/\/www.hunajahetki.fi\/et\/toode\/kinkekaardid-kinkekaart-kallis-hetk\/","title":{"rendered":"Kinkekaart - Hanaja Hetki"},"content":{"rendered":"<p>Hunaja Hetke kinkekaart kehtib 6 kuud alates ostu hetkest. Kinkekaart on elektrooniline, kui soovid kinkekaarti tellida, kirjuta s\u00f5numi v\u00e4ljale j\u00e4rgmised andmed: Kinkekorvi saaja nimi, aadress, telefoninumber.<\/p>\n<p>&nbsp;<\/p>\n<p>&nbsp;<\/p>","protected":false},"excerpt":{"rendered":"<h1>Kinkekaart \u2013 anna kingisaajale valikuvabadus<\/h1>\n<p>Hunaja Hetken digitaalinen lahjakortti on oiva lahjaidea. Lahjakortin voi ajastaa l\u00e4htev\u00e4ksi merkkip\u00e4iv\u00e4n\u00e4, kortin pystyy lunastamaan suoraan verkkokaupasta.<\/p>\n<p>Hunaja Hetken verkkosivuilta l\u00f6ytyy monipuolisesti sek\u00e4 erilaisia tuotteita, ett\u00e4 verkkokurssia. Tuotteita l\u00f6ytyy niin sy\u00f6t\u00e4vi\u00e4, ihoa hoitavia kuin koristeeksi soveltuvia tuotteita. Mist\u00e4 lahjan saajalla on laaja ja laadukas valikoima valita juuri itselle sopivimmat tuotteet tai kurssit oman mielen mukaan.<\/p>\n<p>Hunaja Hetken lahjakortti tarjoaa lahjan saajalla Hunajaisia Hetki\u00e4.<\/p>\n<p>&nbsp;<\/p>\n<h2>Miks valida kinkekaart?<\/h2>\n<p>Andke saajale valikuvabadus. T\u00e4nu kinkekaardile saab kingisaaja valida endale sobivad tooted veebipoest. Hunaja Hetke tooted on ajatud, s\u00f6\u00f6davad ja kantavad, seega on kingituse saajal valikus mitmekesine valik erinevaid v\u00f5imalusi.<\/p>","protected":false},"featured_media":976,"template":"","meta":{"_acf_changed":false},"product_brand":[],"product_cat":[139,152,21,226,65,149,62,18,150],"product_tag":[40,264,261,263,262],"class_list":{"0":"post-968","1":"product","2":"type-product","3":"status-publish","4":"has-post-thumbnail","6":"product_cat-hunaja-hetki","7":"product_cat-hunaja","8":"product_cat-mehilaiskosmetiikka","9":"product_cat-kurssit","10":"product_cat-lahjakortit","11":"product_cat-lahjapakkaukset","12":"product_cat-liikelahja","13":"product_cat-mehilaisvahakynttilat","14":"product_cat-mehilaisvahat","15":"product_tag-lahja","16":"product_tag-lahjaidea","17":"product_tag-lahjakortti","18":"product_tag-lahjan-saaja","19":"product_tag-vapaus-valita","21":"first","22":"instock","23":"taxable","24":"shipping-taxable","25":"purchasable","26":"product-type-pw-gift-card"},"acf":[],"_links":{"self":[{"href":"https:\/\/www.hunajahetki.fi\/et\/wp-json\/wp\/v2\/product\/968","targetHints":{"allow":["GET"]}}],"collection":[{"href":"https:\/\/www.hunajahetki.fi\/et\/wp-json\/wp\/v2\/product"}],"about":[{"href":"https:\/\/www.hunajahetki.fi\/et\/wp-json\/wp\/v2\/types\/product"}],"wp:featuredmedia":[{"embeddable":true,"href":"https:\/\/www.hunajahetki.fi\/et\/wp-json\/wp\/v2\/media\/976"}],"wp:attachment":[{"href":"https:\/\/www.hunajahetki.fi\/et\/wp-json\/wp\/v2\/media?parent=968"}],"wp:term":[{"taxonomy":"product_brand","embeddable":true,"href":"https:\/\/www.hunajahetki.fi\/et\/wp-json\/wp\/v2\/product_brand?post=968"},{"taxonomy":"product_cat","embeddable":true,"href":"https:\/\/www.hunajahetki.fi\/et\/wp-json\/wp\/v2\/product_cat?post=968"},{"taxonomy":"product_tag","embeddable":true,"href":"https:\/\/www.hunajahetki.fi\/et\/wp-json\/wp\/v2\/product_tag?post=968"}],"curies":[{"name":"wp","href":"https:\/\/api.w.org\/{rel}","templated":true}]}}