{"id":1061,"date":"2022-11-11T20:19:26","date_gmt":"2022-11-11T18:19:26","guid":{"rendered":"https:\/\/www.hunajahetki.fi\/?post_type=product&#038;p=1061"},"modified":"2025-10-13T10:27:03","modified_gmt":"2025-10-13T07:27:03","slug":"monikukka-hunaja-vapaasti-kiteytynyt-vallinmaen-tila","status":"publish","type":"product","link":"https:\/\/www.hunajahetki.fi\/fr\/produit\/miel-multi-fleurs-etat-vallinmae-librement-cristallise\/","title":{"rendered":"Monikukka hunaja - Hunaja Hetken kotitarhalta Vallinm\u00e4en Tila"},"content":{"rendered":"<p>Hunaja Hetken, le bureau de la ferme Vallinm\u00e4ki est la ferme de Jemina \u00e0 Jalasj\u00e4rvi, o\u00f9 une partie du miel de Jalasj\u00e4rvi est mise en conserve dans le pot de la ferme Vallinm\u00e4ki, et ainsi les clients obtiennent du miel local dans leur propre pot.<\/p>\n<p>Le miel multifleurs de la ferme Vallinm\u00e4ki est du miel librement cristallis\u00e9. Le miel est emball\u00e9 sous forme liquide et on le laisse cristalliser librement avec le temps. Le miel librement cristallis\u00e9 est appel\u00e9 miel \u00e0 l&#039;ancienne, car il n&#039;a subi aucune transformation. Vous pouvez distinguer le miel d\u2019antan du givre en surface. H\u00e4rm\u00e4 est un motif l\u00e9ger \u00e0 la surface du miel et indique que le miel est de haute qualit\u00e9.<\/p>\n<p>Uniquement pour les plus de 1 an.<\/p>\n<p>Ainesosat: Hunaja<\/p>\n<p>Quantit\u00e9 : 300 g<\/p>\n<p>Fabricant:<\/p>\n<p><strong> Ferme Vallinm\u00e4ki<\/strong><br \/>\nJemina Valli<br \/>\nVallinm\u00e4entie 40 61640 Ala-Valli<br \/>\n+358504007510<\/p>\n<p>Pays d&#039;origine: <strong>Finlande<\/strong><\/p>\n<p>Ranger \u00e0 temp\u00e9rature ambiante. Stockage \u00e0 long terme dans un endroit frais et sec. Le miel peut \u00e9galement \u00eatre congel\u00e9.<\/p>\n<p class=\"cvGsUA direction-ltr align-end para-style-body\"><strong><span class=\"a_GcMg font-feature-liga-off font-feature-clig-off font-feature-calt-off text-decoration-none text-strikethrough-none\">Ravintoarvot\/N\u00e4rdingsv\u00e4rden:<\/span><\/strong><\/p>\n<p class=\"cvGsUA direction-ltr align-end para-style-body\"><span class=\"a_GcMg font-feature-liga-off font-feature-clig-off font-feature-calt-off text-decoration-none text-strikethrough-none\">Energia\/ Energi: 1 382 kJ (330 kcal) \/100g<\/span><\/p>\n<p class=\"cvGsUA direction-ltr align-end para-style-body\"><span class=\"a_GcMg font-feature-liga-off font-feature-clig-off font-feature-calt-off text-decoration-none text-strikethrough-none\">Rasva\/Fett: 0 g<\/span><\/p>\n<p class=\"cvGsUA direction-ltr align-end para-style-body\"><span class=\"a_GcMg font-feature-liga-off font-feature-clig-off font-feature-calt-off text-decoration-none text-strikethrough-none\">josta tyydyttynytt\u00e4\/ varav m\u00e4tat fett: 0g<\/span><\/p>\n<p class=\"cvGsUA direction-ltr align-end para-style-body\"><span class=\"a_GcMg font-feature-liga-off font-feature-clig-off font-feature-calt-off text-decoration-none text-strikethrough-none\">Hiilihydraatti\/Kolhydrat: 82g<\/span><\/p>\n<p class=\"cvGsUA direction-ltr align-end para-style-body\"><span class=\"a_GcMg font-feature-liga-off font-feature-clig-off font-feature-calt-off text-decoration-none text-strikethrough-none\">josta sokereita \/ varav sockerarter 82 g<\/span><\/p>\n<p class=\"cvGsUA direction-ltr align-end para-style-body\"><span class=\"a_GcMg font-feature-liga-off font-feature-clig-off font-feature-calt-off text-decoration-none text-strikethrough-none\">Proteiini\/Protein: 0 g<\/span><\/p>\n<p class=\"cvGsUA direction-ltr align-end para-style-body\"><span class=\"a_GcMg font-feature-liga-off font-feature-clig-off font-feature-calt-off text-decoration-none text-strikethrough-none\">Suola\/Salt: 0 g<\/span><\/p>","protected":false},"excerpt":{"rendered":"<h2>Qualit\u00e9 du miel<\/h2>\n<p>La qualit\u00e9 est ch\u00e8re \u00e0 tous les miels de la ferme Vallinm\u00e4ki, et le miel est transform\u00e9 \u00e0 la main depuis les ruches jusqu&#039;aux pots. Le miel est transform\u00e9 dans des installations agr\u00e9\u00e9es pour les aliments, afin que nous puissions garantir qu&#039;il est propre et de haute qualit\u00e9. Le miel est mis en conserve sous forme liquide et laiss\u00e9 cristalliser en hinocristal dans le pot. Le miel n&#039;est jamais chauff\u00e9 ni transform\u00e9, afin que tous les bons ingr\u00e9dients du miel soient pr\u00e9serv\u00e9s et que les vitamines et oligo-\u00e9l\u00e9ments contenus dans le miel ne soient pas perdus.<\/p>","protected":false},"featured_media":1808,"template":"","meta":{"_acf_changed":false},"product_brand":[],"product_cat":[152,139],"product_tag":[119,118,25,114,249,254],"class_list":{"0":"post-1061","1":"product","2":"type-product","3":"status-publish","4":"has-post-thumbnail","6":"product_cat-hunaja","7":"product_cat-hunaja-hetki","8":"product_tag-ala-valli","9":"product_tag-alavalli","10":"product_tag-hunaja","11":"product_tag-jalasjarvi","12":"product_tag-kiteytynyt","13":"product_tag-kotimainen-hunaja","15":"first","16":"instock","17":"taxable","18":"shipping-taxable","19":"purchasable","20":"product-type-simple"},"acf":[],"_links":{"self":[{"href":"https:\/\/www.hunajahetki.fi\/fr\/wp-json\/wp\/v2\/product\/1061","targetHints":{"allow":["GET"]}}],"collection":[{"href":"https:\/\/www.hunajahetki.fi\/fr\/wp-json\/wp\/v2\/product"}],"about":[{"href":"https:\/\/www.hunajahetki.fi\/fr\/wp-json\/wp\/v2\/types\/product"}],"wp:featuredmedia":[{"embeddable":true,"href":"https:\/\/www.hunajahetki.fi\/fr\/wp-json\/wp\/v2\/media\/1808"}],"wp:attachment":[{"href":"https:\/\/www.hunajahetki.fi\/fr\/wp-json\/wp\/v2\/media?parent=1061"}],"wp:term":[{"taxonomy":"product_brand","embeddable":true,"href":"https:\/\/www.hunajahetki.fi\/fr\/wp-json\/wp\/v2\/product_brand?post=1061"},{"taxonomy":"product_cat","embeddable":true,"href":"https:\/\/www.hunajahetki.fi\/fr\/wp-json\/wp\/v2\/product_cat?post=1061"},{"taxonomy":"product_tag","embeddable":true,"href":"https:\/\/www.hunajahetki.fi\/fr\/wp-json\/wp\/v2\/product_tag?post=1061"}],"curies":[{"name":"wp","href":"https:\/\/api.w.org\/{rel}","templated":true}]}}