{"id":1158,"date":"2023-01-30T18:27:57","date_gmt":"2023-01-30T16:27:57","guid":{"rendered":"https:\/\/www.hunajahetki.fi\/?post_type=product&#038;p=1158"},"modified":"2025-06-19T10:33:51","modified_gmt":"2025-06-19T07:33:51","slug":"mehilaisvaha-kotikosmetiikkaan","status":"publish","type":"product","link":"https:\/\/www.hunajahetki.fi\/fr\/produit\/cire-dabeille-pour-les-cosmetiques-maison\/","title":{"rendered":"Cire d&#039;abeille pour les cosm\u00e9tiques maison"},"content":{"rendered":"<p>La s\u00e9curit\u00e9 de la cire n\u2019a pas \u00e9t\u00e9 \u00e9tablie.<\/p>\n<p>&nbsp;<\/p>\n<p>~35\/pi\u00e8ce<\/p>\n<p>&nbsp;<\/p>\n<p>Pour des commandes plus importantes, veuillez contacter : info@hunajahetki.fi \/ 0442475773<\/p>","protected":false},"excerpt":{"rendered":"<p>Mehil\u00e4isvahakosmetiikan ja mehil\u00e4isvahak\u00e4\u00e4reiden valmistamiseen. Laadukas mehil\u00e4isvaha on ker\u00e4tty meid\u00e4n rakkaudella hoidetuista mehil\u00e4ispeist\u00e4. Vaha on kuorimavahaa, eik\u00e4 sen ker\u00e4\u00e4minen vahingoita mehil\u00e4isi\u00e4. Vaha syntyy hunajan sivutuotteena.<\/p>\n<p>Suomen puhdas luonto ja mehil\u00e4isten oikeanlainen k\u00e4sittely takaa puhtaan ja aidon mehil\u00e4isvahan, joka on laadukas raaka-aine kometiikan valmistukseen.<\/p>","protected":false},"featured_media":1391,"template":"","meta":{"_acf_changed":false},"product_brand":[],"product_cat":[139,150],"product_tag":[127,199,41,60,198],"class_list":{"0":"post-1158","1":"product","2":"type-product","3":"status-publish","4":"has-post-thumbnail","6":"product_cat-hunaja-hetki","7":"product_cat-mehilaisvahat","8":"product_tag-kosmetiikka","9":"product_tag-mehilainen","10":"product_tag-mehilaisvaha","11":"product_tag-vaha","12":"product_tag-vahakaare","14":"first","15":"instock","16":"taxable","17":"shipping-taxable","18":"purchasable","19":"product-type-simple"},"acf":[],"_links":{"self":[{"href":"https:\/\/www.hunajahetki.fi\/fr\/wp-json\/wp\/v2\/product\/1158","targetHints":{"allow":["GET"]}}],"collection":[{"href":"https:\/\/www.hunajahetki.fi\/fr\/wp-json\/wp\/v2\/product"}],"about":[{"href":"https:\/\/www.hunajahetki.fi\/fr\/wp-json\/wp\/v2\/types\/product"}],"wp:featuredmedia":[{"embeddable":true,"href":"https:\/\/www.hunajahetki.fi\/fr\/wp-json\/wp\/v2\/media\/1391"}],"wp:attachment":[{"href":"https:\/\/www.hunajahetki.fi\/fr\/wp-json\/wp\/v2\/media?parent=1158"}],"wp:term":[{"taxonomy":"product_brand","embeddable":true,"href":"https:\/\/www.hunajahetki.fi\/fr\/wp-json\/wp\/v2\/product_brand?post=1158"},{"taxonomy":"product_cat","embeddable":true,"href":"https:\/\/www.hunajahetki.fi\/fr\/wp-json\/wp\/v2\/product_cat?post=1158"},{"taxonomy":"product_tag","embeddable":true,"href":"https:\/\/www.hunajahetki.fi\/fr\/wp-json\/wp\/v2\/product_tag?post=1158"}],"curies":[{"name":"wp","href":"https:\/\/api.w.org\/{rel}","templated":true}]}}