{"id":1240,"date":"2023-09-05T14:16:04","date_gmt":"2023-09-05T11:16:04","guid":{"rendered":"https:\/\/www.hunajahetki.fi\/?post_type=product&#038;p=1240"},"modified":"2025-10-13T10:07:04","modified_gmt":"2025-10-13T07:07:04","slug":"rommi-hunajavalmiste-hunaja-hetki-makuhunaja","status":"publish","type":"product","link":"https:\/\/www.hunajahetki.fi\/fr\/produit\/rhum-miel-preparation-moment-de-miel\/","title":{"rendered":"Pr\u00e9paration de miel aromatis\u00e9e au rhum - Hunaja Hetki"},"content":{"rendered":"<p>Fabricant: <strong>Hunaja Hetki Oy<\/strong><\/p>\n<p>Vallinm\u00e4entie 40, 61640 Ala-Valli<\/p>\n<p>+358442475773<\/p>\n<p>Pays d&#039;origine: <strong>Finlande<\/strong><\/p>\n<p>Ranger \u00e0 temp\u00e9rature ambiante. Stockage \u00e0 long terme dans un endroit frais et sec.<\/p>\n<p>Ainesosat: Hunaja, rommiaromi<\/p>\n<p>Quantit\u00e9 : 270 g<\/p>\n<p>Pas pour les enfants de moins d&#039;un an.<\/p>\n<p class=\"cvGsUA direction-ltr align-end para-style-body\"><strong><span class=\"a_GcMg font-feature-liga-off font-feature-clig-off font-feature-calt-off text-decoration-none text-strikethrough-none\">Ravintoarvot\/N\u00e4rdingsv\u00e4rden:<\/span><\/strong><\/p>\n<p class=\"cvGsUA direction-ltr align-end para-style-body\"><span class=\"a_GcMg font-feature-liga-off font-feature-clig-off font-feature-calt-off text-decoration-none text-strikethrough-none\">Energia\/ Energi: 1 382 kJ (330 kcal) \/100g<\/span><\/p>\n<p class=\"cvGsUA direction-ltr align-end para-style-body\"><span class=\"a_GcMg font-feature-liga-off font-feature-clig-off font-feature-calt-off text-decoration-none text-strikethrough-none\">Rasva\/Fett: 0 g<\/span><\/p>\n<p class=\"cvGsUA direction-ltr align-end para-style-body\"><span class=\"a_GcMg font-feature-liga-off font-feature-clig-off font-feature-calt-off text-decoration-none text-strikethrough-none\">josta tyydyttynytt\u00e4\/ varav m\u00e4tat fett: 0g<\/span><\/p>\n<p class=\"cvGsUA direction-ltr align-end para-style-body\"><span class=\"a_GcMg font-feature-liga-off font-feature-clig-off font-feature-calt-off text-decoration-none text-strikethrough-none\">Hiilihydraatti\/Kolhydrat: 82g<\/span><\/p>\n<p class=\"cvGsUA direction-ltr align-end para-style-body\"><span class=\"a_GcMg font-feature-liga-off font-feature-clig-off font-feature-calt-off text-decoration-none text-strikethrough-none\">josta sokereita \/ varav sockerarter 82 g<\/span><\/p>\n<p class=\"cvGsUA direction-ltr align-end para-style-body\"><span class=\"a_GcMg font-feature-liga-off font-feature-clig-off font-feature-calt-off text-decoration-none text-strikethrough-none\">Proteiini\/Protein: 0 g<\/span><\/p>\n<p class=\"cvGsUA direction-ltr align-end para-style-body\"><span class=\"a_GcMg font-feature-liga-off font-feature-clig-off font-feature-calt-off text-decoration-none text-strikethrough-none\">Suola\/Salt: 0 g<\/span><\/p>","protected":false},"excerpt":{"rendered":"<h1>Rommin makuinen hunaja<\/h1>\n<p>Rommihunja on oiva lis\u00e4 k\u00e4ytett\u00e4v\u00e4ksi leivonnaisissa, juustolautasen kanssa, kuumiin juomiin ja sellaisenaan nautittavaksi. Rommin ja hunajan aromit, pehme\u00e4 tumma vivahde tuo maukkaan lis\u00e4n ja luksusta arjen keskelle.<\/p>\n<p>Rommihunaja on osoittautunut Hunaja Hetken suosikki hunajaksi ja on my\u00f6s miesv\u00e4en makuun.<\/p>\n<h2>Qualit\u00e9 du miel<\/h2>\n<p><span id=\"span-25-699\" class=\"ct-span\">Hunaja Hetken kaikissa hunajissa ja hunajavalmisteissa vaalitaan laatua ja hunaja k\u00e4sitell\u00e4\u00e4n itse k\u00e4sity\u00f6n\u00e4 mehil\u00e4ispesist\u00e4 purkkeihin saakka. Hunaja k\u00e4sitell\u00e4\u00e4n elintarvikehyv\u00e4ksytyiss\u00e4 tiloissa, jotta voimme taata Hunaja Hetken hunajan olevan puhdasta ja laadukasta. Makuhunajissa k\u00e4yt\u00e4mme pehme\u00e4ksi vaivattua, suussa sulavaa hunajaa, jossa hunajan maku ja Rommin maku yhdess\u00e4 tekev\u00e4t hunajavalmisteesta t\u00e4ydellisen yhdistelm\u00e4n. Hunajaa ei miss\u00e4\u00e4n vaiheessa kuummenneta vaan sit\u00e4 sekoitetaan ennen purkittamista N\u00e4in hunajan kiderakenne tasoittuu ja hunajasta tulee lusikoitavaa ja hyvin pehmoista. N\u00e4in takaamme, ett\u00e4 hunajan kaikki hyv\u00e4t raaka-aineet s\u00e4ilyv\u00e4t ja hunaja vitamiinit ja hivenaineet eiv\u00e4t katoa.<\/span><\/p>\n<p>&nbsp;<\/p>","protected":false},"featured_media":1241,"template":"","meta":{"_acf_changed":false},"product_brand":[],"product_cat":[139,152],"product_tag":[25,169,254,168,167,165,166,170],"class_list":{"0":"post-1240","1":"product","2":"type-product","3":"status-publish","4":"has-post-thumbnail","6":"product_cat-hunaja-hetki","7":"product_cat-hunaja","8":"product_tag-hunaja","9":"product_tag-hunajavalmiste","10":"product_tag-kotimainen-hunaja","11":"product_tag-luksus","12":"product_tag-makuhunaja","13":"product_tag-rommi","14":"product_tag-rommihunaja","15":"product_tag-rommihunajavalmiste","17":"first","18":"instock","19":"taxable","20":"shipping-taxable","21":"purchasable","22":"product-type-variable"},"acf":[],"_links":{"self":[{"href":"https:\/\/www.hunajahetki.fi\/fr\/wp-json\/wp\/v2\/product\/1240","targetHints":{"allow":["GET"]}}],"collection":[{"href":"https:\/\/www.hunajahetki.fi\/fr\/wp-json\/wp\/v2\/product"}],"about":[{"href":"https:\/\/www.hunajahetki.fi\/fr\/wp-json\/wp\/v2\/types\/product"}],"wp:featuredmedia":[{"embeddable":true,"href":"https:\/\/www.hunajahetki.fi\/fr\/wp-json\/wp\/v2\/media\/1241"}],"wp:attachment":[{"href":"https:\/\/www.hunajahetki.fi\/fr\/wp-json\/wp\/v2\/media?parent=1240"}],"wp:term":[{"taxonomy":"product_brand","embeddable":true,"href":"https:\/\/www.hunajahetki.fi\/fr\/wp-json\/wp\/v2\/product_brand?post=1240"},{"taxonomy":"product_cat","embeddable":true,"href":"https:\/\/www.hunajahetki.fi\/fr\/wp-json\/wp\/v2\/product_cat?post=1240"},{"taxonomy":"product_tag","embeddable":true,"href":"https:\/\/www.hunajahetki.fi\/fr\/wp-json\/wp\/v2\/product_tag?post=1240"}],"curies":[{"name":"wp","href":"https:\/\/api.w.org\/{rel}","templated":true}]}}