{"id":1243,"date":"2023-09-05T14:18:33","date_gmt":"2023-09-05T11:18:33","guid":{"rendered":"https:\/\/www.hunajahetki.fi\/?post_type=product&#038;p=1243"},"modified":"2025-06-19T10:33:06","modified_gmt":"2025-06-19T07:33:06","slug":"huulivoide-mehilaishuulivoide","status":"publish","type":"product","link":"https:\/\/www.hunajahetki.fi\/fr\/produit\/baume-a-levres-baume-a-levres-dabeille\/","title":{"rendered":"Baume \u00e0 l\u00e8vres"},"content":{"rendered":"<h1>La cr\u00e8me \u00e0 l\u00e8vres de Tarhaaja<\/h1>\n<p>La cr\u00e8me pour les l\u00e8vres de Tarhaaja convient aux soins quotidiens de la peau des personnes de tous \u00e2ges. La cr\u00e8me pour les l\u00e8vres contient de bonnes huiles, de la cire d&#039;abeille et de la vitamine E. Le produit est sp\u00e9cialement con\u00e7u pour les peaux sensibles finlandaises sensibilis\u00e9es par les changements de saisons.<\/p>\n<p>L&#039;huile de Calendula soigne, r\u00e9g\u00e9n\u00e8re et apaise les peaux irrit\u00e9es et craquel\u00e9es. Excellente huile pour les peaux sensibles.<br \/>\nL&#039;huile de chanvre est une huile domestique qui nourrit et soigne les peaux sensibles. L&#039;huile apaise, renforce et hydrate la peau et emp\u00eache l&#039;\u00e9vaporation de l&#039;humidit\u00e9 de la peau.<br \/>\nLes propri\u00e9t\u00e9s hydratantes, protectrices et nourrissantes de l&#039;huile de jojoba conviennent \u00e0 tous les types de peau.<br \/>\nLa cire d&#039;abeille est antibact\u00e9rienne. Il retient l&#039;humidit\u00e9, prot\u00e8ge la peau du froid et du vent et apaise les peaux irrit\u00e9es.<br \/>\nLa vitamine E am\u00e9liore l&#039;apport de nutriments et d&#039;oxyg\u00e8ne aux cellules de la peau. Parfait pour les peaux s\u00e8ches et gerc\u00e9es.<\/p>\n<p>En g\u00e9n\u00e9ral : la cr\u00e8me pour les l\u00e8vres Tarhaaja prot\u00e8ge et hydrate la peau d\u00e9licate des l\u00e8vres. La cr\u00e8me pour les l\u00e8vres contient des huiles de haute qualit\u00e9, de la cire d&#039;abeille et de la vitamine E. Une excellente cr\u00e8me pour les l\u00e8vres s\u00e8ches et gerc\u00e9es lors des gel\u00e9es hivernales. Convient \u00e0 tous les \u00e2ges pour un usage quotidien.<\/p>\n<p>&nbsp;<\/p>\n<p>INCI\u00a0: Extrait de Calendula Alendula Officinalis, Huile de graines de Simmondsia Chinensis,<\/p>\n<p>Huile de graines de cannabis sativa, Cera Alba, tocoph\u00e9rol<\/p>\n<p>&nbsp;<\/p>\n<p>Fabricant: <strong>Hunaja Hetki Oy<\/strong><\/p>\n<p>Vallinm\u00e4entie 40, 61640 Ala-Valli<\/p>\n<p>Pays d&#039;origine: <strong>Finlande<\/strong><\/p>\n<p>+358 4424 75773<\/p>\n<p>&nbsp;<\/p>\n<h1><span style=\"font-weight: 400;\">Cosm\u00e9tiques naturels : Pourquoi est-ce une meilleure alternative aux cosm\u00e9tiques traditionnels ?<\/span><\/h1>\n<p><span style=\"font-weight: 400;\">L&#039;industrie cosm\u00e9tique s&#039;est consid\u00e9rablement d\u00e9velopp\u00e9e ces derni\u00e8res ann\u00e9es et, dans le m\u00eame temps, l&#039;int\u00e9r\u00eat pour les cosm\u00e9tiques naturels a \u00e9galement augment\u00e9.<\/span><\/p>\n<p><span style=\"font-weight: 400;\"><a href=\"https:\/\/www.hunajahetki.fi\/fr\/tuote-osasto\/mehilaiskosmetiikka\/\">Avec des cosm\u00e9tiques naturels<\/a> fait r\u00e9f\u00e9rence aux produits cosm\u00e9tiques contenant des ingr\u00e9dients naturels et fabriqu\u00e9s sans produits chimiques synth\u00e9tiques ni additifs nocifs. Cela les rend plus s\u00fbrs \u00e0 utiliser tant pour les personnes que pour l\u2019environnement.<\/span><\/p>\n<p><span style=\"font-weight: 400;\">L\u2019une des principales raisons de choisir les cosm\u00e9tiques naturels r\u00e9side dans leurs ingr\u00e9dients. Les substances synth\u00e9tiques telles que les parab\u00e8nes, les phtalates et le laurylsulfate de sodium sont souvent utilis\u00e9es dans les cosm\u00e9tiques traditionnels. Ces produits chimiques peuvent provoquer des irritations cutan\u00e9es et m\u00eame des r\u00e9actions allergiques. Les ingr\u00e9dients des cosm\u00e9tiques naturels, quant \u00e0 eux, proviennent de la nature, comme les plantes et les min\u00e9raux. Ils ne contiennent pas de produits chimiques nocifs, ce qui les rend plus s\u00fbrs pour les personnes et l&#039;environnement.<\/span><\/p>\n<p><span style=\"font-weight: 400;\">Un autre avantage non n\u00e9gligeable est l\u2019\u00e9thique. De nombreuses marques de cosm\u00e9tiques naturels s\u2019engagent dans une d\u00e9marche de d\u00e9veloppement durable et de production responsable. Par exemple, ils utilisent des m\u00e9thodes agricoles \u00e9cologiques et \u00e9vitent les tests sur les animaux.<\/span><\/p>\n<p><span style=\"font-weight: 400;\">La troisi\u00e8me raison est son efficacit\u00e9. Bien que certains puissent penser que les cosm\u00e9tiques naturels ne peuvent pas \u00eatre aussi efficaces que les cosm\u00e9tiques conventionnels, ce n\u2019est pas vrai. Les ingr\u00e9dients naturels peuvent fournir des r\u00e9sultats similaires, voire meilleurs, en mati\u00e8re de soins de la peau que les ingr\u00e9dients synth\u00e9tiques. Par exemple, les huiles naturelles comme l\u2019huile d\u2019argan et l\u2019huile de jojoba sont tr\u00e8s nourrissantes et hydratantes pour la peau.<\/span><\/p>\n<p><span style=\"font-weight: 400;\">De plus, les fabricants de cosm\u00e9tiques naturels investissent souvent dans la recherche et le d\u00e9veloppement de leurs produits. Ils s&#039;efforcent de trouver de nouvelles fa\u00e7ons innovantes d&#039;utiliser les plantes et autres ingr\u00e9dients naturels dans les soins de la peau. Gr\u00e2ce \u00e0 cela, de nouveaux produits cosm\u00e9tiques naturels qui offrent des r\u00e9sultats encore meilleurs arrivent constamment sur le march\u00e9.<\/span><\/p>\n<p><span style=\"font-weight: 400;\">Bien que la popularit\u00e9 des cosm\u00e9tiques naturels soit croissante, il est important d\u2019\u00eatre prudent lors du choix des produits. Tous les produits annonc\u00e9s comme cosm\u00e9tiques naturels ne r\u00e9pondent pas n\u00e9cessairement aux normes strictes des cosm\u00e9tiques naturels. C&#039;est une bonne id\u00e9e de v\u00e9rifier la liste des ingr\u00e9dients du produit et de vous assurer qu&#039;il ne contient que des ingr\u00e9dients naturels.<\/span><\/p>\n<p><span style=\"font-weight: 400;\">Il est toutefois important de noter que le terme \u00ab cosm\u00e9tique naturel \u00bb n\u2019est pas une notion prot\u00e9g\u00e9e ou uniforme. Par cons\u00e9quent, le consommateur doit \u00eatre prudent et se familiariser avec la liste des ingr\u00e9dients du produit et les \u00e9ventuels certificats avant de l&#039;acheter. Le plus c\u00e9l\u00e8bre des certificats est <\/span><a href=\"https:\/\/www.ecocert.com\/en\/home\" target=\"_blank\" rel=\"noopener\"><span style=\"font-weight: 400;\">Ecocert<\/span><\/a><span style=\"font-weight: 400;\">, mais il existe \u00e9galement d&#039;autres syst\u00e8mes de certification fiables.<\/span><\/p>\n<p>&nbsp;<\/p>\n<h2><span style=\"font-weight: 400;\">Choix \u00e9cologique : Quel est l\u2019impact de la Cosm\u00e9tique Naturelle sur l\u2019environnement ?<\/span><\/h2>\n<p><span style=\"font-weight: 400;\">De plus en plus de gens commencent \u00e0 faire attention \u00e0 ce qu\u2019ils mettent sur leur peau et leurs cheveux. En cons\u00e9quence, la popularit\u00e9 des cosm\u00e9tiques naturels a consid\u00e9rablement augment\u00e9 ces derni\u00e8res ann\u00e9es. Bien que l\u2019utilisation de produits cosm\u00e9tiques naturels puisse \u00eatre bonne pour la sant\u00e9, il est \u00e9galement important de penser \u00e0 son impact sur l\u2019environnement.<\/span><\/p>\n<p><span style=\"font-weight: 400;\">De nombreuses marques de cosm\u00e9tiques naturels s\u2019engagent en faveur du d\u00e9veloppement durable et d\u2019op\u00e9rations responsables. Ils s&#039;efforcent d&#039;utiliser des mati\u00e8res premi\u00e8res produites de mani\u00e8re \u00e9thique et de fabriquer leurs produits de mani\u00e8re respectueuse de l&#039;environnement. Par exemple, les mat\u00e9riaux d\u2019emballage des produits cosm\u00e9tiques naturels peuvent \u00eatre recyclables ou biod\u00e9gradables.<\/span><\/p>\n<p><span style=\"font-weight: 400;\">Les consommateurs devraient envisager de modifier leur comportement de consommation dans une direction plus durable de mani\u00e8re globale. En plus d\u2019utiliser des cosm\u00e9tiques naturels, vous pouvez par exemple r\u00e9duire l\u2019utilisation du plastique, recycler les mat\u00e9riaux d\u2019emballage et privil\u00e9gier les produits fabriqu\u00e9s \u00e0 proximit\u00e9.<\/span><\/p>\n<p>&nbsp;<\/p>\n<h2><span style=\"font-weight: 400;\">Avantages des cosm\u00e9tiques naturels pour la peau et les cheveux<\/span><\/h2>\n<p><span style=\"font-weight: 400;\">Les cosm\u00e9tiques naturels offrent de nombreux avantages par rapport aux produits cosm\u00e9tiques traditionnels, notamment en mati\u00e8re de soins de la peau et des cheveux.<\/span><\/p>\n<p><span style=\"font-weight: 400;\">Les produits cosm\u00e9tiques naturels sont principalement fabriqu\u00e9s \u00e0 partir d\u2019ingr\u00e9dients d\u2019origine v\u00e9g\u00e9tale et min\u00e9rale qui n\u2019ont pas \u00e9t\u00e9 trait\u00e9s avec des substances chimiques ou des additifs synth\u00e9tiques. Cela les rend plus s\u00fbrs \u00e0 utiliser et r\u00e9duit le risque de r\u00e9actions allergiques.<\/span><\/p>\n<p><span style=\"font-weight: 400;\">Les huiles, extraits et beurres d\u2019origine v\u00e9g\u00e9tale regorgent de vitamines, d\u2019antioxydants et d\u2019autres nutriments b\u00e9n\u00e9fiques pour la peau et les cheveux. Par exemple, l\u2019huile d\u2019argan est un excellent hydratant et traite efficacement la peau et les cheveux secs. Le gel d&#039;Aloe Vera apaise la peau irrit\u00e9e et aide \u00e0 am\u00e9liorer l&#039;\u00e9tat de la peau. Les produits cosm\u00e9tiques naturels contiennent souvent \u00e9galement des huiles essentielles naturelles, qui peuvent avoir des effets th\u00e9rapeutiques, par exemple sur le stress ou l&#039;insomnie.<\/span><\/p>\n<p><span style=\"font-weight: 400;\">Les bienfaits des cosm\u00e9tiques naturels sont particuli\u00e8rement visibles sur le long terme. L&#039;utilisation r\u00e9guli\u00e8re de produits cosm\u00e9tiques naturels peut am\u00e9liorer l&#039;\u00e9tat de la peau, r\u00e9duire les irritations et les inflammations cutan\u00e9es et renforcer les cheveux. \u00c9tant donn\u00e9 que les produits cosm\u00e9tiques naturels ne contiennent pas de substances synth\u00e9tiques, ils ne provoquent pas non plus de d\u00e9pendance ni d\u2019effets secondaires nocifs.<\/span><\/p>\n<p><span style=\"font-weight: 400;\">Cependant, il est important de se rappeler que la peau et les cheveux de chacun sont uniques et que ce qui fonctionne pour une personne peut ne pas fonctionner pour une autre. Les cosm\u00e9tiques naturels peuvent \u00eatre une bonne option pour ceux qui souhaitent \u00e9viter les produits chimiques et investir dans des soins de beaut\u00e9 naturels. Cependant, il est toujours recommand\u00e9 de lire attentivement la liste des ingr\u00e9dients figurant sur l&#039;emballage du produit et, si n\u00e9cessaire, de faire un test d&#039;allergie avant d&#039;utiliser un nouveau produit.<\/span><\/p>\n<p>&nbsp;<\/p>\n<h2><span style=\"font-weight: 400;\">Cosm\u00e9tiques d&#039;abeilles - Utilisation de la cire d&#039;abeille en cosm\u00e9tique<\/span><\/h2>\n<p><a href=\"https:\/\/www.hunajahetki.fi\/fr\/tuote-osasto\/mehilaisvahat\/\"><span style=\"font-weight: 400;\">Cire d&#039;abeille<\/span><\/a><span style=\"font-weight: 400;\"> est un ingr\u00e9dient naturel largement utilis\u00e9 en cosm\u00e9tique en raison de ses propri\u00e9t\u00e9s polyvalentes. Il est obtenu \u00e0 partir des glandes cireuses des abeilles et est utilis\u00e9 dans divers produits de soins de la peau, tels que des cr\u00e8mes, <\/span><a href=\"https:\/\/www.hunajahetki.fi\/fr\/tuote\/menthol-huulivoide\/\"><span style=\"font-weight: 400;\">dans les baumes \u00e0 l\u00e8vres<\/span><\/a><span style=\"font-weight: 400;\"> et le maquillage.\u00a0<\/span><\/p>\n<p><span style=\"font-weight: 400;\">Les bienfaits de la cire d\u2019abeille pour la peau sont multiples et son utilisation en cosm\u00e9tique est devenue plus courante ces derni\u00e8res ann\u00e9es.<\/span><\/p>\n<p><span style=\"font-weight: 400;\">Un avantage important des cosm\u00e9tiques apicoles r\u00e9side dans leurs propri\u00e9t\u00e9s hydratantes. Il cr\u00e9e une couche protectrice sur la peau, emp\u00eachant l\u2019humidit\u00e9 de s\u2019\u00e9vaporer, aidant ainsi \u00e0 garder la peau hydrat\u00e9e. Cela en fait un excellent ingr\u00e9dient dans les produits pour peaux s\u00e8ches ou sensibles.<\/span><\/p>\n<p><span style=\"font-weight: 400;\">De plus, les cosm\u00e9tiques d\u2019abeille agissent comme un adoucissant naturel et conf\u00e8rent aux produits une texture agr\u00e9able. Cela aide \u00e9galement \u00e0 conserver la forme du produit et l\u2019emp\u00eache de fondre \u00e0 des temp\u00e9ratures plus \u00e9lev\u00e9es. Gr\u00e2ce \u00e0 cela, la cire d&#039;abeille peut \u00eatre utilis\u00e9e, par exemple, dans la fabrication de baumes \u00e0 l\u00e8vres, car elle leur conf\u00e8re une structure solide.<\/span><\/p>\n<p><span style=\"font-weight: 400;\">La cire d&#039;abeille contient \u00e9galement des antioxydants qui aident \u00e0 prot\u00e9ger la peau des radicaux libres et \u00e0 ralentir les signes du vieillissement. Il peut \u00e9galement apaiser la peau irrit\u00e9e et r\u00e9duire l\u2019inflammation, ce qui en fait un ingr\u00e9dient utile, par exemple, dans les cr\u00e8mes apr\u00e8s-rasage ou les produits destin\u00e9s aux peaux \u00e0 tendance acn\u00e9ique.<\/span><\/p>\n<p><span style=\"font-weight: 400;\">La cire d\u2019abeille peut \u00e9galement \u00eatre utilis\u00e9e dans les soins capillaires. Il aide \u00e0 garder les cheveux hydrat\u00e9s et leur donne une brillance naturelle. La cire d&#039;abeille fonctionne \u00e9galement comme un produit coiffant naturel, car elle maintient la coiffure en place sans produits chimiques nocifs.<\/span><\/p>\n<p><span style=\"font-weight: 400;\">Cependant, il convient de noter que la cire d\u2019abeille peut provoquer des r\u00e9actions allergiques chez certaines personnes. C&#039;est pourquoi il est important de faire un test d&#039;allergie avant d&#039;introduire un nouveau produit cosm\u00e9tique. De plus, il est bon de s\u2019assurer que la cire d\u2019abeille est produite de mani\u00e8re \u00e9thique et provient de ruches g\u00e9r\u00e9es de mani\u00e8re responsable.<\/span><\/p>\n<p>&nbsp;<\/p>\n<h3><span style=\"font-weight: 400;\">Cosm\u00e9tiques finlandais pour abeilles de la boutique en ligne Hunaja Hetki<\/span><\/h3>\n<p><a href=\"https:\/\/www.hunajahetki.fi\/fr\/\"><span style=\"font-weight: 400;\">Ch\u00e9rie dans un instant<\/span><\/a><span style=\"font-weight: 400;\"> nous souhaitons offrir \u00e0 nos clients des cosm\u00e9tiques pour abeilles de haute qualit\u00e9 directement depuis notre boutique en ligne. Les cosm\u00e9tiques pour abeilles que nous vendons et fabriquons sont un produit cosm\u00e9tique naturel finlandais.<\/span><\/p>\n<p><span style=\"font-weight: 400;\">Dans notre boutique en ligne Hunaja Hetki, vous trouverez une large s\u00e9lection de produits cosm\u00e9tiques d&#039;abeille adapt\u00e9s \u00e0 tous les types de peau. Nos produits sont fabriqu\u00e9s en Finlande, en interne <\/span><a href=\"https:\/\/www.hunajahetki.fi\/fr\/brandi\/\"><span style=\"font-weight: 400;\">dans notre rucher<\/span><\/a><span style=\"font-weight: 400;\"> \u00e0 partir de mati\u00e8res premi\u00e8res de haute qualit\u00e9 et ne contiennent ni additifs ni conservateurs artificiels.<\/span><\/p>\n<p><span style=\"font-weight: 400;\">Utiliser des cosm\u00e9tiques d\u2019abeilles n\u2019est pas seulement une tendance mais aussi un choix \u00e9cologique. Les ingr\u00e9dients naturels ne nuisent pas \u00e0 notre environnement de la m\u00eame mani\u00e8re que les produits chimiques synth\u00e9tiques. De plus, en achetant les produits Hunaja Hetke aupr\u00e8s de notre petite entreprise locale, vous soutenez la culture apicole finlandaise.<\/span><\/p>\n<p><span style=\"font-weight: 400;\">Hunaja Hetki souhaite offrir \u00e0 ses clients la possibilit\u00e9 de se faire plaisir avec des produits cosm\u00e9tiques d&#039;abeilles naturels et efficaces. Avec notre boutique en ligne, vous pouvez facilement explorer notre s\u00e9lection et commander vos produits pr\u00e9f\u00e9r\u00e9s \u00e0 votre porte. Nous proposons \u00e9galement une livraison rapide afin que vous puissiez profiter des produits Hunaja Hetke en un rien de temps.<\/span><\/p>\n<p><span style=\"font-weight: 400;\">Bienvenue dans la boutique en ligne de Hunaja Hetke et trouvez votre nouveau produit cosm\u00e9tique d&#039;abeille pr\u00e9f\u00e9r\u00e9 pour votre routine de soins de la peau !<\/span><\/p>","protected":false},"excerpt":{"rendered":"<p>Tarhaajan huulivoiteen rauhoittava keh\u00e4kukka\u00f6ljy ja suojaava mehil\u00e4isvaha tekev\u00e4t t\u00e4st\u00e4 t\u00e4ydellisen huulivoiteen herkille ja kuiville huulille.<\/p>\n<p>Keh\u00e4kukka\u00f6ljyn ihoa uudistavat, hoitavat ja rauhoittavat ominaisuudet auttavat vaurioituneiden ja \u00e4rtyneiden huulien hoidossa.\u00a0 Mehil\u00e4isvaha suojaa huulia s\u00e4\u00e4n l\u00e4mp\u00f6tilan vaihteluiden aiheuttamaa kuivuutta vatsaan. Tarhaajan huulivoiteessa on k\u00e4ytetty lis\u00e4ksi hamppu\u00f6ljy\u00e4, jojoba\u00f6ljy\u00e4 ja E-vitamiinia. Kosteuttava, rauhoittava ja suojaava Tarhaajan huulivoide sopii p\u00e4ivitt\u00e4iseen k\u00e4ytt\u00f6\u00f6n.<\/p>\n<p>&nbsp;<\/p>","protected":false},"featured_media":1816,"template":"","meta":{"_acf_changed":false},"product_brand":[],"product_cat":[139,21],"product_tag":[120,127,298,302,41,304,303],"class_list":{"0":"post-1243","1":"product","2":"type-product","3":"status-publish","4":"has-post-thumbnail","6":"product_cat-hunaja-hetki","7":"product_cat-mehilaiskosmetiikka","8":"product_tag-huulivoide","9":"product_tag-kosmetiikka","10":"product_tag-kotimainen-kosmetiikka","11":"product_tag-luonnontuote","12":"product_tag-mehilaisvaha","13":"product_tag-mentholinmakuinen","14":"product_tag-vaniljanmakuinen","16":"first","17":"instock","18":"taxable","19":"shipping-taxable","20":"purchasable","21":"product-type-variable"},"acf":[],"_links":{"self":[{"href":"https:\/\/www.hunajahetki.fi\/fr\/wp-json\/wp\/v2\/product\/1243","targetHints":{"allow":["GET"]}}],"collection":[{"href":"https:\/\/www.hunajahetki.fi\/fr\/wp-json\/wp\/v2\/product"}],"about":[{"href":"https:\/\/www.hunajahetki.fi\/fr\/wp-json\/wp\/v2\/types\/product"}],"wp:featuredmedia":[{"embeddable":true,"href":"https:\/\/www.hunajahetki.fi\/fr\/wp-json\/wp\/v2\/media\/1816"}],"wp:attachment":[{"href":"https:\/\/www.hunajahetki.fi\/fr\/wp-json\/wp\/v2\/media?parent=1243"}],"wp:term":[{"taxonomy":"product_brand","embeddable":true,"href":"https:\/\/www.hunajahetki.fi\/fr\/wp-json\/wp\/v2\/product_brand?post=1243"},{"taxonomy":"product_cat","embeddable":true,"href":"https:\/\/www.hunajahetki.fi\/fr\/wp-json\/wp\/v2\/product_cat?post=1243"},{"taxonomy":"product_tag","embeddable":true,"href":"https:\/\/www.hunajahetki.fi\/fr\/wp-json\/wp\/v2\/product_tag?post=1243"}],"curies":[{"name":"wp","href":"https:\/\/api.w.org\/{rel}","templated":true}]}}