{"id":1371,"date":"2023-11-05T08:03:34","date_gmt":"2023-11-05T06:03:34","guid":{"rendered":"https:\/\/www.hunajahetki.fi\/?post_type=product&#038;p=1371"},"modified":"2025-10-13T10:00:25","modified_gmt":"2025-10-13T07:00:25","slug":"chili-hunajavalmiste-hunaja-hetki","status":"publish","type":"product","link":"https:\/\/www.hunajahetki.fi\/fr\/produit\/chili-miel-preparation-moment-de-miel\/","title":{"rendered":"Aromatis\u00e9 au piment - Pr\u00e9paration au miel"},"content":{"rendered":"<div id=\"_tab_content-37-699\" class=\"oxy-tab-content tabs-contents-9240-tab\">\n<div id=\"text_block-39-699\" class=\"ct-text-block c-text-dark c-text-m\">\n<p>Fabricant: <strong>Hunaja Hetki Oy<\/strong><\/p>\n<p>Vallinm\u00e4entie 40, 61640 Ala-Valli<\/p>\n<p>+358 4424 75773<\/p>\n<p>Pays d&#039;origine: <strong>Finlande<\/strong><\/p>\n<p>Ranger \u00e0 temp\u00e9rature ambiante. Stockage \u00e0 long terme dans un endroit frais et sec.<\/p>\n<p>Ainesosat: Hunaja, <strong>saveur de piment<\/strong><\/p>\n<p>Quantit\u00e9 : 270 g<\/p>\n<p>Pas pour les enfants de moins d&#039;un an.<\/p>\n<p class=\"cvGsUA direction-ltr align-end para-style-body\"><strong><span class=\"a_GcMg font-feature-liga-off font-feature-clig-off font-feature-calt-off text-decoration-none text-strikethrough-none\">Ravintoarvot\/N\u00e4rdingsv\u00e4rden:<\/span><\/strong><\/p>\n<p class=\"cvGsUA direction-ltr align-end para-style-body\"><span class=\"a_GcMg font-feature-liga-off font-feature-clig-off font-feature-calt-off text-decoration-none text-strikethrough-none\">Energia\/ Energi: 1 382 kJ (330 kcal) \/100g<\/span><\/p>\n<p class=\"cvGsUA direction-ltr align-end para-style-body\"><span class=\"a_GcMg font-feature-liga-off font-feature-clig-off font-feature-calt-off text-decoration-none text-strikethrough-none\">Rasva\/Fett: 0 g<\/span><\/p>\n<p class=\"cvGsUA direction-ltr align-end para-style-body\"><span class=\"a_GcMg font-feature-liga-off font-feature-clig-off font-feature-calt-off text-decoration-none text-strikethrough-none\">josta tyydyttynytt\u00e4\/ varav m\u00e4tat fett: 0g<\/span><\/p>\n<p class=\"cvGsUA direction-ltr align-end para-style-body\"><span class=\"a_GcMg font-feature-liga-off font-feature-clig-off font-feature-calt-off text-decoration-none text-strikethrough-none\">Hiilihydraatti\/Kolhydrat: 82g<\/span><\/p>\n<p class=\"cvGsUA direction-ltr align-end para-style-body\"><span class=\"a_GcMg font-feature-liga-off font-feature-clig-off font-feature-calt-off text-decoration-none text-strikethrough-none\">josta sokereita \/ varav sockerarter 82 g<\/span><\/p>\n<p class=\"cvGsUA direction-ltr align-end para-style-body\"><span class=\"a_GcMg font-feature-liga-off font-feature-clig-off font-feature-calt-off text-decoration-none text-strikethrough-none\">Proteiini\/Protein: 0 g<\/span><\/p>\n<p class=\"cvGsUA direction-ltr align-end para-style-body\"><span class=\"a_GcMg font-feature-liga-off font-feature-clig-off font-feature-calt-off text-decoration-none text-strikethrough-none\">Suola\/Salt: 0 g<\/span><\/p>\n<\/div>\n<\/div>","protected":false},"excerpt":{"rendered":"<h1>Pr\u00e9paration au miel aromatis\u00e9 au menton<\/h1>\n<p>La pr\u00e9paration au miel et au chili est parfaite pour \u00eatre consomm\u00e9e telle quelle, dans les boissons chaudes, dans la cuisine et dans les desserts.<\/p>\n<h2>Qualit\u00e9 du miel<\/h2>\n<p><span id=\"span-25-699\" class=\"ct-span\">Miel Dans tous les miels et produits \u00e0 base de miel de Hetke, la qualit\u00e9 est primordiale et le miel est trait\u00e9 \u00e0 la main, des ruches jusqu&#039;aux pots. Le miel est transform\u00e9 dans des installations agr\u00e9\u00e9es pour les aliments, afin que nous puissions garantir que le miel de Hunaja Hetke est propre et de haute qualit\u00e9. Dans les miels aromatis\u00e9s, nous utilisons du miel malax\u00e9 et fondant dans la bouche, o\u00f9 le go\u00fbt du miel et le go\u00fbt du piment font du produit \u00e0 base de miel une combinaison parfaite. Le miel n&#039;est jamais chauff\u00e9, mais est m\u00e9lang\u00e9 avant la mise en conserve. De cette fa\u00e7on, la structure cristalline du miel est liss\u00e9e et le miel devient cuill\u00e8re et tr\u00e8s doux. Nous garantissons ainsi que tous les bons ingr\u00e9dients du miel sont pr\u00e9serv\u00e9s et que les vitamines et oligo-\u00e9l\u00e9ments du miel ne sont pas perdus.<\/span><\/p>","protected":false},"featured_media":2078,"template":"","meta":{"_acf_changed":false},"product_brand":[],"product_cat":[152,139],"product_tag":[179,180,25,169,167,136],"class_list":{"0":"post-1371","1":"product","2":"type-product","3":"status-publish","4":"has-post-thumbnail","6":"product_cat-hunaja","7":"product_cat-hunaja-hetki","8":"product_tag-chili","9":"product_tag-cilihunajavalmiste","10":"product_tag-hunaja","11":"product_tag-hunajavalmiste","12":"product_tag-makuhunaja","13":"product_tag-ruoanlaitto","15":"first","16":"instock","17":"taxable","18":"shipping-taxable","19":"purchasable","20":"product-type-variable"},"acf":[],"_links":{"self":[{"href":"https:\/\/www.hunajahetki.fi\/fr\/wp-json\/wp\/v2\/product\/1371","targetHints":{"allow":["GET"]}}],"collection":[{"href":"https:\/\/www.hunajahetki.fi\/fr\/wp-json\/wp\/v2\/product"}],"about":[{"href":"https:\/\/www.hunajahetki.fi\/fr\/wp-json\/wp\/v2\/types\/product"}],"wp:featuredmedia":[{"embeddable":true,"href":"https:\/\/www.hunajahetki.fi\/fr\/wp-json\/wp\/v2\/media\/2078"}],"wp:attachment":[{"href":"https:\/\/www.hunajahetki.fi\/fr\/wp-json\/wp\/v2\/media?parent=1371"}],"wp:term":[{"taxonomy":"product_brand","embeddable":true,"href":"https:\/\/www.hunajahetki.fi\/fr\/wp-json\/wp\/v2\/product_brand?post=1371"},{"taxonomy":"product_cat","embeddable":true,"href":"https:\/\/www.hunajahetki.fi\/fr\/wp-json\/wp\/v2\/product_cat?post=1371"},{"taxonomy":"product_tag","embeddable":true,"href":"https:\/\/www.hunajahetki.fi\/fr\/wp-json\/wp\/v2\/product_tag?post=1371"}],"curies":[{"name":"wp","href":"https:\/\/api.w.org\/{rel}","templated":true}]}}