{"id":1387,"date":"2023-11-05T09:11:01","date_gmt":"2023-11-05T07:11:01","guid":{"rendered":"https:\/\/www.hunajahetki.fi\/?post_type=product&#038;p=1387"},"modified":"2025-10-13T09:56:41","modified_gmt":"2025-10-13T06:56:41","slug":"vanilja-hunajavalmiste-hunaja-hetki","status":"publish","type":"product","link":"https:\/\/www.hunajahetki.fi\/fr\/produit\/preparation-au-miel-de-vanille-moment-de-miel\/","title":{"rendered":"Aromatis\u00e9 \u00e0 la vanille - Produit \u00e0 base de miel"},"content":{"rendered":"<div id=\"_tab_content-37-699\" class=\"oxy-tab-content tabs-contents-9240-tab\">\n<div id=\"text_block-39-699\" class=\"ct-text-block c-text-dark c-text-m\">\n<h1>Vaniljanmakuinen makuhunaja<\/h1>\n<p>Fabricant: <strong>Hunaja Hetki Oy<\/strong><\/p>\n<p>Vallinm\u00e4entie 40, 61640 Ala-Valli<\/p>\n<p>+358 4424 75773<\/p>\n<p>Pays d&#039;origine:<strong> Finlande<\/strong><\/p>\n<p>Ranger \u00e0 temp\u00e9rature ambiante. Stockage \u00e0 long terme dans un endroit frais et sec.<\/p>\n<p>Ainesosat: Hunaja, vanilja-aromi<\/p>\n<p>Quantit\u00e9 : 270 g<\/p>\n<p>Pas pour les enfants de moins d&#039;un an.<\/p>\n<p class=\"cvGsUA direction-ltr align-end para-style-body\"><strong><span class=\"a_GcMg font-feature-liga-off font-feature-clig-off font-feature-calt-off text-decoration-none text-strikethrough-none\">Ravintoarvot\/N\u00e4rdingsv\u00e4rden:<\/span><\/strong><\/p>\n<p class=\"cvGsUA direction-ltr align-end para-style-body\"><span class=\"a_GcMg font-feature-liga-off font-feature-clig-off font-feature-calt-off text-decoration-none text-strikethrough-none\">Energia\/ Energi: 1 382 kJ (330 kcal) \/100g<\/span><\/p>\n<p class=\"cvGsUA direction-ltr align-end para-style-body\"><span class=\"a_GcMg font-feature-liga-off font-feature-clig-off font-feature-calt-off text-decoration-none text-strikethrough-none\">Rasva\/Fett: 0 g<\/span><\/p>\n<p class=\"cvGsUA direction-ltr align-end para-style-body\"><span class=\"a_GcMg font-feature-liga-off font-feature-clig-off font-feature-calt-off text-decoration-none text-strikethrough-none\">josta tyydyttynytt\u00e4\/ varav m\u00e4tat fett: 0g<\/span><\/p>\n<p class=\"cvGsUA direction-ltr align-end para-style-body\"><span class=\"a_GcMg font-feature-liga-off font-feature-clig-off font-feature-calt-off text-decoration-none text-strikethrough-none\">Hiilihydraatti\/Kolhydrat: 82g<\/span><\/p>\n<p class=\"cvGsUA direction-ltr align-end para-style-body\"><span class=\"a_GcMg font-feature-liga-off font-feature-clig-off font-feature-calt-off text-decoration-none text-strikethrough-none\">josta sokereita \/ varav sockerarter 82 g<\/span><\/p>\n<p class=\"cvGsUA direction-ltr align-end para-style-body\"><span class=\"a_GcMg font-feature-liga-off font-feature-clig-off font-feature-calt-off text-decoration-none text-strikethrough-none\">Proteiini\/Protein: 0 g<\/span><\/p>\n<p class=\"cvGsUA direction-ltr align-end para-style-body\"><span class=\"a_GcMg font-feature-liga-off font-feature-clig-off font-feature-calt-off text-decoration-none text-strikethrough-none\">Suola\/Salt: 0 g<\/span><\/p>\n<\/div>\n<\/div>","protected":false},"excerpt":{"rendered":"<p>Vaniljanmakuinen hunajavalmiste sopii erinomaisesti sellaisenaan nautittavaksi, kuumiin juomiin ja j\u00e4lkiruokiin.<\/p>\n<p>Laita Hunaja Hetken Vaniljanmakuista hunajavalmistetta j\u00e4lkiruokiin esimerkiksi kakun t\u00e4ytteeksi, vaniljanmakuinen hunaja sopii hyvin sokerin korvikkeeksi. On t\u00e4rke\u00e4 huomioida kun korvaa sokerin hunajalla, ett\u00e4 hunajan m\u00e4\u00e4r\u00e4 pit\u00e4\u00e4 olla pienempi kuin sokerin m\u00e4\u00e4r\u00e4, sill\u00e4 hunaja on makeampaa ja sit\u00e4 riitt\u00e4\u00e4 hyvin v\u00e4hempi m\u00e4\u00e4r\u00e4. Kannattaa aloittaa pienell\u00e4 m\u00e4\u00e4r\u00e4ll\u00e4 ja lis\u00e4t\u00e4 m\u00e4\u00e4r\u00e4\u00e4 tarvittaessa.<\/p>\n<p>&nbsp;<\/p>\n<h2>Qualit\u00e9 du miel<\/h2>\n<p><span id=\"span-25-699\" class=\"ct-span\">Hunaja Hetken kaikissa hunajissa ja hunajavalmisteissa vaalitaan laatua ja hunaja k\u00e4sitell\u00e4\u00e4n itse k\u00e4sity\u00f6n\u00e4 mehil\u00e4ispesist\u00e4 purkkeihin saakka. Hunaja k\u00e4sitell\u00e4\u00e4n elintarvikehyv\u00e4ksytyiss\u00e4 tiloissa, jotta voimme taata Hunaja Hetken hunajan olevan puhdasta ja laadukasta. Makuhunajissa k\u00e4yt\u00e4mme pehme\u00e4ksi vaivattua, suussa sulavaa hunajaa, jossa hunajan maku ja Vaniljan maku yhdess\u00e4 tekev\u00e4t hunajavalmisteesta t\u00e4ydellisen yhdistelm\u00e4n. Hunajaa ei miss\u00e4\u00e4n vaiheessa kuummenneta vaan sit\u00e4 sekoitetaan ennen purkittamista. N\u00e4in hunajan kiderakenne tasoittuu ja hunajasta tulee lusikoitavaa ja hyvin pehmoista. N\u00e4in takaamme, ett\u00e4 hunajan kaikki hyv\u00e4t raaka-aineet s\u00e4ilyv\u00e4t ja hunaja vitamiinit ja hivenaineet eiv\u00e4t katoa.<\/span><\/p>","protected":false},"featured_media":2051,"template":"","meta":{"_acf_changed":false},"product_brand":[],"product_cat":[152,139],"product_tag":[25,126,169,188,254,167,196,197,195],"class_list":{"0":"post-1387","1":"product","2":"type-product","3":"status-publish","4":"has-post-thumbnail","6":"product_cat-hunaja","7":"product_cat-hunaja-hetki","8":"product_tag-hunaja","9":"product_tag-hunaja-hetki","10":"product_tag-hunajavalmiste","11":"product_tag-jalkiruoka","12":"product_tag-kotimainen-hunaja","13":"product_tag-makuhunaja","14":"product_tag-vanilia","15":"product_tag-vanilijahunajavalmiste","16":"product_tag-vanilja","18":"first","19":"instock","20":"taxable","21":"shipping-taxable","22":"purchasable","23":"product-type-variable"},"acf":[],"_links":{"self":[{"href":"https:\/\/www.hunajahetki.fi\/fr\/wp-json\/wp\/v2\/product\/1387","targetHints":{"allow":["GET"]}}],"collection":[{"href":"https:\/\/www.hunajahetki.fi\/fr\/wp-json\/wp\/v2\/product"}],"about":[{"href":"https:\/\/www.hunajahetki.fi\/fr\/wp-json\/wp\/v2\/types\/product"}],"wp:featuredmedia":[{"embeddable":true,"href":"https:\/\/www.hunajahetki.fi\/fr\/wp-json\/wp\/v2\/media\/2051"}],"wp:attachment":[{"href":"https:\/\/www.hunajahetki.fi\/fr\/wp-json\/wp\/v2\/media?parent=1387"}],"wp:term":[{"taxonomy":"product_brand","embeddable":true,"href":"https:\/\/www.hunajahetki.fi\/fr\/wp-json\/wp\/v2\/product_brand?post=1387"},{"taxonomy":"product_cat","embeddable":true,"href":"https:\/\/www.hunajahetki.fi\/fr\/wp-json\/wp\/v2\/product_cat?post=1387"},{"taxonomy":"product_tag","embeddable":true,"href":"https:\/\/www.hunajahetki.fi\/fr\/wp-json\/wp\/v2\/product_tag?post=1387"}],"curies":[{"name":"wp","href":"https:\/\/api.w.org\/{rel}","templated":true}]}}