{"id":1466,"date":"2023-11-05T10:38:46","date_gmt":"2023-11-05T08:38:46","guid":{"rendered":"https:\/\/www.hunajahetki.fi\/?post_type=product&#038;p=1466"},"modified":"2025-06-19T10:31:27","modified_gmt":"2025-06-19T07:31:27","slug":"avokadovoide-luonnonkosmetiikka-voide-kokovartalolle","status":"publish","type":"product","link":"https:\/\/www.hunajahetki.fi\/fr\/produit\/creme-davocat-creme-cosmetique-naturelle-pour-tout-le-corps\/","title":{"rendered":"Cr\u00e8me d&#039;avocat - Pour tout le corps"},"content":{"rendered":"<p>Fabricant: <strong>Hunaja Hetki Oy<\/strong><\/p>\n<p>Vallinm\u00e4entie 40, 61640 Ala-Valli<\/p>\n<p>Pays d&#039;origine: <strong>Finlande<\/strong><\/p>\n<p>+358 4424 75773<\/p>\n<p>50 ml<\/p>\n<p>Inci\u00a0: huile de Persea Gratissima, huile de graines de Simmondsia Chinensis, huile hybride de Heliantushus Annuus, beurre de Butyruspermum Parkii, Cera Alba<\/p>","protected":false},"excerpt":{"rendered":"<h1>Cr\u00e8me d&#039;avocat \u2013 pour tout le corps<\/h1>\n<p>La cr\u00e8me d&#039;avocat est un produit de soin de la peau populaire et ses bienfaits sont li\u00e9s aux ingr\u00e9dients qu&#039;elle contient, notamment l&#039;huile d&#039;avocat. L&#039;avocat contient beaucoup de bonnes graisses, telles que les acides gras om\u00e9ga et la vitamine A, qui aident \u00e0 hydrater la peau en profondeur. La cr\u00e8me d&#039;avocat aide \u00e0 maintenir l&#039;\u00e9quilibre hydrique et la douceur de la peau. L&#039;avocat contient \u00e9galement de la vitamine E et de la vitamine C, qui agissent comme antioxydants et aident \u00e0 prot\u00e9ger la peau des radicaux libres, ralentissant les signes du vieillissement et favorisant une peau plus saine. L&#039;avocat aide \u00e0 apaiser la peau irrit\u00e9e ou enflamm\u00e9e. Ses ingr\u00e9dients naturels soulagent les sympt\u00f4mes caus\u00e9s par les irritations. Excellente, par exemple, pour les peaux atopiques. L&#039;huile d&#039;avocat soutient le processus de renouvellement de la peau et contribue \u00e0 am\u00e9liorer la structure de la peau, ce qui peut la rendre plus lisse et plus saine. La cr\u00e8me d&#039;avocat convient \u00e0 de nombreux types de peau, en particulier aux peaux s\u00e8ches et sensibles, mais convient \u00e9galement aux peaux normales ou grasses, car elle n&#039;obstrue g\u00e9n\u00e9ralement pas les pores.<\/p>","protected":false},"featured_media":1712,"template":"","meta":{"_acf_changed":false},"product_brand":[],"product_cat":[21,139],"product_tag":[296,295,126,127,298,297],"class_list":{"0":"post-1466","1":"product","2":"type-product","3":"status-publish","4":"has-post-thumbnail","6":"product_cat-mehilaiskosmetiikka","7":"product_cat-hunaja-hetki","8":"product_tag-avocado","9":"product_tag-avocadovoide","10":"product_tag-hunaja-hetki","11":"product_tag-kosmetiikka","12":"product_tag-kotimainen-kosmetiikka","13":"product_tag-luonnonkosmetiikka","15":"first","16":"instock","17":"taxable","18":"shipping-taxable","19":"purchasable","20":"product-type-simple"},"acf":[],"_links":{"self":[{"href":"https:\/\/www.hunajahetki.fi\/fr\/wp-json\/wp\/v2\/product\/1466","targetHints":{"allow":["GET"]}}],"collection":[{"href":"https:\/\/www.hunajahetki.fi\/fr\/wp-json\/wp\/v2\/product"}],"about":[{"href":"https:\/\/www.hunajahetki.fi\/fr\/wp-json\/wp\/v2\/types\/product"}],"wp:featuredmedia":[{"embeddable":true,"href":"https:\/\/www.hunajahetki.fi\/fr\/wp-json\/wp\/v2\/media\/1712"}],"wp:attachment":[{"href":"https:\/\/www.hunajahetki.fi\/fr\/wp-json\/wp\/v2\/media?parent=1466"}],"wp:term":[{"taxonomy":"product_brand","embeddable":true,"href":"https:\/\/www.hunajahetki.fi\/fr\/wp-json\/wp\/v2\/product_brand?post=1466"},{"taxonomy":"product_cat","embeddable":true,"href":"https:\/\/www.hunajahetki.fi\/fr\/wp-json\/wp\/v2\/product_cat?post=1466"},{"taxonomy":"product_tag","embeddable":true,"href":"https:\/\/www.hunajahetki.fi\/fr\/wp-json\/wp\/v2\/product_tag?post=1466"}],"curies":[{"name":"wp","href":"https:\/\/api.w.org\/{rel}","templated":true}]}}