{"id":1784,"date":"2024-02-28T07:28:13","date_gmt":"2024-02-28T05:28:13","guid":{"rendered":"https:\/\/www.hunajahetki.fi\/?post_type=product&#038;p=1784"},"modified":"2025-06-19T10:29:58","modified_gmt":"2025-06-19T07:29:58","slug":"kummipesa-mehilaispesa","status":"publish","type":"product","link":"https:\/\/www.hunajahetki.fi\/fr\/produit\/ruche-marraine\/","title":{"rendered":"Le nid de Dieu - la ruche"},"content":{"rendered":"<h1>Pourquoi acheter une marraine ?<\/h1>\n<p>Chez Hunaja Hetke, nous voulons vous donner la possibilit\u00e9 de soutenir la pollinisation naturelle et l&#039;\u00e9cologie en vous achetant un nid divin. Kummip\u00e4sa est une ruche que le client peut louer pour 1 \u00e0 5 ans \u00e0 la fois, pour lui-m\u00eame ou comme cadeau. La propri\u00e9t\u00e9 et la gestion du nid restent la propri\u00e9t\u00e9 de Hunaja Hetke. L&#039;acheteur de Kummip\u00e4s\u00e4 re\u00e7oit un paquet de produits et des informations sur les abeilles. Gr\u00e2ce aux revenus des nids divins, nous augmentons le nombre de nids et la pollinisation dans plusieurs r\u00e9gions de Finlande.<\/p>\n<h2>Les bienfaits de la pollinisation<\/h2>\n<p>Alors, quel est l\u2019avantage de la pollinisation ? \u00c0 titre d\u2019exemple, tout le monde a s\u00fbrement vu une fraise fl\u00e9trie et l\u00e9g\u00e8rement d\u00e9form\u00e9e. Cela vous indique que la fraise n\u2019a pas \u00e9t\u00e9 pollinis\u00e9e. Les baies, les arbres fruitiers, les f\u00e8ves, le colza et de nombreuses autres plantes cultiv\u00e9es ont besoin de pollinisation, et lorsqu&#039;ils sont bien pollinis\u00e9s, le rendement peut augmenter de plusieurs dizaines de pour cent, selon la plante. Une bonne pollinisation signifie que nous obtenons plus de r\u00e9coltes sur une superficie plus petite. Les baies naturelles ont \u00e9galement besoin de pollinisation.<\/p>\n<p>Miel \u00c0 l&#039;heure actuelle, le bien-\u00eatre des abeilles est le crit\u00e8re le plus important. Lorsque nos abeilles vont bien, elles pollinisent et produisent du miel. Chez Hunaja Hetke, nous nous occupons nous-m\u00eames des abeilles du d\u00e9but \u00e0 la fin. Nous sommes jardiniers professionnels et l&#039;apiculture est notre m\u00e9tier principal. Gr\u00e2ce \u00e0 notre m\u00e9tier principal, nous sommes en mesure de prendre soin des abeilles au meilleur moment, malgr\u00e9 les changements climatiques, et de surveiller \u00e0 temps le bien-\u00eatre des abeilles. L&#039;\u00e9t\u00e9 en Finlande est tr\u00e8s rapide et les conditions changent rapidement, il est donc tr\u00e8s important de pouvoir visiter les cr\u00e8ches \u00e0 temps.<\/p>\n<p>Notre devise est que lorsque les abeilles vont bien, nous les humains aussi.<\/p>\n<p>&nbsp;<\/p>\n<p>&nbsp;<\/p>\n<p>&nbsp;<\/p>\n<p>&nbsp;<\/p>","protected":false},"excerpt":{"rendered":"<h1>Vous souhaitez acheter une ruche \u00e0 vous-m\u00eame ou \u00e0 un ami ?<\/h1>\n<p>Kummip\u00e4sa est une ruche que vous pouvez acheter pour vous-m\u00eame ou pour un ami pendant un an \u00e0 cinq ans. La propri\u00e9t\u00e9 et la gestion du nid restent la propri\u00e9t\u00e9 de Hunaja Hetke.<\/p>\n<p>&nbsp;<\/p>\n<h1>Que veut dire Marraine ?<\/h1>\n<p>Ostamalla kummipes\u00e4n tuet luonnon p\u00f6lytyst\u00e4.<\/p>\n<p>Kummipes\u00e4n omistajille j\u00e4rjestet\u00e4\u00e4n webinaari, miss\u00e4 kerrotaan mehil\u00e4isist\u00e4, p\u00f6lytyksest\u00e4 ja mehil\u00e4isten hy\u00f6dyist\u00e4.<\/p>\n<p>Kes\u00e4ll\u00e4 on mahdollisuus osallistua 1-2 pes\u00e4k\u00e4ynnille lis\u00e4maksua vastaan.<\/p>\n<p>&nbsp;<\/p>\n<h2>Ce qu&#039;obtient un acheteur de famille d&#039;accueil\u00a0:<\/h2>\n<p>Kummipes\u00e4n omistajalle l\u00e4hetet\u00e4\u00e4n purkki alkukes\u00e4n hunajaa ja purkki loppukes\u00e4n hunajaa, kennohunajapala ja yksi extra hunaja lis\u00e4ksi. Lis\u00e4ksi omistaja saa 30 g pussin siitep\u00f6ly\u00e4 ja hunajaisen huulivoiteen.<\/p>\n<p>Tilauksen j\u00e4lkeen asiakas saa videoesityksen mehil\u00e4ispesist\u00e4, kes\u00e4n aikana asiakkaalle l\u00e4hetet\u00e4\u00e4n v\u00e4hint\u00e4\u00e4n 4 video materiaalia ja blogipostauksia mehil\u00e4istarhauksesta.<\/p>\n<p>Her\u00e4sik\u00f6 lis\u00e4kysymyksi\u00e4 kummipes\u00e4st\u00e4? Ole meihin yhteydess\u00e4 info@hunajahetki.fi \/ 0442475773<\/p>","protected":false},"featured_media":1799,"template":"","meta":{"_acf_changed":false},"product_brand":[],"product_cat":[62,139,149],"product_tag":[369,126,366,88,199,367,368],"class_list":{"0":"post-1784","1":"product","2":"type-product","3":"status-publish","4":"has-post-thumbnail","6":"product_cat-liikelahja","7":"product_cat-hunaja-hetki","8":"product_cat-lahjapakkaukset","9":"product_tag-ekologisuus","10":"product_tag-hunaja-hetki","11":"product_tag-kummipesa","12":"product_tag-luonto","13":"product_tag-mehilainen","14":"product_tag-mehilaispesa","15":"product_tag-polytys","17":"first","18":"instock","19":"taxable","20":"shipping-taxable","21":"purchasable","22":"product-type-variable"},"acf":[],"_links":{"self":[{"href":"https:\/\/www.hunajahetki.fi\/fr\/wp-json\/wp\/v2\/product\/1784","targetHints":{"allow":["GET"]}}],"collection":[{"href":"https:\/\/www.hunajahetki.fi\/fr\/wp-json\/wp\/v2\/product"}],"about":[{"href":"https:\/\/www.hunajahetki.fi\/fr\/wp-json\/wp\/v2\/types\/product"}],"wp:featuredmedia":[{"embeddable":true,"href":"https:\/\/www.hunajahetki.fi\/fr\/wp-json\/wp\/v2\/media\/1799"}],"wp:attachment":[{"href":"https:\/\/www.hunajahetki.fi\/fr\/wp-json\/wp\/v2\/media?parent=1784"}],"wp:term":[{"taxonomy":"product_brand","embeddable":true,"href":"https:\/\/www.hunajahetki.fi\/fr\/wp-json\/wp\/v2\/product_brand?post=1784"},{"taxonomy":"product_cat","embeddable":true,"href":"https:\/\/www.hunajahetki.fi\/fr\/wp-json\/wp\/v2\/product_cat?post=1784"},{"taxonomy":"product_tag","embeddable":true,"href":"https:\/\/www.hunajahetki.fi\/fr\/wp-json\/wp\/v2\/product_tag?post=1784"}],"curies":[{"name":"wp","href":"https:\/\/api.w.org\/{rel}","templated":true}]}}