{"id":21,"date":"2022-03-05T21:25:45","date_gmt":"2022-03-05T19:25:45","guid":{"rendered":"https:\/\/www.hunajahetki.fi\/?post_type=product&#038;p=21"},"modified":"2025-06-19T10:44:16","modified_gmt":"2025-06-19T07:44:16","slug":"kierrekynttilat","status":"publish","type":"product","link":"https:\/\/www.hunajahetki.fi\/fr\/produit\/bougies-en-spirale\/","title":{"rendered":"Bougie couronne - bougie en cire d&#039;abeille"},"content":{"rendered":"<h1 data-color=\"&quot;cmyk(0,0,0,100)&quot;\" data-size=\"{&quot;value&quot;:8}\"><span data-color=\"&quot;cmyk(0,0,0,100)&quot;\" data-size=\"{&quot;value&quot;:8}\">Instructions d&#039;utilisation des bougies\u00a0:<\/span><\/h1>\n<p data-color=\"&quot;cmyk(0,0,0,100)&quot;\" data-size=\"{&quot;value&quot;:8}\"><span data-color=\"&quot;cmyk(0,0,0,100)&quot;\" data-size=\"{&quot;value&quot;:8}\">-les bougies allum\u00e9es ne doivent pas \u00eatre laiss\u00e9es sans surveillance <\/span><\/p>\n<p data-color=\"&quot;cmyk(0,0,0,100)&quot;\" data-size=\"{&quot;value&quot;:8}\"><span data-color=\"&quot;cmyk(0,0,0,100)&quot;\" data-size=\"{&quot;value&quot;:8}\">-les bougies allum\u00e9es doivent \u00eatre tenues hors de port\u00e9e des enfants et des animaux domestiques<\/span><\/p>\n<p data-color=\"&quot;cmyk(0,0,0,100)&quot;\" data-size=\"{&quot;value&quot;:8}\"><span data-color=\"&quot;cmyk(0,0,0,100)&quot;\" data-size=\"{&quot;value&quot;:8}\">-la distance entre les bougies doit toujours \u00eatre d&#039;au moins 30 cm.<\/span><\/p>\n<p data-color=\"&quot;cmyk(0,0,0,100)&quot;\" data-size=\"{&quot;value&quot;:8}\"><span data-color=\"&quot;cmyk(0,0,0,100)&quot;\" data-size=\"{&quot;value&quot;:8}\">-la bougie allum\u00e9e doit \u00eatre plac\u00e9e sur une surface non combustible et \u00e0 une distance suffisante des mat\u00e9riaux inflammables.<\/span><\/p>\n<h2 data-color=\"&quot;cmyk(0,0,0,100)&quot;\" data-size=\"{&quot;value&quot;:8}\">Dur\u00e9e de combustion :<\/h2>\n<p data-color=\"&quot;cmyk(0,0,0,100)&quot;\" data-size=\"{&quot;value&quot;:8}\">environ 6 heures<\/p>\n<h1><span style=\"font-weight: 400;\">Bougies en cire d&#039;abeille - un choix naturel et \u00e9cologique<\/span><\/h1>\n<p><span style=\"font-weight: 400;\">La cire d&#039;abeille est un mat\u00e9riau naturel produit par les abeilles pour construire des rayons de miel. C&#039;est \u00e9galement une excellente mati\u00e8re premi\u00e8re pour la fabrication de bougies. Les bougies en cire d&#039;abeille sont populaires en raison de leur respect de l&#039;environnement, de leur belle apparence et de leur parfum agr\u00e9able.<\/span><\/p>\n<p><span style=\"font-weight: 400;\">Les bougies en cire d&#039;abeille sont enti\u00e8rement naturelles et biod\u00e9gradables. Ils ne contiennent aucune substance artificielle ni produit chimique pouvant \u00eatre nocif pour l\u2019homme et l\u2019environnement. Cela les rend s\u00fbrs \u00e0 utiliser \u00e0 la maison ou dans n\u2019importe quel espace.<\/span><\/p>\n<p><span style=\"font-weight: 400;\">Les bougies en cire d&#039;abeille br\u00fblent proprement sans fum\u00e9e noire ni r\u00e9sidu de suie. Cela en fait un choix id\u00e9al pour les personnes allergiques ou asthmatiques qui peuvent r\u00e9agir aux \u00e9missions nocives associ\u00e9es \u00e0 d\u2019autres bougies. Les bougies en cire d&#039;abeille ne provoquent pas non plus d&#039;\u00e9missions de dioxyde de carbone comme, par exemple, les bougies en paraffine ou en cire de soja.<\/span><\/p>\n<p><span style=\"font-weight: 400;\">Les bougies en cire d\u2019abeille br\u00fblent plus longtemps que la plupart des autres bougies. Cela est d\u00fb aux propri\u00e9t\u00e9s naturelles de la cire d\u2019abeille, qui la rendent tr\u00e8s dense et durable. Une bougie en cire d\u2019abeille peut br\u00fbler jusqu\u2019\u00e0 deux fois plus longtemps qu\u2019une bougie en paraffine comparable.<\/span><\/p>\n<p><span style=\"font-weight: 400;\">La cire d\u2019abeille est \u00e9galement une ressource renouvelable, car elle peut \u00eatre r\u00e9colt\u00e9e avec parcimonie dans les ruches sans nuire aux abeilles ni \u00e0 l\u2019\u00e9cosyst\u00e8me environnant. La construction de rayons et la production de cire sont des processus naturels qui se produisent en permanence dans la communaut\u00e9 des abeilles.<\/span><\/p>\n<p><span style=\"font-weight: 400;\">Il convient \u00e9galement de mentionner que soutenir les abeilles et utiliser la cire qu\u2019elles produisent favorise l\u2019agriculture locale et la biodiversit\u00e9 de la nature environnante. Les abeilles jouent un r\u00f4le important en pollinisant les plantes et en contribuant ainsi \u00e0 la croissance des cultures, qu&#039;elles soient mixtes ou fruiti\u00e8res.<\/span><\/p>\n<p><span style=\"font-weight: 400;\">Les bougies en cire d&#039;abeille ou en cire de miel sont disponibles dans diff\u00e9rentes formes et tailles, elles peuvent donc \u00eatre utilis\u00e9es dans diff\u00e9rentes situations et d\u00e9cors. Ce sont \u00e9galement des cadeaux populaires, car ils repr\u00e9sentent un choix \u00e9cologique et durable.<\/span><\/p>\n<p><span style=\"font-weight: 400;\">Alors la prochaine fois que vous souhaitez cr\u00e9er une ambiance ou que vous cherchez un cadeau, pensez \u00e0 choisir des bougies en cire d&#039;abeille : c&#039;est un choix \u00e0 la fois beau et responsable !<\/span><\/p>\n<h2><span style=\"font-weight: 400;\">Apportez de la magie \u00e0 votre maison avec des bougies en cire d&#039;abeille<\/span><\/h2>\n<p><span style=\"font-weight: 400;\">Les bougies en cire d&#039;abeille sont un excellent moyen d&#039;apporter de la magie dans votre maison. Leur source d\u2019\u00e9nergie naturelle et propre en fait le choix parfait lorsque vous souhaitez cr\u00e9er une atmosph\u00e8re calme et relaxante.<\/span><\/p>\n<p><span style=\"font-weight: 400;\">Les bougies en cire d&#039;abeille offrent de nombreuses options pour la d\u00e9coration de la maison et la cr\u00e9ation d&#039;ambiance. Ils sont disponibles en diff\u00e9rentes tailles, formes et couleurs, ainsi que dans plusieurs parfums diff\u00e9rents ou versions non parfum\u00e9es. Vous pouvez choisir la bougie qui vous convient le mieux, en fonction du style de votre maison. Chez Hunaja Hetke, vous trouverez plusieurs bougies en cire d&#039;abeille diff\u00e9rentes, telles que <\/span><a href=\"https:\/\/www.hunajahetki.fi\/fr\/tuote\/enkeli\/\"><span style=\"font-weight: 400;\">ange<\/span><\/a><span style=\"font-weight: 400;\">, <\/span><a href=\"https:\/\/www.hunajahetki.fi\/fr\/tuote\/iso-ruusu\/\"><span style=\"font-weight: 400;\">rose<\/span><\/a><span style=\"font-weight: 400;\">, <\/span><a href=\"https:\/\/www.hunajahetki.fi\/fr\/tuote\/kapy\/\"><span style=\"font-weight: 400;\">c\u00f4ne<\/span><\/a><span style=\"font-weight: 400;\">, et sur le th\u00e8me des animaux, <\/span><a href=\"https:\/\/www.hunajahetki.fi\/fr\/tuote\/hevos-kynttila\/\"><span style=\"font-weight: 400;\">\u00e9quin<\/span><\/a><span style=\"font-weight: 400;\">, <\/span><a href=\"https:\/\/www.hunajahetki.fi\/fr\/tuote\/karhu-kynttila\/\"><span style=\"font-weight: 400;\">ours<\/span><\/a><span style=\"font-weight: 400;\">, <\/span><a href=\"https:\/\/www.hunajahetki.fi\/fr\/tuote\/koira\/\"><span style=\"font-weight: 400;\">chien<\/span><\/a><span style=\"font-weight: 400;\"> et bien d&#039;autres.<\/span><\/p>\n<p><span style=\"font-weight: 400;\">Laissez la lueur des bougies remplir votre maison et profitez de l\u2019atmosph\u00e8re paisible et relaxante qu\u2019elles cr\u00e9ent.<\/span><\/p>\n<p>&nbsp;<\/p>\n<h3><span style=\"font-weight: 400;\">Les bougies en cire d\u2019abeille sont une meilleure option pour la qualit\u00e9 de l\u2019air int\u00e9rieur.<\/span><\/h3>\n<p><span style=\"font-weight: 400;\">La qualit\u00e9 de l\u2019air int\u00e9rieur est un facteur important en termes de sant\u00e9 et de bien-\u00eatre. De nombreuses personnes souffrent de divers sympt\u00f4mes respiratoires et allergiques qui peuvent \u00eatre caus\u00e9s par une mauvaise qualit\u00e9 de l\u2019air int\u00e9rieur. Une fa\u00e7on d\u2019am\u00e9liorer la qualit\u00e9 de l\u2019air int\u00e9rieur est de choisir des options naturelles et respectueuses de l\u2019environnement pour parfumer votre maison, comme les bougies en cire d\u2019abeille.<\/span><\/p>\n<p><span style=\"font-weight: 400;\">Les bougies traditionnelles, telles que les bougies \u00e0 la paraffine, peuvent lib\u00e9rer des produits chimiques nocifs dans l\u2019air, tels que le benz\u00e8ne et le tolu\u00e8ne. Ces produits chimiques peuvent irriter les voies respiratoires et provoquer des maux de t\u00eate et d\u2019autres sympt\u00f4mes chez les personnes sensibles. De plus, la paraffine est un produit \u00e0 base de p\u00e9trole qui n\u2019est pas une ressource renouvelable.<\/span><\/p>\n<p><span style=\"font-weight: 400;\">Les bougies en cire d&#039;abeille, quant \u00e0 elles, sont fabriqu\u00e9es \u00e0 100 % en cire d&#039;abeille sans ajout de produits chimiques ni de substances synth\u00e9tiques.<\/span><\/p>\n<p><span style=\"font-weight: 400;\">Les bougies en cire d&#039;abeille produisent \u00e9galement un parfum agr\u00e9able et naturel qui n&#039;est ni trop fort ni artificiel. Ils peuvent contribuer \u00e0 cr\u00e9er une atmosph\u00e8re calme et relaxante dans votre maison. La cire d&#039;abeille br\u00fble lentement et uniform\u00e9ment, ce qui rend les bougies durables et \u00e9conomiques \u00e0 utiliser.<\/span><\/p>\n<p><span style=\"font-weight: 400;\">De plus, la cire d\u2019abeille est une ressource renouvelable, car les abeilles la produisent continuellement pour construire leurs nids. La collecte de cire ne nuit pas aux abeilles ni \u00e0 l\u2019\u00e9cosyst\u00e8me qui les entoure, \u00e0 condition qu\u2019elle soit effectu\u00e9e de mani\u00e8re responsable.<\/span><\/p>\n<p><span style=\"font-weight: 400;\">Cependant, il est important de noter que toutes les bougies en cire d\u2019abeille ne sont pas n\u00e9cessairement identiques. Pour garantir un produit de haute qualit\u00e9, il vaut la peine de choisir un fabricant qui utilise de la cire d\u2019abeille certifi\u00e9e. Les bougies certifi\u00e9es garantissent une combustion propre et s\u00fbre et une production responsable.<\/span><\/p>\n<h2><span style=\"font-weight: 400;\">Cire d&#039;abeille pour cosm\u00e9tiques et bougies : quelle est la diff\u00e9rence ?<\/span><\/h2>\n<p><span style=\"font-weight: 400;\">La cire d\u2019abeille est largement utilis\u00e9e dans les cosm\u00e9tiques et la fabrication de bougies. C&#039;est une mati\u00e8re premi\u00e8re appr\u00e9ci\u00e9e en raison de sa polyvalence et de ses propri\u00e9t\u00e9s b\u00e9n\u00e9fiques.<\/span><\/p>\n<p><span style=\"font-weight: 400;\">En cosm\u00e9tique, la cire d\u2019abeille est souvent utilis\u00e9e pour fabriquer des cr\u00e8mes, des baumes \u00e0 l\u00e8vres, des savons et d\u2019autres produits de soin de la peau. Sa fonction principale dans ces produits est de leur donner structure et texture et d\u2019aider \u00e0 retenir l\u2019humidit\u00e9 dans la peau. La cire d\u2019abeille agit \u00e9galement comme une couche protectrice naturelle pour la peau en emp\u00eachant l\u2019humidit\u00e9 de s\u2019\u00e9vaporer.<\/span><\/p>\n<p><span style=\"font-weight: 400;\">La cire d&#039;abeille est utilis\u00e9e dans la fabrication de bougies en raison de sa puret\u00e9 et de son caract\u00e8re naturel.\u00a0<\/span><\/p>\n<p><span style=\"font-weight: 400;\">Bien que la cire d&#039;abeille soit utilis\u00e9e \u00e0 la fois dans les cosm\u00e9tiques et dans les bougies, les diff\u00e9rences entre elles concernent principalement la composition et le traitement. Dans les produits cosm\u00e9tiques, la cire d\u2019abeille est souvent m\u00e9lang\u00e9e \u00e0 d\u2019autres ingr\u00e9dients, tels que des huiles ou des beurres, pour obtenir la consistance et les propri\u00e9t\u00e9s souhait\u00e9es. Dans les bougies, la cire d&#039;abeille peut \u00eatre pure ou m\u00e9lang\u00e9e \u00e0 d&#039;autres substances d\u00e9riv\u00e9es des cires.<\/span><\/p>\n<p><span style=\"font-weight: 400;\">Une autre diff\u00e9rence entre les cosm\u00e9tiques et les bougies est l\u2019utilisation de parfums. En cosm\u00e9tique, la cire d&#039;abeille sert souvent de base \u00e0 laquelle on ajoute diverses huiles essentielles ou autres parfums. Dans les bougies, le parfum naturel peut \u00eatre suffisant, mais des parfums peuvent \u00e9galement \u00eatre ajout\u00e9s pour cr\u00e9er le parfum souhait\u00e9.<\/span><\/p>\n<p>&nbsp;<\/p>\n<h2><span style=\"font-weight: 400;\">En choisissant une bougie en cire d&#039;abeille, vous soutenez le fonctionnement des ruchers.<\/span><\/h2>\n<p><span style=\"font-weight: 400;\">Les jardins ruchers sont des \u00e9cosyst\u00e8mes importants qui favorisent la pollinisation des plantes et donc la biodiversit\u00e9. Le r\u00f4le des abeilles est irrempla\u00e7able, car elles sont responsables d\u2019environ 80 % des plantes du monde. Malheureusement, le nombre d\u2019abeilles a diminu\u00e9 de mani\u00e8re alarmante au cours des derni\u00e8res d\u00e9cennies en raison de divers facteurs, tels que le changement climatique, l\u2019utilisation de pesticides et la perte d\u2019habitat.<\/span><\/p>\n<p><span style=\"font-weight: 400;\">Une fa\u00e7on de soutenir les ruchers est d\u2019acheter des bougies en cire d\u2019abeille. La cire d\u2019abeille est une mati\u00e8re naturelle que les abeilles produisent dans leurs rayons. La cire d\u2019abeille utilis\u00e9e dans la fabrication de bougies est g\u00e9n\u00e9ralement un mat\u00e9riau recycl\u00e9 ou un sous-produit de la production de miel. En achetant ces bougies, vous soutenez non seulement les apiculteurs locaux mais aussi le bien-\u00eatre des abeilles.<\/span><\/p>\n<p><span style=\"font-weight: 400;\">L\u2019importance \u00e9conomique des abeilles ne se limite pas \u00e0 la production de miel. Ils participent \u00e9galement \u00e0 la pollinisation des fruits, des baies et des c\u00e9r\u00e9ales, ce qui affecte directement notre production alimentaire. Sans suffisamment de pollinisateurs, la quantit\u00e9 et la qualit\u00e9 des plantes peuvent diminuer consid\u00e9rablement, ce qui affecte n\u00e9gativement la production agricole et la biodiversit\u00e9.<\/span><\/p>\n<p><span style=\"font-weight: 400;\">L&#039;entretien des ruchers demande beaucoup de travail et de soins. Les apiculteurs prennent soin de leurs abeilles en les nourrissant, en surveillant leur sant\u00e9 et en les prot\u00e9geant de diverses menaces. Les abeilles doivent \u00e9galement disposer de suffisamment de plantes \u00e0 fleurs pour pouvoir se nourrir et produire du miel et d\u2019autres produits apicoles.<\/span><\/p>\n<p><span style=\"font-weight: 400;\">En achetant une bougie en cire d\u2019abeille, vous soutenez le fonctionnement des ruchers de plusieurs mani\u00e8res. Premi\u00e8rement, le b\u00e9n\u00e9fice tir\u00e9 de la bougie que vous achetez aide les agriculteurs \u00e0 couvrir leurs co\u00fbts et \u00e0 investir dans de meilleures conditions pour leurs abeilles. Deuxi\u00e8mement, lorsque vous achetez une bougie directement aupr\u00e8s d\u2019un producteur local ou biologique, vous soutenez une agriculture durable et un mode de vie \u00e9cologique.<\/span><\/p>\n<p><span style=\"font-weight: 400;\">Il est \u00e9galement bon de savoir qu\u2019en choisissant une bougie en cire d\u2019abeille comme alternative aux bougies traditionnelles en paraffine ou en soja, vous faites un choix \u00e9cologique. La cire d\u2019abeille est une ressource renouvelable, tandis que la paraffine est un mat\u00e9riau \u00e0 base de p\u00e9trole d\u00e9riv\u00e9 de la culture du soja.<\/span><\/p>\n<p><span style=\"font-weight: 400;\">Soutenir les ruchers en achetant des bougies en cire d&#039;abeille est un moyen simple de promouvoir le bien-\u00eatre des abeilles et en m\u00eame temps de soutenir une agriculture plus durable. Avec de petites actions, nous pouvons tous avoir un impact positif sur le monde qui nous entoure et garantir que nous aurons suffisamment de pollinisateurs \u00e0 l\u2019avenir pour assurer le bien-\u00eatre de nos plantes.<\/span><\/p>\n<p><span style=\"font-weight: 400;\">Vous pouvez lire notre histoire <\/span><a href=\"https:\/\/www.hunajahetki.fi\/fr\/brandi\/\"><span style=\"font-weight: 400;\">d&#039;ici<\/span><\/a><span style=\"font-weight: 400;\">.<\/span><\/p>","protected":false},"excerpt":{"rendered":"<h1>Bougies en cire d&#039;abeille :<\/h1>\n<p>Nous fabriquons nos propres bougies en cire d&#039;abeille \u00e0 la main \u00e0 Jalasj\u00e4rvi et Iittala. La cire d\u2019abeille est une mati\u00e8re renouvelable obtenue comme sous-produit du miel en apiculture. (les abeilles ne sont pas bless\u00e9es lors du retrait de la cire) La cire d&#039;abeille est un produit 100% naturel. Les bougies br\u00fblent lentement et magnifiquement avec une grande flamme. Les bougies n&#039;ont AUCUN parfum ajout\u00e9, mais ont un doux parfum naturel de miel. Ne contient pas d&#039;allerg\u00e8nes. Une bougie en cire d&#039;abeille est l&#039;alternative la plus \u00e9cologique \u00e0 la combustion d&#039;une bougie. Il est sans carbone, ce qui signifie que lorsqu\u2019il est br\u00fbl\u00e9, il produit la m\u00eame quantit\u00e9 de dioxyde de carbone que celle qui lui a \u00e9t\u00e9 li\u00e9e lors de sa fabrication.<\/p>\n<h2>D\u00e9cor:<\/h2>\n<p>Les belles bougies en cire d&#039;abeille faites \u00e0 la main conviennent aussi bien \u00e0 la d\u00e9coration int\u00e9rieure qu&#039;aux cadeaux. Avec diff\u00e9rentes couleurs, vous pouvez d\u00e9corer votre maison avec des couleurs adapt\u00e9es aux diff\u00e9rentes p\u00e9riodes de l&#039;ann\u00e9e. Les bougies en cire d&#039;abeille ajoutent \u00e9galement de la couleur aux f\u00eates importantes telles que le bapt\u00eame d&#039;un enfant, la f\u00eate de remise des dipl\u00f4mes, la f\u00eate de confirmation et d&#039;autres f\u00eates \u00e0 th\u00e8me.<\/p>","protected":false},"featured_media":1827,"template":"","meta":{"_acf_changed":false},"product_brand":[],"product_cat":[18,139],"product_tag":[69,82,27,84,39,43,40,31,41,61,83,72,38,60,26],"class_list":{"0":"post-21","1":"product","2":"type-product","3":"status-publish","4":"has-post-thumbnail","6":"product_cat-mehilaisvahakynttilat","7":"product_cat-hunaja-hetki","8":"product_tag-hunajakynttila","9":"product_tag-kierrekynttila","10":"product_tag-kynttila","11":"product_tag-kynttilalevy","12":"product_tag-kynttilat","13":"product_tag-kasityo","14":"product_tag-lahja","15":"product_tag-mehilaistarhaus","16":"product_tag-mehilaisvaha","17":"product_tag-mehilaisvahakynttilat","18":"product_tag-mehilaisvahalevy","19":"product_tag-mehilaivahakynttila","20":"product_tag-sisustus","21":"product_tag-vaha","22":"product_tag-zero-waste","24":"first","25":"instock","26":"taxable","27":"shipping-taxable","28":"purchasable","29":"product-type-variable"},"acf":[],"_links":{"self":[{"href":"https:\/\/www.hunajahetki.fi\/fr\/wp-json\/wp\/v2\/product\/21","targetHints":{"allow":["GET"]}}],"collection":[{"href":"https:\/\/www.hunajahetki.fi\/fr\/wp-json\/wp\/v2\/product"}],"about":[{"href":"https:\/\/www.hunajahetki.fi\/fr\/wp-json\/wp\/v2\/types\/product"}],"wp:featuredmedia":[{"embeddable":true,"href":"https:\/\/www.hunajahetki.fi\/fr\/wp-json\/wp\/v2\/media\/1827"}],"wp:attachment":[{"href":"https:\/\/www.hunajahetki.fi\/fr\/wp-json\/wp\/v2\/media?parent=21"}],"wp:term":[{"taxonomy":"product_brand","embeddable":true,"href":"https:\/\/www.hunajahetki.fi\/fr\/wp-json\/wp\/v2\/product_brand?post=21"},{"taxonomy":"product_cat","embeddable":true,"href":"https:\/\/www.hunajahetki.fi\/fr\/wp-json\/wp\/v2\/product_cat?post=21"},{"taxonomy":"product_tag","embeddable":true,"href":"https:\/\/www.hunajahetki.fi\/fr\/wp-json\/wp\/v2\/product_tag?post=21"}],"curies":[{"name":"wp","href":"https:\/\/api.w.org\/{rel}","templated":true}]}}