{"id":239,"date":"2022-03-09T21:20:58","date_gmt":"2022-03-09T19:20:58","guid":{"rendered":"https:\/\/www.hunajahetki.fi\/?post_type=product&#038;p=239"},"modified":"2025-06-19T10:42:56","modified_gmt":"2025-06-19T07:42:56","slug":"pannurasva","status":"publish","type":"product","link":"https:\/\/www.hunajahetki.fi\/fr\/produit\/graisse-de-poele\/","title":{"rendered":"Graisse de po\u00eale"},"content":{"rendered":"<p>25 ml<\/p>","protected":false},"excerpt":{"rendered":"<p>La graisse pour po\u00eales convient au nettoyage des grilles et \u00e0 l&#039;entretien des po\u00eales et casseroles en fonte.<\/p>\n<h2>Mode d&#039;emploi :<\/h2>\n<p>Nettoyez bien la po\u00eale en fonte et s\u00e9chez-la. R\u00e9chauffez un peu la po\u00eale en fonte et \u00e9talez de la graisse sur la surface, par exemple avec du papier absorbant. Apr\u00e8s cela, faites chauffer la po\u00eale en fonte jusqu&#039;\u00e0 ce que de la fum\u00e9e s&#039;\u00e9chappe de la po\u00eale. Si n\u00e9cessaire, ajoutez plus de graisse. La combustion des graisses est termin\u00e9e lorsque le fond de la casserole commence \u00e0 noircir, l&#039;exc\u00e8s de graisse peut \u00eatre essuy\u00e9. Rincer \u00e0 l&#039;eau ti\u00e8de avant utilisation.<\/p>","protected":false},"featured_media":1378,"template":"","meta":{"_acf_changed":false},"product_brand":[],"product_cat":[139],"product_tag":[50,46,47,51,48,49,26],"class_list":{"0":"post-239","1":"product","2":"type-product","3":"status-publish","4":"has-post-thumbnail","6":"product_cat-hunaja-hetki","7":"product_tag-grilli","8":"product_tag-pannu","9":"product_tag-pata","10":"product_tag-puhdistus","11":"product_tag-rasva","12":"product_tag-valurauta","13":"product_tag-zero-waste","15":"first","16":"instock","17":"taxable","18":"shipping-taxable","19":"purchasable","20":"product-type-simple"},"acf":[],"_links":{"self":[{"href":"https:\/\/www.hunajahetki.fi\/fr\/wp-json\/wp\/v2\/product\/239","targetHints":{"allow":["GET"]}}],"collection":[{"href":"https:\/\/www.hunajahetki.fi\/fr\/wp-json\/wp\/v2\/product"}],"about":[{"href":"https:\/\/www.hunajahetki.fi\/fr\/wp-json\/wp\/v2\/types\/product"}],"wp:featuredmedia":[{"embeddable":true,"href":"https:\/\/www.hunajahetki.fi\/fr\/wp-json\/wp\/v2\/media\/1378"}],"wp:attachment":[{"href":"https:\/\/www.hunajahetki.fi\/fr\/wp-json\/wp\/v2\/media?parent=239"}],"wp:term":[{"taxonomy":"product_brand","embeddable":true,"href":"https:\/\/www.hunajahetki.fi\/fr\/wp-json\/wp\/v2\/product_brand?post=239"},{"taxonomy":"product_cat","embeddable":true,"href":"https:\/\/www.hunajahetki.fi\/fr\/wp-json\/wp\/v2\/product_cat?post=239"},{"taxonomy":"product_tag","embeddable":true,"href":"https:\/\/www.hunajahetki.fi\/fr\/wp-json\/wp\/v2\/product_tag?post=239"}],"curies":[{"name":"wp","href":"https:\/\/api.w.org\/{rel}","templated":true}]}}