{"id":968,"date":"2022-11-09T21:41:26","date_gmt":"2022-11-09T19:41:26","guid":{"rendered":"https:\/\/www.hunajahetki.fi\/?post_type=product&#038;p=968"},"modified":"2025-06-19T10:36:17","modified_gmt":"2025-06-19T07:36:17","slug":"lahjakortit-lahjakortti-hunaja-hetki","status":"publish","type":"product","link":"https:\/\/www.hunajahetki.fi\/fr\/produit\/cartes-cadeaux-carte-cadeau-moment-de-miel\/","title":{"rendered":"Carte cadeau - Hanaja Hetki"},"content":{"rendered":"<p>La carte cadeau Honey Moment est valable 6 mois \u00e0 compter de la date d&#039;achat. La carte cadeau est \u00e9lectronique. Si vous souhaitez commander une carte cadeau, veuillez indiquer les informations suivantes dans le champ message : nom, adresse et num\u00e9ro de t\u00e9l\u00e9phone du destinataire du panier cadeau.<\/p>\n<p>&nbsp;<\/p>\n<p>&nbsp;<\/p>","protected":false},"excerpt":{"rendered":"<h1>Carte cadeau - Donnez au destinataire la libert\u00e9 de choisir<\/h1>\n<p>Hunaja Hetken digitaalinen lahjakortti on oiva lahjaidea. Lahjakortin voi ajastaa l\u00e4htev\u00e4ksi merkkip\u00e4iv\u00e4n\u00e4, kortin pystyy lunastamaan suoraan verkkokaupasta.<\/p>\n<p>Hunaja Hetken verkkosivuilta l\u00f6ytyy monipuolisesti sek\u00e4 erilaisia tuotteita, ett\u00e4 verkkokurssia. Tuotteita l\u00f6ytyy niin sy\u00f6t\u00e4vi\u00e4, ihoa hoitavia kuin koristeeksi soveltuvia tuotteita. Mist\u00e4 lahjan saajalla on laaja ja laadukas valikoima valita juuri itselle sopivimmat tuotteet tai kurssit oman mielen mukaan.<\/p>\n<p>Hunaja Hetken lahjakortti tarjoaa lahjan saajalla Hunajaisia Hetki\u00e4.<\/p>\n<p>&nbsp;<\/p>\n<h2>Pourquoi choisir une carte cadeau ?<\/h2>\n<p>Donnez au destinataire la libert\u00e9 de choisir. Gr\u00e2ce \u00e0 la carte cadeau, le destinataire du cadeau peut choisir les bons produits dans la boutique en ligne. Les produits Hunaja Hetke sont intemporels, comestibles et portables, de sorte que le destinataire du cadeau a le choix entre une s\u00e9lection vari\u00e9e d&#039;options diff\u00e9rentes.<\/p>","protected":false},"featured_media":976,"template":"","meta":{"_acf_changed":false},"product_brand":[],"product_cat":[139,152,21,226,65,149,62,18,150],"product_tag":[40,264,261,263,262],"class_list":{"0":"post-968","1":"product","2":"type-product","3":"status-publish","4":"has-post-thumbnail","6":"product_cat-hunaja-hetki","7":"product_cat-hunaja","8":"product_cat-mehilaiskosmetiikka","9":"product_cat-kurssit","10":"product_cat-lahjakortit","11":"product_cat-lahjapakkaukset","12":"product_cat-liikelahja","13":"product_cat-mehilaisvahakynttilat","14":"product_cat-mehilaisvahat","15":"product_tag-lahja","16":"product_tag-lahjaidea","17":"product_tag-lahjakortti","18":"product_tag-lahjan-saaja","19":"product_tag-vapaus-valita","21":"first","22":"instock","23":"taxable","24":"shipping-taxable","25":"purchasable","26":"product-type-pw-gift-card"},"acf":[],"_links":{"self":[{"href":"https:\/\/www.hunajahetki.fi\/fr\/wp-json\/wp\/v2\/product\/968","targetHints":{"allow":["GET"]}}],"collection":[{"href":"https:\/\/www.hunajahetki.fi\/fr\/wp-json\/wp\/v2\/product"}],"about":[{"href":"https:\/\/www.hunajahetki.fi\/fr\/wp-json\/wp\/v2\/types\/product"}],"wp:featuredmedia":[{"embeddable":true,"href":"https:\/\/www.hunajahetki.fi\/fr\/wp-json\/wp\/v2\/media\/976"}],"wp:attachment":[{"href":"https:\/\/www.hunajahetki.fi\/fr\/wp-json\/wp\/v2\/media?parent=968"}],"wp:term":[{"taxonomy":"product_brand","embeddable":true,"href":"https:\/\/www.hunajahetki.fi\/fr\/wp-json\/wp\/v2\/product_brand?post=968"},{"taxonomy":"product_cat","embeddable":true,"href":"https:\/\/www.hunajahetki.fi\/fr\/wp-json\/wp\/v2\/product_cat?post=968"},{"taxonomy":"product_tag","embeddable":true,"href":"https:\/\/www.hunajahetki.fi\/fr\/wp-json\/wp\/v2\/product_tag?post=968"}],"curies":[{"name":"wp","href":"https:\/\/api.w.org\/{rel}","templated":true}]}}