{"id":1264,"date":"2023-09-12T12:05:43","date_gmt":"2023-09-12T09:05:43","guid":{"rendered":"https:\/\/www.hunajahetki.fi\/?post_type=product&#038;p=1264"},"modified":"2025-10-13T10:36:32","modified_gmt":"2025-10-13T07:36:32","slug":"siitepoly-mehilaisten-keraama-siitepoly","status":"publish","type":"product","link":"https:\/\/www.hunajahetki.fi\/it\/prodotto\/polline-poli-polline-di-ceramica-delle-api-poli\/","title":{"rendered":"Polline - Momento di miele"},"content":{"rendered":"<h1>Polline:<\/h1>\n<p>Contenuto nutrizionale\/100 g<br \/>\nEnergia 1600 kJ\/379 kcal<br \/>\nGrassi 7,2 g<br \/>\ndi cui saturi 0,7 g<br \/>\nCarboidrati 56 g<br \/>\ndi cui zuccheri 34,8 g<br \/>\nProteine 22,5 g<br \/>\nSale 0,13 gr<br \/>\nAcidi grassi Omega-3 0,6<\/p>\n<p>Produttore: <strong>Hunaja Hetki Oy <\/strong><\/p>\n<p>Vallinm\u00e4entie 40, 61640 Ala-Valli<\/p>\n<p>+358 4424 75773<\/p>\n<p>Paese di origine: <strong>Finlandia<\/strong><\/p>\n<p>Conservare a temperatura ambiente. Conservazione a lungo termine in un luogo fresco e asciutto. Pu\u00f2 anche essere congelato.<\/p>","protected":false},"excerpt":{"rendered":"<h1>Polline essiccato domestico di alta qualit\u00e0 di Honey Hetken<\/h1>\n<p>Sopii erinomaisesti k\u00e4ytett\u00e4v\u00e4ksi siitep\u00f6lykauden ulkopuolella. K\u00e4ytt\u00f6 aloitettava varovasti, jos ep\u00e4ilet allergiaa voit aloittaa siitep\u00f6lyn k\u00e4yt\u00f6n yhdell\u00e4 hippusella ja nostaa annosm\u00e4\u00e4r\u00e4\u00e4 hiljalleen. Siitep\u00f6lyn v\u00e4ri kertoo mist\u00e4 kasvista siitep\u00f6ly on per\u00e4isin. Esimerkiksi oranssi on voikukasta, musta horsmasta ja niin edelleen. Siitep\u00f6ly ker\u00e4\u00e4 kuitenkin itseens\u00e4 my\u00f6s tuulip\u00f6lytteisten kasvien siitep\u00f6ly\u00e4, joten jos olet allerginen esimerkiksi koivulle, timoteille tai vastaavalle saatat altistua vastaaviin siitep\u00f6lyihin pieniss\u00e4 m\u00e4\u00e4riss\u00e4 nauttiessa mehil\u00e4isten ker\u00e4\u00e4m\u00e4\u00e4 siitep\u00f6ly\u00e4. Nauti siitep\u00f6ly\u00e4 jogurtin, rahkan, puuron p\u00e4\u00e4ll\u00e4 tai sellaisenaan.<\/p>\n<p>Annos 0,5-1 tl \/ pv<\/p>\n<p>Tiesitk\u00f6, ett\u00e4 Hunaja Hetki siirtyy kokonaan luomutuotantoon 2025 menness\u00e4, jolloin my\u00f6s Hunaja Hetken siitep\u00f6ly on luomua. Vuonna 2024 2\/3 osaa tuotteista on jo luomua.<\/p>","protected":false},"featured_media":1819,"template":"","meta":{"_acf_changed":false},"product_brand":[],"product_cat":[139,414],"product_tag":[116,302,300,31,301,299],"class_list":{"0":"post-1264","1":"product","2":"type-product","3":"status-publish","4":"has-post-thumbnail","6":"product_cat-hunaja-hetki","7":"product_cat-muut-elintarvikkeet","8":"product_tag-kotimainen","9":"product_tag-luonnontuote","10":"product_tag-mehilaiset","11":"product_tag-mehilaistarhaus","12":"product_tag-pollen","13":"product_tag-siitepoly","15":"first","16":"instock","17":"taxable","18":"shipping-taxable","19":"purchasable","20":"product-type-simple"},"acf":[],"_links":{"self":[{"href":"https:\/\/www.hunajahetki.fi\/it\/wp-json\/wp\/v2\/product\/1264","targetHints":{"allow":["GET"]}}],"collection":[{"href":"https:\/\/www.hunajahetki.fi\/it\/wp-json\/wp\/v2\/product"}],"about":[{"href":"https:\/\/www.hunajahetki.fi\/it\/wp-json\/wp\/v2\/types\/product"}],"wp:featuredmedia":[{"embeddable":true,"href":"https:\/\/www.hunajahetki.fi\/it\/wp-json\/wp\/v2\/media\/1819"}],"wp:attachment":[{"href":"https:\/\/www.hunajahetki.fi\/it\/wp-json\/wp\/v2\/media?parent=1264"}],"wp:term":[{"taxonomy":"product_brand","embeddable":true,"href":"https:\/\/www.hunajahetki.fi\/it\/wp-json\/wp\/v2\/product_brand?post=1264"},{"taxonomy":"product_cat","embeddable":true,"href":"https:\/\/www.hunajahetki.fi\/it\/wp-json\/wp\/v2\/product_cat?post=1264"},{"taxonomy":"product_tag","embeddable":true,"href":"https:\/\/www.hunajahetki.fi\/it\/wp-json\/wp\/v2\/product_tag?post=1264"}],"curies":[{"name":"wp","href":"https:\/\/api.w.org\/{rel}","templated":true}]}}