{"id":1466,"date":"2023-11-05T10:38:46","date_gmt":"2023-11-05T08:38:46","guid":{"rendered":"https:\/\/www.hunajahetki.fi\/?post_type=product&#038;p=1466"},"modified":"2025-06-19T10:31:27","modified_gmt":"2025-06-19T07:31:27","slug":"avokadovoide-luonnonkosmetiikka-voide-kokovartalolle","status":"publish","type":"product","link":"https:\/\/www.hunajahetki.fi\/it\/prodotto\/crema-di-avocado-crema-cosmetica-naturale-per-tutto-il-corpo\/","title":{"rendered":"Crema di avocado - Per tutto il corpo"},"content":{"rendered":"<p>Produttore: <strong>Hunaja Hetki Oy<\/strong><\/p>\n<p>Vallinm\u00e4entie 40, 61640 Ala-Valli<\/p>\n<p>Paese di origine: <strong>Finlandia<\/strong><\/p>\n<p>+358 4424 75773<\/p>\n<p>50 ml<\/p>\n<p>Inci: Persea Gratissima Oil, Simmondsia Chinensis Seed Oil, Heliantushus Annuus Hybrid Oil, Butyruspermum Parkii Butter, Cera Alba<\/p>","protected":false},"excerpt":{"rendered":"<h1>Crema di avocado - per tutto il corpo<\/h1>\n<p>La crema di avocado \u00e8 un popolare prodotto per la cura della pelle e i suoi benefici sono legati agli ingredienti che contiene, in particolare all&#039;olio di avocado. L\u2019avocado contiene molti grassi buoni, come gli acidi grassi omega e la vitamina A, che aiutano a idratare in profondit\u00e0 la pelle. La crema di avocado aiuta a mantenere l&#039;equilibrio idrico e la morbidezza della pelle. L&#039;avocado contiene anche vitamina E e vitamina C, che agiscono come antiossidanti e aiutano a proteggere la pelle dai radicali liberi, rallentando i segni dell&#039;invecchiamento e promuovendo una pelle pi\u00f9 sana. L&#039;avocado aiuta a lenire la pelle irritata o infiammata. I suoi ingredienti naturali alleviano i sintomi causati dall&#039;irritazione. Ottimo, ad esempio, per la pelle atopica. L&#039;olio di avocado sostiene il processo di rinnovamento della pelle e aiuta a migliorare la struttura della pelle, che pu\u00f2 far apparire la pelle pi\u00f9 liscia e sana. La crema all&#039;avocado \u00e8 adatta a molti tipi diversi di pelle, in particolare a quella secca e sensibile, ma funziona anche per la pelle normale o grassa, poich\u00e9 di solito non ostruisce i pori.<\/p>","protected":false},"featured_media":1712,"template":"","meta":{"_acf_changed":false},"product_brand":[],"product_cat":[21,139],"product_tag":[296,295,126,127,298,297],"class_list":{"0":"post-1466","1":"product","2":"type-product","3":"status-publish","4":"has-post-thumbnail","6":"product_cat-mehilaiskosmetiikka","7":"product_cat-hunaja-hetki","8":"product_tag-avocado","9":"product_tag-avocadovoide","10":"product_tag-hunaja-hetki","11":"product_tag-kosmetiikka","12":"product_tag-kotimainen-kosmetiikka","13":"product_tag-luonnonkosmetiikka","15":"first","16":"instock","17":"taxable","18":"shipping-taxable","19":"purchasable","20":"product-type-simple"},"acf":[],"_links":{"self":[{"href":"https:\/\/www.hunajahetki.fi\/it\/wp-json\/wp\/v2\/product\/1466","targetHints":{"allow":["GET"]}}],"collection":[{"href":"https:\/\/www.hunajahetki.fi\/it\/wp-json\/wp\/v2\/product"}],"about":[{"href":"https:\/\/www.hunajahetki.fi\/it\/wp-json\/wp\/v2\/types\/product"}],"wp:featuredmedia":[{"embeddable":true,"href":"https:\/\/www.hunajahetki.fi\/it\/wp-json\/wp\/v2\/media\/1712"}],"wp:attachment":[{"href":"https:\/\/www.hunajahetki.fi\/it\/wp-json\/wp\/v2\/media?parent=1466"}],"wp:term":[{"taxonomy":"product_brand","embeddable":true,"href":"https:\/\/www.hunajahetki.fi\/it\/wp-json\/wp\/v2\/product_brand?post=1466"},{"taxonomy":"product_cat","embeddable":true,"href":"https:\/\/www.hunajahetki.fi\/it\/wp-json\/wp\/v2\/product_cat?post=1466"},{"taxonomy":"product_tag","embeddable":true,"href":"https:\/\/www.hunajahetki.fi\/it\/wp-json\/wp\/v2\/product_tag?post=1466"}],"curies":[{"name":"wp","href":"https:\/\/api.w.org\/{rel}","templated":true}]}}