{"id":21,"date":"2022-03-05T21:25:45","date_gmt":"2022-03-05T19:25:45","guid":{"rendered":"https:\/\/www.hunajahetki.fi\/?post_type=product&#038;p=21"},"modified":"2025-06-19T10:44:16","modified_gmt":"2025-06-19T07:44:16","slug":"kierrekynttilat","status":"publish","type":"product","link":"https:\/\/www.hunajahetki.fi\/it\/prodotto\/candele-a-spirale\/","title":{"rendered":"Candela a corona - candela in cera d&#039;api"},"content":{"rendered":"<h1 data-color=\"&quot;cmyk(0,0,0,100)&quot;\" data-size=\"{&quot;value&quot;:8}\"><span data-color=\"&quot;cmyk(0,0,0,100)&quot;\" data-size=\"{&quot;value&quot;:8}\">Istruzioni per l&#039;uso della candela:<\/span><\/h1>\n<p data-color=\"&quot;cmyk(0,0,0,100)&quot;\" data-size=\"{&quot;value&quot;:8}\"><span data-color=\"&quot;cmyk(0,0,0,100)&quot;\" data-size=\"{&quot;value&quot;:8}\">-Le candele accese non devono essere lasciate incustodite <\/span><\/p>\n<p data-color=\"&quot;cmyk(0,0,0,100)&quot;\" data-size=\"{&quot;value&quot;:8}\"><span data-color=\"&quot;cmyk(0,0,0,100)&quot;\" data-size=\"{&quot;value&quot;:8}\">-le candele accese devono essere tenute fuori dalla portata dei bambini e degli animali domestici<\/span><\/p>\n<p data-color=\"&quot;cmyk(0,0,0,100)&quot;\" data-size=\"{&quot;value&quot;:8}\"><span data-color=\"&quot;cmyk(0,0,0,100)&quot;\" data-size=\"{&quot;value&quot;:8}\">-la distanza tra le candele deve essere sempre almeno di 30 cm.<\/span><\/p>\n<p data-color=\"&quot;cmyk(0,0,0,100)&quot;\" data-size=\"{&quot;value&quot;:8}\"><span data-color=\"&quot;cmyk(0,0,0,100)&quot;\" data-size=\"{&quot;value&quot;:8}\">-la candela accesa deve essere posizionata su una superficie non combustibile e ad una distanza sufficiente da materiali infiammabili.<\/span><\/p>\n<h2 data-color=\"&quot;cmyk(0,0,0,100)&quot;\" data-size=\"{&quot;value&quot;:8}\">Tempo di combustione:<\/h2>\n<p data-color=\"&quot;cmyk(0,0,0,100)&quot;\" data-size=\"{&quot;value&quot;:8}\">circa 6 ore<\/p>\n<h1><span style=\"font-weight: 400;\">Candele in cera d&#039;api: una scelta naturale ed ecologica<\/span><\/h1>\n<p><span style=\"font-weight: 400;\">La cera d&#039;api \u00e8 un materiale naturale prodotto dalle api per costruire i favi. \u00c8 anche un&#039;ottima materia prima per realizzare candele. Le candele di cera d&#039;api sono popolari per la loro natura ecologica, il bell&#039;aspetto e il profumo gradevole.<\/span><\/p>\n<p><span style=\"font-weight: 400;\">Le candele di cera d&#039;api sono completamente naturali e biodegradabili. Non contengono sostanze artificiali o sostanze chimiche che possono essere dannose sia per l&#039;uomo che per l&#039;ambiente. Questo li rende sicuri da usare a casa o in qualsiasi spazio.<\/span><\/p>\n<p><span style=\"font-weight: 400;\">Le candele di cera d&#039;api bruciano in modo pulito senza fumo nero o residui di fuliggine. Ci\u00f2 le rende la scelta ideale per chi soffre di allergie o asmatici che potrebbero reagire alle emissioni malsane associate ad altre candele. Inoltre, le candele di cera d&#039;api non causano emissioni di anidride carbonica come, ad esempio, le candele di paraffina o di cera di soia.<\/span><\/p>\n<p><span style=\"font-weight: 400;\">Le candele di cera d&#039;api bruciano pi\u00f9 a lungo di molte altre candele. Ci\u00f2 \u00e8 dovuto alle propriet\u00e0 naturali della cera d&#039;api che la rendono molto densa e resistente. Una singola candela di cera d&#039;api pu\u00f2 bruciare fino al doppio del tempo di una candela di paraffina equivalente.<\/span><\/p>\n<p><span style=\"font-weight: 400;\">La cera d&#039;api \u00e8 anche una risorsa rinnovabile, poich\u00e9 pu\u00f2 essere raccolta con parsimonia dagli alveari senza danneggiare le api o l&#039;ecosistema circostante. La costruzione degli alveari e la produzione della cera sono processi naturali che si verificano continuamente nella societ\u00e0 delle api.<\/span><\/p>\n<p><span style=\"font-weight: 400;\">Vale anche la pena ricordare che il sostegno delle api e l\u2019utilizzo della cera da loro prodotta contribuiscono all\u2019agricoltura locale e alla diversit\u00e0 della natura circostante. Le api svolgono un ruolo importante impollinando le piante e aiutando cos\u00ec la crescita delle colture miste e delle colture da frutto.<\/span><\/p>\n<p><span style=\"font-weight: 400;\">Le candele in cera d&#039;api o cera d&#039;api sono disponibili in diverse forme e dimensioni, quindi possono essere utilizzate in diverse situazioni e interni. Sono anche regali apprezzati, poich\u00e9 rappresentano una scelta ecologica e sostenibile.<\/span><\/p>\n<p><span style=\"font-weight: 400;\">Quindi la prossima volta che vuoi creare l&#039;atmosfera o stai cercando un regalo, considera la scelta delle candele di cera d&#039;api: \u00e8 una scelta bella e responsabile!<\/span><\/p>\n<h2><span style=\"font-weight: 400;\">Porta la magia a casa tua con le candele di cera d&#039;api<\/span><\/h2>\n<p><span style=\"font-weight: 400;\">Le candele di cera d&#039;api sono un ottimo modo per portare la magia nella tua casa. La loro fonte di energia naturale e pulita li rende la scelta perfetta quando si desidera creare un&#039;atmosfera calma e rilassante.<\/span><\/p>\n<p><span style=\"font-weight: 400;\">Le candele di cera d&#039;api offrono molte opzioni per la decorazione della casa e per creare atmosfera. Sono disponibili in diverse dimensioni, forme e colori, nonch\u00e9 in diverse profumazioni o versioni non profumate. Puoi scegliere la candela giusta per te in base allo stile della tua casa.Honey Al momento puoi trovare diverse candele in cera d&#039;api, come <\/span><a href=\"https:\/\/www.hunajahetki.fi\/it\/tuote\/enkeli\/\"><span style=\"font-weight: 400;\">angelo<\/span><\/a><span style=\"font-weight: 400;\">, <\/span><a href=\"https:\/\/www.hunajahetki.fi\/it\/tuote\/iso-ruusu\/\"><span style=\"font-weight: 400;\">rosa<\/span><\/a><span style=\"font-weight: 400;\">, <\/span><a href=\"https:\/\/www.hunajahetki.fi\/it\/tuote\/kapy\/\"><span style=\"font-weight: 400;\">cono<\/span><\/a><span style=\"font-weight: 400;\">e temi di animali, <\/span><a href=\"https:\/\/www.hunajahetki.fi\/it\/tuote\/hevos-kynttila\/\"><span style=\"font-weight: 400;\">equino<\/span><\/a><span style=\"font-weight: 400;\">, <\/span><a href=\"https:\/\/www.hunajahetki.fi\/it\/tuote\/karhu-kynttila\/\"><span style=\"font-weight: 400;\">orso<\/span><\/a><span style=\"font-weight: 400;\">, <\/span><a href=\"https:\/\/www.hunajahetki.fi\/it\/tuote\/koira\/\"><span style=\"font-weight: 400;\">cane<\/span><\/a><span style=\"font-weight: 400;\"> cos\u00ec come molti altri.<\/span><\/p>\n<p><span style=\"font-weight: 400;\">Lascia che il bagliore delle candele riempia la tua casa e goditi l&#039;atmosfera calma e rilassante che creano.<\/span><\/p>\n<p>&nbsp;<\/p>\n<h3><span style=\"font-weight: 400;\">Una candela di cera d&#039;api \u00e8 un&#039;opzione migliore per l&#039;aria interna.<\/span><\/h3>\n<p><span style=\"font-weight: 400;\">La qualit\u00e0 dell\u2019aria interna \u00e8 un fattore importante per la salute e il benessere. Molte persone soffrono di vari sintomi respiratori e allergici che possono essere causati dalla cattiva aria interna. Un modo per migliorare la qualit\u00e0 dell&#039;aria interna \u00e8 scegliere opzioni naturali ed ecologiche per profumare la tua casa, come le candele di cera d&#039;api.<\/span><\/p>\n<p><span style=\"font-weight: 400;\">Le candele tradizionali, come le candele di paraffina, possono rilasciare nell&#039;aria sostanze chimiche nocive come benzene e toluene. Queste sostanze chimiche possono irritare le vie respiratorie e causare mal di testa e altri sintomi in individui sensibili. Inoltre, la paraffina \u00e8 un prodotto a base di petrolio che non \u00e8 una risorsa naturale rinnovabile.<\/span><\/p>\n<p><span style=\"font-weight: 400;\">Le candele di cera d&#039;api, invece, sono realizzate al 100% con cera d&#039;api senza aggiunta di prodotti chimici o sostanze sintetiche.<\/span><\/p>\n<p><span style=\"font-weight: 400;\">Le candele di cera d&#039;api producono anche un profumo gradevole e naturale che non \u00e8 troppo forte o artificiale. Possono aiutare a creare un&#039;atmosfera calma e rilassante in casa. La cera d&#039;api brucia lentamente e in modo uniforme, il che rende le candele durevoli ed economiche da usare.<\/span><\/p>\n<p><span style=\"font-weight: 400;\">Inoltre, la cera d\u2019api \u00e8 una risorsa naturale rinnovabile, poich\u00e9 le api la producono continuamente per costruire i loro nidi. La raccolta della cera non danneggia le api o l\u2019ecosistema che le circonda, purch\u00e9 venga effettuata in modo responsabile.<\/span><\/p>\n<p><span style=\"font-weight: 400;\">Tuttavia \u00e8 importante notare che non tutte le candele di cera d\u2019api sono necessariamente uguali. Per garantire un prodotto di alta qualit\u00e0, dovresti scegliere un produttore che utilizza cera d&#039;api certificata. Le candele certificate garantiscono una combustione pulita e sicura e una produzione responsabile.<\/span><\/p>\n<h2><span style=\"font-weight: 400;\">Cera d&#039;api per cosmetici e candele: in cosa differiscono?<\/span><\/h2>\n<p><span style=\"font-weight: 400;\">La cera d&#039;api \u00e8 ampiamente utilizzata nei cosmetici e nella produzione di candele. \u00c8 una materia prima apprezzata per la sua versatilit\u00e0 e propriet\u00e0 utili.<\/span><\/p>\n<p><span style=\"font-weight: 400;\">Nei cosmetici, la cera d&#039;api viene spesso utilizzata per realizzare creme, balsami per labbra, saponi e altri prodotti per la cura della pelle. La sua funzione principale in questi prodotti \u00e8 conferire loro consistenza e composizione e aiutare a trattenere l&#039;umidit\u00e0 nella pelle. La cera d&#039;api agisce anche come uno strato protettivo naturale per la pelle impedendo l&#039;evaporazione dell&#039;umidit\u00e0.<\/span><\/p>\n<p><span style=\"font-weight: 400;\">Nella produzione delle candele viene utilizzata la cera d&#039;api per la sua purezza e naturalezza.\u00a0<\/span><\/p>\n<p><span style=\"font-weight: 400;\">Sebbene la cera d&#039;api venga utilizzata sia nei cosmetici che nelle candele, le loro differenze sono principalmente legate alla composizione e alla lavorazione. Nei prodotti cosmetici, la cera d&#039;api viene spesso miscelata con altri ingredienti come oli o burri per ottenere la consistenza e le propriet\u00e0 desiderate. Nelle candele la cera d&#039;api pu\u00f2 essere pura oppure pu\u00f2 essere miscelata con altre sostanze ottenute dalle cere.<\/span><\/p>\n<p><span style=\"font-weight: 400;\">Un&#039;altra differenza tra cosmetici e candele \u00e8 l&#039;uso dei profumi. Nei cosmetici, la cera d&#039;api funge spesso da base alla quale vengono aggiunti vari oli essenziali o altre fragranze. Nelle candele pu\u00f2 essere sufficiente il loro profumo naturale, ma \u00e8 possibile aggiungere anche profumi per creare il profumo desiderato.<\/span><\/p>\n<p>&nbsp;<\/p>\n<h2><span style=\"font-weight: 400;\">Scegliendo una candela di cera d&#039;api aiuti il funzionamento degli allevamenti di api<\/span><\/h2>\n<p><span style=\"font-weight: 400;\">Gli apiari sono ecosistemi importanti che promuovono l\u2019impollinazione delle piante e quindi la biodiversit\u00e0. Il ruolo delle api \u00e8 insostituibile, poich\u00e9 sono responsabili di circa l&#039;80% delle piante mondiali. Purtroppo, negli ultimi decenni, il numero delle api \u00e8 diminuito in modo allarmante a causa di vari fattori, come il cambiamento climatico, l\u2019uso di pesticidi e la perdita di habitat.<\/span><\/p>\n<p><span style=\"font-weight: 400;\">Un modo per sostenere gli allevamenti di api \u00e8 acquistare candele di cera d\u2019api. La cera d&#039;api \u00e8 un materiale naturale prodotto dalle api nei loro favi. La cera d&#039;api utilizzata per realizzare le candele \u00e8 solitamente materiale riciclato o un sottoprodotto della produzione del miele. Acquistando queste candele sostieni non solo gli apicoltori locali ma anche il benessere delle api.<\/span><\/p>\n<p><span style=\"font-weight: 400;\">L\u2019importanza economica delle api non si limita alla produzione del miele. Partecipano anche all&#039;impollinazione di frutti, bacche e cereali, che a sua volta influisce direttamente sulla nostra produzione alimentare. Senza un numero sufficiente di impollinatori, la quantit\u00e0 e la qualit\u00e0 delle piante possono diminuire in modo significativo, il che incide negativamente sia sulla produzione agricola che sulla biodiversit\u00e0.<\/span><\/p>\n<p><span style=\"font-weight: 400;\">Mantenere gli apiari richiede molto lavoro e cura. I proprietari delle arnie si prendono cura delle loro api nutrendole, monitorando la loro salute e proteggendole da varie minacce. Gli apicoltori devono inoltre disporre di un numero sufficiente di piante da fiore affinch\u00e9 possano procurarsi il cibo e poter produrre miele e altri prodotti delle api.<\/span><\/p>\n<p><span style=\"font-weight: 400;\">Acquistando una candela di cera d&#039;api aiuti gli allevamenti di api in molti modi. Innanzitutto, il profitto derivante dalla candela acquistata aiuta gli apicoltori a coprire le proprie spese e a investire in condizioni migliori per le loro api. In secondo luogo, quando acquisti una candela direttamente da un produttore locale o biologico, sostieni l&#039;agricoltura sostenibile e uno stile di vita ecologico.<\/span><\/p>\n<p><span style=\"font-weight: 400;\">Inoltre \u00e8 bene sapere che scegliendo una candela in cera d&#039;api al posto delle tradizionali candele in paraffina o soia, stai facendo una scelta rispettosa dell&#039;ambiente. La cera d&#039;api \u00e8 una risorsa naturale rinnovabile, mentre la paraffina \u00e8 a base di petrolio e la soia \u00e8 un materiale basato sulla coltivazione.<\/span><\/p>\n<p><span style=\"font-weight: 400;\">Sostenere gli apiari acquistando candele di cera d&#039;api \u00e8 un modo semplice per promuovere il benessere delle api e allo stesso tempo sostenere un&#039;agricoltura pi\u00f9 sostenibile. Con piccole azioni, possiamo tutti avere un impatto positivo sul mondo che ci circonda e garantire che in futuro avremo abbastanza impollinatori per garantire il benessere delle nostre piante.<\/span><\/p>\n<p><span style=\"font-weight: 400;\">Puoi leggere la nostra storia <\/span><a href=\"https:\/\/www.hunajahetki.fi\/it\/brandi\/\"><span style=\"font-weight: 400;\">da qui<\/span><\/a><span style=\"font-weight: 400;\">.<\/span><\/p>","protected":false},"excerpt":{"rendered":"<h1>Candele di cera d&#039;api:<\/h1>\n<p>Produciamo candele di cera d&#039;api a mano a Jalasj\u00e4rvi e Iittala. La cera d&#039;api \u00e8 un materiale rinnovabile che si ottiene come sottoprodotto del miele nell&#039;apicoltura. (le api non vengono danneggiate durante la rimozione della cera) La cera d&#039;api \u00e8 un prodotto naturale 100 %. Le candele bruciano lentamente e magnificamente con una grande fiamma. Le candele NON hanno fragranze aggiunte, ma hanno un delicato profumo naturale di miele. Non contiene allergeni. Una candela di cera d&#039;api \u00e8 l&#039;opzione pi\u00f9 ecologica per accendere una candela. \u00c8 privo di carbonio, cio\u00e8 quando brucia produce la stessa quantit\u00e0 di anidride carbonica di quella che gli \u00e8 stata assegnata durante la sua produzione.<\/p>\n<h2>Arredamento:<\/h2>\n<p>Bellissime candele di cera d&#039;api fatte a mano sono adatte sia per la decorazione che come regalo. Con diversi colori, puoi decorare la tua casa con colori adatti ai diversi periodi dell&#039;anno. Con le candele in cera d&#039;api potrai dare colore anche alle festivit\u00e0 importanti come il battesimo di un bambino, la festa di laurea, il battesimo e altre feste a tema.<\/p>","protected":false},"featured_media":1827,"template":"","meta":{"_acf_changed":false},"product_brand":[],"product_cat":[18,139],"product_tag":[69,82,27,84,39,43,40,31,41,61,83,72,38,60,26],"class_list":{"0":"post-21","1":"product","2":"type-product","3":"status-publish","4":"has-post-thumbnail","6":"product_cat-mehilaisvahakynttilat","7":"product_cat-hunaja-hetki","8":"product_tag-hunajakynttila","9":"product_tag-kierrekynttila","10":"product_tag-kynttila","11":"product_tag-kynttilalevy","12":"product_tag-kynttilat","13":"product_tag-kasityo","14":"product_tag-lahja","15":"product_tag-mehilaistarhaus","16":"product_tag-mehilaisvaha","17":"product_tag-mehilaisvahakynttilat","18":"product_tag-mehilaisvahalevy","19":"product_tag-mehilaivahakynttila","20":"product_tag-sisustus","21":"product_tag-vaha","22":"product_tag-zero-waste","24":"first","25":"instock","26":"taxable","27":"shipping-taxable","28":"purchasable","29":"product-type-variable"},"acf":[],"_links":{"self":[{"href":"https:\/\/www.hunajahetki.fi\/it\/wp-json\/wp\/v2\/product\/21","targetHints":{"allow":["GET"]}}],"collection":[{"href":"https:\/\/www.hunajahetki.fi\/it\/wp-json\/wp\/v2\/product"}],"about":[{"href":"https:\/\/www.hunajahetki.fi\/it\/wp-json\/wp\/v2\/types\/product"}],"wp:featuredmedia":[{"embeddable":true,"href":"https:\/\/www.hunajahetki.fi\/it\/wp-json\/wp\/v2\/media\/1827"}],"wp:attachment":[{"href":"https:\/\/www.hunajahetki.fi\/it\/wp-json\/wp\/v2\/media?parent=21"}],"wp:term":[{"taxonomy":"product_brand","embeddable":true,"href":"https:\/\/www.hunajahetki.fi\/it\/wp-json\/wp\/v2\/product_brand?post=21"},{"taxonomy":"product_cat","embeddable":true,"href":"https:\/\/www.hunajahetki.fi\/it\/wp-json\/wp\/v2\/product_cat?post=21"},{"taxonomy":"product_tag","embeddable":true,"href":"https:\/\/www.hunajahetki.fi\/it\/wp-json\/wp\/v2\/product_tag?post=21"}],"curies":[{"name":"wp","href":"https:\/\/api.w.org\/{rel}","templated":true}]}}