{"id":1158,"date":"2023-01-30T18:27:57","date_gmt":"2023-01-30T16:27:57","guid":{"rendered":"https:\/\/www.hunajahetki.fi\/?post_type=product&#038;p=1158"},"modified":"2025-06-19T10:33:51","modified_gmt":"2025-06-19T07:33:51","slug":"mehilaisvaha-kotikosmetiikkaan","status":"publish","type":"product","link":"https:\/\/www.hunajahetki.fi\/ja\/product\/\u5bb6\u5ead\u7528\u5316\u7ca7\u54c1\u7528\u306e\u30df\u30c4\u30ed\u30a6-2\/","title":{"rendered":"\u30df\u30c4\u30ed\u30a6\u5bb6\u5ead\u7528\u5316\u7ca7\u54c1\u306b"},"content":{"rendered":"<p>\u30ef\u30c3\u30af\u30b9\u306e\u5b89\u5168\u6027\u306f\u78ba\u7acb\u3055\u308c\u3066\u3044\u307e\u305b\u3093\u3002<\/p>\n<p>&nbsp;<\/p>\n<p>\uff5e35\/\u500b<\/p>\n<p>&nbsp;<\/p>\n<p>\u5927\u91cf\u6ce8\u6587\u306e\u5834\u5408\u306f\u3001info@hunajahetki.fi \/ 0442475773 \u307e\u3067\u304a\u554f\u3044\u5408\u308f\u305b\u304f\u3060\u3055\u3044\u3002<\/p>","protected":false},"excerpt":{"rendered":"<p>Mehil\u00e4isvahakosmetiikan ja mehil\u00e4isvahak\u00e4\u00e4reiden valmistamiseen. Laadukas mehil\u00e4isvaha on ker\u00e4tty meid\u00e4n rakkaudella hoidetuista mehil\u00e4ispeist\u00e4. Vaha on kuorimavahaa, eik\u00e4 sen ker\u00e4\u00e4minen vahingoita mehil\u00e4isi\u00e4. Vaha syntyy hunajan sivutuotteena.<\/p>\n<p>Suomen puhdas luonto ja mehil\u00e4isten oikeanlainen k\u00e4sittely takaa puhtaan ja aidon mehil\u00e4isvahan, joka on laadukas raaka-aine kometiikan valmistukseen.<\/p>","protected":false},"featured_media":1391,"template":"","meta":{"_acf_changed":false},"product_brand":[],"product_cat":[139,150],"product_tag":[127,199,41,60,198],"class_list":{"0":"post-1158","1":"product","2":"type-product","3":"status-publish","4":"has-post-thumbnail","6":"product_cat-hunaja-hetki","7":"product_cat-mehilaisvahat","8":"product_tag-kosmetiikka","9":"product_tag-mehilainen","10":"product_tag-mehilaisvaha","11":"product_tag-vaha","12":"product_tag-vahakaare","14":"first","15":"instock","16":"taxable","17":"shipping-taxable","18":"purchasable","19":"product-type-simple"},"acf":[],"_links":{"self":[{"href":"https:\/\/www.hunajahetki.fi\/ja\/wp-json\/wp\/v2\/product\/1158","targetHints":{"allow":["GET"]}}],"collection":[{"href":"https:\/\/www.hunajahetki.fi\/ja\/wp-json\/wp\/v2\/product"}],"about":[{"href":"https:\/\/www.hunajahetki.fi\/ja\/wp-json\/wp\/v2\/types\/product"}],"wp:featuredmedia":[{"embeddable":true,"href":"https:\/\/www.hunajahetki.fi\/ja\/wp-json\/wp\/v2\/media\/1391"}],"wp:attachment":[{"href":"https:\/\/www.hunajahetki.fi\/ja\/wp-json\/wp\/v2\/media?parent=1158"}],"wp:term":[{"taxonomy":"product_brand","embeddable":true,"href":"https:\/\/www.hunajahetki.fi\/ja\/wp-json\/wp\/v2\/product_brand?post=1158"},{"taxonomy":"product_cat","embeddable":true,"href":"https:\/\/www.hunajahetki.fi\/ja\/wp-json\/wp\/v2\/product_cat?post=1158"},{"taxonomy":"product_tag","embeddable":true,"href":"https:\/\/www.hunajahetki.fi\/ja\/wp-json\/wp\/v2\/product_tag?post=1158"}],"curies":[{"name":"wp","href":"https:\/\/api.w.org\/{rel}","templated":true}]}}