{"id":1215,"date":"2023-08-28T10:29:07","date_gmt":"2023-08-28T07:29:07","guid":{"rendered":"https:\/\/www.hunajahetki.fi\/?post_type=product&#038;p=1215"},"modified":"2025-10-13T10:15:22","modified_gmt":"2025-10-13T07:15:22","slug":"sitruunanmakuinen-hunajavalmiste-hunaja-hetki-makuhunaja","status":"publish","type":"product","link":"https:\/\/www.hunajahetki.fi\/ja\/product\/\u30ec\u30e2\u30f3\u30cf\u30cb\u30fc\u306e\u6e96\u5099-\u30cf\u30cb\u30fc\u30e2\u30fc\u30e1\u30f3\u30c8\/","title":{"rendered":"Sitruunanmakuinen hunajavalmiste - Hunaja Hetki"},"content":{"rendered":"<p>\u30e1\u30fc\u30ab\u30fc\uff1a <strong>\u30d5\u30ca\u30b8\u30e3\u30fb\u30d8\u30ad\u30fb\u30aa\u30a4<\/strong><\/p>\n<p>Vallinm\u00e4entie 40, 61640 Ala-Valli<\/p>\n<p>+358442475773<\/p>\n<p>\u539f\u7523\u56fd\uff1a <strong>\u30d5\u30a3\u30f3\u30e9\u30f3\u30c9<\/strong><\/p>\n<p>\u5ba4\u6e29\u3067\u4fdd\u7ba1\u3057\u3066\u304f\u3060\u3055\u3044\u3002\u6dbc\u3057\u304f\u4e7e\u71e5\u3057\u305f\u5834\u6240\u306b\u9577\u671f\u4fdd\u7ba1\u3057\u3066\u304f\u3060\u3055\u3044\u3002<\/p>\n<p>Ainesosat: Hunaja, <strong><em>\u30ec\u30e2\u30f3\u306e\u9999\u308a<\/em><\/strong><\/p>\n<p>\u5185\u5bb9\u91cf\uff1a270g<\/p>\n<p>1\u6b73\u672a\u6e80\u306e\u304a\u5b50\u69d8\u306f\u5bfe\u8c61\u5916\u3067\u3059\u3002<\/p>\n<p class=\"cvGsUA direction-ltr align-end para-style-body\"><strong><span class=\"a_GcMg font-feature-liga-off font-feature-clig-off font-feature-calt-off text-decoration-none text-strikethrough-none\">Ravintoarvot\/N\u00e4rdingsv\u00e4rden:<\/span><\/strong><\/p>\n<p class=\"cvGsUA direction-ltr align-end para-style-body\"><span class=\"a_GcMg font-feature-liga-off font-feature-clig-off font-feature-calt-off text-decoration-none text-strikethrough-none\">Energia\/ Energi: 1 382 kJ (330 kcal) \/100g<\/span><\/p>\n<p class=\"cvGsUA direction-ltr align-end para-style-body\"><span class=\"a_GcMg font-feature-liga-off font-feature-clig-off font-feature-calt-off text-decoration-none text-strikethrough-none\">Rasva\/Fett: 0 g<\/span><\/p>\n<p class=\"cvGsUA direction-ltr align-end para-style-body\"><span class=\"a_GcMg font-feature-liga-off font-feature-clig-off font-feature-calt-off text-decoration-none text-strikethrough-none\">josta tyydyttynytt\u00e4\/ varav m\u00e4tat fett: 0g<\/span><\/p>\n<p class=\"cvGsUA direction-ltr align-end para-style-body\"><span class=\"a_GcMg font-feature-liga-off font-feature-clig-off font-feature-calt-off text-decoration-none text-strikethrough-none\">Hiilihydraatti\/Kolhydrat: 82g<\/span><\/p>\n<p class=\"cvGsUA direction-ltr align-end para-style-body\"><span class=\"a_GcMg font-feature-liga-off font-feature-clig-off font-feature-calt-off text-decoration-none text-strikethrough-none\">josta sokereita \/ varav sockerarter 82 g<\/span><\/p>\n<p class=\"cvGsUA direction-ltr align-end para-style-body\"><span class=\"a_GcMg font-feature-liga-off font-feature-clig-off font-feature-calt-off text-decoration-none text-strikethrough-none\">Proteiini\/Protein: 0 g<\/span><\/p>\n<p class=\"cvGsUA direction-ltr align-end para-style-body\"><span class=\"a_GcMg font-feature-liga-off font-feature-clig-off font-feature-calt-off text-decoration-none text-strikethrough-none\">Suola\/Salt: 0 g<\/span><\/p>","protected":false},"excerpt":{"rendered":"<p>Sitruuna hunajavalmiste on raikkaan makuinen ja sopii erityisesti ruoanlaittoon, j\u00e4lkiruokiin ja sellaisenaan nautittavaksi. Hunaja Hetken sitruuna hunaja valmsiteella raikastat j\u00e4\u00e4tel\u00f6t, saat teehen makua ja esimerkiksi kalaruokiin raikkauta. Hunajan aromit tuovat ruoan muuta maut esiin ja sitruunan raikkaus viimeistelee ruoan maun.<\/p>\n<p>Vinkki: Kun k\u00e4yt\u00e4t hunajaa ruoanlaitossa \u00e4l\u00e4 laita hunajaa liikaa, jos et halua lis\u00e4t\u00e4 makeutta vaan sen verran, ett\u00e4 ruoan aromit p\u00e4\u00e4see esiin!<\/p>\n<h2>\u8702\u871c\u306e\u54c1\u8cea<\/h2>\n<p><span id=\"span-25-699\" class=\"ct-span\">\u8702\u871c Hetke \u306e\u8702\u871c\u3068\u8702\u871c\u88fd\u54c1\u306f\u3059\u3079\u3066\u3001\u54c1\u8cea\u304c\u5927\u5207\u306b\u3055\u308c\u3066\u304a\u308a\u3001\u8702\u871c\u306f\u8702\u306e\u5de3\u304b\u3089\u74f6\u306b\u81f3\u308b\u307e\u3067\u624b\u4f5c\u696d\u3067\u52a0\u5de5\u3055\u308c\u3066\u3044\u307e\u3059\u3002\u8702\u871c\u306f\u98df\u54c1\u8a8d\u5b9a\u65bd\u8a2d\u3067\u52a0\u5de5\u3055\u308c\u3066\u3044\u308b\u305f\u3081\u3001Hunaja Hetke \u306e\u8702\u871c\u306f\u7d14\u7c8b\u3067\u9ad8\u54c1\u8cea\u3067\u3042\u308b\u3053\u3068\u304c\u4fdd\u8a3c\u3055\u308c\u307e\u3059\u3002\u30d5\u30ec\u30fc\u30d0\u30fc\u306f\u3061\u307f\u3064\u306b\u306f\u3001\u53e3\u306e\u4e2d\u3067\u3068\u308d\u3051\u308b\u3084\u308f\u3089\u304b\u306a\u7df4\u308a\u306f\u3061\u307f\u3064\u3092\u4f7f\u7528\u3057\u3066\u304a\u308a\u3001\u306f\u3061\u307f\u3064\u306e\u5473\u308f\u3044\u3068\u30ec\u30e2\u30f3\u306e\u5473\u308f\u3044\u304c\u7d76\u5999\u306a\u7d44\u307f\u5408\u308f\u305b\u306e\u306f\u3061\u307f\u3064\u3067\u3059\u3002\u8702\u871c\u306f\u6c7a\u3057\u3066\u52a0\u71b1\u305b\u305a\u3001\u7f36\u8a70\u306b\u3059\u308b\u524d\u306b\u6df7\u5408\u3059\u308b\u3053\u3068\u3067\u3001\u8702\u871c\u306e\u7d50\u6676\u69cb\u9020\u304c\u6ed1\u3089\u304b\u306b\u306a\u308a\u3001\u30b9\u30d7\u30fc\u30f3\u3067\u3059\u304f\u3048\u308b\u307b\u3069\u306e\u67d4\u3089\u304b\u306a\u8702\u871c\u306b\u306a\u308a\u307e\u3059\u3002\u3053\u306e\u3088\u3046\u306b\u3057\u3066\u3001\u8702\u871c\u306e\u3059\u3079\u3066\u306e\u512a\u308c\u305f\u6210\u5206\u304c\u4fdd\u5b58\u3055\u308c\u3001\u8702\u871c\u306e\u30d3\u30bf\u30df\u30f3\u3084\u5fae\u91cf\u5143\u7d20\u304c\u5931\u308f\u308c\u306a\u3044\u3053\u3068\u3092\u4fdd\u8a3c\u3057\u307e\u3059\u3002<\/span><\/p>","protected":false},"featured_media":2068,"template":"","meta":{"_acf_changed":false},"product_brand":[],"product_cat":[139,152],"product_tag":[25,126,169,399,167,276,277,278],"class_list":{"0":"post-1215","1":"product","2":"type-product","3":"status-publish","4":"has-post-thumbnail","6":"product_cat-hunaja-hetki","7":"product_cat-hunaja","8":"product_tag-hunaja","9":"product_tag-hunaja-hetki","10":"product_tag-hunajavalmiste","11":"product_tag-leivonta","12":"product_tag-makuhunaja","13":"product_tag-sitruuna","14":"product_tag-sitruunahunajavalmiste","15":"product_tag-sitruunanmakuinen","17":"first","18":"instock","19":"taxable","20":"shipping-taxable","21":"purchasable","22":"product-type-variable"},"acf":[],"_links":{"self":[{"href":"https:\/\/www.hunajahetki.fi\/ja\/wp-json\/wp\/v2\/product\/1215","targetHints":{"allow":["GET"]}}],"collection":[{"href":"https:\/\/www.hunajahetki.fi\/ja\/wp-json\/wp\/v2\/product"}],"about":[{"href":"https:\/\/www.hunajahetki.fi\/ja\/wp-json\/wp\/v2\/types\/product"}],"wp:featuredmedia":[{"embeddable":true,"href":"https:\/\/www.hunajahetki.fi\/ja\/wp-json\/wp\/v2\/media\/2068"}],"wp:attachment":[{"href":"https:\/\/www.hunajahetki.fi\/ja\/wp-json\/wp\/v2\/media?parent=1215"}],"wp:term":[{"taxonomy":"product_brand","embeddable":true,"href":"https:\/\/www.hunajahetki.fi\/ja\/wp-json\/wp\/v2\/product_brand?post=1215"},{"taxonomy":"product_cat","embeddable":true,"href":"https:\/\/www.hunajahetki.fi\/ja\/wp-json\/wp\/v2\/product_cat?post=1215"},{"taxonomy":"product_tag","embeddable":true,"href":"https:\/\/www.hunajahetki.fi\/ja\/wp-json\/wp\/v2\/product_tag?post=1215"}],"curies":[{"name":"wp","href":"https:\/\/api.w.org\/{rel}","templated":true}]}}