{"id":1240,"date":"2023-09-05T14:16:04","date_gmt":"2023-09-05T11:16:04","guid":{"rendered":"https:\/\/www.hunajahetki.fi\/?post_type=product&#038;p=1240"},"modified":"2025-10-13T10:07:04","modified_gmt":"2025-10-13T07:07:04","slug":"rommi-hunajavalmiste-hunaja-hetki-makuhunaja","status":"publish","type":"product","link":"https:\/\/www.hunajahetki.fi\/ja\/product\/\u30e9\u30e0\u9152\u306e\u8702\u871c\u306e\u6e96\u5099-\u30cf\u30cb\u30fc\u30e2\u30fc\u30e1\u30f3\u30c8\/","title":{"rendered":"\u30e9\u30e0\u98a8\u5473\u306e\u8702\u871c\u306e\u6e96\u5099 - Hunaja Hetki"},"content":{"rendered":"<p>\u30e1\u30fc\u30ab\u30fc\uff1a <strong>\u30d5\u30ca\u30b8\u30e3\u30fb\u30d8\u30ad\u30fb\u30aa\u30a4<\/strong><\/p>\n<p>Vallinm\u00e4entie 40, 61640 Ala-Valli<\/p>\n<p>+358442475773<\/p>\n<p>\u539f\u7523\u56fd\uff1a <strong>\u30d5\u30a3\u30f3\u30e9\u30f3\u30c9<\/strong><\/p>\n<p>\u5ba4\u6e29\u3067\u4fdd\u7ba1\u3057\u3066\u304f\u3060\u3055\u3044\u3002\u6dbc\u3057\u304f\u4e7e\u71e5\u3057\u305f\u5834\u6240\u306b\u9577\u671f\u4fdd\u7ba1\u3057\u3066\u304f\u3060\u3055\u3044\u3002<\/p>\n<p>Ainesosat: Hunaja, rommiaromi<\/p>\n<p>\u5185\u5bb9\u91cf\uff1a270g<\/p>\n<p>1\u6b73\u672a\u6e80\u306e\u304a\u5b50\u69d8\u306f\u5bfe\u8c61\u5916\u3067\u3059\u3002<\/p>\n<p class=\"cvGsUA direction-ltr align-end para-style-body\"><strong><span class=\"a_GcMg font-feature-liga-off font-feature-clig-off font-feature-calt-off text-decoration-none text-strikethrough-none\">Ravintoarvot\/N\u00e4rdingsv\u00e4rden:<\/span><\/strong><\/p>\n<p class=\"cvGsUA direction-ltr align-end para-style-body\"><span class=\"a_GcMg font-feature-liga-off font-feature-clig-off font-feature-calt-off text-decoration-none text-strikethrough-none\">Energia\/ Energi: 1 382 kJ (330 kcal) \/100g<\/span><\/p>\n<p class=\"cvGsUA direction-ltr align-end para-style-body\"><span class=\"a_GcMg font-feature-liga-off font-feature-clig-off font-feature-calt-off text-decoration-none text-strikethrough-none\">Rasva\/Fett: 0 g<\/span><\/p>\n<p class=\"cvGsUA direction-ltr align-end para-style-body\"><span class=\"a_GcMg font-feature-liga-off font-feature-clig-off font-feature-calt-off text-decoration-none text-strikethrough-none\">josta tyydyttynytt\u00e4\/ varav m\u00e4tat fett: 0g<\/span><\/p>\n<p class=\"cvGsUA direction-ltr align-end para-style-body\"><span class=\"a_GcMg font-feature-liga-off font-feature-clig-off font-feature-calt-off text-decoration-none text-strikethrough-none\">Hiilihydraatti\/Kolhydrat: 82g<\/span><\/p>\n<p class=\"cvGsUA direction-ltr align-end para-style-body\"><span class=\"a_GcMg font-feature-liga-off font-feature-clig-off font-feature-calt-off text-decoration-none text-strikethrough-none\">josta sokereita \/ varav sockerarter 82 g<\/span><\/p>\n<p class=\"cvGsUA direction-ltr align-end para-style-body\"><span class=\"a_GcMg font-feature-liga-off font-feature-clig-off font-feature-calt-off text-decoration-none text-strikethrough-none\">Proteiini\/Protein: 0 g<\/span><\/p>\n<p class=\"cvGsUA direction-ltr align-end para-style-body\"><span class=\"a_GcMg font-feature-liga-off font-feature-clig-off font-feature-calt-off text-decoration-none text-strikethrough-none\">Suola\/Salt: 0 g<\/span><\/p>","protected":false},"excerpt":{"rendered":"<h1>\u30e9\u30e0\u9152\u98a8\u5473\u306e\u8702\u871c<\/h1>\n<p>Rommihunja on oiva lis\u00e4 k\u00e4ytett\u00e4v\u00e4ksi leivonnaisissa, juustolautasen kanssa, kuumiin juomiin ja sellaisenaan nautittavaksi. Rommin ja hunajan aromit, pehme\u00e4 tumma vivahde tuo maukkaan lis\u00e4n ja luksusta arjen keskelle.<\/p>\n<p>Rommihunaja on osoittautunut Hunaja Hetken suosikki hunajaksi ja on my\u00f6s miesv\u00e4en makuun.<\/p>\n<h2>\u8702\u871c\u306e\u54c1\u8cea<\/h2>\n<p><span id=\"span-25-699\" class=\"ct-span\">\u8702\u871c Hetke \u306e\u8702\u871c\u3068\u8702\u871c\u88fd\u54c1\u306f\u3059\u3079\u3066\u3001\u54c1\u8cea\u304c\u5927\u5207\u306b\u3055\u308c\u3066\u304a\u308a\u3001\u8702\u871c\u306f\u8702\u306e\u5de3\u304b\u3089\u74f6\u306b\u81f3\u308b\u307e\u3067\u624b\u4f5c\u696d\u3067\u52a0\u5de5\u3055\u308c\u3066\u3044\u307e\u3059\u3002\u8702\u871c\u306f\u98df\u54c1\u8a8d\u5b9a\u65bd\u8a2d\u3067\u52a0\u5de5\u3055\u308c\u3066\u3044\u308b\u305f\u3081\u3001Hunaja Hetke \u306e\u8702\u871c\u306f\u6e05\u6f54\u3067\u9ad8\u54c1\u8cea\u3067\u3042\u308b\u3053\u3068\u304c\u4fdd\u8a3c\u3055\u308c\u307e\u3059\u3002\u30d5\u30ec\u30fc\u30d0\u30fc\u306f\u3061\u307f\u3064\u306b\u306f\u3001\u53e3\u3069\u3051\u306e\u3088\u3044\u30bd\u30d5\u30c8\u306a\u7df4\u308a\u306f\u3061\u307f\u3064\u3092\u4f7f\u7528\u3057\u3066\u304a\u308a\u3001\u306f\u3061\u307f\u3064\u306e\u5473\u308f\u3044\u3068\u30e9\u30e0\u9152\u306e\u5473\u308f\u3044\u304c\u7d76\u5999\u306b\u30de\u30c3\u30c1\u3057\u305f\u306f\u3061\u307f\u3064\u3067\u3059\u3002\u8702\u871c\u306f\u52a0\u71b1\u305b\u305a\u3001\u7f36\u8a70\u306b\u3059\u308b\u524d\u306b\u6df7\u5408\u3059\u308b\u3053\u3068\u3067\u3001\u8702\u871c\u306e\u7d50\u6676\u69cb\u9020\u304c\u6ed1\u3089\u304b\u306b\u306a\u308a\u3001\u30b9\u30d7\u30fc\u30f3\u3067\u3059\u304f\u3048\u308b\u307b\u3069\u306e\u67d4\u3089\u304b\u3055\u306b\u306a\u308a\u307e\u3059\u3002\u3053\u306e\u3088\u3046\u306b\u3057\u3066\u3001\u8702\u871c\u306e\u3059\u3079\u3066\u306e\u512a\u308c\u305f\u6210\u5206\u304c\u4fdd\u5b58\u3055\u308c\u3001\u8702\u871c\u306e\u30d3\u30bf\u30df\u30f3\u3084\u5fae\u91cf\u5143\u7d20\u304c\u5931\u308f\u308c\u306a\u3044\u3053\u3068\u3092\u4fdd\u8a3c\u3057\u307e\u3059\u3002<\/span><\/p>\n<p>&nbsp;<\/p>","protected":false},"featured_media":1241,"template":"","meta":{"_acf_changed":false},"product_brand":[],"product_cat":[139,152],"product_tag":[25,169,254,168,167,165,166,170],"class_list":{"0":"post-1240","1":"product","2":"type-product","3":"status-publish","4":"has-post-thumbnail","6":"product_cat-hunaja-hetki","7":"product_cat-hunaja","8":"product_tag-hunaja","9":"product_tag-hunajavalmiste","10":"product_tag-kotimainen-hunaja","11":"product_tag-luksus","12":"product_tag-makuhunaja","13":"product_tag-rommi","14":"product_tag-rommihunaja","15":"product_tag-rommihunajavalmiste","17":"first","18":"instock","19":"taxable","20":"shipping-taxable","21":"purchasable","22":"product-type-variable"},"acf":[],"_links":{"self":[{"href":"https:\/\/www.hunajahetki.fi\/ja\/wp-json\/wp\/v2\/product\/1240","targetHints":{"allow":["GET"]}}],"collection":[{"href":"https:\/\/www.hunajahetki.fi\/ja\/wp-json\/wp\/v2\/product"}],"about":[{"href":"https:\/\/www.hunajahetki.fi\/ja\/wp-json\/wp\/v2\/types\/product"}],"wp:featuredmedia":[{"embeddable":true,"href":"https:\/\/www.hunajahetki.fi\/ja\/wp-json\/wp\/v2\/media\/1241"}],"wp:attachment":[{"href":"https:\/\/www.hunajahetki.fi\/ja\/wp-json\/wp\/v2\/media?parent=1240"}],"wp:term":[{"taxonomy":"product_brand","embeddable":true,"href":"https:\/\/www.hunajahetki.fi\/ja\/wp-json\/wp\/v2\/product_brand?post=1240"},{"taxonomy":"product_cat","embeddable":true,"href":"https:\/\/www.hunajahetki.fi\/ja\/wp-json\/wp\/v2\/product_cat?post=1240"},{"taxonomy":"product_tag","embeddable":true,"href":"https:\/\/www.hunajahetki.fi\/ja\/wp-json\/wp\/v2\/product_tag?post=1240"}],"curies":[{"name":"wp","href":"https:\/\/api.w.org\/{rel}","templated":true}]}}