{"id":1465,"date":"2023-11-05T10:33:36","date_gmt":"2023-11-05T08:33:36","guid":{"rendered":"https:\/\/www.hunajahetki.fi\/?post_type=product&#038;p=1465"},"modified":"2025-06-19T10:31:38","modified_gmt":"2025-06-19T07:31:38","slug":"sauna-lahjapakkaus-palasaippua","status":"publish","type":"product","link":"https:\/\/www.hunajahetki.fi\/ja\/product\/\u30b5\u30a6\u30ca-\u30ae\u30d5\u30c8\u30dc\u30c3\u30af\u30b9-\u56fa\u5f62\u77f3\u9e78\/","title":{"rendered":"\u30b5\u30a6\u30ca\u30ae\u30d5\u30c8\u30dc\u30c3\u30af\u30b9\uff08\u30b7\u30e3\u30f3\u30d7\u30fc\u4ed8\uff09"},"content":{"rendered":"","protected":false},"excerpt":{"rendered":"<p>Saunaan lahjapakkaus sis\u00e4lt\u00e4\u00e4 Hunaja Hetken palasaippuan, saunahunajan ja pesu kintaan. Erinomainen setti itselle tai lahjaksi.<\/p>\n<p>&nbsp;<\/p>\n<p>Hunaja on erinomainen tuote iholle ja sill\u00e4 voi pest\u00e4 my\u00f6s hiukset. Palasaippua on hell\u00e4varainen ja sopii vartalonpesuun.<\/p>","protected":false},"featured_media":1718,"template":"","meta":{"_acf_changed":false},"product_brand":[],"product_cat":[139,149,62],"product_tag":[25,286,130,307,317,36,316],"class_list":{"0":"post-1465","1":"product","2":"type-product","3":"status-publish","4":"has-post-thumbnail","6":"product_cat-hunaja-hetki","7":"product_cat-lahjapakkaukset","8":"product_cat-liikelahja","9":"product_tag-hunaja","10":"product_tag-lahjapakkaus","11":"product_tag-palasaippua","12":"product_tag-palashampoo","13":"product_tag-pesukinnas","14":"product_tag-sauna","15":"product_tag-saunahunaja","17":"first","18":"instock","19":"taxable","20":"shipping-taxable","21":"purchasable","22":"product-type-variable"},"acf":[],"_links":{"self":[{"href":"https:\/\/www.hunajahetki.fi\/ja\/wp-json\/wp\/v2\/product\/1465","targetHints":{"allow":["GET"]}}],"collection":[{"href":"https:\/\/www.hunajahetki.fi\/ja\/wp-json\/wp\/v2\/product"}],"about":[{"href":"https:\/\/www.hunajahetki.fi\/ja\/wp-json\/wp\/v2\/types\/product"}],"wp:featuredmedia":[{"embeddable":true,"href":"https:\/\/www.hunajahetki.fi\/ja\/wp-json\/wp\/v2\/media\/1718"}],"wp:attachment":[{"href":"https:\/\/www.hunajahetki.fi\/ja\/wp-json\/wp\/v2\/media?parent=1465"}],"wp:term":[{"taxonomy":"product_brand","embeddable":true,"href":"https:\/\/www.hunajahetki.fi\/ja\/wp-json\/wp\/v2\/product_brand?post=1465"},{"taxonomy":"product_cat","embeddable":true,"href":"https:\/\/www.hunajahetki.fi\/ja\/wp-json\/wp\/v2\/product_cat?post=1465"},{"taxonomy":"product_tag","embeddable":true,"href":"https:\/\/www.hunajahetki.fi\/ja\/wp-json\/wp\/v2\/product_tag?post=1465"}],"curies":[{"name":"wp","href":"https:\/\/api.w.org\/{rel}","templated":true}]}}