{"id":1505,"date":"2023-12-11T07:58:40","date_gmt":"2023-12-11T05:58:40","guid":{"rendered":"https:\/\/www.hunajahetki.fi\/?post_type=product&#038;p=1505"},"modified":"2025-06-19T10:30:20","modified_gmt":"2025-06-19T07:30:20","slug":"kaurasaippua-saippua-palasaippua","status":"publish","type":"product","link":"https:\/\/www.hunajahetki.fi\/ja\/product\/\u30aa\u30fc\u30c4\u9ea6\u77f3\u9e78-90g\/","title":{"rendered":"\u30aa\u30fc\u30c4\u9ea6\u77f3\u9e78 - \u5168\u8eab\u6d17\u6d44\u7528"},"content":{"rendered":"<h1>\u30aa\u30fc\u30c8\u30df\u30fc\u30eb\u77f3\u9e78<\/h1>\n<p>Hunaja Hetki \u306e\u77f3\u9e78\u306b\u306f\u9ad8\u54c1\u8cea\u306e\u539f\u6750\u6599\u306e\u307f\u304c\u4f7f\u7528\u3055\u308c\u3066\u304a\u308a\u3001\u54c1\u8cea\u3092\u4fdd\u8a3c\u3059\u308b\u305f\u3081\u306b\u5404\u30d0\u30c3\u30c1\u304c\u30c6\u30b9\u30c8\u3055\u308c\u3066\u3044\u307e\u3059\u3002<\/p>\n<p>\u30e1\u30fc\u30ab\u30fc\uff1a <strong>\u30d5\u30ca\u30b8\u30e3\u30fb\u30d8\u30ad\u30fb\u30aa\u30a4<\/strong><\/p>\n<p>Vallinm\u00e4entie 40, 61640 Ala-Valli<\/p>\n<p>+358 4424 75773<\/p>\n<p>\u88fd\u9020\u56fd\uff1a <strong>\u30d5\u30a3\u30f3\u30e9\u30f3\u30c9<\/strong><\/p>\n<p>\u30aa\u30fc\u30c4\u9ea6\u77f3\u9e78\u306b\u306f\u6b21\u306e\u3082\u306e\u304c\u542b\u307e\u308c\u3066\u3044\u307e\u3059\u3002<\/p>\n<p><span class=\"OYPEnA text-decoration-none text-strikethrough-none\">\u6210\u5206: \u30b3\u30b3\u9178\u30ca\u30c8\u30ea\u30a6\u30e0\u3001\u30ca\u30bf\u30cd\u9178\u30ca\u30c8\u30ea\u30a6\u30e0\u3001\u30d2\u30de\u30ef\u30ea\u7a2e\u5b50\u9178\u30ca\u30c8\u30ea\u30a6\u30e0\u3001\u30a2\u30d9\u30ca\u30b5\u30c6\u30a3\u30d0\u6838\u7c89\u3001\u6c34\u3001\u30b0\u30ea\u30bb\u30ea\u30f3\u3001\u30aa\u30fc\u30c8\u9ea6\u7a2e\u5b50\u9178\u30ca\u30c8\u30ea\u30a6\u30e0<\/span><\/p>\n<p>\u91cf: ~90g<\/p>","protected":false},"excerpt":{"rendered":"<h2>\u306a\u3060\u3081\u3066\u6d44\u5316\u3059\u308b\u30aa\u30fc\u30c8\u30df\u30fc\u30eb\u77f3\u9e78<\/h2>\n<p><span class=\"OYPEnA text-decoration-none text-strikethrough-none\">\u5fc3\u3092\u843d\u3061\u7740\u304b\u305b\u3066\u30af\u30ec\u30f3\u30b8\u30f3\u30b0\u3059\u308b\u30aa\u30fc\u30c4\u77f3\u9e78\u306f\u3001\u9854\u3084\u4f53\u5168\u4f53\u3092\u6d17\u3046\u305f\u3081\u306e\u30b9\u30ad\u30f3\u30b1\u30a2\u306e\u81ea\u7136\u306a\u4ee3\u66ff\u54c1\u3067\u3059\u3002\u4e7e\u71e5\u3057\u305f\u5834\u6240\u306b\u4fdd\u7ba1\u3057\u3066\u304f\u3060\u3055\u3044\u3002\u77f3\u9e78\u304c\u76ee\u306b\u5165\u3063\u305f\u5834\u5408\u306f\u3001\u591a\u91cf\u306e\u6c34\u3067\u6d17\u3044\u6d41\u3057\u3066\u304f\u3060\u3055\u3044\u3002\u30aa\u30fc\u30c8\u30df\u30fc\u30eb\u77f3\u9e78\u306f\u3001\u5e74\u9f62\u306b\u95a2\u4fc2\u306a\u304f\u3001\u3059\u3079\u3066\u306e\u808c\u30bf\u30a4\u30d7\u306b\u9069\u3057\u3066\u3044\u307e\u3059\u3002\u654f\u611f\u808c\u3084\u4e7e\u71e5\u808c\u306b\u6700\u9069\u3067\u3059\u3002\u30aa\u30fc\u30c4\u9ea6\u77f3\u9e78\u306f\u808c\u306b\u512a\u3057\u304f\u3001\u50b7\u3064\u3044\u305f\u808c\u306e\u30b1\u30a2\u306b\u3082\u9069\u3057\u3066\u3044\u307e\u3059\u3002\u30aa\u30fc\u30c4\u9ea6\u77f3\u9e78\u306f\u3001\u5929\u7136\u306e\u6cb9\u5206\u3092\u53d6\u308a\u9664\u304d\u3059\u304e\u305a\u306b\u52b9\u679c\u7684\u306b\u76ae\u819a\u3092\u6d17\u6d44\u3057\u3001\u76ae\u819a\u306e\u6c34\u5206\u30d0\u30e9\u30f3\u30b9\u3092\u7dad\u6301\u3057\u307e\u3059\u3002\u30aa\u30fc\u30c4\u9ea6\u306f\u5fc3\u3092\u843d\u3061\u7740\u304b\u305b\u308b\u52b9\u679c\u304c\u3042\u308b\u3053\u3068\u3067\u77e5\u3089\u308c\u3066\u3044\u307e\u3059\u3002\u30aa\u30fc\u30c4\u9ea6\u77f3\u9e78\u306f\u76ae\u819a\u306e\u708e\u75c7\u3084\u708e\u75c7\u3092\u548c\u3089\u3052\u308b\u52b9\u679c\u304c\u3042\u308b\u305f\u3081\u3001\u6e7f\u75b9\u3084\u305d\u306e\u4ed6\u306e\u76ae\u819a\u306e\u554f\u984c\u306b\u82e6\u3057\u3093\u3067\u3044\u308b\u4eba\u306b\u3068\u3063\u3066\u306f\u826f\u3044\u9078\u629e\u80a2\u306b\u306a\u308a\u307e\u3059\u3002\u30aa\u30fc\u30c4\u9ea6\u306b\u306f\u5929\u7136\u306e\u4fdd\u6e7f\u7279\u6027\u304c\u3042\u308a\u3001\u808c\u3092\u3057\u3063\u3068\u308a\u3068\u67d4\u3089\u304b\u304f\u4fdd\u3061\u307e\u3059\u3002 Hanaja Hetken \u30aa\u30fc\u30c4\u9ea6\u77f3\u9e78\u306b\u306f\u7d30\u304b\u304f\u7815\u304b\u308c\u305f\u30aa\u30fc\u30c4\u9ea6\u30d1\u30a6\u30c0\u30fc\u304c\u542b\u307e\u308c\u3066\u304a\u308a\u3001\u8efd\u3044\u89d2\u8cea\u9664\u53bb\u52b9\u679c\u304c\u3042\u308a\u3001\u6b7b\u3093\u3060\u76ae\u819a\u7d30\u80de\u3092\u53d6\u308a\u9664\u304d\u3001\u808c\u3092\u67d4\u3089\u304b\u304f\u3057\u307e\u3059\u3002<\/span><\/p>\n<p>&nbsp;<\/p>\n<p>Hunaja Hetken palasaippua valmistetaan itse k\u00e4sity\u00f6n\u00e4 tehtyn\u00e4. Jokainen saippua on yksil\u00f6llinen ja kauran eri omanaisuudet kaura \u00f6ljyn\u00e4 ja jauheena tekee palasaippuasta t\u00e4ydellisen. Kaurajauho tekee saippuasta hieman kuorivan ja kaura\u00f6ljy sopii Suomalaiseen vaihtelevaan s\u00e4\u00e4olosuihteisiin ja ehk\u00e4iseen ihon kuivumista eri vuodenaikoina.<\/p>\n<p>Kaurasaippua sopii yleens\u00e4 monille ihotyypeille, mutta kuten muidenkin tuotteiden kanssa, on hyv\u00e4 tehd\u00e4 allergiatesti etuk\u00e4teen mik\u00e4li ep\u00e4ilee tuotteet sopimattomuutta.<\/p>\n<p>&nbsp;<\/p>","protected":false},"featured_media":1843,"template":"","meta":{"_acf_changed":false},"product_brand":[],"product_cat":[139,21],"product_tag":[292,126,225,224,298,291,130,129],"class_list":{"0":"post-1505","1":"product","2":"type-product","3":"status-publish","4":"has-post-thumbnail","6":"product_cat-hunaja-hetki","7":"product_cat-mehilaiskosmetiikka","8":"product_tag-atooppinen-iho","9":"product_tag-hunaja-hetki","10":"product_tag-kaura","11":"product_tag-kaurasaippua","12":"product_tag-kotimainen-kosmetiikka","13":"product_tag-kuiva-iho","14":"product_tag-palasaippua","15":"product_tag-saippua","17":"first","18":"instock","19":"taxable","20":"shipping-taxable","21":"purchasable","22":"product-type-variable"},"acf":[],"_links":{"self":[{"href":"https:\/\/www.hunajahetki.fi\/ja\/wp-json\/wp\/v2\/product\/1505","targetHints":{"allow":["GET"]}}],"collection":[{"href":"https:\/\/www.hunajahetki.fi\/ja\/wp-json\/wp\/v2\/product"}],"about":[{"href":"https:\/\/www.hunajahetki.fi\/ja\/wp-json\/wp\/v2\/types\/product"}],"wp:featuredmedia":[{"embeddable":true,"href":"https:\/\/www.hunajahetki.fi\/ja\/wp-json\/wp\/v2\/media\/1843"}],"wp:attachment":[{"href":"https:\/\/www.hunajahetki.fi\/ja\/wp-json\/wp\/v2\/media?parent=1505"}],"wp:term":[{"taxonomy":"product_brand","embeddable":true,"href":"https:\/\/www.hunajahetki.fi\/ja\/wp-json\/wp\/v2\/product_brand?post=1505"},{"taxonomy":"product_cat","embeddable":true,"href":"https:\/\/www.hunajahetki.fi\/ja\/wp-json\/wp\/v2\/product_cat?post=1505"},{"taxonomy":"product_tag","embeddable":true,"href":"https:\/\/www.hunajahetki.fi\/ja\/wp-json\/wp\/v2\/product_tag?post=1505"}],"curies":[{"name":"wp","href":"https:\/\/api.w.org\/{rel}","templated":true}]}}